{"id":47347,"date":"2024-11-05T00:56:12","date_gmt":"2024-11-05T00:56:12","guid":{"rendered":"https:\/\/appsntech.com\/?page_id=47347"},"modified":"2024-11-05T00:56:12","modified_gmt":"2024-11-05T00:56:12","slug":"%d9%85%d9%86-%d9%86%d8%ad%d9%86","status":"publish","type":"page","link":"https:\/\/appsntech.com\/ar_af\/quem-somos\/","title":{"rendered":"\u0645\u0646 \u0646\u062d\u0646"},"content":{"rendered":"<p>\u062a\u0637\u0628\u064a\u0642\u0627\u062a \u0648\u062a\u0643\u0646\u0648\u0644\u0648\u062c\u064a\u0627 \u0647\u0648 \u0645\u0648\u0642\u0639 \u0625\u0644\u0643\u062a\u0631\u0648\u0646\u064a \u0645\u062a\u062e\u0635\u0635 \u0641\u064a \u0627\u0644\u062a\u0643\u0646\u0648\u0644\u0648\u062c\u064a\u0627\u060c \u0623\u064f\u0646\u0634\u0626 \u0639\u0627\u0645 \u0662\u0660\u0662\u0664 \u0628\u0647\u062f\u0641 \u062a\u0642\u062f\u064a\u0645 \u0645\u0639\u0644\u0648\u0645\u0627\u062a \u0648\u0646\u0635\u0627\u0626\u062d \u062d\u0648\u0644 \u0627\u0644\u062a\u0637\u0628\u064a\u0642\u0627\u062a\u060c \u0648\u0627\u0644\u062a\u0645\u0648\u064a\u0644\u060c \u0648\u0645\u0648\u0627\u0636\u064a\u0639 \u0623\u062e\u0631\u0649 \u0645\u062a\u0639\u0644\u0642\u0629 \u0628\u0627\u0644\u0639\u0627\u0644\u0645 \u0627\u0644\u0631\u0642\u0645\u064a. \u0646\u0624\u0645\u0646 \u0628\u0623\u0646 \u0627\u0644\u062a\u0643\u0646\u0648\u0644\u0648\u062c\u064a\u0627 \u0623\u062f\u0627\u0629 \u0641\u0639\u0651\u0627\u0644\u0629 \u0644\u062a\u063a\u064a\u064a\u0631 \u062d\u064a\u0627\u0629 \u0627\u0644\u0646\u0627\u0633 \u0648\u0627\u0644\u0634\u0631\u0643\u0627\u062a\u060c \u0648\u0646\u0633\u0639\u0649 \u0644\u0645\u0633\u0627\u0639\u062f\u0629 \u0642\u0631\u0627\u0626\u0646\u0627 \u0639\u0644\u0649 \u0645\u0648\u0627\u0643\u0628\u0629 \u0623\u062d\u062f\u062b \u0627\u0644\u062a\u0637\u0648\u0631\u0627\u062a \u0648\u0627\u0644\u0627\u0633\u062a\u0641\u0627\u062f\u0629 \u0627\u0644\u0642\u0635\u0648\u0649 \u0645\u0646 \u0647\u0630\u0647 \u0627\u0644\u0623\u062f\u0648\u0627\u062a.<\/p>\n\n\n\n<p>\u0647\u0646\u0627 \u0641\u064a \u0642\u0633\u0645 \u0627\u0644\u062a\u0637\u0628\u064a\u0642\u0627\u062a \u0648\u0627\u0644\u062a\u0643\u0646\u0648\u0644\u0648\u062c\u064a\u0627\u060c \u0633\u062a\u062c\u062f\u0648\u0646 \u0645\u0642\u0627\u0644\u0627\u062a\u064d \u0648\u062f\u0631\u0648\u0633\u064b\u0627 \u062a\u0639\u0644\u064a\u0645\u064a\u0629\u064b \u0645\u0646 \u062a\u0623\u0644\u064a\u0641 \u062e\u0628\u0631\u0627\u0621 \u0627\u0644\u062a\u0643\u0646\u0648\u0644\u0648\u062c\u064a\u0627\u060c \u0628\u0627\u0644\u0625\u0636\u0627\u0641\u0629 \u0625\u0644\u0649 \u0645\u0631\u0627\u062c\u0639\u0627\u062a\u064d \u0648\u062a\u062d\u0644\u064a\u0644\u0627\u062a\u064d \u0644\u0644\u0645\u0646\u062a\u062c\u0627\u062a \u0648\u0627\u0644\u062e\u062f\u0645\u0627\u062a. \u0643\u0645\u0627 \u0646\u0642\u062f\u0645 \u0646\u0635\u0627\u0626\u062d\u064e \u0648\u062d\u064a\u0644\u064b\u0627 \u0644\u0645\u0633\u0627\u0639\u062f\u062a\u0643\u0645 \u0639\u0644\u0649 \u062a\u062d\u0642\u064a\u0642 \u0623\u0642\u0635\u0649 \u0627\u0633\u062a\u0641\u0627\u062f\u0629 \u0645\u0646 \u0623\u062c\u0647\u0632\u062a\u0643\u0645 \u0627\u0644\u0645\u062d\u0645\u0648\u0644\u0629 \u0648\u062a\u0637\u0628\u064a\u0642\u0627\u062a\u0643\u0645.<\/p>\n\n\n\n<p>\u064a\u062a\u0623\u0644\u0641 \u0641\u0631\u064a\u0642\u0646\u0627 \u0645\u0646 \u062e\u0628\u0631\u0627\u0621 \u0641\u064a \u0627\u0644\u062a\u0643\u0646\u0648\u0644\u0648\u062c\u064a\u0627 \u0648\u0635\u062d\u0641\u064a\u064a\u0646 \u0648\u0643\u062a\u0627\u0628\u060c \u0645\u0644\u062a\u0632\u0645\u064a\u0646 \u0628\u062a\u0642\u062f\u064a\u0645 \u0645\u062d\u062a\u0648\u0649 \u0639\u0627\u0644\u064a \u0627\u0644\u062c\u0648\u062f\u0629 \u0648\u062f\u0642\u064a\u0642 \u0644\u0642\u0631\u0627\u0626\u0646\u0627. \u0646\u0624\u0645\u0646 \u0628\u0623\u0646 \u0627\u0644\u062a\u0643\u0646\u0648\u0644\u0648\u062c\u064a\u0627 \u0623\u062f\u0627\u0629 \u0641\u0639\u0651\u0627\u0644\u0629 \u0644\u062a\u063a\u064a\u064a\u0631 \u062d\u064a\u0627\u0629 \u0627\u0644\u0646\u0627\u0633 \u0648\u0623\u0639\u0645\u0627\u0644\u0647\u0645\u060c \u0648\u0647\u062f\u0641\u0646\u0627 \u0647\u0648 \u0645\u0633\u0627\u0639\u062f\u0629 \u0642\u0631\u0627\u0626\u0646\u0627 \u0639\u0644\u0649 \u0645\u0648\u0627\u0643\u0628\u0629 \u0623\u062d\u062f\u062b \u0627\u0644\u062a\u0637\u0648\u0631\u0627\u062a \u0648\u0627\u0644\u0627\u0633\u062a\u0641\u0627\u062f\u0629 \u0627\u0644\u0642\u0635\u0648\u0649 \u0645\u0646 \u0647\u0630\u0647 \u0627\u0644\u0623\u062f\u0648\u0627\u062a.<\/p>\n\n\n\n<p>\u0628\u0627\u0644\u0625\u0636\u0627\u0641\u0629 \u0625\u0644\u0649 \u0627\u0644\u0645\u062d\u062a\u0648\u0649\u060c \u0646\u0648\u0641\u0631 \u0644\u0642\u0631\u0627\u0626\u0646\u0627 \u0623\u064a\u0636\u064b\u0627 \u0641\u0631\u0635\u0629 \u0627\u0644\u062a\u0648\u0627\u0635\u0644 \u0645\u0639 \u0645\u062d\u0628\u064a \u0627\u0644\u062a\u0643\u0646\u0648\u0644\u0648\u062c\u064a\u0627 \u0627\u0644\u0622\u062e\u0631\u064a\u0646 \u0639\u0628\u0631 \u0642\u0646\u0648\u0627\u062a\u0646\u0627 \u0639\u0644\u0649 \u0645\u0648\u0627\u0642\u0639 \u0627\u0644\u062a\u0648\u0627\u0635\u0644 \u0627\u0644\u0627\u062c\u062a\u0645\u0627\u0639\u064a \u0648\u0645\u0646\u062a\u062f\u064a\u0627\u062a \u0627\u0644\u0646\u0642\u0627\u0634. \u0646\u0642\u062f\u0651\u0631 \u0622\u0631\u0627\u0621 \u0642\u0631\u0627\u0626\u0646\u0627\u060c \u0648\u0646\u0631\u062d\u0628 \u062f\u0627\u0626\u0645\u064b\u0627 \u0628\u0627\u0642\u062a\u0631\u0627\u062d\u0627\u062a\u0647\u0645 \u0648\u0645\u0644\u0627\u062d\u0638\u0627\u062a\u0647\u0645 \u0644\u062a\u062d\u0633\u064a\u0646 \u062e\u062f\u0645\u0627\u062a\u0646\u0627.<\/p>\n\n\n\n<p>\u062a\u0627\u0628\u0639\u0648\u0646\u0627 \u0648\u0627\u0628\u0642\u064e \u0639\u0644\u0649 \u0627\u0637\u0644\u0627\u0639 \u0628\u0623\u062d\u062f\u062b \u0627\u0644\u0635\u064a\u062d\u0627\u062a \u0648\u0627\u0644\u0623\u062e\u0628\u0627\u0631 \u0641\u064a \u0639\u0627\u0644\u0645 \u0627\u0644\u062a\u0643\u0646\u0648\u0644\u0648\u062c\u064a\u0627. \u0634\u0643\u0631\u064b\u0627 \u0644\u0632\u064a\u0627\u0631\u062a\u0643\u0645 \u0645\u0648\u0642\u0639\u0646\u0627\u060c \u0648\u0646\u0623\u0645\u0644 \u0623\u0646 \u0646\u0631\u0627\u0643\u0645 \u0642\u0631\u064a\u0628\u064b\u0627!<\/p>","protected":false},"excerpt":{"rendered":"<p>O Apps &amp; Tech \u00e9 um site de tecnologia criado em 2024 com o objetivo de fornecer informa\u00e7\u00f5es e dicas sobre aplicativos, finan\u00e7as e outros assuntos relacionados ao mundo digital. N\u00f3s acreditamos que a tecnologia \u00e9 uma ferramenta poderosa para transformar vidas e empresas, e queremos ajudar nossos leitores a se manterem atualizados e aproveitar &#8230; <a title=\"\u0645\u0646 \u0646\u062d\u0646\" class=\"read-more\" href=\"https:\/\/appsntech.com\/ar_af\/quem-somos\/\" aria-label=\"Read more about Quem somos\">\u0627\u0642\u0631\u0623 \u0627\u0644\u0645\u0632\u064a\u062f<\/a><\/p>","protected":false},"author":1,"featured_media":0,"parent":0,"menu_order":0,"comment_status":"closed","ping_status":"closed","template":"","meta":{"footnotes":""},"class_list":["post-47347","page","type-page","status-publish"],"_links":{"self":[{"href":"https:\/\/appsntech.com\/ar_af\/wp-json\/wp\/v2\/pages\/47347","targetHints":{"allow":["GET"]}}],"collection":[{"href":"https:\/\/appsntech.com\/ar_af\/wp-json\/wp\/v2\/pages"}],"about":[{"href":"https:\/\/appsntech.com\/ar_af\/wp-json\/wp\/v2\/types\/page"}],"author":[{"embeddable":true,"href":"https:\/\/appsntech.com\/ar_af\/wp-json\/wp\/v2\/users\/1"}],"replies":[{"embeddable":true,"href":"https:\/\/appsntech.com\/ar_af\/wp-json\/wp\/v2\/comments?post=47347"}],"version-history":[{"count":1,"href":"https:\/\/appsntech.com\/ar_af\/wp-json\/wp\/v2\/pages\/47347\/revisions"}],"predecessor-version":[{"id":47348,"href":"https:\/\/appsntech.com\/ar_af\/wp-json\/wp\/v2\/pages\/47347\/revisions\/47348"}],"wp:attachment":[{"href":"https:\/\/appsntech.com\/ar_af\/wp-json\/wp\/v2\/media?parent=47347"}],"curies":[{"name":"\u0648\u0648\u0631\u062f\u0628\u0631\u064a\u0633","href":"https:\/\/api.w.org\/{rel}","templated":true}]}}