{"id":47347,"date":"2024-11-05T00:56:12","date_gmt":"2024-11-05T00:56:12","guid":{"rendered":"https:\/\/appsntech.com\/?page_id=47347"},"modified":"2024-11-05T00:56:12","modified_gmt":"2024-11-05T00:56:12","slug":"kdo-jsme","status":"publish","type":"page","link":"https:\/\/appsntech.com\/cs\/quem-somos\/","title":{"rendered":"kdo jsme"},"content":{"rendered":"<p>Apps &amp; Tech je technologick\u00fd web, kter\u00fd vznikl v roce 2024 s c\u00edlem poskytovat informace a tipy o aplikac\u00edch, financ\u00edch a dal\u0161\u00edch t\u00e9matech souvisej\u00edc\u00edch s digit\u00e1ln\u00edm sv\u011btem. V\u011b\u0159\u00edme, \u017ee technologie jsou mocn\u00fdm n\u00e1strojem k transformaci \u017eivot\u016f a podnik\u00e1n\u00ed, a chceme na\u0161im \u010dten\u00e1\u0159\u016fm pomoci z\u016fstat v obraze a tyto n\u00e1stroje co nejl\u00e9pe vyu\u017e\u00edvat.<\/p>\n\n\n\n<p>Zde na Apps &amp; Tech najdete \u010dl\u00e1nky a n\u00e1vody od technick\u00fdch expert\u016f, stejn\u011b jako recenze a anal\u00fdzy produkt\u016f a slu\u017eeb. Nab\u00edz\u00edme tak\u00e9 tipy a triky, kter\u00e9 v\u00e1m pomohou vyt\u011b\u017eit z va\u0161ich mobiln\u00edch za\u0159\u00edzen\u00ed a aplikac\u00ed maximum.<\/p>\n\n\n\n<p>N\u00e1\u0161 t\u00fdm se skl\u00e1d\u00e1 z technologick\u00fdch expert\u016f, novin\u00e1\u0159\u016f a autor\u016f, kte\u0159\u00ed se v\u0161ichni zav\u00e1zali poskytovat na\u0161im \u010dten\u00e1\u0159\u016fm vysoce kvalitn\u00ed a p\u0159esn\u00fd obsah. V\u011b\u0159\u00edme, \u017ee technologie jsou mocn\u00fdm n\u00e1strojem pro transformaci \u017eivot\u016f a podnik\u00e1n\u00ed, a na\u0161\u00edm c\u00edlem je pomoci na\u0161im \u010dten\u00e1\u0159\u016fm z\u016fstat v obraze a maxim\u00e1ln\u011b vyu\u017e\u00edvat tyto n\u00e1stroje.<\/p>\n\n\n\n<p>Krom\u011b obsahu nab\u00edz\u00edme na\u0161im \u010dten\u00e1\u0159\u016fm tak\u00e9 mo\u017enost spojit se s dal\u0161\u00edmi technologick\u00fdmi nad\u0161enci prost\u0159ednictv\u00edm na\u0161ich kan\u00e1l\u016f na soci\u00e1ln\u00edch s\u00edt\u00edch a diskusn\u00edch f\u00f3r. V\u00e1\u017e\u00edme si n\u00e1zor\u016f na\u0161ich \u010dten\u00e1\u0159\u016f a jsme v\u017edy otev\u0159eni n\u00e1vrh\u016fm a zp\u011btn\u00e9 vazb\u011b ke zlep\u0161en\u00ed na\u0161ich slu\u017eeb.<\/p>\n\n\n\n<p>Sledujte n\u00e1s a bu\u010fte v obraze s nejnov\u011bj\u0161\u00edmi trendy a novinkami ze sv\u011bta technologi\u00ed. D\u011bkujeme za n\u00e1v\u0161t\u011bvu na\u0161ich webov\u00fdch str\u00e1nek a douf\u00e1me, \u017ee se brzy uvid\u00edme!<\/p>","protected":false},"excerpt":{"rendered":"<p>O Apps &amp; Tech \u00e9 um site de tecnologia criado em 2024 com o objetivo de fornecer informa\u00e7\u00f5es e dicas sobre aplicativos, finan\u00e7as e outros assuntos relacionados ao mundo digital. N\u00f3s acreditamos que a tecnologia \u00e9 uma ferramenta poderosa para transformar vidas e empresas, e queremos ajudar nossos leitores a se manterem atualizados e aproveitar &#8230; <a title=\"kdo jsme\" class=\"read-more\" href=\"https:\/\/appsntech.com\/cs\/quem-somos\/\" aria-label=\"\u010c\u00edst v\u00edce o Quem somos\">\u010d\u00edst d\u00e1le<\/a><\/p>","protected":false},"author":1,"featured_media":0,"parent":0,"menu_order":0,"comment_status":"closed","ping_status":"closed","template":"","meta":{"footnotes":""},"class_list":["post-47347","page","type-page","status-publish"],"_links":{"self":[{"href":"https:\/\/appsntech.com\/cs\/wp-json\/wp\/v2\/pages\/47347","targetHints":{"allow":["GET"]}}],"collection":[{"href":"https:\/\/appsntech.com\/cs\/wp-json\/wp\/v2\/pages"}],"about":[{"href":"https:\/\/appsntech.com\/cs\/wp-json\/wp\/v2\/types\/page"}],"author":[{"embeddable":true,"href":"https:\/\/appsntech.com\/cs\/wp-json\/wp\/v2\/users\/1"}],"replies":[{"embeddable":true,"href":"https:\/\/appsntech.com\/cs\/wp-json\/wp\/v2\/comments?post=47347"}],"version-history":[{"count":1,"href":"https:\/\/appsntech.com\/cs\/wp-json\/wp\/v2\/pages\/47347\/revisions"}],"predecessor-version":[{"id":47348,"href":"https:\/\/appsntech.com\/cs\/wp-json\/wp\/v2\/pages\/47347\/revisions\/47348"}],"wp:attachment":[{"href":"https:\/\/appsntech.com\/cs\/wp-json\/wp\/v2\/media?parent=47347"}],"curies":[{"name":"wp","href":"https:\/\/api.w.org\/{rel}","templated":true}]}}