{"id":47341,"date":"2024-11-05T00:53:27","date_gmt":"2024-11-05T00:53:27","guid":{"rendered":"https:\/\/appsntech.com\/?page_id=47341"},"modified":"2024-11-05T00:53:27","modified_gmt":"2024-11-05T00:53:27","slug":"nutzungsbedingungen","status":"publish","type":"page","link":"https:\/\/appsntech.com\/de\/termos-de-uso\/","title":{"rendered":"Nutzungsbedingungen"},"content":{"rendered":"<h2 class=\"wp-block-heading\">Nutzungsbedingungen f\u00fcr Apps und Technik<\/h2>\n<p>Durch den Zugriff auf die Apps &amp; Tech-Website erkl\u00e4ren Sie sich mit diesen Nutzungsbedingungen und allen geltenden Gesetzen und Vorschriften einverstanden und stimmen zu, dass Sie f\u00fcr die Einhaltung aller geltenden lokalen Gesetze verantwortlich sind. Wenn Sie mit einer dieser Bedingungen nicht einverstanden sind, ist Ihnen die Nutzung oder der Zugriff auf diese Website untersagt. Die auf dieser Website enthaltenen Materialien sind durch geltende Urheberrechts- und Markengesetze gesch\u00fctzt.<\/p>\n<h2 class=\"wp-block-heading\">Lizenznutzung<\/h2>\n<p>Es wird die Erlaubnis erteilt, vor\u00fcbergehend eine Kopie der Materialien (Informationen oder Software) auf der Website von Apps &amp; Tech herunterzuladen, um sie ausschlie\u00dflich f\u00fcr den pers\u00f6nlichen, nicht kommerziellen vor\u00fcbergehenden Gebrauch anzusehen. Hierbei handelt es sich um die Gew\u00e4hrung einer Lizenz, nicht um eine Eigentums\u00fcbertragung, und im Rahmen dieser Lizenz ist es Ihnen nicht gestattet:<\/p>\n<ul class=\"wp-block-list\">\n<li>die Materialien \u00e4ndern oder kopieren;<\/li>\n<li>die Materialien f\u00fcr kommerzielle Zwecke oder zur \u00f6ffentlichen Darstellung (kommerziell oder nichtkommerziell) verwenden;<\/li>\n<li>Versuchen Sie, die auf der Website von Apps &amp; Tech enthaltene Software zu dekompilieren oder zur\u00fcckzuentwickeln.<\/li>\n<li>jegliche Urheberrechts- oder andere Eigentumsvermerke aus den Materialien entfernen; oder<\/li>\n<li>die Materialien an eine andere Person \u00fcbertragen oder die Materialien auf einem anderen Server \u201espiegeln\u201c. Diese Lizenz erlischt automatisch, wenn Sie gegen eine dieser Einschr\u00e4nkungen versto\u00dfen, und kann von Apps &amp; Tech jederzeit gek\u00fcndigt werden. Wenn Sie die Anzeige dieser Materialien oder die Beendigung dieser Lizenz beenden, m\u00fcssen Sie alle in Ihrem Besitz befindlichen heruntergeladenen Materialien l\u00f6schen, sei es in elektronischer oder gedruckter Form.<\/li>\n<\/ul>\n<h2 class=\"wp-block-heading\">Haftungsausschluss<\/h2>\n<p>Die Materialien auf der Website von Apps &amp; Tech werden \u201ewie besehen\u201c bereitgestellt. Apps &amp; Tech gibt keine Garantien, weder ausdr\u00fccklich noch stillschweigend, und lehnt hiermit alle anderen Garantien ab und lehnt sie ab, einschlie\u00dflich, aber nicht beschr\u00e4nkt auf stillschweigende Garantien oder Bedingungen der Marktg\u00e4ngigkeit, der Eignung f\u00fcr einen bestimmten Zweck oder der Nichtverletzung von geistigem Eigentum oder anderer Rechtsverletzungen .<\/p>\n<p>Dar\u00fcber hinaus \u00fcbernimmt Apps &amp; Tech keine Gew\u00e4hrleistung oder Zusicherung hinsichtlich der Genauigkeit, der wahrscheinlichen Ergebnisse oder der Zuverl\u00e4ssigkeit der Verwendung der Materialien auf seiner Website oder anderweitig im Zusammenhang mit solchen Materialien oder auf mit dieser Website verlinkten Websites.<\/p>\n<h2 class=\"wp-block-heading\">Einschr\u00e4nkungen<\/h2>\n<p>In keinem Fall haften Apps &amp; Tech oder seine Lieferanten f\u00fcr Sch\u00e4den (einschlie\u00dflich, aber nicht beschr\u00e4nkt auf Sch\u00e4den aus Daten- oder Gewinnverlusten oder aufgrund von Betriebsunterbrechungen), die sich aus der Nutzung oder der Unm\u00f6glichkeit der Nutzung der Materialien auf Apps &amp; Tech ergeben selbst wenn Apps &amp; Tech oder ein von Apps &amp; Tech autorisierter Vertreter m\u00fcndlich oder schriftlich \u00fcber die M\u00f6glichkeit eines solchen Schadens informiert wurde. Da einige Rechtsordnungen keine Beschr\u00e4nkungen stillschweigender Garantien oder Haftungsbeschr\u00e4nkungen f\u00fcr Folge- oder Nebensch\u00e4den zulassen, gelten diese Beschr\u00e4nkungen m\u00f6glicherweise nicht f\u00fcr Sie.<\/p>\n<h2 class=\"wp-block-heading\">Pr\u00e4zision der Materialien<\/h2>\n<p>Die auf der Website von Apps &amp; Tech erscheinenden Materialien k\u00f6nnen technische, typografische oder fotografische Fehler enthalten. Apps &amp; Tech \u00fcbernimmt keine Garantie daf\u00fcr, dass die Materialien auf seiner Website korrekt, vollst\u00e4ndig oder aktuell sind. Apps &amp; Tech kann jederzeit und ohne Vorank\u00fcndigung \u00c4nderungen an den auf seiner Website enthaltenen Materialien vornehmen. Apps &amp; Tech \u00fcbernimmt jedoch keine Verpflichtung, die Materialien zu aktualisieren.<\/p>\n<h2 class=\"wp-block-heading\">Links<\/h2>\n<p>Apps &amp; Tech hat nicht alle mit seiner Website verlinkten Websites \u00fcberpr\u00fcft und ist nicht f\u00fcr den Inhalt der verlinkten Websites verantwortlich. Die Aufnahme eines Links bedeutet nicht, dass Apps &amp; Tech die Website bef\u00fcrwortet. Die Nutzung der verlinkten Seiten erfolgt auf eigene Gefahr des Nutzers.<\/p>\n<h2 class=\"wp-block-heading\">\u00c4nderungen<\/h2>\n<p>Apps &amp; Tech kann diese Nutzungsbedingungen f\u00fcr seine Website jederzeit und ohne Vorank\u00fcndigung \u00e4ndern. Durch die Nutzung dieser Website erkl\u00e4ren Sie sich mit der aktuellen Version dieser Nutzungsbedingungen einverstanden.<\/p>\n<p>Geltendes Recht Diese Allgemeinen Gesch\u00e4ftsbedingungen unterliegen den Gesetzen von Apps &amp; Tech und werden in \u00dcbereinstimmung mit diesen ausgelegt. Sie unterwerfen sich unwiderruflich der ausschlie\u00dflichen Zust\u00e4ndigkeit der Gerichte in diesem Staat oder Standort.<\/p>\n<h2 id=\"lei-aplicavel\" class=\"wp-block-heading\">Anwendbares Recht<\/h2>\n<p>Diese Allgemeinen Gesch\u00e4ftsbedingungen unterliegen den Gesetzen von Apps &amp; Tech und werden in \u00dcbereinstimmung mit diesen ausgelegt. Sie unterwerfen sich unwiderruflich der ausschlie\u00dflichen Zust\u00e4ndigkeit der Gerichte in diesem Staat oder Standort.<\/p>","protected":false},"excerpt":{"rendered":"<p>Termos de Uso do Apps &amp; Tech Ao acessar ao site Apps &amp; Tech, concorda em cumprir estes termos de servi\u00e7o, todas as leis e regulamentos aplic\u00e1veis e concorda que \u00e9 respons\u00e1vel pelo cumprimento de todas as leis locais aplic\u00e1veis. Se voc\u00ea n\u00e3o concordar com algum desses termos, est\u00e1 proibido de usar ou acessar este &#8230; <a title=\"Nutzungsbedingungen\" class=\"read-more\" href=\"https:\/\/appsntech.com\/de\/termos-de-uso\/\" aria-label=\"Mehr Informationen \u00fcber Termos de Uso\">mehr lesen<\/a><\/p>","protected":false},"author":1,"featured_media":0,"parent":0,"menu_order":0,"comment_status":"closed","ping_status":"closed","template":"","meta":{"footnotes":""},"class_list":["post-47341","page","type-page","status-publish"],"_links":{"self":[{"href":"https:\/\/appsntech.com\/de\/wp-json\/wp\/v2\/pages\/47341","targetHints":{"allow":["GET"]}}],"collection":[{"href":"https:\/\/appsntech.com\/de\/wp-json\/wp\/v2\/pages"}],"about":[{"href":"https:\/\/appsntech.com\/de\/wp-json\/wp\/v2\/types\/page"}],"author":[{"embeddable":true,"href":"https:\/\/appsntech.com\/de\/wp-json\/wp\/v2\/users\/1"}],"replies":[{"embeddable":true,"href":"https:\/\/appsntech.com\/de\/wp-json\/wp\/v2\/comments?post=47341"}],"version-history":[{"count":1,"href":"https:\/\/appsntech.com\/de\/wp-json\/wp\/v2\/pages\/47341\/revisions"}],"predecessor-version":[{"id":47342,"href":"https:\/\/appsntech.com\/de\/wp-json\/wp\/v2\/pages\/47341\/revisions\/47342"}],"wp:attachment":[{"href":"https:\/\/appsntech.com\/de\/wp-json\/wp\/v2\/media?parent=47341"}],"curies":[{"name":"wp","href":"https:\/\/api.w.org\/{rel}","templated":true}]}}