{"id":47343,"date":"2024-11-05T00:54:52","date_gmt":"2024-11-05T00:54:52","guid":{"rendered":"https:\/\/appsntech.com\/?page_id=47343"},"modified":"2024-11-05T00:54:53","modified_gmt":"2024-11-05T00:54:53","slug":"datenschutzrichtlinie","status":"publish","type":"page","link":"https:\/\/appsntech.com\/de\/politica-de-privacidade\/","title":{"rendered":"Datenschutzrichtlinie"},"content":{"rendered":"<p>Alle gesammelten Informationen werden verwendet, um Ihr Erlebnis auf unserer Website zu verbessern. Zu den gesammelten Informationen k\u00f6nnen Ihr Name, Ihre E-Mail-Adresse, Ihre Telefonnummer und\/oder andere geh\u00f6ren.<\/p>\n<p>Die Nutzung von Apps &amp; Tech setzt die Annahme dieser Datenschutzvereinbarung voraus. Wenn der Benutzer mit den in dieser Datenschutzrichtlinie enthaltenen Bedingungen nicht einverstanden ist, auch nicht teilweise, sollte er nicht auf die von Apps &amp; Tech angebotenen Inhalte zugreifen und\/oder diese nutzen. Durch die Nutzung der Website erkennt der Nutzer die Verarbeitung seiner Daten gem\u00e4\u00df den Bestimmungen dieser Datenschutzrichtlinie und den Allgemeinen Nutzungsbedingungen an und stimmt dieser vollst\u00e4ndig zu.<\/p>\n<p>Wir behalten uns das Recht vor, diese Datenschutzrichtlinie jederzeit ohne Zustimmung oder Benachrichtigung des Benutzers zu \u00e4ndern. Bitte lesen Sie sie daher regelm\u00e4\u00dfig durch. \u00c4nderungen und Klarstellungen werden unmittelbar nach ihrer Ver\u00f6ffentlichung auf der Website wirksam. Wenn wir wesentliche \u00c4nderungen an dieser Richtlinie vornehmen, werden wir Sie hier \u00fcber die Aktualisierung informieren, damit Sie wissen, welche Informationen wir sammeln, wie wir sie verwenden und unter welchen Umst\u00e4nden wir sie gegebenenfalls verwenden und\/oder offenlegen Es.<\/p>\n<p>Apps &amp; Tech respektiert die Privatsph\u00e4re seiner Nutzer und die Transparenz bei der Datennutzung. Unsere Datenschutzerkl\u00e4rung wurde in \u00dcbereinstimmung mit internationalen und nationalen Datenschutzstandards erstellt.<\/p>\n<p>Diese Datenschutzrichtlinie muss in Verbindung mit den Allgemeinen Nutzungsbedingungen von Apps &amp; Tech gelesen und interpretiert werden, die unter verf\u00fcgbar sind <a href=\"https:\/\/appsntech.com\/de\/nutzungsbedingungen\/\">https:\/\/appsntech.com\/termos-de-uso\/<\/a><\/p>\n<h2 class=\"wp-block-heading\">Allgemeine Informationen f\u00fcr Benutzer <\/h2>\n<p>Ziel von Apps &amp; Tech ist es, Informationen mit seinen Benutzern zu teilen und Wissen f\u00fcr jedermann zug\u00e4nglich zu machen. Der Nutzer kann auf der Apps &amp; Tech-Website surfen, ohne sich vorher registrieren zu m\u00fcssen.<\/p>\n<p>Apps &amp; Tech befolgt internationale Sicherheitsnormen und -standards in Bezug auf Datenspeicherung, Schutz, Privatsph\u00e4re und \u00dcbertragung und betont, dass keine Methode der Datenspeicherung, des Schutzes, der Privatsph\u00e4re und der \u00dcbertragung sicher und unantastbar ist.<\/p>\n<p>Apps &amp; Tech \u00fcbernimmt Praktiken und Technologien, die entsprechend den nationalen und ausl\u00e4ndischen technischen und regulatorischen Fortschritten st\u00e4ndig \u00fcberpr\u00fcft und verbessert werden. Wenn wir von Schutz sprechen, beziehen wir uns auf jeden unbefugten Zugriff, jede unbefugte Nutzung, \u00c4nderung, Offenlegung oder Zerst\u00f6rung Ihrer Daten. Um dies zu verhindern, investieren wir in Ma\u00dfnahmen wie verschl\u00fcsselte Kommunikation, Zugriffskontrolle, Einhaltung sicherer Softwareentwicklung, interne Compliance-Richtlinien sowie Ma\u00dfnahmen zur Rechenschaftspflicht und Risikominderung, die Sicherheit im Datenlebenszyklus erm\u00f6glichen. Benutzerinformationen werden au\u00dferdem in sicheren, renommierten und international anerkannten Datenbanken gespeichert.<\/p>\n<p>Unter keinen Umst\u00e4nden verlangt Apps &amp; Tech Geldbetr\u00e4ge f\u00fcr die Ver\u00f6ffentlichung irgendeiner Art von Produkt, egal um welches Produkt es sich handelt. Wenn dies passiert, teilen Sie uns dies bitte umgehend mit.<\/p>\n<p>Wir arbeiten daran, alle Informationen so aktuell wie m\u00f6glich zu halten. Es ist jedoch zu beachten, dass diese Informationen von den Informationen auf den Websites von Institutionen oder Dienstleistern einer bestimmten Website abweichen k\u00f6nnen. Wir \u00fcbernehmen keine Gew\u00e4hr f\u00fcr die Richtigkeit oder Aktualit\u00e4t der Informationen. Denken Sie immer daran, die Nutzungsbedingungen und Gesch\u00e4ftsbedingungen der von Ihnen ausgew\u00e4hlten Institutionen zu lesen. Wir erhalten einen kleinen Betrag aus der Werbung auf unserer Website und von unseren Partnern, wenn wir einen Benutzer empfehlen, der ein Produkt oder einen Vorschlag anfordert. Alles, was wir ver\u00f6ffentlichen, basiert auf quantitativen und qualitativen Bewertungen jedes Produkts. Es ist erw\u00e4hnenswert, dass unsere Partner direkten Einfluss auf die Produkte haben, \u00fcber die wir schreiben und rezensieren, sowie auf die Reihenfolge der \u201ebesten\u201c Artikel und die Produktplatzierung auf Apps &amp; Tech. Aufgrund der Menge an Informationen auf unserer Website \u00fcbernehmen wir keinerlei Gew\u00e4hr f\u00fcr die Qualit\u00e4t und Aktualit\u00e4t der Informationen; Daher priorisieren wir die Informationen unserer Partner.<\/p>\n<p>Um Ihre pers\u00f6nlichen Daten zu sch\u00fctzen, treffen wir angemessene Vorsichtsma\u00dfnahmen und befolgen die Best Practices der Branche, um sicherzustellen, dass sie nicht unangemessen verloren gehen, missbraucht, abgerufen, offengelegt, ver\u00e4ndert oder zerst\u00f6rt werden.<\/p>\n<h2 class=\"wp-block-heading\">Links zu Websites Dritter <\/h2>\n<p>Apps &amp; Tech verf\u00fcgt \u00fcber Links zu anderen Websites, die unserer Meinung nach n\u00fctzliche Informationen\/Tools f\u00fcr unsere Besucher enthalten k\u00f6nnen. Unsere Datenschutzrichtlinie gilt nicht f\u00fcr Websites Dritter. Wir sind nicht verantwortlich f\u00fcr die Datenschutzrichtlinien oder den Inhalt dieser Websites. Apps &amp; Tech \u00fcbt keinerlei Kontrolle \u00fcber sie aus und ist daher von jeglicher Verantwortung f\u00fcr die Beziehungen befreit, die zwischen dem Benutzer und den auf der Website beworbenen Produkten und Dienstleistungen Dritter entstehen.<\/p>\n<p>Sobald Sie unsere Website verlassen oder zu einer Website oder Anwendung eines Drittanbieters weitergeleitet werden, unterliegen Sie nicht mehr dieser Datenschutzrichtlinie oder den Nutzungsbedingungen unserer Website.<\/p>\n<p>Wenn Sie nach Ihrer Einwilligung Ihre Meinung \u00e4ndern, k\u00f6nnen Sie Ihre Einwilligung zur Kontaktaufnahme mit Ihnen sowie zur weiteren Erfassung, Nutzung oder Offenlegung Ihrer Daten jederzeit widerrufen, indem Sie uns unter contato@appsntech.com kontaktieren<\/p>\n<h2 class=\"wp-block-heading\">Nicht personenbezogene Daten <\/h2>\n<p>Wenn Benutzer keine kostenlosen Inhalte von Apps &amp; Tech anfordern (u. a. E-Books, Quizze, Artikel, Infografiken), k\u00f6nnen nicht personenbezogene Daten erfasst und erfasst werden, die unter anderem angeben, welche Seiten der Website wann besucht wurden sie besucht wurden, welche Hyperlinks angeklickt wurden, welche Inhalte oder Dienste unter anderem angefordert oder empfohlen wurden.<\/p>\n<h2 class=\"wp-block-heading\">Kekse <\/h2>\n<p>Google verwendet als Drittanbieter Cookies zur Schaltung von Anzeigen. Mit dem DART-Cookie kann Google Anzeigen basierend auf Ihren Besuchen auf anderen Websites im Internet schalten. Benutzer k\u00f6nnen das DART-Cookie deaktivieren, indem sie die Datenschutzrichtlinie f\u00fcr Anzeigen und Content-Netzwerke von Google besuchen.<\/p>\n<p>Apps &amp; Tech verwendet Cookies, um Daten und IP-Identifikationsinformationen (Internet Protocol) zu sammeln, um die Benutzernavigation zu erleichtern und die Sicherheit, den Schutz und die Authentizit\u00e4t der Daten zu gew\u00e4hrleisten.<\/p>\n<p>Dar\u00fcber hinaus nutzen wir auf unserer Website auch Werbung Dritter, um Wartungskosten zu decken. Einige dieser Werbetreibenden verwenden m\u00f6glicherweise Technologien wie Cookies, wenn sie auf unserer Website Werbung schalten. Dies bedeutet, dass diese Werbetreibenden (z. B. Google \u00fcber Google AdSense und Ad Exchange) auch Ihre pers\u00f6nlichen Daten wie Ihre IP-Adresse, Ihren ISP usw. erhalten. Ihr Browser usw. Diese Funktion wird im Allgemeinen f\u00fcr das Geotargeting verwendet (Anzeigen, die basierend auf Ihrem geografischen Standort sinnvoll sind).<\/p>\n<p>Der Benutzer kann jederzeit in seiner Browserkonfiguration \u00e4ndern, ob er Cookies akzeptiert oder nicht. Beachten Sie jedoch, dass durch die Deaktivierung von Browser-Cookies einige Funktionen von Apps &amp; Tech beeintr\u00e4chtigt werden k\u00f6nnen.<\/p>\n<h2 class=\"wp-block-heading\">Pers\u00f6nlich identifizierbare Daten <\/h2>\n<p>Um auf kostenlose Inhalte auf Apps &amp; Tech zuzugreifen, wie z. B. Artikel, E-Books, Quizze und andere, muss der Benutzer einige identifizierbare pers\u00f6nliche Daten angeben, n\u00e4mlich E-Mail und vollst\u00e4ndigen Namen.<\/p>\n<p>Die Zwecke der von Apps &amp; Tech verarbeiteten personenbezogenen Daten sind:<\/p>\n<p>\u2013 Korrekte und genaue Identifizierung des Benutzers, um so mehr Sicherheit und Schutz f\u00fcr die Benutzer selbst zu gew\u00e4hrleisten;<\/p>\n<p>\u2013 Zugriff auf von Apps &amp; Tech bereitgestellte Dienste und Produkte;<\/p>\n<p>\u2013 Analyse von Benutzerprofilen durch Apps &amp; Tech mit dem Ziel, die besten Produkte und Informationen entsprechend ihren tats\u00e4chlichen Bed\u00fcrfnissen und ihrer Realit\u00e4t anzuzeigen.<\/p>\n<p>Mit dem Ziel einer noch genaueren Analyse des Benutzerprofils f\u00fchrt Apps &amp; Tech m\u00f6glicherweise Recherchen durch, um mehr und bessere Informationen \u00fcber Sie zu erhalten und so personalisierte Produkte und Dienstleistungen anzubieten, die den Vorlieben und Bed\u00fcrfnissen jedes Benutzers entsprechen.<\/p>\n<p>Auf diese Weise k\u00f6nnen Apps &amp; Tech und Partnerunternehmen Benutzer zur Teilnahme an Zufriedenheitsumfragen einladen, bei denen E-Mails mit den erforderlichen Hinweisen verschickt werden. Die gesammelten Daten werden mit dem Hauptziel verwendet, Verbesserungen an den von Apps &amp; Tech und Partnerunternehmen angebotenen Systemen, Produkten, Inhalten und Diensten anzustreben.<\/p>\n<p>Wenn ein Benutzer uns kontaktiert, um ein Problem oder eine Frage zu melden oder Support zu erhalten, erheben und speichern wir die Kontaktinformationen des Benutzers sowie die entsprechenden Nachrichten und andere Daten, die zur Untersuchung des Problems oder der Frage erforderlich sind. Diese Daten werden verwendet, um etwaige Anfragen auf der Grundlage der gesammelten Informationen zu kl\u00e4ren, Zweifel auszur\u00e4umen, Probleme zu beheben und das System zu verbessern, um das Benutzererlebnis innerhalb von Apps &amp; Tech weiter zu verbessern.<\/p>\n<h2 class=\"wp-block-heading\">\u00dcber den Datenaustausch <\/h2>\n<p>Apps &amp; Tech verkauft keine Informationen oder pers\u00f6nlichen Daten seiner Benutzer, kann diese jedoch an Partnerunternehmen weitergeben, um ihnen Produkte und Dienstleistungen anbieten zu k\u00f6nnen, die am besten zu ihrem Profil und ihren Bed\u00fcrfnissen passen, oder um die von ihnen angeforderten Produkte und\/oder Dienstleistungen bereitzustellen der Benutzer.<\/p>\n<p>Apps &amp; Tech beh\u00e4lt sich das Recht vor, Justizbeh\u00f6rden oder Regierungsbeh\u00f6rden zu unterst\u00fctzen oder mit ihnen zusammenzuarbeiten, und kann die personenbezogenen Daten der Benutzer weitergeben, um: a) ihre gesetzlichen Rechte zu begr\u00fcnden oder auszu\u00fcben; b) ihr Eigentum sch\u00fctzen; c) wenn Sie der Meinung sind, dass Ihre Unterst\u00fctzung oder Mitarbeit zum Schutz Ihrer Benutzer, Mitarbeiter, Administratoren oder anderer Personen, die durch die Handlung oder Unterlassung gesch\u00e4digt werden, erforderlich ist.<\/p>\n<h2 class=\"wp-block-heading\">\u00dcber unbehandelte und nicht erfasste Daten <\/h2>\n<p>Apps &amp; Tech verarbeitet keine personenbezogenen Daten von Kindern unter 13 (dreizehn) Jahren ohne vorherige Genehmigung ihrer Eltern oder Erziehungsberechtigten.<\/p>\n<p>Wenn personenbezogene Daten von Kindern unter 13 (dreizehn) Jahren ohne ausdr\u00fcckliche Genehmigung der Eltern oder Erziehungsberechtigten unbeabsichtigt erhoben und verarbeitet werden, l\u00f6scht Apps &amp; Tech alle erfassten Daten ohne jegliche Vorank\u00fcndigung .<\/p>\n<p>Sollte der Nutzer Kenntnis davon erlangen, dass wir irrt\u00fcmlicherweise Daten eines Kindes verarbeitet haben, bitten wir ihn, uns umgehend per E-Mail zu kontaktieren <a>contato@appsntech.com<\/a>, damit wir die notwendigen Ma\u00dfnahmen ergreifen k\u00f6nnen.<\/p>","protected":false},"excerpt":{"rendered":"<p>Todas as informa\u00e7\u00f5es recolhidas ser\u00e3o utilizadas para melhorar sua experi\u00eancia dentro do nosso site. As informa\u00e7\u00f5es recolhidas podem incluir o seu nome, email, n\u00famero de telefone e\/ou outros. O uso do Apps &#038; Tech pressup\u00f5e a aceita\u00e7\u00e3o deste Acordo de Privacidade. Caso o usu\u00e1rio n\u00e3o concorde, ainda que em parte, com os termos e condi\u00e7\u00f5es &#8230; <a title=\"Datenschutzrichtlinie\" class=\"read-more\" href=\"https:\/\/appsntech.com\/de\/politica-de-privacidade\/\" aria-label=\"Mehr Informationen \u00fcber Politica de Privacidade\">mehr lesen<\/a><\/p>","protected":false},"author":1,"featured_media":0,"parent":0,"menu_order":0,"comment_status":"closed","ping_status":"closed","template":"","meta":{"footnotes":""},"class_list":["post-47343","page","type-page","status-publish"],"_links":{"self":[{"href":"https:\/\/appsntech.com\/de\/wp-json\/wp\/v2\/pages\/47343","targetHints":{"allow":["GET"]}}],"collection":[{"href":"https:\/\/appsntech.com\/de\/wp-json\/wp\/v2\/pages"}],"about":[{"href":"https:\/\/appsntech.com\/de\/wp-json\/wp\/v2\/types\/page"}],"author":[{"embeddable":true,"href":"https:\/\/appsntech.com\/de\/wp-json\/wp\/v2\/users\/1"}],"replies":[{"embeddable":true,"href":"https:\/\/appsntech.com\/de\/wp-json\/wp\/v2\/comments?post=47343"}],"version-history":[{"count":1,"href":"https:\/\/appsntech.com\/de\/wp-json\/wp\/v2\/pages\/47343\/revisions"}],"predecessor-version":[{"id":47344,"href":"https:\/\/appsntech.com\/de\/wp-json\/wp\/v2\/pages\/47343\/revisions\/47344"}],"wp:attachment":[{"href":"https:\/\/appsntech.com\/de\/wp-json\/wp\/v2\/media?parent=47343"}],"curies":[{"name":"wp","href":"https:\/\/api.w.org\/{rel}","templated":true}]}}