{"id":47347,"date":"2024-11-05T00:56:12","date_gmt":"2024-11-05T00:56:12","guid":{"rendered":"https:\/\/appsntech.com\/?page_id=47347"},"modified":"2024-11-05T00:56:12","modified_gmt":"2024-11-05T00:56:12","slug":"wer-wir-sind","status":"publish","type":"page","link":"https:\/\/appsntech.com\/de\/quem-somos\/","title":{"rendered":"Wer wir sind"},"content":{"rendered":"<p>Apps &amp; Tech ist eine 2024 erstellte Technologie-Website mit dem Ziel, Informationen und Tipps zu Anwendungen, Finanzen und anderen Themen der digitalen Welt bereitzustellen. Wir glauben, dass Technologie ein m\u00e4chtiges Werkzeug ist, um Leben und Unternehmen zu ver\u00e4ndern, und wir m\u00f6chten unseren Lesern helfen, auf dem Laufenden zu bleiben und das Beste aus diesen Werkzeugen herauszuholen.<\/p>\n\n\n\n<p>Hier bei Apps &amp; Tech finden Sie von Technologieexperten verfasste Artikel und Tutorials sowie Produkt- und Servicebewertungen und -beurteilungen. Wir bieten au\u00dferdem Tipps und Tricks, mit denen Sie Ihre Mobilger\u00e4te und Apps optimal nutzen k\u00f6nnen.<\/p>\n\n\n\n<p>Unser Team besteht aus Technologieexperten, Journalisten und Autoren, die alle bestrebt sind, unseren Lesern qualitativ hochwertige und pr\u00e4zise Inhalte zu liefern. Wir sind davon \u00fcberzeugt, dass Technologie ein m\u00e4chtiges Werkzeug ist, um Leben und Unternehmen zu ver\u00e4ndern. Unser Ziel ist es, unseren Lesern dabei zu helfen, auf dem Laufenden zu bleiben und das Beste aus diesen Werkzeugen herauszuholen.<\/p>\n\n\n\n<p>Neben Inhalten bieten wir unseren Lesern auch die M\u00f6glichkeit, sich \u00fcber unsere Social-Media-Kan\u00e4le und Diskussionsforen mit anderen Technologiebegeisterten zu vernetzen. Wir legen Wert auf die Meinung unserer Leser und sind immer offen f\u00fcr Vorschl\u00e4ge und Feedback zur Verbesserung unserer Dienste.<\/p>\n\n\n\n<p>Folgen Sie uns und bleiben Sie \u00fcber die neuesten Trends und Neuigkeiten aus der Welt der Technologie auf dem Laufenden. Vielen Dank f\u00fcr Ihren Besuch auf unserer Website und wir hoffen, Sie bald wiederzusehen!<\/p>","protected":false},"excerpt":{"rendered":"<p>O Apps &amp; Tech \u00e9 um site de tecnologia criado em 2024 com o objetivo de fornecer informa\u00e7\u00f5es e dicas sobre aplicativos, finan\u00e7as e outros assuntos relacionados ao mundo digital. N\u00f3s acreditamos que a tecnologia \u00e9 uma ferramenta poderosa para transformar vidas e empresas, e queremos ajudar nossos leitores a se manterem atualizados e aproveitar &#8230; <a title=\"Wer wir sind\" class=\"read-more\" href=\"https:\/\/appsntech.com\/de\/quem-somos\/\" aria-label=\"Mehr Informationen \u00fcber Quem somos\">mehr lesen<\/a><\/p>","protected":false},"author":1,"featured_media":0,"parent":0,"menu_order":0,"comment_status":"closed","ping_status":"closed","template":"","meta":{"footnotes":""},"class_list":["post-47347","page","type-page","status-publish"],"_links":{"self":[{"href":"https:\/\/appsntech.com\/de\/wp-json\/wp\/v2\/pages\/47347","targetHints":{"allow":["GET"]}}],"collection":[{"href":"https:\/\/appsntech.com\/de\/wp-json\/wp\/v2\/pages"}],"about":[{"href":"https:\/\/appsntech.com\/de\/wp-json\/wp\/v2\/types\/page"}],"author":[{"embeddable":true,"href":"https:\/\/appsntech.com\/de\/wp-json\/wp\/v2\/users\/1"}],"replies":[{"embeddable":true,"href":"https:\/\/appsntech.com\/de\/wp-json\/wp\/v2\/comments?post=47347"}],"version-history":[{"count":1,"href":"https:\/\/appsntech.com\/de\/wp-json\/wp\/v2\/pages\/47347\/revisions"}],"predecessor-version":[{"id":47348,"href":"https:\/\/appsntech.com\/de\/wp-json\/wp\/v2\/pages\/47347\/revisions\/47348"}],"wp:attachment":[{"href":"https:\/\/appsntech.com\/de\/wp-json\/wp\/v2\/media?parent=47347"}],"curies":[{"name":"wp","href":"https:\/\/api.w.org\/{rel}","templated":true}]}}