{"id":47347,"date":"2024-11-05T00:56:12","date_gmt":"2024-11-05T00:56:12","guid":{"rendered":"https:\/\/appsntech.com\/?page_id=47347"},"modified":"2024-11-05T00:56:12","modified_gmt":"2024-11-05T00:56:12","slug":"who-we-are","status":"publish","type":"page","link":"https:\/\/appsntech.com\/en_za\/quem-somos\/","title":{"rendered":"Who we are"},"content":{"rendered":"<p>Apps &amp; Tech is a technology website created in 2024 with the goal of providing information and tips on apps, finance, and other topics related to the digital world. We believe that technology is a powerful tool for transforming lives and businesses, and we want to help our readers stay up-to-date and make the most of these tools.<\/p>\n\n\n\n<p>Here at Apps &amp; Tech, you&#039;ll find articles and tutorials written by technology experts, as well as product and service reviews and analysis. We also offer tips and tricks to help you get the most out of your mobile devices and apps.<\/p>\n\n\n\n<p>Our team is comprised of technology experts, journalists, and writers, all committed to providing high-quality, accurate content for our readers. We believe that technology is a powerful tool for transforming lives and businesses, and our goal is to help our readers stay up-to-date and make the most of these tools.<\/p>\n\n\n\n<p>In addition to content, we also offer our readers the opportunity to connect with other technology enthusiasts through our social media channels and discussion forums. We value our readers&#039; opinions and are always open to suggestions and feedback to improve our services.<\/p>\n\n\n\n<p>Follow us and stay up to date with the latest trends and news in the world of technology. Thank you for visiting our website, and we hope to see you again soon!<\/p>","protected":false},"excerpt":{"rendered":"<p>O Apps &amp; Tech \u00e9 um site de tecnologia criado em 2024 com o objetivo de fornecer informa\u00e7\u00f5es e dicas sobre aplicativos, finan\u00e7as e outros assuntos relacionados ao mundo digital. N\u00f3s acreditamos que a tecnologia \u00e9 uma ferramenta poderosa para transformar vidas e empresas, e queremos ajudar nossos leitores a se manterem atualizados e aproveitar &#8230; <a title=\"Who we are\" class=\"read-more\" href=\"https:\/\/appsntech.com\/en_za\/quem-somos\/\" aria-label=\"Read more about Quem somos\">read more<\/a><\/p>","protected":false},"author":1,"featured_media":0,"parent":0,"menu_order":0,"comment_status":"closed","ping_status":"closed","template":"","meta":{"footnotes":""},"class_list":["post-47347","page","type-page","status-publish"],"_links":{"self":[{"href":"https:\/\/appsntech.com\/en_za\/wp-json\/wp\/v2\/pages\/47347","targetHints":{"allow":["GET"]}}],"collection":[{"href":"https:\/\/appsntech.com\/en_za\/wp-json\/wp\/v2\/pages"}],"about":[{"href":"https:\/\/appsntech.com\/en_za\/wp-json\/wp\/v2\/types\/page"}],"author":[{"embeddable":true,"href":"https:\/\/appsntech.com\/en_za\/wp-json\/wp\/v2\/users\/1"}],"replies":[{"embeddable":true,"href":"https:\/\/appsntech.com\/en_za\/wp-json\/wp\/v2\/comments?post=47347"}],"version-history":[{"count":1,"href":"https:\/\/appsntech.com\/en_za\/wp-json\/wp\/v2\/pages\/47347\/revisions"}],"predecessor-version":[{"id":47348,"href":"https:\/\/appsntech.com\/en_za\/wp-json\/wp\/v2\/pages\/47347\/revisions\/47348"}],"wp:attachment":[{"href":"https:\/\/appsntech.com\/en_za\/wp-json\/wp\/v2\/media?parent=47347"}],"curies":[{"name":"wp","href":"https:\/\/api.w.org\/{rel}","templated":true}]}}