{"id":47341,"date":"2024-11-05T00:53:27","date_gmt":"2024-11-05T00:53:27","guid":{"rendered":"https:\/\/appsntech.com\/?page_id=47341"},"modified":"2024-11-05T00:53:27","modified_gmt":"2024-11-05T00:53:27","slug":"condiciones-de-uso","status":"publish","type":"page","link":"https:\/\/appsntech.com\/es\/termos-de-uso\/","title":{"rendered":"Condiciones de uso"},"content":{"rendered":"<h2 class=\"wp-block-heading\">T\u00e9rminos de uso de aplicaciones y tecnolog\u00eda<\/h2>\n<p>Al acceder al sitio web de Apps &amp; Tech, usted acepta estar sujeto a estos t\u00e9rminos de servicio, todas las leyes y regulaciones aplicables, y acepta que es responsable del cumplimiento de las leyes locales aplicables. Si no est\u00e1 de acuerdo con alguno de estos t\u00e9rminos, tiene prohibido usar o acceder a este sitio. Los materiales contenidos en este sitio est\u00e1n protegidos por las leyes de derechos de autor y marcas comerciales aplicables.<\/p>\n<h2 class=\"wp-block-heading\">Uso de licencia<\/h2>\n<p>Se otorga permiso para descargar temporalmente una copia de los materiales (informaci\u00f3n o software) en el sitio web de Apps &amp; Tech para visualizaci\u00f3n transitoria personal y no comercial \u00fanicamente. Esta es la concesi\u00f3n de una licencia, no una transferencia de t\u00edtulo, y bajo esta licencia usted no puede:<\/p>\n<ul class=\"wp-block-list\">\n<li>modificar o copiar los materiales;<\/li>\n<li>utilizar los materiales para cualquier fin comercial o para exhibici\u00f3n p\u00fablica (comercial o no comercial);<\/li>\n<li>intentar descompilar o aplicar ingenier\u00eda inversa a cualquier software contenido en el sitio web de Apps &amp; Tech;<\/li>\n<li>eliminar cualquier copyright u otras anotaciones de propiedad de los materiales; o<\/li>\n<li>transferir los materiales a otra persona o &quot;reflejar&quot; los materiales en cualquier otro servidor. Esta licencia finalizar\u00e1 autom\u00e1ticamente si usted viola cualquiera de estas restricciones y Apps &amp; Tech podr\u00e1 cancelarla en cualquier momento. Al finalizar la visualizaci\u00f3n de estos materiales o al finalizar esta licencia, debe eliminar cualquier material descargado que tenga en su poder, ya sea en formato electr\u00f3nico o impreso.<\/li>\n<\/ul>\n<h2 class=\"wp-block-heading\">Descargo de responsabilidad<\/h2>\n<p>Los materiales del sitio web de Apps &amp; Tech se proporcionan &quot;tal cual&quot;. Apps &amp; Tech no ofrece garant\u00edas, expresas o impl\u00edcitas, y por la presente renuncia y niega todas las dem\u00e1s garant\u00edas, incluidas, entre otras, garant\u00edas impl\u00edcitas o condiciones de comerciabilidad, idoneidad para un prop\u00f3sito particular o no infracci\u00f3n de propiedad intelectual u otra violaci\u00f3n de derechos. .<\/p>\n<p>Adem\u00e1s, Apps &amp; Tech no garantiza ni hace ninguna declaraci\u00f3n con respecto a la precisi\u00f3n, los resultados probables o la confiabilidad del uso de los materiales en su sitio web o de otro modo en relaci\u00f3n con dichos materiales o en cualquier sitio vinculado a este sitio.<\/p>\n<h2 class=\"wp-block-heading\">Limitaciones<\/h2>\n<p>En ning\u00fan caso Apps &amp; Tech o sus proveedores ser\u00e1n responsables de los da\u00f1os (incluidos, entre otros, da\u00f1os por p\u00e9rdida de datos o ganancias, o debido a la interrupci\u00f3n del negocio) que surjan del uso o la imposibilidad de usar los materiales en Apps &amp; Tech. sitio web, incluso si Apps &amp; Tech o un representante autorizado de Apps &amp; Tech han sido notificados oralmente o por escrito de la posibilidad de dicho da\u00f1o. Debido a que algunas jurisdicciones no permiten limitaciones a las garant\u00edas impl\u00edcitas o limitaciones de responsabilidad por da\u00f1os consecuentes o incidentales, es posible que estas limitaciones no se apliquen a usted.<\/p>\n<h2 class=\"wp-block-heading\">Precisi\u00f3n de materiales<\/h2>\n<p>Los materiales que aparecen en el sitio web de Apps &amp; Tech podr\u00edan incluir errores t\u00e9cnicos, tipogr\u00e1ficos o fotogr\u00e1ficos. Apps &amp; Tech no garantiza que los materiales de su sitio web sean precisos, completos o actuales. Apps &amp; Tech puede realizar cambios en los materiales contenidos en su sitio web en cualquier momento sin previo aviso. Sin embargo, Apps &amp; Tech no se compromete a actualizar los materiales.<\/p>\n<h2 class=\"wp-block-heading\">Campo de golf<\/h2>\n<p>Apps &amp; Tech no ha revisado todos los sitios vinculados a su sitio web y no es responsable del contenido de ning\u00fan sitio vinculado. La inclusi\u00f3n de cualquier enlace no implica aprobaci\u00f3n del sitio por parte de Apps &amp; Tech. El uso de cualquier sitio vinculado es bajo el propio riesgo del usuario.<\/p>\n<h2 class=\"wp-block-heading\">Modificaciones<\/h2>\n<p>Apps &amp; Tech puede revisar estos t\u00e9rminos de servicio de su sitio web en cualquier momento sin previo aviso. Al utilizar este sitio web, usted acepta estar sujeto a la versi\u00f3n actual de estos t\u00e9rminos de servicio.<\/p>\n<p>Ley aplicable Estos t\u00e9rminos y condiciones se rigen e interpretan de acuerdo con las leyes de Apps &amp; Tech y usted se somete irrevocablemente a la jurisdicci\u00f3n exclusiva de los tribunales de ese estado o ubicaci\u00f3n.<\/p>\n<h2 id=\"lei-aplicavel\" class=\"wp-block-heading\">Ley aplicable<\/h2>\n<p>Estos t\u00e9rminos y condiciones se rigen e interpretan de acuerdo con las leyes de Apps &amp; Tech y usted se somete irrevocablemente a la jurisdicci\u00f3n exclusiva de los tribunales de ese estado o ubicaci\u00f3n.<\/p>","protected":false},"excerpt":{"rendered":"<p>Termos de Uso do Apps &amp; Tech Ao acessar ao site Apps &amp; Tech, concorda em cumprir estes termos de servi\u00e7o, todas as leis e regulamentos aplic\u00e1veis e concorda que \u00e9 respons\u00e1vel pelo cumprimento de todas as leis locais aplic\u00e1veis. Se voc\u00ea n\u00e3o concordar com algum desses termos, est\u00e1 proibido de usar ou acessar este &#8230; <a title=\"Condiciones de uso\" class=\"read-more\" href=\"https:\/\/appsntech.com\/es\/termos-de-uso\/\" aria-label=\"Leer m\u00e1s sobre Termos de Uso\">leer m\u00e1s<\/a><\/p>","protected":false},"author":1,"featured_media":0,"parent":0,"menu_order":0,"comment_status":"closed","ping_status":"closed","template":"","meta":{"footnotes":""},"class_list":["post-47341","page","type-page","status-publish"],"_links":{"self":[{"href":"https:\/\/appsntech.com\/es\/wp-json\/wp\/v2\/pages\/47341","targetHints":{"allow":["GET"]}}],"collection":[{"href":"https:\/\/appsntech.com\/es\/wp-json\/wp\/v2\/pages"}],"about":[{"href":"https:\/\/appsntech.com\/es\/wp-json\/wp\/v2\/types\/page"}],"author":[{"embeddable":true,"href":"https:\/\/appsntech.com\/es\/wp-json\/wp\/v2\/users\/1"}],"replies":[{"embeddable":true,"href":"https:\/\/appsntech.com\/es\/wp-json\/wp\/v2\/comments?post=47341"}],"version-history":[{"count":1,"href":"https:\/\/appsntech.com\/es\/wp-json\/wp\/v2\/pages\/47341\/revisions"}],"predecessor-version":[{"id":47342,"href":"https:\/\/appsntech.com\/es\/wp-json\/wp\/v2\/pages\/47341\/revisions\/47342"}],"wp:attachment":[{"href":"https:\/\/appsntech.com\/es\/wp-json\/wp\/v2\/media?parent=47341"}],"curies":[{"name":"wp","href":"https:\/\/api.w.org\/{rel}","templated":true}]}}