{"id":47341,"date":"2024-11-05T00:53:27","date_gmt":"2024-11-05T00:53:27","guid":{"rendered":"https:\/\/appsntech.com\/?page_id=47341"},"modified":"2024-11-05T00:53:27","modified_gmt":"2024-11-05T00:53:27","slug":"condiciones-de-uso","status":"publish","type":"page","link":"https:\/\/appsntech.com\/es_ag\/termos-de-uso\/","title":{"rendered":"Condiciones de uso"},"content":{"rendered":"<h2 class=\"wp-block-heading\">Condiciones de uso de aplicaciones y tecnolog\u00eda<\/h2>\n<p>Al acceder al sitio web de Apps &amp; Tech, usted acepta cumplir con estos t\u00e9rminos de servicio, todas las leyes y regulaciones aplicables, y se compromete a cumplir con todas las leyes locales aplicables. Si no acepta alguno de estos t\u00e9rminos, se le proh\u00edbe usar o acceder a este sitio web. Los materiales contenidos en este sitio web est\u00e1n protegidos por las leyes de derechos de autor y marcas registradas aplicables.<\/p>\n<h2 class=\"wp-block-heading\">Licencia de uso<\/h2>\n<p>Se concede permiso para descargar temporalmente una copia de los materiales (informaci\u00f3n o software) del sitio web de Apps &amp; Tech, \u00fanicamente para su visualizaci\u00f3n transitoria personal y no comercial. Esta licencia otorga una licencia, no una transferencia de titularidad, y, en virtud de ella, no podr\u00e1:<\/p>\n<ul class=\"wp-block-list\">\n<li>modificar o copiar los materiales;<\/li>\n<li>utilizar los materiales para cualquier prop\u00f3sito comercial o para cualquier exhibici\u00f3n p\u00fablica (comercial o no comercial);<\/li>\n<li>intentar descompilar o aplicar ingenier\u00eda inversa a cualquier software contenido en el sitio web de Apps &amp; Tech;<\/li>\n<li>eliminar cualquier derecho de autor u otras notaciones de propiedad de los materiales; o<\/li>\n<li>Transferir los materiales a otra persona o replicarlos en cualquier otro servidor. Esta licencia se rescindir\u00e1 autom\u00e1ticamente si usted infringe cualquiera de estas restricciones y Apps &amp; Tech podr\u00e1 rescindirla en cualquier momento. Al finalizar la visualizaci\u00f3n de estos materiales o al rescindirse esta licencia, deber\u00e1 destruir todos los materiales descargados que tenga en su poder, ya sea en formato electr\u00f3nico o impreso.<\/li>\n<\/ul>\n<h2 class=\"wp-block-heading\">Descargo de responsabilidad<\/h2>\n<p>Los materiales del sitio web de Apps &amp; Tech se proporcionan tal cual. Apps &amp; Tech no ofrece garant\u00edas, expresas ni impl\u00edcitas, y por la presente renuncia y niega cualquier otra garant\u00eda, incluyendo, entre otras, las garant\u00edas o condiciones impl\u00edcitas de comerciabilidad, idoneidad para un fin determinado o no infracci\u00f3n de la propiedad intelectual u otras violaciones de derechos.<\/p>\n<p>Adem\u00e1s, Apps &amp; Tech no garantiza ni hace ninguna declaraci\u00f3n con respecto a la precisi\u00f3n, los resultados probables o la confiabilidad del uso de los materiales en su sitio web o de otro modo relacionados con dichos materiales o en sitios web vinculados a este sitio web.<\/p>\n<h2 class=\"wp-block-heading\">Limitaciones<\/h2>\n<p>En ning\u00fan caso Apps &amp; Tech ni sus proveedores ser\u00e1n responsables de ning\u00fan da\u00f1o (incluidos, entre otros, los da\u00f1os por p\u00e9rdida de datos o beneficios, o por interrupci\u00f3n del negocio) que surja del uso o la imposibilidad de usar los materiales de Apps &amp; Tech, incluso si Apps &amp; Tech o un representante autorizado de Apps &amp; Tech ha sido notificado oralmente o por escrito de la posibilidad de dicho da\u00f1o. Dado que algunas jurisdicciones no permiten limitaciones a las garant\u00edas impl\u00edcitas ni limitaciones de responsabilidad por da\u00f1os consecuentes o incidentales, es posible que estas limitaciones no le sean aplicables.<\/p>\n<h2 class=\"wp-block-heading\">Precisi\u00f3n de los materiales<\/h2>\n<p>Los materiales que se muestran en el sitio web de Apps &amp; Tech pueden contener errores t\u00e9cnicos, tipogr\u00e1ficos o fotogr\u00e1ficos. Apps &amp; Tech no garantiza la exactitud, integridad ni actualidad de los materiales de su sitio web. Apps &amp; Tech puede modificar los materiales de su sitio web en cualquier momento sin previo aviso. Sin embargo, Apps &amp; Tech no se compromete a actualizarlos.<\/p>\n<h2 class=\"wp-block-heading\">Campo de golf<\/h2>\n<p>Apps &amp; Tech no ha revisado todos los sitios enlazados a su sitio web y no se responsabiliza del contenido de ninguno de ellos. La inclusi\u00f3n de un enlace no implica la aprobaci\u00f3n del sitio por parte de Apps &amp; Tech. El uso de cualquier sitio enlazado es bajo la propia responsabilidad del usuario.<\/p>\n<h2 class=\"wp-block-heading\">Modificaciones<\/h2>\n<p>Apps &amp; Tech podr\u00e1 modificar estos t\u00e9rminos de servicio del sitio web en cualquier momento sin previo aviso. Al usar este sitio web, usted acepta la versi\u00f3n vigente de estos t\u00e9rminos de servicio.<\/p>\n<p>Ley aplicable Estos t\u00e9rminos y condiciones se rigen e interpretan de conformidad con las leyes de Apps &amp; Tech y usted se somete irrevocablemente a la jurisdicci\u00f3n exclusiva de los tribunales de ese estado o ubicaci\u00f3n.<\/p>\n<h2 id=\"lei-aplicavel\" class=\"wp-block-heading\">Ley aplicable<\/h2>\n<p>Estos t\u00e9rminos y condiciones se rigen e interpretan de conformidad con las leyes de Apps &amp; Tech y usted se somete irrevocablemente a la jurisdicci\u00f3n exclusiva de los tribunales de ese estado o ubicaci\u00f3n.<\/p>","protected":false},"excerpt":{"rendered":"<p>Termos de Uso do Apps &amp; Tech Ao acessar ao site Apps &amp; Tech, concorda em cumprir estes termos de servi\u00e7o, todas as leis e regulamentos aplic\u00e1veis e concorda que \u00e9 respons\u00e1vel pelo cumprimento de todas as leis locais aplic\u00e1veis. Se voc\u00ea n\u00e3o concordar com algum desses termos, est\u00e1 proibido de usar ou acessar este &#8230; <a title=\"Condiciones de uso\" class=\"read-more\" href=\"https:\/\/appsntech.com\/es_ag\/termos-de-uso\/\" aria-label=\"Read more about Termos de Uso\">leer m\u00e1s<\/a><\/p>","protected":false},"author":1,"featured_media":0,"parent":0,"menu_order":0,"comment_status":"closed","ping_status":"closed","template":"","meta":{"footnotes":""},"class_list":["post-47341","page","type-page","status-publish"],"_links":{"self":[{"href":"https:\/\/appsntech.com\/es_ag\/wp-json\/wp\/v2\/pages\/47341","targetHints":{"allow":["GET"]}}],"collection":[{"href":"https:\/\/appsntech.com\/es_ag\/wp-json\/wp\/v2\/pages"}],"about":[{"href":"https:\/\/appsntech.com\/es_ag\/wp-json\/wp\/v2\/types\/page"}],"author":[{"embeddable":true,"href":"https:\/\/appsntech.com\/es_ag\/wp-json\/wp\/v2\/users\/1"}],"replies":[{"embeddable":true,"href":"https:\/\/appsntech.com\/es_ag\/wp-json\/wp\/v2\/comments?post=47341"}],"version-history":[{"count":1,"href":"https:\/\/appsntech.com\/es_ag\/wp-json\/wp\/v2\/pages\/47341\/revisions"}],"predecessor-version":[{"id":47342,"href":"https:\/\/appsntech.com\/es_ag\/wp-json\/wp\/v2\/pages\/47341\/revisions\/47342"}],"wp:attachment":[{"href":"https:\/\/appsntech.com\/es_ag\/wp-json\/wp\/v2\/media?parent=47341"}],"curies":[{"name":"wp","href":"https:\/\/api.w.org\/{rel}","templated":true}]}}