{"id":47343,"date":"2024-11-05T00:54:52","date_gmt":"2024-11-05T00:54:52","guid":{"rendered":"https:\/\/appsntech.com\/?page_id=47343"},"modified":"2024-11-05T00:54:53","modified_gmt":"2024-11-05T00:54:53","slug":"politica-de-privacidade","status":"publish","type":"page","link":"https:\/\/appsntech.com\/es_ag\/politica-de-privacidade\/","title":{"rendered":"Politica de Privacidade"},"content":{"rendered":"<p>Todas as informa\u00e7\u00f5es recolhidas ser\u00e3o utilizadas para melhorar sua experi\u00eancia dentro do nosso site. As informa\u00e7\u00f5es recolhidas podem incluir o seu nome, email, n\u00famero de telefone e\/ou outros.<\/p>\n<p>O uso do Apps &#038; Tech pressup\u00f5e a aceita\u00e7\u00e3o deste Acordo de Privacidade. Caso o usu\u00e1rio n\u00e3o concorde, ainda que em parte, com os termos e condi\u00e7\u00f5es contidos nesta Pol\u00edtica de Privacidade, n\u00e3o dever\u00e1 acessar e\/ou utilizar os conte\u00fados oferecidos pelo Apps &#038; Tech. Ao utilizar o site, o Usu\u00e1rio assume ci\u00eancia e concorda integralmente com o tratamento de seus dados, em acordo com os termos desta Pol\u00edtica de Privacidade e com os Termos e Condi\u00e7\u00f5es Gerais de Uso.<\/p>\n<p>Reservamos o direito de modificar essa pol\u00edtica de privacidade a qualquer momento, sem o consentimento ou notifica\u00e7\u00e3o dos Usu\u00e1rios, ent\u00e3o por favor, revise-a com frequ\u00eancia. Altera\u00e7\u00f5es e esclarecimentos v\u00e3o surtir efeito imediatamente ap\u00f3s sua publica\u00e7\u00e3o no site. Se fizermos altera\u00e7\u00f5es de materiais para essa pol\u00edtica, iremos notific\u00e1-lo aqui que eles foram atualizados, para que voc\u00ea tenha ci\u00eancia sobre quais informa\u00e7\u00f5es coletamos, como as usamos, e sob que circunst\u00e2ncias, se alguma, usamos e\/ou divulgamos elas.<\/p>\n<p>O Apps &#038; Tech respeita a privacidade de seus usu\u00e1rios, e a transpar\u00eancia na forma como os dados s\u00e3o utilizados. A nossa Pol\u00edtica de Privacidade foi elaborada em conformidade com as normas internacionais e nacionais de prote\u00e7\u00e3o de dados.<\/p>\n<p>Esta Pol\u00edtica de Privacidade deve ser lida e interpretada em conjunto com os Termos e Condi\u00e7\u00f5es Gerais de Uso do Apps &#038; Tech, dispon\u00edvel em <a href=\"https:\/\/appsntech.com\/es_ag\/condiciones-de-uso\/\">https:\/\/appsntech.com\/termos-de-uso\/<\/a><\/p>\n<h2 class=\"wp-block-heading\">Informa\u00e7\u00f5es gerais aos usu\u00e1rios <\/h2>\n<p>O Apps &#038; Tech tem como objetivo compartilhar informa\u00e7\u00f5es com os seus Usu\u00e1rios, tornado o conhecimento acess\u00edvel para todos. O usu\u00e1rio pode navegar no site do Apps &#038; Tech sem a necessidade de ter realizado um cadastro anteriormente.<\/p>\n<p>O Apps &#038; Tech segue as normas e padr\u00f5es internacionais de seguran\u00e7a no armazenamento, prote\u00e7\u00e3o, privacidade e transmiss\u00e3o de dados, destacando que nenhum m\u00e9todo de armazenamento, prote\u00e7\u00e3o, privacidade e transmiss\u00e3o de dados s\u00e3o 100% seguros e inviol\u00e1veis.<\/p>\n<p>O Apps &#038; Tech adota pr\u00e1ticas e tecnologias que est\u00e3o em constante revis\u00e3o e aprimoramento, conforme os avan\u00e7os t\u00e9cnicos e regulat\u00f3rios, nacionais e estrangeiros. Quando falamos em prote\u00e7\u00e3o estamos nos referindo a qualquer acesso, uso, altera\u00e7\u00e3o, divulga\u00e7\u00e3o ou destrui\u00e7\u00e3o n\u00e3o autorizada dos seus dados. Para que isso n\u00e3o ocorra, investimos em medidas que incluem comunica\u00e7\u00f5es criptografadas, controle de acessos, ades\u00e3o ao desenvolvimento seguro de software, pol\u00edticas internas de conformidade, e medidas de responsabiliza\u00e7\u00e3o e mitiga\u00e7\u00e3o de riscos que permitem a seguran\u00e7a no ciclo de vida dos dados. As informa\u00e7\u00f5es dos Usu\u00e1rios tamb\u00e9m s\u00e3o armazenadas em bases de dados seguras, renomadas e internacionalmente reconhecidas.<\/p>\n<p>O Apps &#038; Tech n\u00e3o solicita em nenhuma situa\u00e7\u00e3o quantias em dinheiro para libera\u00e7\u00e3o de qualquer tipo de produto, seja ele qual for. Caso isto aconte\u00e7a, nos avise imediatamente.<\/p>\n<p>Trabalhamos para manter todas informa\u00e7\u00f5es o mais atualizadas poss\u00edvel. Por\u00e9m, vale ressaltar que essas informa\u00e7\u00f5es podem divergir das informa\u00e7\u00f5es encontradas nos sites de institui\u00e7\u00f5es ou de provedores de servi\u00e7os de um site espec\u00edfico. N\u00e3o garantimos a precis\u00e3o e atualidade das informa\u00e7\u00f5es. Lembre-se sempre de ler as condi\u00e7\u00f5es de uso e termos das institui\u00e7\u00f5es que voc\u00ea escolher. Recebemos uma pequena quantia das publicidades em nosso site e dos nossos parceiros quando indicamos um usu\u00e1rio que solicita algum produto ou proposta. Tudo que publicamos \u00e9 baseado em avalia\u00e7\u00f5es quantitativas e qualitativas de cada produto. Vale ressaltar que nossos parceiros podem influenciar diretamente sobre os produtos sobre os quais escrevemos e revisamos, e tamb\u00e9m sobre a ordem dos \u201cmelhores\u201d artigos e posicionamento de produtos no Apps &#038; Tech. Dada a quantidade de informa\u00e7\u00f5es em nosso site, n\u00e3o fornecemos nenhum tipo de garantia sobre a qualidade e atualidade das informa\u00e7\u00f5es; por isso, priorizamos informa\u00e7\u00f5es de nossos parceiros.<\/p>\n<p>Para proteger suas informa\u00e7\u00f5es pessoais, tomamos precau\u00e7\u00f5es razo\u00e1veis e seguimos as melhores pr\u00e1ticas da ind\u00fastria para nos certificar que elas n\u00e3o ser\u00e3o perdidas inadequadamente, usurpadas, acessadas, divulgadas, alteradas ou destru\u00eddas.<\/p>\n<h2 class=\"wp-block-heading\">Liga\u00e7\u00f5es a Sites de Terceiros <\/h2>\n<p>O Apps &#038; Tech possui liga\u00e7\u00f5es com outros sites, os quais, na nossa opini\u00e3o, podem conter informa\u00e7\u00f5es \/ ferramentas \u00fateis para os nossos visitantes. A nossa Pol\u00edtica de Privacidade n\u00e3o \u00e9 aplicada a sites de terceiros. N\u00e3o nos responsabilizamos pela pol\u00edtica de privacidade ou conte\u00fado presente nestes mesmos sites. O Apps &#038; Tech n\u00e3o exerce nenhum tipo de controle sobre os mesmos e, portanto, est\u00e1 isento de qualquer responsabilidade nas rela\u00e7\u00f5es estabelecidas entre o Usu\u00e1rio e os produtos e servi\u00e7os de terceiros divulgados no site.<\/p>\n<p>Uma vez que voc\u00ea deixe o nosso site ou seja redirecionado para um aplicativo ou site de terceiros, voc\u00ea n\u00e3o ser\u00e1 mais regido por essa Pol\u00edtica de Privacidade ou pelos Termos de Servi\u00e7o do nosso site.<\/p>\n<p>Se ap\u00f3s voc\u00ea nos fornecer seus dados, voc\u00ea mudar de ideia, voc\u00ea pode retirar o seu consentimento para que possamos entrar em contato, para a coleta de dados cont\u00ednua, uso ou divulga\u00e7\u00e3o de suas informa\u00e7\u00f5es, a qualquer momento, entrando em contato atrav\u00e9s do email contato@appsntech.com<\/p>\n<h2 class=\"wp-block-heading\">Dados n\u00e3o pessoais <\/h2>\n<p>Quando os usu\u00e1rios n\u00e3o solicitarem conte\u00fado gratuito do Apps &#038; Tech (e-books, quizzes, artigos, infogr\u00e1ficos, entre outros), poder\u00e1 ser feito o rastreio e a coleta de dados n\u00e3o pessoais que indiquem, entre outros detalhes, quais p\u00e1ginas do site foram visitadas, quando foram visitadas, quais hiperlinks foram clicados, quais conte\u00fados ou servi\u00e7os foram solicitados ou indicados, entre outros.<\/p>\n<h2 class=\"wp-block-heading\">Cookies <\/h2>\n<p>O Google, como fornecedor de terceiros, utiliza cookies para exibir an\u00fancios. Com o cookie DART, o Google pode exibir an\u00fancios com base nas visitas que o leitor fez a outros websites na Internet. Os utilizadores podem desativar o cookie DART visitando a pol\u00edtica de privacidade da rede de conte\u00fado e dos an\u00fancios do Google.<\/p>\n<p>O Apps &#038; Tech utiliza cookies para auxiliar a coleta de dados e informa\u00e7\u00f5es de identifica\u00e7\u00e3o de IP (Internet Protocol) para facilitar a navega\u00e7\u00e3o do Usu\u00e1rio, auxiliando na garantia de seguran\u00e7a, prote\u00e7\u00e3o e autenticidade dos dados.<\/p>\n<p>Em adi\u00e7\u00e3o, tamb\u00e9m utilizamos publicidade de terceiros no nosso website para suportar os custos de manuten\u00e7\u00e3o. Alguns destes publicit\u00e1rios poder\u00e3o utilizar tecnologias como os cookies quando publicitam no nosso website, o que far\u00e1 com que esses publicit\u00e1rios (como o Google atrav\u00e9s do Google AdSense e Ad Exchange) tamb\u00e9m recebam a sua informa\u00e7\u00e3o pessoal, como o endere\u00e7o IP, o seu ISP, o seu browser, etc. Esta fun\u00e7\u00e3o \u00e9 geralmente utilizada para geotargeting (mostrar an\u00fancios que fa\u00e7am sentido com base na sua localiza\u00e7\u00e3o geogr\u00e1fica).<\/p>\n<p>O Usu\u00e1rio poder\u00e1 a qualquer momento alterar a aceita\u00e7\u00e3o ou n\u00e3o dos cookies na configura\u00e7\u00e3o de seu navegador, observando que ao desativar os cookies de navega\u00e7\u00e3o algumas das funcionalidades do Apps &#038; Tech poder\u00e3o ser prejudicadas.<\/p>\n<h2 class=\"wp-block-heading\">Dados Pessoais Identific\u00e1veis <\/h2>\n<p>Para ter acesso a conte\u00fados gratuitos no Apps &#038; Tech, como artigos, ebooks, quizzes, entre outros, o usu\u00e1rio dever\u00e1 fornecer alguns dados pessoais identific\u00e1veis, sendo eles: e-mail e nome completo.<\/p>\n<p>Os dados pessoais identific\u00e1veis tratados pelo Apps &#038; Tech possuem como finalidade:<\/p>\n<p>\u2013 A identifica\u00e7\u00e3o correta e precisa do Usu\u00e1rio, garantindo assim maior seguran\u00e7a e prote\u00e7\u00e3o para os pr\u00f3prios Usu\u00e1rios;<\/p>\n<p>\u2013 Acesso aos servi\u00e7os e produtos disponibilizados pelo Apps &#038; Tech;<\/p>\n<p>\u2013 A an\u00e1lise do perfil dos Usu\u00e1rios pelo Apps &#038; Tech com o objetivo de indicar os melhores produtos e informa\u00e7\u00f5es de acordo com a sua real necessidade e realidade.<\/p>\n<p>Visando uma an\u00e1lise ainda mais precisa do perfil do Usu\u00e1rio, o Apps &#038; Tech poder\u00e1 realizar pesquisas para obter maiores e melhores informa\u00e7\u00f5es sobre voc\u00ea e, assim, indicar produtos e servi\u00e7os personalizados de acordo com as prefer\u00eancias e necessidades de cada Usu\u00e1rio.<\/p>\n<p>Deste modo, o Apps &#038; Tech e as empresas parceiras poder\u00e3o convidar os Usu\u00e1rios a participar de pesquisas de satisfa\u00e7\u00e3o, onde ser\u00e3o enviados e-mails com as orienta\u00e7\u00f5es necess\u00e1rias. Os dados coletados ser\u00e3o utilizados com o objetivo principal de buscar melhorias nos sistemas, produtos, conte\u00fados e servi\u00e7os oferecidos pelo Apps &#038; Tech e por empresas parceiras.<\/p>\n<p>Caso algum usu\u00e1rio entre em contato para relatar um problema, uma d\u00favida ou obter um suporte conosco, coletamos e armazenamos as informa\u00e7\u00f5es de contato do usu\u00e1rio, bem como as respectivas mensagens e outros dados necess\u00e1rios para averigua\u00e7\u00e3o do problema ou d\u00favida. Esses dados ser\u00e3o utilizados para solucionar eventuais questionamentos com base nas informa\u00e7\u00f5es coletadas, sanar d\u00favidas, corrigir problemas e aprimorar o sistema, melhorando ainda mais a experi\u00eancia do Usu\u00e1rio dentro do Apps &#038; Tech.<\/p>\n<h2 class=\"wp-block-heading\">Sobre o compartilhamento de dados <\/h2>\n<p>O Apps &#038; Tech n\u00e3o realizar\u00e1 a venda de informa\u00e7\u00f5es ou dados pessoais de seus Usu\u00e1rios, mas poder\u00e1 compartilh\u00e1-los com as empresas parceiras com a finalidade de conseguir indicar produtos e servi\u00e7os que melhor se adequem ao perfil e \u00e0s necessidades ou para fornecer produtos e\/ou servi\u00e7os solicitados pelo pr\u00f3prio Usu\u00e1rio.<\/p>\n<p>O Apps &#038; Tech se reserva no direito de auxiliar ou cooperar com qualquer autoridade judicial ou \u00f3rg\u00e3o governamental, e poder\u00e1 compartilhar os dados pessoais identific\u00e1veis dos Usu\u00e1rios a fim de: a) estabelecer ou exercer os seus direitos legais; b) proteger suas propriedades; c) quando considerar que seu aux\u00edlio ou coopera\u00e7\u00e3o sejam necess\u00e1rios para proteger seus Usu\u00e1rios, colaboradores, administradores ou qualquer pessoa prejudicada pela a\u00e7\u00e3o ou omiss\u00e3o.<\/p>\n<h2 class=\"wp-block-heading\">Sobre os dados n\u00e3o tratados e n\u00e3o coletados <\/h2>\n<p>O Apps &#038; Tech n\u00e3o faz tratamento de dados pessoais de crian\u00e7as menores de 13 (treze) anos de idade, sem autoriza\u00e7\u00e3o pr\u00e9via dos pais ou respons\u00e1veis legais.<\/p>\n<p>Havendo a coleta e o tratamento dos dados pessoais de crian\u00e7as menores e 13 (treze) anos de idade, sem a expressa autoriza\u00e7\u00e3o dos pais ou respons\u00e1veis legais, de forma n\u00e3o intencional, o Apps &#038; Tech excluir\u00e1 todos os dados coletados, sem qualquer tipo de aviso pr\u00e9vio.<\/p>\n<p>Caso o Usu\u00e1rio saiba que tenhamos realizado, equivocadamente, o tratamento de dados de uma crian\u00e7a, pedimos que entre imediatamente em Contato, atrav\u00e9s do nosso email <a>contato@appsntech.com<\/a>, para que possamos tomar as devidas provid\u00eancias.<\/p>","protected":false},"excerpt":{"rendered":"<p>Todas as informa\u00e7\u00f5es recolhidas ser\u00e3o utilizadas para melhorar sua experi\u00eancia dentro do nosso site. As informa\u00e7\u00f5es recolhidas podem incluir o seu nome, email, n\u00famero de telefone e\/ou outros. O uso do Apps &#038; Tech pressup\u00f5e a aceita\u00e7\u00e3o deste Acordo de Privacidade. Caso o usu\u00e1rio n\u00e3o concorde, ainda que em parte, com os termos e condi\u00e7\u00f5es &#8230; <a title=\"Politica de Privacidade\" class=\"read-more\" href=\"https:\/\/appsntech.com\/es_ag\/politica-de-privacidade\/\" aria-label=\"Read more about Politica de Privacidade\">leer m\u00e1s<\/a><\/p>","protected":false},"author":1,"featured_media":0,"parent":0,"menu_order":0,"comment_status":"closed","ping_status":"closed","template":"","meta":{"footnotes":""},"class_list":["post-47343","page","type-page","status-publish"],"_links":{"self":[{"href":"https:\/\/appsntech.com\/es_ag\/wp-json\/wp\/v2\/pages\/47343","targetHints":{"allow":["GET"]}}],"collection":[{"href":"https:\/\/appsntech.com\/es_ag\/wp-json\/wp\/v2\/pages"}],"about":[{"href":"https:\/\/appsntech.com\/es_ag\/wp-json\/wp\/v2\/types\/page"}],"author":[{"embeddable":true,"href":"https:\/\/appsntech.com\/es_ag\/wp-json\/wp\/v2\/users\/1"}],"replies":[{"embeddable":true,"href":"https:\/\/appsntech.com\/es_ag\/wp-json\/wp\/v2\/comments?post=47343"}],"version-history":[{"count":1,"href":"https:\/\/appsntech.com\/es_ag\/wp-json\/wp\/v2\/pages\/47343\/revisions"}],"predecessor-version":[{"id":47344,"href":"https:\/\/appsntech.com\/es_ag\/wp-json\/wp\/v2\/pages\/47343\/revisions\/47344"}],"wp:attachment":[{"href":"https:\/\/appsntech.com\/es_ag\/wp-json\/wp\/v2\/media?parent=47343"}],"curies":[{"name":"wp","href":"https:\/\/api.w.org\/{rel}","templated":true}]}}