{"id":47343,"date":"2024-11-05T00:54:52","date_gmt":"2024-11-05T00:54:52","guid":{"rendered":"https:\/\/appsntech.com\/?page_id=47343"},"modified":"2024-11-05T00:54:53","modified_gmt":"2024-11-05T00:54:53","slug":"politica-de-privacidad","status":"publish","type":"page","link":"https:\/\/appsntech.com\/es_en\/politica-de-privacidade\/","title":{"rendered":"pol\u00edtica de privacidad"},"content":{"rendered":"<p>Toda la informaci\u00f3n recopilada se utilizar\u00e1 para mejorar su experiencia en nuestro sitio web. Esta informaci\u00f3n puede incluir su nombre, correo electr\u00f3nico, n\u00famero de tel\u00e9fono y otros datos.<\/p>\n<p>El uso de Apps &amp; Tech implica la aceptaci\u00f3n de este Acuerdo de Privacidad. Si el usuario no est\u00e1 de acuerdo, incluso parcialmente, con los t\u00e9rminos y condiciones de esta Pol\u00edtica de Privacidad, no deber\u00e1 acceder ni utilizar el contenido ofrecido por Apps &amp; Tech. Al utilizar el sitio web, el Usuario reconoce y acepta plenamente el tratamiento de sus datos, de conformidad con los t\u00e9rminos de esta Pol\u00edtica de Privacidad y las Condiciones Generales de Uso.<\/p>\n<p>Nos reservamos el derecho de modificar esta pol\u00edtica de privacidad en cualquier momento, sin previo aviso ni consentimiento, por lo que le recomendamos que la revise con frecuencia. Los cambios y aclaraciones entrar\u00e1n en vigor inmediatamente despu\u00e9s de su publicaci\u00f3n en el sitio web. Si realizamos cambios sustanciales a esta pol\u00edtica, le notificaremos aqu\u00ed su actualizaci\u00f3n para que est\u00e9 al tanto de qu\u00e9 informaci\u00f3n recopilamos, c\u00f3mo la usamos y bajo qu\u00e9 circunstancias, si las hubiere, la usamos o divulgamos.<\/p>\n<p>Apps &amp; Tech respeta la privacidad de sus usuarios y la transparencia en el uso de sus datos. Nuestra Pol\u00edtica de Privacidad se elabor\u00f3 de acuerdo con las normas internacionales y nacionales de protecci\u00f3n de datos.<\/p>\n<p>Esta Pol\u00edtica de Privacidad debe leerse e interpretarse junto con los T\u00e9rminos y Condiciones Generales de Uso de Apps &amp; Tech, disponibles en <a href=\"https:\/\/appsntech.com\/es_en\/condiciones-de-uso\/\">https:\/\/appsntech.com\/termos-de-uso\/<\/a><\/p>\n<h2 class=\"wp-block-heading\">Informaci\u00f3n general para los usuarios <\/h2>\n<p>Apps &amp; Tech tiene como objetivo compartir informaci\u00f3n con sus usuarios, haciendo que el conocimiento sea accesible para todos. Los usuarios pueden navegar por el sitio web de Apps &amp; Tech sin necesidad de registrarse previamente.<\/p>\n<p>Apps &amp; Tech sigue est\u00e1ndares y normas internacionales de seguridad en el almacenamiento, protecci\u00f3n, privacidad y transmisi\u00f3n de datos, resaltando que ning\u00fan m\u00e9todo de almacenamiento, protecci\u00f3n, privacidad y transmisi\u00f3n de datos es 100% seguro e inviolable.<\/p>\n<p>Apps &amp; Tech adopta pr\u00e1cticas y tecnolog\u00edas en constante revisi\u00f3n y mejora, de acuerdo con los avances t\u00e9cnicos y regulatorios nacionales e internacionales. Cuando hablamos de protecci\u00f3n, nos referimos a cualquier acceso, uso, alteraci\u00f3n, divulgaci\u00f3n o destrucci\u00f3n no autorizados de sus datos. Para evitarlo, invertimos en medidas que incluyen comunicaciones cifradas, control de acceso, cumplimiento de normas de desarrollo de software seguro, pol\u00edticas internas de cumplimiento normativo y medidas de rendici\u00f3n de cuentas y mitigaci\u00f3n de riesgos que garantizan la seguridad durante todo el ciclo de vida de los datos. La informaci\u00f3n del usuario tambi\u00e9n se almacena en bases de datos seguras, reconocidas internacionalmente.<\/p>\n<p>Apps &amp; Tech no solicita bajo ninguna circunstancia cantidades de dinero para lanzar ning\u00fan tipo de producto, sea cual sea. Si esto ocurre, por favor, notif\u00edquenoslo de inmediato.<\/p>\n<p>Nos esforzamos por mantener toda la informaci\u00f3n lo m\u00e1s actualizada posible. Sin embargo, es importante tener en cuenta que esta informaci\u00f3n puede diferir de la que se encuentra en los sitios web de instituciones o proveedores de servicios en un sitio web espec\u00edfico. No garantizamos la exactitud ni la actualidad de la informaci\u00f3n. Recuerde siempre leer los t\u00e9rminos y condiciones de las instituciones que elija. Recibimos una peque\u00f1a cantidad de la publicidad en nuestro sitio web y de nuestros socios cuando remitimos a un usuario que solicita un producto o una propuesta. Todo lo que publicamos se basa en evaluaciones cuantitativas y cualitativas de cada producto. Es importante tener en cuenta que nuestros socios pueden influir directamente en los productos sobre los que escribimos y rese\u00f1amos, as\u00ed como en el orden de los &quot;mejores&quot; art\u00edculos y el posicionamiento de los productos en Apps &amp; Tech. Dada la cantidad de informaci\u00f3n en nuestro sitio web, no ofrecemos ning\u00fan tipo de garant\u00eda sobre la calidad ni la actualidad de la informaci\u00f3n; por lo tanto, priorizamos la informaci\u00f3n de nuestros socios.<\/p>\n<p>Para proteger su informaci\u00f3n personal, tomamos precauciones razonables y seguimos las mejores pr\u00e1cticas de la industria para asegurarnos de que no se pierda, utilice mal, acceda, divulgue, altere o destruya de manera inapropiada.<\/p>\n<h2 class=\"wp-block-heading\">Enlaces a sitios de terceros <\/h2>\n<p>Apps &amp; Tech tiene enlaces a otros sitios web que, en nuestra opini\u00f3n, pueden contener informaci\u00f3n o herramientas \u00fatiles para nuestros visitantes. Nuestra Pol\u00edtica de Privacidad no se aplica a sitios web de terceros. No nos responsabilizamos de la pol\u00edtica de privacidad ni del contenido de estos sitios web. Apps &amp; Tech no ejerce ning\u00fan tipo de control sobre ellos y, por lo tanto, queda exento de toda responsabilidad en las relaciones establecidas entre el Usuario y los productos y servicios de terceros anunciados en el sitio web.<\/p>\n<p>Una vez que abandona nuestro sitio web o es redirigido a un sitio web o aplicaci\u00f3n de terceros, ya no est\u00e1 sujeto a esta Pol\u00edtica de privacidad ni a los T\u00e9rminos de servicio de nuestro sitio web.<\/p>\n<p>Si despu\u00e9s de registrarse, cambia de opini\u00f3n, puede retirar su consentimiento para que nos comuniquemos con usted, para la recopilaci\u00f3n, uso o divulgaci\u00f3n continua de su informaci\u00f3n, en cualquier momento, comunic\u00e1ndose con nosotros a contato@appsntech.com<\/p>\n<h2 class=\"wp-block-heading\">Datos no personales <\/h2>\n<p>Cuando los usuarios no soliciten contenidos gratuitos de Apps &amp; Tech (e-books, quizzes, art\u00edculos, infograf\u00edas, entre otros), se podr\u00e1 realizar seguimiento y recogida de datos no personales indicando, entre otros detalles, qu\u00e9 p\u00e1ginas del sitio web se visitaron, cu\u00e1ndo se visitaron, qu\u00e9 hiperv\u00ednculos se hizo clic, qu\u00e9 contenidos o servicios se solicitaron o indicaron, entre otros.<\/p>\n<h2 class=\"wp-block-heading\">Galletas <\/h2>\n<p>Google, como proveedor externo, utiliza cookies para mostrar anuncios. Con la cookie de DART, Google puede mostrar anuncios basados en su visita a otros sitios web. Los usuarios pueden desactivar el uso de la cookie de DART consultando la pol\u00edtica de privacidad de la red de contenido y anuncios de Google.<\/p>\n<p>Apps &amp; Tech utiliza cookies para ayudar en la recopilaci\u00f3n de datos e informaci\u00f3n de identificaci\u00f3n IP (Internet Protocol) para facilitar la navegaci\u00f3n del Usuario, ayudando a garantizar la seguridad, protecci\u00f3n y autenticidad de los datos.<\/p>\n<p>Adem\u00e1s, tambi\u00e9n utilizamos publicidad de terceros en nuestro sitio web para cubrir nuestros gastos de mantenimiento. Algunos de estos anunciantes pueden utilizar tecnolog\u00edas como cookies al anunciarse en nuestro sitio web, lo que tambi\u00e9n les enviar\u00e1 (como a Google a trav\u00e9s de Google AdSense y Ad Exchange) informaci\u00f3n como su direcci\u00f3n IP, su proveedor de internet, su navegador, etc. Esta funci\u00f3n se utiliza generalmente para la segmentaci\u00f3n geogr\u00e1fica (mostrar anuncios relevantes seg\u00fan su ubicaci\u00f3n geogr\u00e1fica).<\/p>\n<p>El Usuario podr\u00e1 en cualquier momento cambiar la aceptaci\u00f3n o no de cookies en la configuraci\u00f3n de su navegador, teniendo en cuenta que al deshabilitar las cookies de navegaci\u00f3n, algunas de las funcionalidades de Apps &amp; Tech pueden verse afectadas.<\/p>\n<h2 class=\"wp-block-heading\">Datos de identificaci\u00f3n personal <\/h2>\n<p>Para acceder a contenidos gratuitos de Apps &amp; Tech, como art\u00edculos, ebooks, quizzes, entre otros, el usuario deber\u00e1 proporcionar algunos datos personales identificables, como: correo electr\u00f3nico y nombre completo.<\/p>\n<p>Los datos de identificaci\u00f3n personal procesados por Apps &amp; Tech tienen como finalidad:<\/p>\n<p>\u2013 Identificaci\u00f3n correcta y precisa del Usuario, garantizando as\u00ed una mayor seguridad y protecci\u00f3n de los propios Usuarios;<\/p>\n<p>\u2013 Acceso a los servicios y productos proporcionados por Apps &amp; Tech;<\/p>\n<p>\u2013 An\u00e1lisis del perfil del Usuario por parte de Apps &amp; Tech con el objetivo de indicar los mejores productos e informaci\u00f3n seg\u00fan sus necesidades reales y realidad.<\/p>\n<p>Con el objetivo de un an\u00e1lisis a\u00fan m\u00e1s preciso del perfil del Usuario, Apps &amp; Tech podr\u00e1 realizar investigaciones para obtener m\u00e1s y mejor informaci\u00f3n sobre usted y, as\u00ed, indicar productos y servicios personalizados seg\u00fan las preferencias y necesidades de cada Usuario.<\/p>\n<p>De este modo, Apps &amp; Tech y sus empresas colaboradoras podr\u00e1n invitar a los Usuarios a participar en encuestas de satisfacci\u00f3n, donde se les enviar\u00e1n correos electr\u00f3nicos con las directrices necesarias. Los datos recopilados se utilizar\u00e1n con el objetivo principal de buscar mejoras en los sistemas, productos, contenidos y servicios que Apps &amp; Tech y sus empresas colaboradoras ofrecen.<\/p>\n<p>Si un usuario nos contacta para informarnos de un problema, tener una pregunta o solicitar asistencia, recopilamos y almacenamos su informaci\u00f3n de contacto, as\u00ed como los mensajes correspondientes y otros datos necesarios para investigar el problema o la pregunta. Estos datos se utilizar\u00e1n para resolver cualquier duda con base en la informaci\u00f3n recopilada, aclarar dudas, corregir problemas y mejorar el sistema, optimizando as\u00ed la experiencia del usuario en Apps &amp; Tech.<\/p>\n<h2 class=\"wp-block-heading\">Acerca del intercambio de datos <\/h2>\n<p>Apps &amp; Tech no vender\u00e1 informaci\u00f3n ni datos personales de sus Usuarios, pero podr\u00e1 compartirlos con empresas colaboradoras con el fin de indicar productos y servicios que mejor se adapten al perfil y necesidades o para prestar productos y\/o servicios solicitados por el Usuario.<\/p>\n<p>Apps &amp; Tech se reserva el derecho de ayudar o cooperar con cualquier autoridad judicial o agencia gubernamental, y podr\u00e1 compartir datos personales identificables de los Usuarios para: a) establecer o ejercer sus derechos legales; b) proteger sus propiedades; c) cuando considere que su asistencia o cooperaci\u00f3n es necesaria para proteger a sus Usuarios, empleados, administradores o cualquier persona perjudicada por la acci\u00f3n u omisi\u00f3n.<\/p>\n<h2 class=\"wp-block-heading\">Acerca de los datos sin procesar y no recopilados <\/h2>\n<p>Apps &amp; Tech no trata datos personales de menores de 13 (trece) a\u00f1os, sin previa autorizaci\u00f3n de sus padres o tutores legales.<\/p>\n<p>Si se recopilan y procesan datos personales de ni\u00f1os menores de 13 (trece) a\u00f1os de manera involuntaria sin la autorizaci\u00f3n expresa de sus padres o tutores legales, Apps &amp; Tech eliminar\u00e1 todos los datos recopilados sin previo aviso.<\/p>\n<p>Si el Usuario tiene conocimiento de que hemos procesado por error datos de un ni\u00f1o, le pedimos que se ponga en contacto con nosotros inmediatamente a trav\u00e9s de nuestra direcci\u00f3n de correo electr\u00f3nico. <a>contato@appsntech.com<\/a>, para que podamos tomar las medidas necesarias.<\/p>","protected":false},"excerpt":{"rendered":"<p>Todas as informa\u00e7\u00f5es recolhidas ser\u00e3o utilizadas para melhorar sua experi\u00eancia dentro do nosso site. As informa\u00e7\u00f5es recolhidas podem incluir o seu nome, email, n\u00famero de telefone e\/ou outros. O uso do Apps &#038; Tech pressup\u00f5e a aceita\u00e7\u00e3o deste Acordo de Privacidade. Caso o usu\u00e1rio n\u00e3o concorde, ainda que em parte, com os termos e condi\u00e7\u00f5es &#8230; <a title=\"pol\u00edtica de privacidad\" class=\"read-more\" href=\"https:\/\/appsntech.com\/es_en\/politica-de-privacidade\/\" aria-label=\"Read more about Politica de Privacidade\">leer m\u00e1s<\/a><\/p>","protected":false},"author":1,"featured_media":0,"parent":0,"menu_order":0,"comment_status":"closed","ping_status":"closed","template":"","meta":{"footnotes":""},"class_list":["post-47343","page","type-page","status-publish"],"_links":{"self":[{"href":"https:\/\/appsntech.com\/es_en\/wp-json\/wp\/v2\/pages\/47343","targetHints":{"allow":["GET"]}}],"collection":[{"href":"https:\/\/appsntech.com\/es_en\/wp-json\/wp\/v2\/pages"}],"about":[{"href":"https:\/\/appsntech.com\/es_en\/wp-json\/wp\/v2\/types\/page"}],"author":[{"embeddable":true,"href":"https:\/\/appsntech.com\/es_en\/wp-json\/wp\/v2\/users\/1"}],"replies":[{"embeddable":true,"href":"https:\/\/appsntech.com\/es_en\/wp-json\/wp\/v2\/comments?post=47343"}],"version-history":[{"count":1,"href":"https:\/\/appsntech.com\/es_en\/wp-json\/wp\/v2\/pages\/47343\/revisions"}],"predecessor-version":[{"id":47344,"href":"https:\/\/appsntech.com\/es_en\/wp-json\/wp\/v2\/pages\/47343\/revisions\/47344"}],"wp:attachment":[{"href":"https:\/\/appsntech.com\/es_en\/wp-json\/wp\/v2\/media?parent=47343"}],"curies":[{"name":"wp","href":"https:\/\/api.w.org\/{rel}","templated":true}]}}