{"id":47347,"date":"2024-11-05T00:56:12","date_gmt":"2024-11-05T00:56:12","guid":{"rendered":"https:\/\/appsntech.com\/?page_id=47347"},"modified":"2024-11-05T00:56:12","modified_gmt":"2024-11-05T00:56:12","slug":"quienes-somos","status":"publish","type":"page","link":"https:\/\/appsntech.com\/es_mx\/quem-somos\/","title":{"rendered":"Quienes somos"},"content":{"rendered":"<p>Apps &amp; Tech es un sitio web de tecnolog\u00eda creado en 2024 con el objetivo de ofrecer informaci\u00f3n y consejos sobre aplicaciones, finanzas y otros temas relacionados con el mundo digital. Creemos que la tecnolog\u00eda es una herramienta poderosa para transformar vidas y negocios, y queremos ayudar a nuestros lectores a mantenerse al d\u00eda y aprovechar al m\u00e1ximo estas herramientas.<\/p>\n\n\n\n<p>En Apps &amp; Tech, encontrar\u00e1s art\u00edculos y tutoriales escritos por expertos en tecnolog\u00eda, as\u00ed como rese\u00f1as y an\u00e1lisis de productos y servicios. Tambi\u00e9n ofrecemos consejos y trucos para que saques el m\u00e1ximo provecho de tus dispositivos m\u00f3viles y aplicaciones.<\/p>\n\n\n\n<p>Nuestro equipo est\u00e1 formado por expertos en tecnolog\u00eda, periodistas y escritores, todos comprometidos a ofrecer contenido preciso y de alta calidad a nuestros lectores. Creemos que la tecnolog\u00eda es una herramienta poderosa para transformar vidas y negocios, y nuestro objetivo es ayudar a nuestros lectores a mantenerse al d\u00eda y aprovechar al m\u00e1ximo estas herramientas.<\/p>\n\n\n\n<p>Adem\u00e1s del contenido, tambi\u00e9n ofrecemos a nuestros lectores la oportunidad de conectar con otros entusiastas de la tecnolog\u00eda a trav\u00e9s de nuestras redes sociales y foros de discusi\u00f3n. Valoramos sus opiniones y siempre estamos abiertos a sugerencias y comentarios para mejorar nuestros servicios.<\/p>\n\n\n\n<p>S\u00edguenos y mantente al d\u00eda con las \u00faltimas tendencias y noticias del mundo tecnol\u00f3gico. Gracias por visitar nuestra web y esperamos verte pronto.<\/p>","protected":false},"excerpt":{"rendered":"<p>O Apps &amp; Tech \u00e9 um site de tecnologia criado em 2024 com o objetivo de fornecer informa\u00e7\u00f5es e dicas sobre aplicativos, finan\u00e7as e outros assuntos relacionados ao mundo digital. N\u00f3s acreditamos que a tecnologia \u00e9 uma ferramenta poderosa para transformar vidas e empresas, e queremos ajudar nossos leitores a se manterem atualizados e aproveitar &#8230; <a title=\"Quienes somos\" class=\"read-more\" href=\"https:\/\/appsntech.com\/es_mx\/quem-somos\/\" aria-label=\"Leer m\u00e1s sobre Quem somos\">leer m\u00e1s<\/a><\/p>","protected":false},"author":1,"featured_media":0,"parent":0,"menu_order":0,"comment_status":"closed","ping_status":"closed","template":"","meta":{"footnotes":""},"class_list":["post-47347","page","type-page","status-publish"],"_links":{"self":[{"href":"https:\/\/appsntech.com\/es_mx\/wp-json\/wp\/v2\/pages\/47347","targetHints":{"allow":["GET"]}}],"collection":[{"href":"https:\/\/appsntech.com\/es_mx\/wp-json\/wp\/v2\/pages"}],"about":[{"href":"https:\/\/appsntech.com\/es_mx\/wp-json\/wp\/v2\/types\/page"}],"author":[{"embeddable":true,"href":"https:\/\/appsntech.com\/es_mx\/wp-json\/wp\/v2\/users\/1"}],"replies":[{"embeddable":true,"href":"https:\/\/appsntech.com\/es_mx\/wp-json\/wp\/v2\/comments?post=47347"}],"version-history":[{"count":1,"href":"https:\/\/appsntech.com\/es_mx\/wp-json\/wp\/v2\/pages\/47347\/revisions"}],"predecessor-version":[{"id":47348,"href":"https:\/\/appsntech.com\/es_mx\/wp-json\/wp\/v2\/pages\/47347\/revisions\/47348"}],"wp:attachment":[{"href":"https:\/\/appsntech.com\/es_mx\/wp-json\/wp\/v2\/media?parent=47347"}],"curies":[{"name":"wp","href":"https:\/\/api.w.org\/{rel}","templated":true}]}}