{"id":47343,"date":"2024-11-05T00:54:52","date_gmt":"2024-11-05T00:54:52","guid":{"rendered":"https:\/\/appsntech.com\/?page_id=47343"},"modified":"2024-11-05T00:54:53","modified_gmt":"2024-11-05T00:54:53","slug":"politique-de-confidentialite","status":"publish","type":"page","link":"https:\/\/appsntech.com\/fr_ca\/politica-de-privacidade\/","title":{"rendered":"politique de confidentialit\u00e9"},"content":{"rendered":"<p>Toutes les informations recueillies serviront \u00e0 am\u00e9liorer votre exp\u00e9rience sur notre site web. Ces informations peuvent inclure votre nom, votre adresse courriel, votre num\u00e9ro de t\u00e9l\u00e9phone et\/ou d&#039;autres d\u00e9tails.<\/p>\n<p>L\u2019utilisation d\u2019Apps &amp; Tech implique l\u2019acceptation de la pr\u00e9sente Politique de confidentialit\u00e9. Si l\u2019utilisateur n\u2019accepte pas, m\u00eame partiellement, les termes et conditions de cette Politique de confidentialit\u00e9, il ne doit pas acc\u00e9der au contenu propos\u00e9 par Apps &amp; Tech ni l\u2019utiliser. En utilisant le site web, l\u2019utilisateur reconna\u00eet et accepte pleinement le traitement de ses donn\u00e9es, conform\u00e9ment aux termes de la pr\u00e9sente Politique de confidentialit\u00e9 et aux Conditions g\u00e9n\u00e9rales d\u2019utilisation.<\/p>\n<p>Nous nous r\u00e9servons le droit de modifier la pr\u00e9sente politique de confidentialit\u00e9 \u00e0 tout moment, sans votre consentement ni notification pr\u00e9alable. Veuillez donc la consulter r\u00e9guli\u00e8rement. Les modifications et clarifications entreront en vigueur d\u00e8s leur publication sur le site web. En cas de modifications importantes, nous vous en informerons ici afin que vous soyez au courant des informations que nous recueillons, de la mani\u00e8re dont nous les utilisons et, le cas \u00e9ch\u00e9ant, des circonstances dans lesquelles nous les utilisons et\/ou les divulguons.<\/p>\n<p>Apps &amp; Tech respecte la vie priv\u00e9e de ses utilisateurs et assure la transparence quant \u00e0 l&#039;utilisation de leurs donn\u00e9es. Notre politique de confidentialit\u00e9 a \u00e9t\u00e9 \u00e9labor\u00e9e conform\u00e9ment aux normes internationales et nationales de protection des donn\u00e9es.<\/p>\n<p>La pr\u00e9sente politique de confidentialit\u00e9 doit \u00eatre lue et interpr\u00e9t\u00e9e conjointement avec les conditions g\u00e9n\u00e9rales d\u2019utilisation des applications et technologies, disponibles \u00e0 l\u2019adresse [lien vers les conditions g\u00e9n\u00e9rales d\u2019utilisation des applications et technologies]. <a href=\"https:\/\/appsntech.com\/fr_ca\/conditions-dutilisation\/\">https:\/\/appsntech.com\/termos-de-uso\/<\/a><\/p>\n<h2 class=\"wp-block-heading\">Informations g\u00e9n\u00e9rales pour les utilisateurs <\/h2>\n<p>Apps &amp; Tech a pour objectif de partager l&#039;information avec ses utilisateurs, rendant ainsi le savoir accessible \u00e0 tous. Les utilisateurs peuvent consulter le site web d&#039;Apps &amp; Tech sans avoir besoin de s&#039;inscrire au pr\u00e9alable.<\/p>\n<p>Apps &amp; Tech respecte les normes et standards internationaux en mati\u00e8re de stockage, de protection, de confidentialit\u00e9 et de transmission des donn\u00e9es, tout en soulignant qu&#039;aucune m\u00e9thode de stockage, de protection, de confidentialit\u00e9 et de transmission des donn\u00e9es n&#039;est s\u00fbre \u00e0 100 % et inviolable.<\/p>\n<p>Apps &amp; Tech adopte des pratiques et des technologies constamment revues et am\u00e9lior\u00e9es, conform\u00e9ment aux \u00e9volutions techniques et r\u00e9glementaires nationales et internationales. Par protection, nous entendons tout acc\u00e8s, utilisation, modification, divulgation ou destruction non autoris\u00e9s de vos donn\u00e9es. Pour pr\u00e9venir de tels incidents, nous investissons dans des mesures telles que le chiffrement des communications, le contr\u00f4le d&#039;acc\u00e8s, le respect des bonnes pratiques de d\u00e9veloppement logiciel, des politiques de conformit\u00e9 internes, ainsi que des mesures de responsabilisation et d&#039;att\u00e9nuation des risques garantissant la s\u00e9curit\u00e9 tout au long du cycle de vie des donn\u00e9es. Les informations des utilisateurs sont \u00e9galement stock\u00e9es dans des bases de donn\u00e9es s\u00e9curis\u00e9es, r\u00e9put\u00e9es et reconnues internationalement.<\/p>\n<p>Apps &amp; Tech ne demande jamais d&#039;argent pour la mise \u00e0 disposition d&#039;un produit, quel qu&#039;il soit. Si cela se produit, veuillez nous en informer imm\u00e9diatement.<\/p>\n<p>Nous nous effor\u00e7ons de maintenir toutes les informations \u00e0 jour. Toutefois, il est important de noter que ces informations peuvent diff\u00e9rer de celles figurant sur les sites web des institutions ou des prestataires de services d&#039;un site sp\u00e9cifique. Nous ne garantissons ni l&#039;exactitude ni l&#039;actualit\u00e9 des informations. Pensez toujours \u00e0 consulter les conditions d&#039;utilisation et les conditions g\u00e9n\u00e9rales des institutions que vous choisissez. Nous percevons une petite commission gr\u00e2ce \u00e0 la publicit\u00e9 sur notre site et de la part de nos partenaires lorsque nous orientons un utilisateur vers eux pour une demande de produit ou de service. Toutes nos publications sont bas\u00e9es sur des \u00e9valuations quantitatives et qualitatives de chaque produit. Il est important de noter que nos partenaires peuvent influencer directement les produits que nous pr\u00e9sentons et \u00e9valuons, ainsi que le classement des articles et des produits sur Apps &amp; Tech. Compte tenu du volume d&#039;informations pr\u00e9sentes sur notre site, nous ne pouvons garantir ni leur qualit\u00e9 ni leur actualit\u00e9\u00a0; c&#039;est pourquoi nous privil\u00e9gions les informations provenant de nos partenaires.<\/p>\n<p>Pour prot\u00e9ger vos renseignements personnels, nous prenons des pr\u00e9cautions raisonnables et suivons les meilleures pratiques de l&#039;industrie afin de nous assurer qu&#039;ils ne soient pas perdus, utilis\u00e9s \u00e0 mauvais escient, consult\u00e9s, divulgu\u00e9s, modifi\u00e9s ou d\u00e9truits de fa\u00e7on inappropri\u00e9e.<\/p>\n<h2 class=\"wp-block-heading\">Liens vers des sites Web tiers <\/h2>\n<p>Apps &amp; Tech contient des liens vers d&#039;autres sites web susceptibles, selon nous, de proposer des informations ou des outils utiles \u00e0 nos visiteurs. Notre politique de confidentialit\u00e9 ne s&#039;applique pas aux sites web tiers. Nous d\u00e9clinons toute responsabilit\u00e9 quant \u00e0 leurs politiques de confidentialit\u00e9 et leur contenu. Apps &amp; Tech n&#039;exerce aucun contr\u00f4le sur ces sites et, par cons\u00e9quent, ne saurait \u00eatre tenu responsable des relations \u00e9tablies entre l&#039;utilisateur et les produits et services tiers pr\u00e9sent\u00e9s sur le site.<\/p>\n<p>Une fois que vous quittez notre site web ou que vous \u00eates redirig\u00e9 vers une application ou un site web tiers, vous ne serez plus soumis \u00e0 la pr\u00e9sente politique de confidentialit\u00e9 ni aux conditions d&#039;utilisation de notre site web.<\/p>\n<p>Si, apr\u00e8s nous avoir fourni vos donn\u00e9es, vous changez d&#039;avis, vous pouvez retirer votre consentement \u00e0 tout moment concernant notre droit de vous contacter, de collecter, d&#039;utiliser ou de divulguer vos informations, en nous contactant par courriel \u00e0 l&#039;adresse contato@appsntech.com.<\/p>\n<h2 class=\"wp-block-heading\">Donn\u00e9es non personnelles <\/h2>\n<p>Lorsque les utilisateurs ne demandent pas de contenu gratuit \u00e0 Apps &amp; Tech (livres \u00e9lectroniques, quiz, articles, infographies, entre autres), des donn\u00e9es non personnelles peuvent \u00eatre suivies et collect\u00e9es, indiquant, entre autres, quelles pages du site ont \u00e9t\u00e9 visit\u00e9es, quand elles ont \u00e9t\u00e9 visit\u00e9es, sur quels hyperliens ils ont cliqu\u00e9, quel contenu ou service ils ont demand\u00e9 ou recommand\u00e9, entre autres.<\/p>\n<h2 class=\"wp-block-heading\">Cookies <\/h2>\n<p>Google, en tant que fournisseur tiers, utilise des cookies pour diffuser des annonces. Gr\u00e2ce au cookie DART, Google peut diffuser des annonces en fonction de vos visites sur d&#039;autres sites web. Vous pouvez d\u00e9sactiver le cookie DART en consultant les r\u00e8gles de confidentialit\u00e9 du r\u00e9seau publicitaire et de contenu de Google.<\/p>\n<p>Apps &amp; Tech utilise des cookies pour collecter des donn\u00e9es et des informations d&#039;identification IP (Internet Protocol) afin de faciliter la navigation des utilisateurs et de garantir la s\u00e9curit\u00e9, la protection et l&#039;authenticit\u00e9 des donn\u00e9es.<\/p>\n<p>De plus, nous utilisons \u00e9galement la publicit\u00e9 de tiers sur notre site web afin de couvrir les frais de maintenance. Certains de ces annonceurs peuvent utiliser des technologies telles que les cookies lorsqu&#039;ils diffusent des publicit\u00e9s sur notre site. Dans ce cas, ils (comme Google via Google AdSense et Ad Exchange) re\u00e7oivent \u00e9galement vos informations personnelles, telles que votre adresse IP, votre fournisseur d&#039;acc\u00e8s \u00e0 Internet, votre navigateur, etc. Cette fonction est g\u00e9n\u00e9ralement utilis\u00e9e pour le ciblage g\u00e9ographique (affichage de publicit\u00e9s pertinentes en fonction de votre localisation g\u00e9ographique).<\/p>\n<p>L\u2019Utilisateur peut \u00e0 tout moment modifier son acceptation ou son refus des cookies dans les param\u00e8tres de son navigateur, en notant que la d\u00e9sactivation des cookies de navigation peut alt\u00e9rer certaines des fonctionnalit\u00e9s des Applications et Technologies.<\/p>\n<h2 class=\"wp-block-heading\">Informations personnelles identifiables <\/h2>\n<p>Pour acc\u00e9der au contenu gratuit d&#039;Apps &amp; Tech, comme des articles, des livres \u00e9lectroniques, des quiz et plus encore, les utilisateurs doivent fournir certaines informations personnelles, notamment leur adresse \u00e9lectronique et leur nom complet.<\/p>\n<p>Le traitement des donn\u00e9es personnelles par Apps &amp; Tech a pour finalit\u00e9\u00a0:<\/p>\n<p>\u2013 L\u2019identification correcte et pr\u00e9cise de l\u2019Utilisateur, assurant ainsi une s\u00e9curit\u00e9 et une protection accrues pour les Utilisateurs eux-m\u00eames\u00a0;<\/p>\n<p>\u2013 Acc\u00e8s aux services et produits propos\u00e9s par Apps &amp; Tech\u00a0;<\/p>\n<p>\u2013 L\u2019application Apps &amp; Tech analyse les profils des utilisateurs afin de recommander les meilleurs produits et informations en fonction de leurs besoins et de leur situation r\u00e9els.<\/p>\n<p>Afin d&#039;effectuer une analyse encore plus pr\u00e9cise du profil de l&#039;utilisateur, Apps &amp; Tech peut mener des recherches pour obtenir des informations plus nombreuses et de meilleure qualit\u00e9 vous concernant et, ainsi, recommander des produits et services personnalis\u00e9s en fonction des pr\u00e9f\u00e9rences et des besoins de chaque utilisateur.<\/p>\n<p>Par cons\u00e9quent, Apps &amp; Tech et ses partenaires peuvent inviter les utilisateurs \u00e0 participer \u00e0 des enqu\u00eates de satisfaction\u00a0; des courriels contenant les instructions n\u00e9cessaires leur seront envoy\u00e9s \u00e0 cet effet. Les donn\u00e9es recueillies serviront principalement \u00e0 am\u00e9liorer les syst\u00e8mes, produits, contenus et services propos\u00e9s par Apps &amp; Tech et ses partenaires.<\/p>\n<p>Si un utilisateur nous contacte pour signaler un probl\u00e8me, poser une question ou demander de l&#039;aide, nous recueillons et conservons ses coordonn\u00e9es, ainsi que ses messages et autres donn\u00e9es n\u00e9cessaires \u00e0 l&#039;analyse du probl\u00e8me ou \u00e0 la r\u00e9solution de la question. Ces donn\u00e9es nous permettent de r\u00e9soudre les probl\u00e8mes rencontr\u00e9s, de r\u00e9pondre aux questions, de corriger les dysfonctionnements et d&#039;am\u00e9liorer le syst\u00e8me, optimisant ainsi l&#039;exp\u00e9rience utilisateur au sein d&#039;Apps &amp; Tech.<\/p>\n<h2 class=\"wp-block-heading\">Concernant le partage de donn\u00e9es <\/h2>\n<p>Apps &amp; Tech ne vendra pas les informations ou donn\u00e9es personnelles de ses utilisateurs, mais pourra les partager avec des soci\u00e9t\u00e9s partenaires afin de recommander des produits et services adapt\u00e9s au profil et aux besoins de l&#039;utilisateur, ou de fournir les produits et\/ou services demand\u00e9s par celui-ci.<\/p>\n<p>Apps &amp; Tech se r\u00e9serve le droit d&#039;assister ou de coop\u00e9rer avec toute autorit\u00e9 judiciaire ou agence gouvernementale, et peut partager les informations personnelles identifiables des utilisateurs afin de\u00a0: a) \u00e9tablir ou exercer ses droits l\u00e9gaux\u00a0; b) prot\u00e9ger ses biens\u00a0; c) lorsqu&#039;elle estime que son assistance ou sa coop\u00e9ration est n\u00e9cessaire pour prot\u00e9ger ses utilisateurs, ses employ\u00e9s, ses administrateurs ou toute personne l\u00e9s\u00e9e par son action ou son omission.<\/p>\n<h2 class=\"wp-block-heading\">Concernant les donn\u00e9es non trait\u00e9es et non collect\u00e9es <\/h2>\n<p>Apps &amp; Tech ne traite pas les donn\u00e9es personnelles des enfants de moins de 13 (treize) ans sans l&#039;autorisation pr\u00e9alable de leurs parents ou tuteurs l\u00e9gaux.<\/p>\n<p>Si les donn\u00e9es personnelles d&#039;enfants de moins de 13 (treize) ans sont collect\u00e9es et trait\u00e9es involontairement sans l&#039;autorisation expresse de leurs parents ou tuteurs l\u00e9gaux, Apps &amp; Tech supprimera toutes les donn\u00e9es collect\u00e9es sans pr\u00e9avis.<\/p>\n<p>Si l&#039;Utilisateur constate que nous avons trait\u00e9 par erreur les donn\u00e9es d&#039;un enfant, veuillez nous contacter imm\u00e9diatement par courriel. <a>contato@appsntech.com<\/a>, afin que nous puissions prendre les mesures n\u00e9cessaires.<\/p>","protected":false},"excerpt":{"rendered":"<p>Todas as informa\u00e7\u00f5es recolhidas ser\u00e3o utilizadas para melhorar sua experi\u00eancia dentro do nosso site. As informa\u00e7\u00f5es recolhidas podem incluir o seu nome, email, n\u00famero de telefone e\/ou outros. O uso do Apps &#038; Tech pressup\u00f5e a aceita\u00e7\u00e3o deste Acordo de Privacidade. Caso o usu\u00e1rio n\u00e3o concorde, ainda que em parte, com os termos e condi\u00e7\u00f5es &#8230; <a title=\"politique de confidentialit\u00e9\" class=\"read-more\" href=\"https:\/\/appsntech.com\/fr_ca\/politica-de-privacidade\/\" aria-label=\"Read more about Politica de Privacidade\">En savoir plus<\/a><\/p>","protected":false},"author":1,"featured_media":0,"parent":0,"menu_order":0,"comment_status":"closed","ping_status":"closed","template":"","meta":{"footnotes":""},"class_list":["post-47343","page","type-page","status-publish"],"_links":{"self":[{"href":"https:\/\/appsntech.com\/fr_ca\/wp-json\/wp\/v2\/pages\/47343","targetHints":{"allow":["GET"]}}],"collection":[{"href":"https:\/\/appsntech.com\/fr_ca\/wp-json\/wp\/v2\/pages"}],"about":[{"href":"https:\/\/appsntech.com\/fr_ca\/wp-json\/wp\/v2\/types\/page"}],"author":[{"embeddable":true,"href":"https:\/\/appsntech.com\/fr_ca\/wp-json\/wp\/v2\/users\/1"}],"replies":[{"embeddable":true,"href":"https:\/\/appsntech.com\/fr_ca\/wp-json\/wp\/v2\/comments?post=47343"}],"version-history":[{"count":1,"href":"https:\/\/appsntech.com\/fr_ca\/wp-json\/wp\/v2\/pages\/47343\/revisions"}],"predecessor-version":[{"id":47344,"href":"https:\/\/appsntech.com\/fr_ca\/wp-json\/wp\/v2\/pages\/47343\/revisions\/47344"}],"wp:attachment":[{"href":"https:\/\/appsntech.com\/fr_ca\/wp-json\/wp\/v2\/media?parent=47343"}],"curies":[{"name":"wp","href":"https:\/\/api.w.org\/{rel}","templated":true}]}}