{"id":47347,"date":"2024-11-05T00:56:12","date_gmt":"2024-11-05T00:56:12","guid":{"rendered":"https:\/\/appsntech.com\/?page_id=47347"},"modified":"2024-11-05T00:56:12","modified_gmt":"2024-11-05T00:56:12","slug":"qui-sommes-nous","status":"publish","type":"page","link":"https:\/\/appsntech.com\/fr_ca\/quem-somos\/","title":{"rendered":"Qui nous sommes"},"content":{"rendered":"<p>Apps &amp; Tech est un site Web technologique cr\u00e9\u00e9 en 2024 dans le but de fournir des informations et des conseils sur les applications, la finance et d&#039;autres sujets li\u00e9s au monde num\u00e9rique. Nous pensons que la technologie est un outil puissant pour transformer les vies et les entreprises, et nous voulons aider nos lecteurs \u00e0 rester \u00e0 jour et \u00e0 tirer le meilleur parti de ces outils.<\/p>\n\n\n\n<p>Ici, sur Apps &amp; Tech, vous trouverez des articles et des tutoriels r\u00e9dig\u00e9s par des experts en technologie, ainsi que des critiques et des \u00e9valuations de produits et de services. Nous proposons \u00e9galement des conseils et astuces pour vous aider \u00e0 tirer le meilleur parti de vos appareils mobiles et de vos applications.<\/p>\n\n\n\n<p>Notre \u00e9quipe est compos\u00e9e d&#039;experts en technologie, de journalistes et de r\u00e9dacteurs, tous engag\u00e9s \u00e0 fournir un contenu de haute qualit\u00e9 et pr\u00e9cis \u00e0 nos lecteurs. Nous pensons que la technologie est un outil puissant pour transformer les vies et les entreprises et notre objectif est d\u2019aider nos lecteurs \u00e0 rester \u00e0 jour et \u00e0 tirer le meilleur parti de ces outils.<\/p>\n\n\n\n<p>En plus du contenu, nous offrons \u00e9galement \u00e0 nos lecteurs la possibilit\u00e9 de se connecter avec d\u2019autres passionn\u00e9s de technologie via nos r\u00e9seaux sociaux et nos forums de discussion. Nous appr\u00e9cions les opinions de nos lecteurs et sommes toujours ouverts aux suggestions et commentaires pour am\u00e9liorer nos services.<\/p>\n\n\n\n<p>Suivez-nous et restez au courant des derni\u00e8res tendances et actualit\u00e9s du monde de la technologie. Merci d&#039;avoir visit\u00e9 notre site Web et nous esp\u00e9rons vous revoir bient\u00f4t !<\/p>","protected":false},"excerpt":{"rendered":"<p>O Apps &amp; Tech \u00e9 um site de tecnologia criado em 2024 com o objetivo de fornecer informa\u00e7\u00f5es e dicas sobre aplicativos, finan\u00e7as e outros assuntos relacionados ao mundo digital. N\u00f3s acreditamos que a tecnologia \u00e9 uma ferramenta poderosa para transformar vidas e empresas, e queremos ajudar nossos leitores a se manterem atualizados e aproveitar &#8230; <a title=\"Qui nous sommes\" class=\"read-more\" href=\"https:\/\/appsntech.com\/fr_ca\/quem-somos\/\" aria-label=\"Read more about Quem somos\">En savoir plus<\/a><\/p>","protected":false},"author":1,"featured_media":0,"parent":0,"menu_order":0,"comment_status":"closed","ping_status":"closed","template":"","meta":{"footnotes":""},"class_list":["post-47347","page","type-page","status-publish"],"_links":{"self":[{"href":"https:\/\/appsntech.com\/fr_ca\/wp-json\/wp\/v2\/pages\/47347","targetHints":{"allow":["GET"]}}],"collection":[{"href":"https:\/\/appsntech.com\/fr_ca\/wp-json\/wp\/v2\/pages"}],"about":[{"href":"https:\/\/appsntech.com\/fr_ca\/wp-json\/wp\/v2\/types\/page"}],"author":[{"embeddable":true,"href":"https:\/\/appsntech.com\/fr_ca\/wp-json\/wp\/v2\/users\/1"}],"replies":[{"embeddable":true,"href":"https:\/\/appsntech.com\/fr_ca\/wp-json\/wp\/v2\/comments?post=47347"}],"version-history":[{"count":1,"href":"https:\/\/appsntech.com\/fr_ca\/wp-json\/wp\/v2\/pages\/47347\/revisions"}],"predecessor-version":[{"id":47348,"href":"https:\/\/appsntech.com\/fr_ca\/wp-json\/wp\/v2\/pages\/47347\/revisions\/47348"}],"wp:attachment":[{"href":"https:\/\/appsntech.com\/fr_ca\/wp-json\/wp\/v2\/media?parent=47347"}],"curies":[{"name":"wp","href":"https:\/\/api.w.org\/{rel}","templated":true}]}}