{"id":47343,"date":"2024-11-05T00:54:52","date_gmt":"2024-11-05T00:54:52","guid":{"rendered":"https:\/\/appsntech.com\/?page_id=47343"},"modified":"2024-11-05T00:54:53","modified_gmt":"2024-11-05T00:54:53","slug":"politique-de-confidentialite","status":"publish","type":"page","link":"https:\/\/appsntech.com\/fr_mt\/politica-de-privacidade\/","title":{"rendered":"politique de confidentialit\u00e9"},"content":{"rendered":"<p>Toutes les informations collect\u00e9es seront utilis\u00e9es pour am\u00e9liorer votre exp\u00e9rience sur notre site web. Ces informations peuvent inclure votre nom, votre adresse e-mail, votre num\u00e9ro de t\u00e9l\u00e9phone et\/ou d&#039;autres informations.<\/p>\n<p>L&#039;utilisation d&#039;Apps &amp; Tech implique l&#039;acceptation du pr\u00e9sent Accord de confidentialit\u00e9. Si l&#039;utilisateur n&#039;accepte pas, m\u00eame partiellement, les termes et conditions de la pr\u00e9sente Politique de confidentialit\u00e9, il ne doit pas acc\u00e9der ni utiliser le contenu propos\u00e9 par Apps &amp; Tech. En utilisant le site web, l&#039;utilisateur reconna\u00eet et consent pleinement au traitement de ses donn\u00e9es conform\u00e9ment aux termes de la pr\u00e9sente Politique de confidentialit\u00e9 et des Conditions g\u00e9n\u00e9rales d&#039;utilisation.<\/p>\n<p>Nous nous r\u00e9servons le droit de modifier cette politique de confidentialit\u00e9 \u00e0 tout moment, sans le consentement ni le pr\u00e9avis des utilisateurs. Veuillez donc la consulter r\u00e9guli\u00e8rement. Les modifications et clarifications entreront en vigueur d\u00e8s leur publication sur le site web. Si nous apportons des modifications substantielles \u00e0 cette politique, nous vous en informerons ici afin que vous sachiez quelles informations nous collectons, comment nous les utilisons et dans quelles circonstances, le cas \u00e9ch\u00e9ant, nous les utilisons et\/ou les divulguons.<\/p>\n<p>Apps &amp; Tech respecte la vie priv\u00e9e de ses utilisateurs et fait preuve de transparence quant \u00e0 l&#039;utilisation de leurs donn\u00e9es. Notre politique de confidentialit\u00e9 a \u00e9t\u00e9 \u00e9labor\u00e9e conform\u00e9ment aux normes internationales et nationales de protection des donn\u00e9es.<\/p>\n<p>Cette politique de confidentialit\u00e9 doit \u00eatre lue et interpr\u00e9t\u00e9e conjointement avec les conditions g\u00e9n\u00e9rales d&#039;utilisation d&#039;Apps &amp; Tech, disponibles \u00e0 l&#039;adresse <a href=\"https:\/\/appsntech.com\/fr_mt\/conditions-dutilisation\/\">https:\/\/appsntech.com\/termos-de-uso\/<\/a><\/p>\n<h2 class=\"wp-block-heading\">Informations g\u00e9n\u00e9rales pour les utilisateurs <\/h2>\n<p>Apps &amp; Tech a pour objectif de partager des informations avec ses utilisateurs, rendant ainsi la connaissance accessible \u00e0 tous. Les utilisateurs peuvent consulter le site web d&#039;Apps &amp; Tech sans inscription.<\/p>\n<p>Apps &amp; Tech suit les normes et standards de s\u00e9curit\u00e9 internationaux en mati\u00e8re de stockage, de protection, de confidentialit\u00e9 et de transmission des donn\u00e9es, soulignant qu&#039;aucune m\u00e9thode de stockage, de protection, de confidentialit\u00e9 et de transmission des donn\u00e9es n&#039;est 100% s\u00e9curis\u00e9e et inviolable.<\/p>\n<p>Apps &amp; Tech adopte des pratiques et des technologies constamment revues et am\u00e9lior\u00e9es, en phase avec les avanc\u00e9es techniques et r\u00e9glementaires nationales et internationales. Par protection, nous entendons tout acc\u00e8s, utilisation, modification, divulgation ou destruction non autoris\u00e9s de vos donn\u00e9es. Pour \u00e9viter cela, nous investissons dans des mesures telles que le chiffrement des communications, le contr\u00f4le d&#039;acc\u00e8s, le d\u00e9veloppement de logiciels s\u00e9curis\u00e9s, des politiques de conformit\u00e9 interne, ainsi que des mesures de responsabilisation et d&#039;att\u00e9nuation des risques qui garantissent la s\u00e9curit\u00e9 tout au long du cycle de vie des donn\u00e9es. Les informations des utilisateurs sont \u00e9galement stock\u00e9es dans des bases de donn\u00e9es s\u00e9curis\u00e9es, reconnues et internationalement.<\/p>\n<p>Apps &amp; Tech ne demande jamais de paiement pour la sortie d&#039;un produit, quel qu&#039;il soit. Si cela se produit, veuillez nous en informer imm\u00e9diatement.<\/p>\n<p>Nous nous effor\u00e7ons de maintenir toutes les informations aussi \u00e0 jour que possible. Cependant, il est important de noter que ces informations peuvent diff\u00e9rer de celles figurant sur les sites web des institutions ou des prestataires de services. Nous ne garantissons ni l&#039;exactitude ni l&#039;actualit\u00e9 de ces informations. Veuillez toujours consulter les conditions g\u00e9n\u00e9rales des institutions que vous choisissez. Nous percevons une petite somme provenant de la publicit\u00e9 sur notre site web et de nos partenaires lorsque nous recommandons un utilisateur qui demande un produit ou une proposition. Toutes nos publications sont bas\u00e9es sur des \u00e9valuations quantitatives et qualitatives de chaque produit. Il est important de noter que nos partenaires peuvent influencer directement les produits que nous \u00e9crivons et \u00e9valuons, ainsi que l&#039;ordre des \u00ab\u00a0meilleurs\u00a0\u00bb articles et le positionnement des produits sur Apps &amp; Tech. Compte tenu de la quantit\u00e9 d&#039;informations disponibles sur notre site web, nous ne garantissons ni leur qualit\u00e9 ni leur actualit\u00e9\u00a0; par cons\u00e9quent, nous privil\u00e9gions les informations provenant de nos partenaires.<\/p>\n<p>Pour prot\u00e9ger vos informations personnelles, nous prenons des pr\u00e9cautions raisonnables et suivons les meilleures pratiques de l\u2019industrie pour nous assurer qu\u2019elles ne soient pas perdues, utilis\u00e9es \u00e0 mauvais escient, consult\u00e9es, divulgu\u00e9es, modifi\u00e9es ou d\u00e9truites de mani\u00e8re inappropri\u00e9e.<\/p>\n<h2 class=\"wp-block-heading\">Liens vers des sites tiers <\/h2>\n<p>Apps &amp; Tech propose des liens vers d&#039;autres sites web qui, selon nous, peuvent contenir des informations ou des outils utiles \u00e0 nos visiteurs. Notre Politique de confidentialit\u00e9 ne s&#039;applique pas aux sites web tiers. Nous ne sommes pas responsables des politiques de confidentialit\u00e9 ni du contenu de ces sites. Apps &amp; Tech n&#039;exerce aucun contr\u00f4le sur eux et d\u00e9cline donc toute responsabilit\u00e9 quant aux relations \u00e9tablies entre l&#039;Utilisateur et les produits et services tiers annonc\u00e9s sur le site web.<\/p>\n<p>Une fois que vous quittez notre site Web ou \u00eates redirig\u00e9 vers un site Web ou une application tiers, vous n&#039;\u00eates plus r\u00e9gi par la pr\u00e9sente politique de confidentialit\u00e9 ni par les conditions d&#039;utilisation de notre site Web.<\/p>\n<p>Si apr\u00e8s nous avoir fourni vos donn\u00e9es, vous changez d&#039;avis, vous pouvez retirer votre consentement pour que nous vous contactions, pour la collecte, l&#039;utilisation ou la divulgation continue de vos informations, \u00e0 tout moment, en nous contactant par e-mail \u00e0 contato@appsntech.com<\/p>\n<h2 class=\"wp-block-heading\">Donn\u00e9es non personnelles <\/h2>\n<p>Lorsque les utilisateurs ne demandent pas de contenu gratuit \u00e0 Apps &amp; Tech (e-books, quiz, articles, infographies, entre autres), un suivi et une collecte de donn\u00e9es non personnelles peuvent \u00eatre effectu\u00e9s indiquant, entre autres d\u00e9tails, quelles pages du site Web ont \u00e9t\u00e9 visit\u00e9es, quand elles ont \u00e9t\u00e9 visit\u00e9es, quels hyperliens ont \u00e9t\u00e9 cliqu\u00e9s, quels contenus ou services ont \u00e9t\u00e9 demand\u00e9s ou indiqu\u00e9s, entre autres.<\/p>\n<h2 class=\"wp-block-heading\">Cookies <\/h2>\n<p>Google, en tant que fournisseur tiers, utilise des cookies pour diffuser des annonces. Gr\u00e2ce au cookie DART, Google peut diffuser des annonces en fonction des visites d&#039;un utilisateur sur d&#039;autres sites web. Les utilisateurs peuvent d\u00e9sactiver le cookie DART en consultant la politique de confidentialit\u00e9 de Google Ads and Content Network.<\/p>\n<p>Apps &amp; Tech utilise des cookies pour aider \u00e0 collecter des donn\u00e9es et des informations d&#039;identification IP (Internet Protocol) afin de faciliter la navigation de l&#039;utilisateur, contribuant ainsi \u00e0 garantir la s\u00e9curit\u00e9, la protection et l&#039;authenticit\u00e9 des donn\u00e9es.<\/p>\n<p>De plus, nous utilisons des publicit\u00e9s de tiers sur notre site web pour couvrir les frais de maintenance. Certains de ces annonceurs peuvent utiliser des technologies telles que les cookies lorsqu&#039;ils diffusent des publicit\u00e9s sur notre site web, ce qui leur permet \u00e9galement (comme Google via Google AdSense et Ad Exchange) de recevoir vos informations personnelles, telles que votre adresse IP, votre FAI, votre navigateur, etc. Cette fonctionnalit\u00e9 est g\u00e9n\u00e9ralement utilis\u00e9e pour le ciblage g\u00e9ographique (affichage de publicit\u00e9s pertinentes en fonction de votre situation g\u00e9ographique).<\/p>\n<p>L&#039;Utilisateur peut \u00e0 tout moment modifier son acceptation ou non des cookies dans les param\u00e8tres de son navigateur, sachant qu&#039;en d\u00e9sactivant les cookies de navigation, certaines fonctionnalit\u00e9s d&#039;Apps &amp; Tech peuvent \u00eatre alt\u00e9r\u00e9es.<\/p>\n<h2 class=\"wp-block-heading\">Donn\u00e9es personnelles identifiables <\/h2>\n<p>Pour acc\u00e9der au contenu gratuit sur Apps &amp; Tech, tel que des articles, des livres \u00e9lectroniques, des quiz, etc., les utilisateurs doivent fournir certaines informations personnelles identifiables, notamment leur adresse e-mail et leur nom complet.<\/p>\n<p>Les donn\u00e9es personnelles identifiables trait\u00e9es par Apps &amp; Tech sont destin\u00e9es \u00e0 :<\/p>\n<p>\u2013 Identification correcte et pr\u00e9cise de l\u2019Utilisateur, garantissant ainsi une plus grande s\u00e9curit\u00e9 et protection aux Utilisateurs eux-m\u00eames ;<\/p>\n<p>\u2013 Acc\u00e8s aux services et produits fournis par Apps &amp; Tech ;<\/p>\n<p>\u2013 Apps &amp; Tech analyse les profils des utilisateurs pour recommander les meilleurs produits et informations en fonction de leurs besoins et circonstances r\u00e9els.<\/p>\n<p>Dans le but d&#039;une analyse encore plus pr\u00e9cise du profil de l&#039;Utilisateur, Apps &amp; Tech peut effectuer des recherches pour obtenir davantage et de meilleures informations sur vous et, ainsi, recommander des produits et services personnalis\u00e9s en fonction des pr\u00e9f\u00e9rences et des besoins de chaque Utilisateur.<\/p>\n<p>Apps &amp; Tech et ses partenaires pourront inviter les utilisateurs \u00e0 participer \u00e0 des enqu\u00eates de satisfaction, qui comprendront des e-mails contenant les conseils n\u00e9cessaires. Les donn\u00e9es collect\u00e9es serviront principalement \u00e0 am\u00e9liorer les syst\u00e8mes, produits, contenus et services propos\u00e9s par Apps &amp; Tech et ses partenaires.<\/p>\n<p>Si un utilisateur nous contacte pour signaler un probl\u00e8me, poser une question ou obtenir de l&#039;aide, nous collectons et stockons ses coordonn\u00e9es, ainsi que ses messages et autres donn\u00e9es n\u00e9cessaires \u00e0 l&#039;analyse du probl\u00e8me ou de la question. Ces donn\u00e9es seront utilis\u00e9es pour r\u00e9pondre aux questions pos\u00e9es, clarifier les doutes, corriger les probl\u00e8mes et am\u00e9liorer le syst\u00e8me, am\u00e9liorant ainsi l&#039;exp\u00e9rience utilisateur au sein d&#039;Apps &amp; Tech.<\/p>\n<h2 class=\"wp-block-heading\">\u00c0 propos du partage de donn\u00e9es <\/h2>\n<p>Apps &amp; Tech ne vendra pas les informations ou donn\u00e9es personnelles de ses Utilisateurs, mais pourra les partager avec des soci\u00e9t\u00e9s partenaires afin de recommander des produits et services qui correspondent le mieux au profil et aux besoins ou de fournir des produits et\/ou services demand\u00e9s par l&#039;Utilisateur.<\/p>\n<p>Apps &amp; Tech se r\u00e9serve le droit d&#039;aider ou de coop\u00e9rer avec toute autorit\u00e9 judiciaire ou agence gouvernementale, et peut partager les donn\u00e9es personnelles identifiables des utilisateurs afin de : a) \u00e9tablir ou exercer ses droits l\u00e9gaux ; b) prot\u00e9ger ses propri\u00e9t\u00e9s ; c) lorsqu&#039;elle consid\u00e8re que son assistance ou sa coop\u00e9ration est n\u00e9cessaire pour prot\u00e9ger ses utilisateurs, employ\u00e9s, administrateurs ou toute personne l\u00e9s\u00e9e par l&#039;action ou l&#039;omission.<\/p>\n<h2 class=\"wp-block-heading\">\u00c0 propos des donn\u00e9es brutes et non collect\u00e9es <\/h2>\n<p>Apps &amp; Tech ne traite pas les donn\u00e9es personnelles des enfants de moins de 13 (treize) ans sans l&#039;autorisation pr\u00e9alable de leurs parents ou tuteurs l\u00e9gaux.<\/p>\n<p>Si des donn\u00e9es personnelles d&#039;enfants de moins de 13 (treize) ans sont collect\u00e9es et trait\u00e9es involontairement sans l&#039;autorisation expresse de leurs parents ou tuteurs l\u00e9gaux, Apps &amp; Tech supprimera toutes les donn\u00e9es collect\u00e9es sans pr\u00e9avis.<\/p>\n<p>Si l&#039;utilisateur prend connaissance que nous avons trait\u00e9 par erreur les donn\u00e9es d&#039;un enfant, nous vous demandons de nous contacter imm\u00e9diatement via notre adresse e-mail. <a>contato@appsntech.com<\/a>, afin que nous puissions prendre les mesures n\u00e9cessaires.<\/p>","protected":false},"excerpt":{"rendered":"<p>Todas as informa\u00e7\u00f5es recolhidas ser\u00e3o utilizadas para melhorar sua experi\u00eancia dentro do nosso site. As informa\u00e7\u00f5es recolhidas podem incluir o seu nome, email, n\u00famero de telefone e\/ou outros. O uso do Apps &#038; Tech pressup\u00f5e a aceita\u00e7\u00e3o deste Acordo de Privacidade. Caso o usu\u00e1rio n\u00e3o concorde, ainda que em parte, com os termos e condi\u00e7\u00f5es &#8230; <a title=\"politique de confidentialit\u00e9\" class=\"read-more\" href=\"https:\/\/appsntech.com\/fr_mt\/politica-de-privacidade\/\" aria-label=\"Read more about Politica de Privacidade\">En savoir plus<\/a><\/p>","protected":false},"author":1,"featured_media":0,"parent":0,"menu_order":0,"comment_status":"closed","ping_status":"closed","template":"","meta":{"footnotes":""},"class_list":["post-47343","page","type-page","status-publish"],"_links":{"self":[{"href":"https:\/\/appsntech.com\/fr_mt\/wp-json\/wp\/v2\/pages\/47343","targetHints":{"allow":["GET"]}}],"collection":[{"href":"https:\/\/appsntech.com\/fr_mt\/wp-json\/wp\/v2\/pages"}],"about":[{"href":"https:\/\/appsntech.com\/fr_mt\/wp-json\/wp\/v2\/types\/page"}],"author":[{"embeddable":true,"href":"https:\/\/appsntech.com\/fr_mt\/wp-json\/wp\/v2\/users\/1"}],"replies":[{"embeddable":true,"href":"https:\/\/appsntech.com\/fr_mt\/wp-json\/wp\/v2\/comments?post=47343"}],"version-history":[{"count":1,"href":"https:\/\/appsntech.com\/fr_mt\/wp-json\/wp\/v2\/pages\/47343\/revisions"}],"predecessor-version":[{"id":47344,"href":"https:\/\/appsntech.com\/fr_mt\/wp-json\/wp\/v2\/pages\/47343\/revisions\/47344"}],"wp:attachment":[{"href":"https:\/\/appsntech.com\/fr_mt\/wp-json\/wp\/v2\/media?parent=47343"}],"curies":[{"name":"wp","href":"https:\/\/api.w.org\/{rel}","templated":true}]}}