{"id":47341,"date":"2024-11-05T00:53:27","date_gmt":"2024-11-05T00:53:27","guid":{"rendered":"https:\/\/appsntech.com\/?page_id=47341"},"modified":"2024-11-05T00:53:27","modified_gmt":"2024-11-05T00:53:27","slug":"%d7%aa%d7%a0%d7%90%d7%99-%d7%94%d7%a9%d7%99%d7%9e%d7%95%d7%a9","status":"publish","type":"page","link":"https:\/\/appsntech.com\/he\/termos-de-uso\/","title":{"rendered":"\u05ea\u05e0\u05d0\u05d9 \u05e9\u05d9\u05de\u05d5\u05e9"},"content":{"rendered":"<h2 class=\"wp-block-heading\">\u05ea\u05e0\u05d0\u05d9\u05dd \u05d5\u05d4\u05d2\u05d1\u05dc\u05d5\u05ea \u05e9\u05dc \u05d0\u05e4\u05dc\u05d9\u05e7\u05e6\u05d9\u05d5\u05ea \u05d5\u05d8\u05db\u05e0\u05d5\u05dc\u05d5\u05d2\u05d9\u05d4<\/h2>\n<p>\u05e2\u05dc \u05d9\u05d3\u05d9 \u05d2\u05d9\u05e9\u05d4 \u05dc\u05d0\u05ea\u05e8 Apps &amp; Tech, \u05d0\u05ea\u05d4 \u05de\u05e1\u05db\u05d9\u05dd \u05dc\u05d4\u05d9\u05d5\u05ea \u05de\u05d7\u05d5\u05d9\u05d1 \u05dc\u05ea\u05e0\u05d0\u05d9 \u05e9\u05d9\u05e8\u05d5\u05ea \u05d0\u05dc\u05d4, \u05dc\u05db\u05dc \u05d4\u05d7\u05d5\u05e7\u05d9\u05dd \u05d5\u05d4\u05ea\u05e7\u05e0\u05d5\u05ea \u05d4\u05d7\u05dc\u05d9\u05dd, \u05d5\u05de\u05e1\u05db\u05d9\u05dd \u05e9\u05d0\u05ea\u05d4 \u05d0\u05d7\u05e8\u05d0\u05d9 \u05dc\u05e6\u05d9\u05d5\u05ea \u05dc\u05db\u05dc \u05d4\u05d7\u05d5\u05e7\u05d9\u05dd \u05d4\u05de\u05e7\u05d5\u05de\u05d9\u05d9\u05dd \u05d4\u05d7\u05dc\u05d9\u05dd. \u05d0\u05dd \u05d0\u05d9\u05e0\u05da \u05de\u05e1\u05db\u05d9\u05dd \u05dc\u05d0\u05e3 \u05d0\u05d7\u05d3 \u05de\u05d4\u05ea\u05e0\u05d0\u05d9\u05dd \u05d4\u05dc\u05dc\u05d5, \u05e0\u05d0\u05e1\u05e8 \u05e2\u05dc\u05d9\u05da \u05dc\u05d4\u05e9\u05ea\u05de\u05e9 \u05d0\u05d5 \u05dc\u05d2\u05e9\u05ea \u05dc\u05d0\u05ea\u05e8 \u05d6\u05d4. \u05d4\u05d7\u05d5\u05de\u05e8\u05d9\u05dd \u05d4\u05db\u05dc\u05d5\u05dc\u05d9\u05dd \u05d1\u05d0\u05ea\u05e8 \u05d6\u05d4 \u05de\u05d5\u05d2\u05e0\u05d9\u05dd \u05e2\u05dc \u05d9\u05d3\u05d9 \u05d7\u05d5\u05e7\u05d9 \u05d6\u05db\u05d5\u05d9\u05d5\u05ea \u05d4\u05d9\u05d5\u05e6\u05e8\u05d9\u05dd \u05d5\u05d4\u05e1\u05d9\u05de\u05e0\u05d9\u05dd \u05d4\u05de\u05e1\u05d7\u05e8\u05d9\u05d9\u05dd \u05d4\u05d7\u05dc\u05d9\u05dd.<\/p>\n<h2 class=\"wp-block-heading\">\u05e9\u05d9\u05de\u05d5\u05e9 \u05d1\u05e8\u05d9\u05e9\u05d9\u05d5\u05df<\/h2>\n<p>\u05d4\u05e8\u05e9\u05d0\u05d4 \u05e0\u05d9\u05ea\u05e0\u05ea \u05dc\u05d4\u05d5\u05e8\u05d3\u05d4 \u05d6\u05de\u05e0\u05d9\u05ea \u05e9\u05dc \u05e2\u05d5\u05ea\u05e7 \u05d0\u05d7\u05d3 \u05e9\u05dc \u05d4\u05d7\u05d5\u05de\u05e8\u05d9\u05dd (\u05de\u05d9\u05d3\u05e2 \u05d0\u05d5 \u05ea\u05d5\u05db\u05e0\u05d4) \u05d1\u05d0\u05ea\u05e8 \u05d4\u05d0\u05d9\u05e0\u05d8\u05e8\u05e0\u05d8 \u05e9\u05dc Apps &amp; Tech \u05dc\u05e6\u05e4\u05d9\u05d9\u05d4 \u05d0\u05d9\u05e9\u05d9\u05ea \u05d5\u05dc\u05d0 \u05de\u05e1\u05d7\u05e8\u05d9\u05ea \u05d1\u05dc\u05d1\u05d3. \u05d6\u05d4\u05d5 \u05d4\u05e2\u05e0\u05e7\u05ea \u05e8\u05d9\u05e9\u05d9\u05d5\u05df, \u05dc\u05d0 \u05d4\u05e2\u05d1\u05e8\u05ea \u05d1\u05e2\u05dc\u05d5\u05ea, \u05d5\u05ea\u05d7\u05ea \u05e8\u05d9\u05e9\u05d9\u05d5\u05df \u05d6\u05d4 \u05d0\u05d9\u05e0\u05da \u05e8\u05e9\u05d0\u05d9:<\/p>\n<ul class=\"wp-block-list\">\n<li>\u05dc\u05e9\u05e0\u05d5\u05ea \u05d0\u05d5 \u05dc\u05d4\u05e2\u05ea\u05d9\u05e7 \u05d0\u05ea \u05d4\u05d7\u05d5\u05de\u05e8\u05d9\u05dd;<\/li>\n<li>\u05dc\u05d4\u05e9\u05ea\u05de\u05e9 \u05d1\u05d7\u05d5\u05de\u05e8\u05d9\u05dd \u05dc\u05db\u05dc \u05de\u05d8\u05e8\u05d4 \u05de\u05e1\u05d7\u05e8\u05d9\u05ea \u05d0\u05d5 \u05dc\u05ea\u05e6\u05d5\u05d2\u05d4 \u05e4\u05d5\u05de\u05d1\u05d9\u05ea (\u05de\u05e1\u05d7\u05e8\u05d9\u05ea \u05d0\u05d5 \u05dc\u05d0 \u05de\u05e1\u05d7\u05e8\u05d9\u05ea);<\/li>\n<li>\u05e0\u05d9\u05e1\u05d9\u05d5\u05df \u05dc\u05d1\u05e6\u05e2 \u05d3\u05d4-\u05e7\u05d5\u05de\u05e4\u05d9\u05dc\u05e6\u05d9\u05d4 \u05d0\u05d5 \u05d4\u05e0\u05d3\u05e1\u05d4 \u05dc\u05d0\u05d7\u05d5\u05e8 \u05e9\u05dc \u05db\u05dc \u05ea\u05d5\u05db\u05e0\u05d4 \u05d4\u05db\u05dc\u05d5\u05dc\u05d4 \u05d1\u05d0\u05ea\u05e8 \u05e9\u05dc Apps &amp; Tech;<\/li>\n<li>\u05dc\u05d4\u05e1\u05d9\u05e8 \u05db\u05dc \u05d6\u05db\u05d5\u05d9\u05d5\u05ea \u05d9\u05d5\u05e6\u05e8\u05d9\u05dd \u05d0\u05d5 \u05e1\u05d9\u05de\u05e0\u05d9\u05dd \u05e7\u05e0\u05d9\u05d9\u05e0\u05d9\u05d9\u05dd \u05d0\u05d7\u05e8\u05d9\u05dd \u05de\u05d4\u05d7\u05d5\u05de\u05e8\u05d9\u05dd; \u05d0\u05d5\u05b9<\/li>\n<li>\u05dc\u05d4\u05e2\u05d1\u05d9\u05e8 \u05d0\u05ea \u05d4\u05d7\u05d5\u05de\u05e8\u05d9\u05dd \u05dc\u05d0\u05d3\u05dd \u05d0\u05d7\u05e8 \u05d0\u05d5 &#039;\u05dc\u05e9\u05e7\u05e3&#039; \u05d0\u05ea \u05d4\u05d7\u05d5\u05de\u05e8\u05d9\u05dd \u05d1\u05db\u05dc \u05e9\u05e8\u05ea \u05d0\u05d7\u05e8. \u05e8\u05d9\u05e9\u05d9\u05d5\u05df \u05d6\u05d4 \u05d9\u05e1\u05ea\u05d9\u05d9\u05dd \u05d0\u05d5\u05d8\u05d5\u05de\u05d8\u05d9\u05ea \u05d0\u05dd \u05ea\u05e4\u05e8 \u05d0\u05d7\u05ea \u05de\u05d4\u05d4\u05d2\u05d1\u05dc\u05d5\u05ea \u05d4\u05dc\u05dc\u05d5 \u05d5\u05e2\u05e9\u05d5\u05d9 \u05dc\u05d4\u05e1\u05ea\u05d9\u05d9\u05dd \u05e2\u05dc \u05d9\u05d3\u05d9 Apps &amp; Tech \u05d1\u05db\u05dc \u05e2\u05ea. \u05e2\u05dd \u05d4\u05e4\u05e1\u05e7\u05ea \u05d4\u05e6\u05e4\u05d9\u05d9\u05d4 \u05e9\u05dc\u05da \u05d1\u05d7\u05d5\u05de\u05e8\u05d9\u05dd \u05d0\u05dc\u05d4 \u05d0\u05d5 \u05e2\u05dd \u05e1\u05d9\u05d5\u05dd \u05e8\u05d9\u05e9\u05d9\u05d5\u05df \u05d6\u05d4, \u05e2\u05dc\u05d9\u05da \u05dc\u05de\u05d7\u05d5\u05e7 \u05db\u05dc \u05d7\u05d5\u05de\u05e8 \u05e9\u05d4\u05d5\u05e8\u05d3\u05ea \u05e9\u05d1\u05e8\u05e9\u05d5\u05ea\u05da \u05d1\u05d9\u05df \u05d0\u05dd \u05d1\u05e4\u05d5\u05e8\u05de\u05d8 \u05d0\u05dc\u05e7\u05d8\u05e8\u05d5\u05e0\u05d9 \u05d0\u05d5 \u05de\u05d5\u05d3\u05e4\u05e1.<\/li>\n<\/ul>\n<h2 class=\"wp-block-heading\">\u05db\u05ea\u05d1 \u05d5\u05d9\u05ea\u05d5\u05e8<\/h2>\n<p>\u05d4\u05d7\u05d5\u05de\u05e8\u05d9\u05dd \u05d1\u05d0\u05ea\u05e8 \u05e9\u05dc Apps &amp; Tech \u05de\u05e1\u05d5\u05e4\u05e7\u05d9\u05dd &#039;\u05db\u05de\u05d5\u05ea \u05e9\u05d4\u05dd&#039;. Apps &amp; Tech \u05d0\u05d9\u05e0\u05dd \u05e0\u05d5\u05ea\u05e0\u05d9\u05dd \u05d0\u05d7\u05e8\u05d9\u05d5\u05ea, \u05de\u05e4\u05d5\u05e8\u05e9\u05ea \u05d0\u05d5 \u05de\u05e9\u05ea\u05de\u05e2\u05ea, \u05d5\u05de\u05d1\u05d8\u05dc\u05d9\u05dd \u05d1\u05d6\u05d0\u05ea \u05d0\u05ea \u05db\u05dc \u05d4\u05d0\u05d7\u05e8\u05d9\u05d5\u05ea \u05d4\u05d0\u05d7\u05e8\u05d5\u05ea, \u05dc\u05e8\u05d1\u05d5\u05ea, \u05dc\u05dc\u05d0 \u05d4\u05d2\u05d1\u05dc\u05d4, \u05d0\u05d7\u05e8\u05d9\u05d5\u05ea \u05de\u05e9\u05ea\u05de\u05e2\u05ea \u05d0\u05d5 \u05ea\u05e0\u05d0\u05d9\u05dd \u05e9\u05dc \u05e1\u05d7\u05d9\u05e8\u05d5\u05ea, \u05d4\u05ea\u05d0\u05de\u05d4 \u05dc\u05de\u05d8\u05e8\u05d4 \u05de\u05e1\u05d5\u05d9\u05de\u05ea, \u05d0\u05d5 \u05d0\u05d9-\u05d4\u05e4\u05e8\u05d4 \u05e9\u05dc \u05e7\u05e0\u05d9\u05d9\u05df \u05e8\u05d5\u05d7\u05e0\u05d9 \u05d0\u05d5 \u05d4\u05e4\u05e8\u05d4 \u05d0\u05d7\u05e8\u05ea \u05e9\u05dc \u05d6\u05db\u05d5\u05d9\u05d5\u05ea. .<\/p>\n<p>\u05d9\u05ea\u05e8 \u05e2\u05dc \u05db\u05df, Apps &amp; Tech \u05d0\u05d9\u05e0\u05d4 \u05de\u05ea\u05d7\u05d9\u05d9\u05d1\u05ea \u05d0\u05d5 \u05de\u05e6\u05d9\u05d2\u05d4 \u05de\u05e6\u05d2\u05d9\u05dd \u05db\u05dc\u05e9\u05d4\u05dd \u05d1\u05e0\u05d5\u05d2\u05e2 \u05dc\u05d3\u05d9\u05d5\u05e7, \u05d4\u05ea\u05d5\u05e6\u05d0\u05d5\u05ea \u05d4\u05e1\u05d1\u05d9\u05e8\u05d5\u05ea \u05d0\u05d5 \u05d4\u05de\u05d4\u05d9\u05de\u05e0\u05d5\u05ea \u05e9\u05dc \u05d4\u05e9\u05d9\u05de\u05d5\u05e9 \u05d1\u05d7\u05d5\u05de\u05e8\u05d9\u05dd \u05d1\u05d0\u05ea\u05e8 \u05d4\u05d0\u05d9\u05e0\u05d8\u05e8\u05e0\u05d8 \u05e9\u05dc\u05d4 \u05d0\u05d5 \u05d4\u05e7\u05e9\u05d5\u05e8\u05d9\u05dd \u05d0\u05d7\u05e8\u05ea \u05dc\u05d7\u05d5\u05de\u05e8\u05d9\u05dd \u05db\u05d0\u05dc\u05d4 \u05d0\u05d5 \u05d1\u05d0\u05ea\u05e8\u05d9\u05dd \u05d4\u05de\u05e7\u05d5\u05e9\u05e8\u05d9\u05dd \u05dc\u05d0\u05ea\u05e8 \u05d6\u05d4.<\/p>\n<h2 class=\"wp-block-heading\">\u05de\u05d2\u05d1\u05dc\u05d5\u05ea<\/h2>\n<p>\u05d1\u05e9\u05d5\u05dd \u05de\u05e7\u05e8\u05d4, Apps &amp; Tech \u05d0\u05d5 \u05d4\u05e1\u05e4\u05e7\u05d9\u05dd \u05e9\u05dc\u05d4 \u05dc\u05d0 \u05d9\u05d4\u05d9\u05d5 \u05d0\u05d7\u05e8\u05d0\u05d9\u05dd \u05dc\u05db\u05dc \u05e0\u05d6\u05e7 (\u05dc\u05e8\u05d1\u05d5\u05ea, \u05dc\u05dc\u05d0 \u05d4\u05d2\u05d1\u05dc\u05d4, \u05e0\u05d6\u05e7\u05d9\u05dd \u05d1\u05d2\u05d9\u05df \u05d0\u05d5\u05d1\u05d3\u05df \u05e0\u05ea\u05d5\u05e0\u05d9\u05dd \u05d0\u05d5 \u05e8\u05d5\u05d5\u05d7, \u05d0\u05d5 \u05e2\u05e7\u05d1 \u05d4\u05e4\u05e8\u05e2\u05d4 \u05e2\u05e1\u05e7\u05d9\u05ea) \u05d4\u05e0\u05d5\u05d1\u05e2\u05d9\u05dd \u05de\u05d4\u05e9\u05d9\u05de\u05d5\u05e9 \u05d0\u05d5 \u05d7\u05d5\u05e1\u05e8 \u05d4\u05d9\u05db\u05d5\u05dc\u05ea \u05dc\u05d4\u05e9\u05ea\u05de\u05e9 \u05d1\u05d7\u05d5\u05de\u05e8\u05d9\u05dd \u05d1-Apps &amp; Tech&#039;s. \u05d0\u05ea\u05e8 \u05d4\u05d0\u05d9\u05e0\u05d8\u05e8\u05e0\u05d8, \u05d2\u05dd \u05d0\u05dd Apps &amp; Tech \u05d0\u05d5 \u05e0\u05e6\u05d9\u05d2 \u05de\u05d5\u05e8\u05e9\u05d4 Apps &amp; Tech \u05e7\u05d9\u05d1\u05dc\u05d5 \u05d4\u05d5\u05d3\u05e2\u05d4 \u05d1\u05e2\u05dc \u05e4\u05d4 \u05d0\u05d5 \u05d1\u05db\u05ea\u05d1 \u05e2\u05dc \u05d4\u05d0\u05e4\u05e9\u05e8\u05d5\u05ea \u05e9\u05dc \u05e0\u05d6\u05e7\u05d9\u05dd \u05db\u05d0\u05dc\u05d4. \u05de\u05db\u05d9\u05d5\u05d5\u05df \u05e9\u05ea\u05d7\u05d5\u05de\u05d9 \u05e9\u05d9\u05e4\u05d5\u05d8 \u05de\u05e1\u05d5\u05d9\u05de\u05d9\u05dd \u05d0\u05d9\u05e0\u05dd \u05de\u05ea\u05d9\u05e8\u05d9\u05dd \u05d4\u05d2\u05d1\u05dc\u05d5\u05ea \u05e2\u05dc \u05d0\u05d7\u05e8\u05d9\u05d5\u05ea \u05de\u05e9\u05ea\u05de\u05e2\u05ea, \u05d0\u05d5 \u05d4\u05d2\u05d1\u05dc\u05d5\u05ea \u05e9\u05dc \u05d0\u05d7\u05e8\u05d9\u05d5\u05ea \u05dc\u05e0\u05d6\u05e7\u05d9\u05dd \u05ea\u05d5\u05e6\u05d0\u05ea\u05d9\u05d9\u05dd \u05d0\u05d5 \u05de\u05e7\u05e8\u05d9\u05d9\u05dd, \u05d9\u05d9\u05ea\u05db\u05df \u05e9\u05d4\u05d2\u05d1\u05dc\u05d5\u05ea \u05d0\u05dc\u05d4 \u05dc\u05d0 \u05d9\u05d7\u05d5\u05dc\u05d5 \u05e2\u05dc\u05d9\u05da.<\/p>\n<h2 class=\"wp-block-heading\">\u05d3\u05d9\u05d5\u05e7 \u05e9\u05dc \u05d7\u05d5\u05de\u05e8\u05d9\u05dd<\/h2>\n<p>\u05d4\u05d7\u05d5\u05de\u05e8\u05d9\u05dd \u05d4\u05de\u05d5\u05e4\u05d9\u05e2\u05d9\u05dd \u05d1\u05d0\u05ea\u05e8 \u05e9\u05dc Apps &amp; Tech \u05e2\u05e9\u05d5\u05d9\u05d9\u05dd \u05dc\u05db\u05dc\u05d5\u05dc \u05e9\u05d2\u05d9\u05d0\u05d5\u05ea \u05d8\u05db\u05e0\u05d9\u05d5\u05ea, \u05d3\u05e4\u05d5\u05e1\u05d9\u05d5\u05ea \u05d0\u05d5 \u05e6\u05d9\u05dc\u05d5\u05dd. Apps &amp; Tech \u05d0\u05d9\u05e0\u05d4 \u05de\u05ea\u05d7\u05d9\u05d9\u05d1\u05ea \u05e9\u05d7\u05d5\u05de\u05e8\u05d9\u05dd \u05db\u05dc\u05e9\u05d4\u05dd \u05d1\u05d0\u05ea\u05e8 \u05d4\u05d0\u05d9\u05e0\u05d8\u05e8\u05e0\u05d8 \u05e9\u05dc\u05d4 \u05de\u05d3\u05d5\u05d9\u05e7\u05d9\u05dd, \u05de\u05dc\u05d0\u05d9\u05dd \u05d0\u05d5 \u05e2\u05d3\u05db\u05e0\u05d9\u05d9\u05dd. Apps &amp; Tech \u05e8\u05e9\u05d0\u05d9\u05dd \u05dc\u05d1\u05e6\u05e2 \u05e9\u05d9\u05e0\u05d5\u05d9\u05d9\u05dd \u05d1\u05d7\u05d5\u05de\u05e8\u05d9\u05dd \u05d4\u05db\u05dc\u05d5\u05dc\u05d9\u05dd \u05d1\u05d0\u05ea\u05e8 \u05d4\u05d0\u05d9\u05e0\u05d8\u05e8\u05e0\u05d8 \u05e9\u05dc\u05d4 \u05d1\u05db\u05dc \u05e2\u05ea \u05dc\u05dc\u05d0 \u05d4\u05d5\u05d3\u05e2\u05d4 \u05de\u05d5\u05e7\u05d3\u05de\u05ea. \u05e2\u05dd \u05d6\u05d0\u05ea, Apps &amp; Tech \u05d0\u05d9\u05e0\u05dd \u05de\u05ea\u05d7\u05d9\u05d9\u05d1\u05d9\u05dd \u05dc\u05e2\u05d3\u05db\u05df \u05d0\u05ea \u05d4\u05d7\u05d5\u05de\u05e8\u05d9\u05dd.<\/p>\n<h2 class=\"wp-block-heading\">\u05e7\u05d9\u05e9\u05d5\u05e8\u05d9\u05dd<\/h2>\n<p>Apps &amp; Tech \u05dc\u05d0 \u05d1\u05d7\u05e0\u05d4 \u05d0\u05ea \u05db\u05dc \u05d4\u05d0\u05ea\u05e8\u05d9\u05dd \u05d4\u05de\u05e7\u05d5\u05e9\u05e8\u05d9\u05dd \u05dc\u05d0\u05ea\u05e8 \u05e9\u05dc\u05d4 \u05d5\u05d0\u05d9\u05e0\u05d4 \u05d0\u05d7\u05e8\u05d0\u05d9\u05ea \u05dc\u05ea\u05d5\u05db\u05df \u05e9\u05dc \u05db\u05dc \u05d0\u05ea\u05e8 \u05de\u05e7\u05d5\u05e9\u05e8. \u05d4\u05db\u05dc\u05dc\u05ea \u05db\u05dc \u05e7\u05d9\u05e9\u05d5\u05e8 \u05d0\u05d9\u05e0\u05d4 \u05de\u05e2\u05d9\u05d3\u05d4 \u05e2\u05dc \u05d0\u05d9\u05e9\u05d5\u05e8 \u05e9\u05dc Apps &amp; Tech \u05e9\u05dc \u05d4\u05d0\u05ea\u05e8. \u05d4\u05e9\u05d9\u05de\u05d5\u05e9 \u05d1\u05db\u05dc \u05d0\u05ea\u05e8 \u05de\u05e7\u05d5\u05e9\u05e8 \u05d4\u05d5\u05d0 \u05e2\u05dc \u05d0\u05d7\u05e8\u05d9\u05d5\u05ea \u05d4\u05de\u05e9\u05ea\u05de\u05e9 \u05d1\u05dc\u05d1\u05d3.<\/p>\n<h2 class=\"wp-block-heading\">\u05e9\u05d9\u05e0\u05d5\u05d9\u05d9\u05dd<\/h2>\n<p>Apps &amp; Tech \u05e8\u05e9\u05d0\u05d9\u05ea \u05dc\u05e9\u05e0\u05d5\u05ea \u05d0\u05ea \u05ea\u05e0\u05d0\u05d9 \u05d4\u05e9\u05d9\u05e8\u05d5\u05ea \u05e2\u05d1\u05d5\u05e8 \u05d4\u05d0\u05ea\u05e8 \u05e9\u05dc\u05d4 \u05d1\u05db\u05dc \u05e2\u05ea \u05dc\u05dc\u05d0 \u05d4\u05d5\u05d3\u05e2\u05d4 \u05de\u05d5\u05e7\u05d3\u05de\u05ea. \u05e2\u05dc \u05d9\u05d3\u05d9 \u05e9\u05d9\u05de\u05d5\u05e9 \u05d1\u05d0\u05ea\u05e8 \u05d6\u05d4, \u05d0\u05ea\u05d4 \u05de\u05e1\u05db\u05d9\u05dd \u05dc\u05d4\u05d9\u05d5\u05ea \u05de\u05d7\u05d5\u05d9\u05d1 \u05dc\u05d2\u05e8\u05e1\u05d4 \u05d4\u05e0\u05d5\u05db\u05d7\u05d9\u05ea \u05e9\u05dc \u05ea\u05e0\u05d0\u05d9 \u05e9\u05d9\u05e8\u05d5\u05ea \u05d0\u05dc\u05d4.<\/p>\n<p>\u05d7\u05d5\u05e7 \u05d7\u05dc \u05ea\u05e0\u05d0\u05d9\u05dd \u05d5\u05d4\u05d2\u05d1\u05dc\u05d5\u05ea \u05d0\u05dc\u05d4 \u05db\u05e4\u05d5\u05e4\u05d9\u05dd \u05dc\u05d7\u05d5\u05e7\u05d9\u05dd \u05e9\u05dc Apps &amp; Tech \u05d5\u05de\u05ea\u05e4\u05e8\u05e9\u05d9\u05dd \u05d1\u05d4\u05ea\u05d0\u05dd, \u05d5\u05d0\u05ea\u05d4 \u05e0\u05db\u05e0\u05e2 \u05d1\u05d0\u05d5\u05e4\u05df \u05d1\u05dc\u05ea\u05d9 \u05d4\u05e4\u05d9\u05da \u05dc\u05e1\u05de\u05db\u05d5\u05ea \u05d4\u05e9\u05d9\u05e4\u05d5\u05d8 \u05d4\u05d1\u05dc\u05e2\u05d3\u05d9\u05ea \u05e9\u05dc \u05d1\u05ea\u05d9 \u05d4\u05de\u05e9\u05e4\u05d8 \u05d1\u05d0\u05d5\u05ea\u05d4 \u05de\u05d3\u05d9\u05e0\u05d4 \u05d0\u05d5 \u05de\u05d9\u05e7\u05d5\u05dd.<\/p>\n<h2 id=\"lei-aplicavel\" class=\"wp-block-heading\">\u05d7\u05d5\u05e7 \u05d9\u05e9\u05d9\u05dd<\/h2>\n<p>\u05ea\u05e0\u05d0\u05d9\u05dd \u05d5\u05d4\u05d2\u05d1\u05dc\u05d5\u05ea \u05d0\u05dc\u05d5 \u05db\u05e4\u05d5\u05e4\u05d9\u05dd \u05d5\u05de\u05ea\u05e4\u05e8\u05e9\u05d9\u05dd \u05d1\u05d4\u05ea\u05d0\u05dd \u05dc\u05d7\u05d5\u05e7\u05d9 Apps &amp; Tech \u05d5\u05d0\u05ea\u05d4 \u05e0\u05db\u05e0\u05e2 \u05d1\u05d0\u05d5\u05e4\u05df \u05d1\u05dc\u05ea\u05d9 \u05d4\u05e4\u05d9\u05da \u05dc\u05e1\u05de\u05db\u05d5\u05ea \u05d4\u05e9\u05d9\u05e4\u05d5\u05d8 \u05d4\u05d1\u05dc\u05e2\u05d3\u05d9\u05ea \u05e9\u05dc \u05d1\u05ea\u05d9 \u05d4\u05de\u05e9\u05e4\u05d8 \u05d1\u05d0\u05d5\u05ea\u05d4 \u05de\u05d3\u05d9\u05e0\u05d4 \u05d0\u05d5 \u05de\u05d9\u05e7\u05d5\u05dd.<\/p>","protected":false},"excerpt":{"rendered":"<p>Termos de Uso do Apps &amp; Tech Ao acessar ao site Apps &amp; Tech, concorda em cumprir estes termos de servi\u00e7o, todas as leis e regulamentos aplic\u00e1veis e concorda que \u00e9 respons\u00e1vel pelo cumprimento de todas as leis locais aplic\u00e1veis. Se voc\u00ea n\u00e3o concordar com algum desses termos, est\u00e1 proibido de usar ou acessar este &#8230; <a title=\"\u05ea\u05e0\u05d0\u05d9 \u05e9\u05d9\u05de\u05d5\u05e9\" class=\"read-more\" href=\"https:\/\/appsntech.com\/he\/termos-de-uso\/\" aria-label=\"Read more about Termos de Uso\">\u05e7\u05e8\u05d0 \u05e2\u05d5\u05d3<\/a><\/p>","protected":false},"author":1,"featured_media":0,"parent":0,"menu_order":0,"comment_status":"closed","ping_status":"closed","template":"","meta":{"footnotes":""},"class_list":["post-47341","page","type-page","status-publish"],"_links":{"self":[{"href":"https:\/\/appsntech.com\/he\/wp-json\/wp\/v2\/pages\/47341","targetHints":{"allow":["GET"]}}],"collection":[{"href":"https:\/\/appsntech.com\/he\/wp-json\/wp\/v2\/pages"}],"about":[{"href":"https:\/\/appsntech.com\/he\/wp-json\/wp\/v2\/types\/page"}],"author":[{"embeddable":true,"href":"https:\/\/appsntech.com\/he\/wp-json\/wp\/v2\/users\/1"}],"replies":[{"embeddable":true,"href":"https:\/\/appsntech.com\/he\/wp-json\/wp\/v2\/comments?post=47341"}],"version-history":[{"count":1,"href":"https:\/\/appsntech.com\/he\/wp-json\/wp\/v2\/pages\/47341\/revisions"}],"predecessor-version":[{"id":47342,"href":"https:\/\/appsntech.com\/he\/wp-json\/wp\/v2\/pages\/47341\/revisions\/47342"}],"wp:attachment":[{"href":"https:\/\/appsntech.com\/he\/wp-json\/wp\/v2\/media?parent=47341"}],"curies":[{"name":"wp","href":"https:\/\/api.w.org\/{rel}","templated":true}]}}