{"id":47343,"date":"2024-11-05T00:54:52","date_gmt":"2024-11-05T00:54:52","guid":{"rendered":"https:\/\/appsntech.com\/?page_id=47343"},"modified":"2024-11-05T00:54:53","modified_gmt":"2024-11-05T00:54:53","slug":"adatvedelmi-szabalyzat","status":"publish","type":"page","link":"https:\/\/appsntech.com\/hu\/politica-de-privacidade\/","title":{"rendered":"Adatv\u00e9delmi szab\u00e1lyzat"},"content":{"rendered":"<p>Minden \u00f6sszegy\u0171jt\u00f6tt inform\u00e1ci\u00f3t felhaszn\u00e1lunk a weboldalunkon ny\u00fajtott \u00e9lm\u00e9ny jav\u00edt\u00e1s\u00e1ra. Az \u00f6sszegy\u0171jt\u00f6tt adatok tartalmazhatj\u00e1k az \u00d6n nev\u00e9t, e-mail c\u00edm\u00e9t, telefonsz\u00e1m\u00e1t \u00e9s\/vagy m\u00e1sokat.<\/p>\n<p>Az Apps &amp; Tech haszn\u00e1lata felt\u00e9telezi a jelen Adatv\u00e9delmi meg\u00e1llapod\u00e1s elfogad\u00e1s\u00e1t. Ha a felhaszn\u00e1l\u00f3 m\u00e9g r\u00e9szben sem \u00e9rt egyet a jelen Adatv\u00e9delmi szab\u00e1lyzatban foglalt felt\u00e9telekkel, nem \u00e9rheti el \u00e9s\/vagy nem haszn\u00e1lhatja az Apps &amp; Tech \u00e1ltal k\u00edn\u00e1lt tartalmat. A Felhaszn\u00e1l\u00f3 a weboldal haszn\u00e1lat\u00e1val tudom\u00e1sul veszi \u00e9s teljes m\u00e9rt\u00e9kben beleegyezik adatainak kezel\u00e9s\u00e9be, a jelen Adatkezel\u00e9si t\u00e1j\u00e9koztat\u00f3ban \u00e9s az \u00c1ltal\u00e1nos Felhaszn\u00e1l\u00e1si Felt\u00e9telekben foglaltaknak megfelel\u0151en.<\/p>\n<p>Fenntartjuk magunknak a jogot arra, hogy ezt az adatv\u00e9delmi szab\u00e1lyzatot b\u00e1rmikor, a Felhaszn\u00e1l\u00f3 hozz\u00e1j\u00e1rul\u00e1sa vagy \u00e9rtes\u00edt\u00e9se n\u00e9lk\u00fcl m\u00f3dos\u00edtsuk, ez\u00e9rt k\u00e9rj\u00fck, gyakran tekintse \u00e1t. A v\u00e1ltoztat\u00e1sok \u00e9s pontos\u00edt\u00e1sok a weboldalon val\u00f3 megjelen\u00e9st k\u00f6vet\u0151en azonnal hat\u00e1lyba l\u00e9pnek. Ha l\u00e9nyeges v\u00e1ltoztat\u00e1sokat hajtunk v\u00e9gre ezen a szab\u00e1lyzaton, akkor itt \u00e9rtes\u00edtj\u00fck a friss\u00edt\u00e9sr\u0151l, hogy tiszt\u00e1ban legyen azzal, hogy milyen inform\u00e1ci\u00f3kat gy\u0171jt\u00fcnk, hogyan haszn\u00e1ljuk azokat, \u00e9s milyen k\u00f6r\u00fclm\u00e9nyek k\u00f6z\u00f6tt haszn\u00e1ljuk \u00e9s\/vagy k\u00f6z\u00f6lj\u00fck, ha van ilyen. azt.<\/p>\n<p>Az Apps &amp; Tech tiszteletben tartja felhaszn\u00e1l\u00f3inak mag\u00e1n\u00e9let\u00e9t \u00e9s az adatok felhaszn\u00e1l\u00e1s\u00e1nak \u00e1tl\u00e1that\u00f3s\u00e1g\u00e1t. Adatv\u00e9delmi szab\u00e1lyzatunkat a nemzetk\u00f6zi \u00e9s nemzeti adatv\u00e9delmi szabv\u00e1nyoknak megfelel\u0151en k\u00e9sz\u00edtett\u00fck.<\/p>\n<p>Ezt az adatv\u00e9delmi szab\u00e1lyzatot az Apps &amp; Tech \u00c1ltal\u00e1nos Felhaszn\u00e1l\u00e1si Felt\u00e9teleivel egy\u00fctt kell olvasni \u00e9s \u00e9rtelmezni, amelyek a k\u00f6vetkez\u0151 c\u00edmen \u00e9rhet\u0151k el. <a href=\"https:\/\/appsntech.com\/hu\/felhasznalasi-feltetelek\/\">https:\/\/appsntech.com\/termos-de-uso\/<\/a><\/p>\n<h2 class=\"wp-block-heading\">\u00c1ltal\u00e1nos inform\u00e1ci\u00f3k a felhaszn\u00e1l\u00f3k sz\u00e1m\u00e1ra <\/h2>\n<p>Az Apps &amp; Tech c\u00e9lja, hogy inform\u00e1ci\u00f3kat osszon meg Felhaszn\u00e1l\u00f3ival, \u00edgy mindenki sz\u00e1m\u00e1ra el\u00e9rhet\u0151v\u00e9 tegye a tud\u00e1st. A felhaszn\u00e1l\u00f3 el\u0151zetes regisztr\u00e1ci\u00f3 n\u00e9lk\u00fcl b\u00f6ng\u00e9szhet az Apps &amp; Tech webhelyen.<\/p>\n<p>Az Apps &amp; Tech k\u00f6veti a nemzetk\u00f6zi biztons\u00e1gi norm\u00e1kat \u00e9s szabv\u00e1nyokat az adatt\u00e1rol\u00e1s, v\u00e9delem, adatv\u00e9delem \u00e9s adattov\u00e1bb\u00edt\u00e1s ter\u00e9n, kiemelve, hogy az adatt\u00e1rol\u00e1s, -v\u00e9delem, adatv\u00e9delem \u00e9s -tov\u00e1bb\u00edt\u00e1s egyetlen m\u00f3dszere sem 100% biztons\u00e1gos \u00e9s s\u00e9rthetetlen.<\/p>\n<p>Az Apps &amp; Tech olyan gyakorlatokat \u00e9s technol\u00f3gi\u00e1kat alkalmaz, amelyeket folyamatosan fel\u00fclvizsg\u00e1lnak \u00e9s fejlesztenek a nemzeti \u00e9s k\u00fclf\u00f6ldi m\u0171szaki \u00e9s szab\u00e1lyoz\u00e1si fejl\u0151d\u00e9snek megfelel\u0151en. Amikor v\u00e9delemr\u0151l besz\u00e9l\u00fcnk, az \u00d6n adataihoz val\u00f3 jogosulatlan hozz\u00e1f\u00e9r\u00e9sre, felhaszn\u00e1l\u00e1sra, megv\u00e1ltoztat\u00e1sra, nyilv\u00e1noss\u00e1gra hozatalra vagy megsemmis\u00edt\u00e9sre gondolunk. Ennek megakad\u00e1lyoz\u00e1sa \u00e9rdek\u00e9ben olyan int\u00e9zked\u00e9sekbe fektet\u00fcnk be, amelyek magukban foglalj\u00e1k a titkos\u00edtott kommunik\u00e1ci\u00f3t, a hozz\u00e1f\u00e9r\u00e9s-ellen\u0151rz\u00e9st, a biztons\u00e1gos szoftverfejleszt\u00e9s betart\u00e1s\u00e1t, a bels\u0151 megfelel\u0151s\u00e9gi ir\u00e1nyelveket, valamint az elsz\u00e1moltathat\u00f3s\u00e1got \u00e9s a kock\u00e1zatcs\u00f6kkent\u0151 int\u00e9zked\u00e9seket, amelyek lehet\u0151v\u00e9 teszik az adatok \u00e9letciklus\u00e1nak biztons\u00e1g\u00e1t. A felhaszn\u00e1l\u00f3i inform\u00e1ci\u00f3kat biztons\u00e1gos, elismert \u00e9s nemzetk\u00f6zileg elismert adatb\u00e1zisok is t\u00e1rolj\u00e1k.<\/p>\n<p>Az Apps &amp; Tech semmilyen k\u00f6r\u00fclm\u00e9nyek k\u00f6z\u00f6tt nem k\u00e9r p\u00e9nz\u00f6sszegeket b\u00e1rmilyen t\u00edpus\u00fa term\u00e9k kiad\u00e1s\u00e1\u00e9rt, b\u00e1rmi legyen is az. Ha ez megt\u00f6rt\u00e9nik, azonnal \u00e9rtes\u00edtsen benn\u00fcnket.<\/p>\n<p>Azon dolgozunk, hogy minden inform\u00e1ci\u00f3 a lehet\u0151 legfrissebb legyen. \u00c9rdemes azonban megjegyezni, hogy ezek az inform\u00e1ci\u00f3k elt\u00e9rhetnek egy adott weboldal int\u00e9zm\u00e9nyeinek vagy szolg\u00e1ltat\u00f3inak weboldalain tal\u00e1lhat\u00f3 inform\u00e1ci\u00f3kt\u00f3l. Az inform\u00e1ci\u00f3k pontoss\u00e1g\u00e1\u00e9rt vagy id\u0151szer\u0171s\u00e9g\u00e9\u00e9rt nem v\u00e1llalunk garanci\u00e1t. Mindig ne felejtse el elolvasni a v\u00e1lasztott int\u00e9zm\u00e9nyek haszn\u00e1lati felt\u00e9teleit \u00e9s felt\u00e9teleit. Kis \u00f6sszeget kapunk a weboldalunkon megjelen\u0151 hirdet\u00e9sekb\u0151l \u00e9s a partnereinkt\u0151l, amikor egy term\u00e9ket vagy aj\u00e1nlatot k\u00e9r\u0151 felhaszn\u00e1l\u00f3t ir\u00e1ny\u00edtunk. Minden, amit k\u00f6zz\u00e9tesz\u00fcnk, az egyes term\u00e9kek mennyis\u00e9gi \u00e9s min\u0151s\u00e9gi \u00e9rt\u00e9kel\u00e9s\u00e9n alapul. \u00c9rdemes megjegyezni, hogy partnereink k\u00f6zvetlen\u00fcl befoly\u00e1solhatj\u00e1k az \u00e1ltalunk \u00edrt \u00e9s v\u00e9lem\u00e9nyezett term\u00e9keket, valamint a \u201elegjobb\u201d cikkek sorrendj\u00e9t \u00e9s a term\u00e9kelhelyez\u00e9st az Apps &amp; Tech oldalon. Tekintettel a weboldalunkon tal\u00e1lhat\u00f3 inform\u00e1ci\u00f3k mennyis\u00e9g\u00e9re, semmif\u00e9le garanci\u00e1t nem v\u00e1llalunk az inform\u00e1ci\u00f3k min\u0151s\u00e9g\u00e9re \u00e9s aktualit\u00e1s\u00e1ra vonatkoz\u00f3an; Ez\u00e9rt el\u0151nyben r\u00e9szes\u00edtj\u00fck a partnereinkt\u0151l sz\u00e1rmaz\u00f3 inform\u00e1ci\u00f3kat.<\/p>\n<p>Az \u00d6n szem\u00e9lyes adatainak v\u00e9delme \u00e9rdek\u00e9ben \u00e9sszer\u0171 \u00f3vint\u00e9zked\u00e9seket tesz\u00fcnk, \u00e9s k\u00f6vetj\u00fck az ipar\u00e1g legjobb gyakorlatait annak \u00e9rdek\u00e9ben, hogy ne vesszenek el, ne haszn\u00e1lhassanak vissza, ne f\u00e9rjenek hozz\u00e1, ne ker\u00fcljenek nyilv\u00e1noss\u00e1gra, m\u00f3dosuljanak vagy semmis\u00fcljenek meg.<\/p>\n<h2 class=\"wp-block-heading\">Hivatkoz\u00e1sok harmadik felek webhelyeire <\/h2>\n<p>Az Apps &amp; Tech m\u00e1s webhelyekre mutat\u00f3 hivatkoz\u00e1sokat tartalmaz, amelyek v\u00e9lem\u00e9ny\u00fcnk szerint hasznos inform\u00e1ci\u00f3kat\/eszk\u00f6z\u00f6ket tartalmazhatnak l\u00e1togat\u00f3ink sz\u00e1m\u00e1ra. Adatv\u00e9delmi szab\u00e1lyzatunk nem vonatkozik harmadik felek webhelyeire. Nem v\u00e1llalunk felel\u0151ss\u00e9get az adatv\u00e9delmi szab\u00e1lyzat\u00e9rt vagy az ugyanezen webhelyeken tal\u00e1lhat\u00f3 tartalom\u00e9rt. Az Apps &amp; Tech semmif\u00e9le ellen\u0151rz\u00e9st nem gyakorol felett\u00fck, ez\u00e9rt mentes\u00fcl minden felel\u0151ss\u00e9g al\u00f3l a Felhaszn\u00e1l\u00f3 \u00e9s a webhelyen hirdetett harmadik f\u00e9l term\u00e9kei \u00e9s szolg\u00e1ltat\u00e1sai k\u00f6z\u00f6tti kapcsolatokban.<\/p>\n<p>Amint elhagyja webhely\u00fcnket, vagy \u00e1tir\u00e1ny\u00edtj\u00e1k egy harmadik f\u00e9l webhely\u00e9re vagy alkalmaz\u00e1s\u00e1ra, a tov\u00e1bbiakban nem vonatkozik \u00d6nre sem a jelen Adatv\u00e9delmi szab\u00e1lyzat, sem a weboldalunk szolg\u00e1ltat\u00e1si felt\u00e9telei.<\/p>\n<p>Ha a feliratkoz\u00e1s ut\u00e1n meggondolja mag\u00e1t, b\u00e1rmikor visszavonhatja hozz\u00e1j\u00e1rul\u00e1s\u00e1t ahhoz, hogy kapcsolatba l\u00e9phess\u00fcnk \u00d6nnel az adatai tov\u00e1bbi gy\u0171jt\u00e9se, felhaszn\u00e1l\u00e1sa vagy k\u00f6zz\u00e9t\u00e9tele c\u00e9lj\u00e1b\u00f3l, ha kapcsolatba l\u00e9p vel\u00fcnk a contato@appsntech.com e-mail c\u00edmen.<\/p>\n<h2 class=\"wp-block-heading\">Nem szem\u00e9lyes adatok <\/h2>\n<p>Ha a felhaszn\u00e1l\u00f3k nem k\u00e9rnek ingyenes tartalmat az Apps &amp; Tech-t\u0151l (t\u00f6bbek k\u00f6z\u00f6tt e-k\u00f6nyvek, vet\u00e9lked\u0151k, cikkek, infografik\u00e1k), nem szem\u00e9lyes adatok nyomon k\u00f6vethet\u0151k \u00e9s gy\u0171jthet\u0151k, amelyek t\u00f6bbek k\u00f6z\u00f6tt jelzik, hogy a webhely mely oldalait l\u00e1togatt\u00e1k meg, mikor t\u00f6bbek k\u00f6z\u00f6tt felkerest\u00e9k \u0151ket, mely hiperhivatkoz\u00e1sokra kattintottak, mely tartalmakat, szolg\u00e1ltat\u00e1sokat k\u00e9rtek vagy aj\u00e1nlottak.<\/p>\n<h2 class=\"wp-block-heading\">Cookie-k <\/h2>\n<p>A Google, mint harmadik f\u00e9l sz\u00e1ll\u00edt\u00f3, cookie-kat haszn\u00e1l a hirdet\u00e9sek megjelen\u00edt\u00e9s\u00e9hez. A DART cookie seg\u00edts\u00e9g\u00e9vel a Google hirdet\u00e9seket jelen\u00edthet meg az \u00d6n m\u00e1s internetes webhelyein tett l\u00e1togat\u00e1sai alapj\u00e1n. A felhaszn\u00e1l\u00f3k letilthatj\u00e1k a DART cookie-t a Google hirdet\u00e9si \u00e9s tartalmi h\u00e1l\u00f3zat\u00e1nak adatv\u00e9delmi szab\u00e1lyzat\u00e1ban.<\/p>\n<p>Az Apps &amp; Tech cookie-kat haszn\u00e1l az adatok \u00e9s az IP (Internet Protocol) azonos\u00edt\u00e1si inform\u00e1ci\u00f3k \u00f6sszegy\u0171jt\u00e9s\u00e9re, hogy megk\u00f6nny\u00edtse a felhaszn\u00e1l\u00f3i navig\u00e1ci\u00f3t, \u00e9s seg\u00edtsen garant\u00e1lni az adatok biztons\u00e1g\u00e1t, v\u00e9delm\u00e9t \u00e9s hiteless\u00e9g\u00e9t.<\/p>\n<p>Ezen t\u00falmen\u0151en weboldalunkon harmadik felek hirdet\u00e9seit is felhaszn\u00e1ljuk a karbantart\u00e1si k\u00f6lts\u00e9gek fedez\u00e9s\u00e9re. Ezen hirdet\u0151k n\u00e9melyike olyan technol\u00f3gi\u00e1kat haszn\u00e1lhat, mint p\u00e9ld\u00e1ul a cookie-k, amikor weboldalunkon hirdetnek, ami azt jelenti, hogy ezek a hirdet\u0151k (p\u00e9ld\u00e1ul a Google a Google AdSense-en \u00e9s az Ad Exchange-en kereszt\u00fcl) az \u00d6n szem\u00e9lyes adatait is megkapj\u00e1k, p\u00e9ld\u00e1ul az \u00d6n IP-c\u00edm\u00e9t, internetszolg\u00e1ltat\u00f3j\u00e1t, a b\u00f6ng\u00e9sz\u0151d stb. Ezt a funkci\u00f3t \u00e1ltal\u00e1ban f\u00f6ldrajzi c\u00e9lz\u00e1shoz haszn\u00e1lj\u00e1k (az \u00d6n f\u00f6ldrajzi elhelyezked\u00e9se alapj\u00e1n \u00e9rtelmes hirdet\u00e9sek megjelen\u00edt\u00e9s\u00e9re).<\/p>\n<p>A Felhaszn\u00e1l\u00f3 b\u00e1rmikor m\u00f3dos\u00edthatja, hogy elfogadja-e a cookie-kat a b\u00f6ng\u00e9sz\u0151 konfigur\u00e1ci\u00f3j\u00e1ban, figyelembe v\u00e9ve, hogy a cookie-k b\u00f6ng\u00e9sz\u00e9s\u00e9nek letilt\u00e1sa az Apps &amp; Tech bizonyos funkci\u00f3inak k\u00e1rosod\u00e1s\u00e1t okozhatja.<\/p>\n<h2 class=\"wp-block-heading\">Szem\u00e9lyazonos\u00edt\u00e1sra alkalmas adatok <\/h2>\n<p>Az Apps &amp; Tech ingyenes tartalmaihoz, p\u00e9ld\u00e1ul cikkekhez, e-k\u00f6nyvekhez, kv\u00edzekhez val\u00f3 hozz\u00e1f\u00e9r\u00e9shez a felhaszn\u00e1l\u00f3nak meg kell adnia n\u00e9h\u00e1ny azonos\u00edthat\u00f3 szem\u00e9lyes adatot, nevezetesen: e-mail-c\u00edmet \u00e9s teljes nevet.<\/p>\n<p>Az Apps &amp; Tech \u00e1ltal feldolgozott, szem\u00e9lyazonos\u00edt\u00e1sra alkalmas adatok c\u00e9ljai a k\u00f6vetkez\u0151k:<\/p>\n<p>\u2013 A Felhaszn\u00e1l\u00f3 helyes \u00e9s pontos azonos\u00edt\u00e1sa, ez\u00e1ltal nagyobb biztons\u00e1got \u00e9s v\u00e9delmet biztos\u00edtva maguknak a Felhaszn\u00e1l\u00f3knak;<\/p>\n<p>\u2013 Hozz\u00e1f\u00e9r\u00e9s az Apps &amp; Tech \u00e1ltal el\u00e9rhet\u0151v\u00e9 tett szolg\u00e1ltat\u00e1sokhoz \u00e9s term\u00e9kekhez;<\/p>\n<p>\u2013 Felhaszn\u00e1l\u00f3i profilok elemz\u00e9se az Apps &amp; Tech \u00e1ltal azzal a c\u00e9llal, hogy a legjobb term\u00e9keket \u00e9s inform\u00e1ci\u00f3kat jel\u00f6lje meg val\u00f3s ig\u00e9nyeik \u00e9s val\u00f3s\u00e1guk szerint.<\/p>\n<p>A Felhaszn\u00e1l\u00f3 profilj\u00e1nak m\u00e9g pontosabb elemz\u00e9se \u00e9rdek\u00e9ben az Apps &amp; Tech kutat\u00e1sokat v\u00e9gezhet, hogy t\u00f6bb \u00e9s jobb inform\u00e1ci\u00f3t szerezzen \u00d6nr\u0151l, \u00e9s ez\u00e1ltal szem\u00e9lyre szabott term\u00e9keket \u00e9s szolg\u00e1ltat\u00e1sokat jelezzen az egyes Felhaszn\u00e1l\u00f3k preferenci\u00e1inak \u00e9s ig\u00e9nyeinek megfelel\u0151en.<\/p>\n<p>Ily m\u00f3don az Apps &amp; Tech \u00e9s a partnerc\u00e9gek megh\u00edvhatj\u00e1k a felhaszn\u00e1l\u00f3kat el\u00e9gedetts\u00e9gi felm\u00e9r\u00e9sekre, ahol e-maileket k\u00fcldenek a sz\u00fcks\u00e9ges \u00fatmutat\u00e1sokkal. Az \u00f6sszegy\u0171jt\u00f6tt adatokat azzal a f\u0151 c\u00e9llal haszn\u00e1ljuk fel, hogy az Apps &amp; Tech \u00e9s a partnerc\u00e9gek \u00e1ltal k\u00edn\u00e1lt rendszerekben, term\u00e9kekben, tartalmakban \u00e9s szolg\u00e1ltat\u00e1sokban jav\u00edtsunk.<\/p>\n<p>Ha egy felhaszn\u00e1l\u00f3 felveszi vel\u00fcnk a kapcsolatot probl\u00e9ma bejelent\u00e9se, k\u00e9rd\u00e9s vagy t\u00e1mogat\u00e1s k\u00e9r\u00e9se \u00e9rdek\u00e9ben, akkor \u00f6sszegy\u0171jtj\u00fck \u00e9s t\u00e1roljuk a felhaszn\u00e1l\u00f3 el\u00e9rhet\u0151s\u00e9geit, valamint a megfelel\u0151 \u00fczeneteket \u00e9s egy\u00e9b adatokat, amelyek a probl\u00e9ma vagy k\u00e9rd\u00e9s kivizsg\u00e1l\u00e1s\u00e1hoz sz\u00fcks\u00e9gesek. Ezeket az adatokat az \u00f6sszegy\u0171jt\u00f6tt inform\u00e1ci\u00f3k alapj\u00e1n felmer\u00fcl\u0151 k\u00e9rd\u00e9sek megold\u00e1s\u00e1ra, a k\u00e9ts\u00e9gek megold\u00e1s\u00e1ra, a probl\u00e9m\u00e1k kijav\u00edt\u00e1s\u00e1ra \u00e9s a rendszer fejleszt\u00e9s\u00e9re haszn\u00e1ljuk fel, tov\u00e1bb jav\u00edtva ezzel az Apps &amp; Tech felhaszn\u00e1l\u00f3i \u00e9lm\u00e9ny\u00e9t.<\/p>\n<h2 class=\"wp-block-heading\">Az adatmegoszt\u00e1sr\u00f3l <\/h2>\n<p>Az Apps &amp; Tech nem \u00e9rt\u00e9kes\u00edti a Felhaszn\u00e1l\u00f3k adatait vagy szem\u00e9lyes adatait, de megoszthatja azokat partnerc\u00e9gekkel abb\u00f3l a c\u00e9lb\u00f3l, hogy megjel\u00f6lhesse a profiljuknak \u00e9s ig\u00e9nyeiknek legink\u00e1bb megfelel\u0151 term\u00e9keket \u00e9s szolg\u00e1ltat\u00e1sokat, vagy hogy az \u00e1ltala k\u00e9rt term\u00e9keket \u00e9s\/vagy szolg\u00e1ltat\u00e1sokat ny\u00fajthassa. a Felhaszn\u00e1l\u00f3.<\/p>\n<p>Az Apps &amp; Tech fenntartja a jogot, hogy seg\u00edts\u00e9get ny\u00fajtson vagy egy\u00fcttm\u0171k\u00f6dj\u00f6n b\u00e1rmely igazs\u00e1g\u00fcgyi hat\u00f3s\u00e1ggal vagy korm\u00e1nyzati szervvel, \u00e9s megoszthatja a Felhaszn\u00e1l\u00f3k szem\u00e9lyazonos\u00edt\u00e1sra alkalmas adatait a k\u00f6vetkez\u0151k \u00e9rdek\u00e9ben: a) t\u00f6rv\u00e9nyes jogaik meg\u00e1llap\u00edt\u00e1sa vagy gyakorl\u00e1sa; b) v\u00e9dik ingatlanaikat; c) ha \u00fagy \u00edt\u00e9li meg, hogy az \u00d6n seg\u00edts\u00e9ge vagy egy\u00fcttm\u0171k\u00f6d\u00e9se sz\u00fcks\u00e9ges Felhaszn\u00e1l\u00f3inak, egy\u00fcttm\u0171k\u00f6d\u0151inek, rendszergazd\u00e1inak vagy b\u00e1rkinek, akit a cselekv\u00e9s vagy mulaszt\u00e1s k\u00e1ros\u00edt.<\/p>\n<h2 class=\"wp-block-heading\">A kezeletlen \u00e9s \u00f6ssze nem gy\u0171jt\u00f6tt adatokr\u00f3l <\/h2>\n<p>Az Apps &amp; Tech nem kezeli a 13 (tizenh\u00e1rom) \u00e9v alatti gyermekek szem\u00e9lyes adatait sz\u00fcleik vagy t\u00f6rv\u00e9nyes gy\u00e1mjuk el\u0151zetes enged\u00e9lye n\u00e9lk\u00fcl.<\/p>\n<p>Ha 13 (tizenh\u00e1rom) \u00e9v alatti gyermekek szem\u00e9lyes adatait nem sz\u00e1nd\u00e9kosan gy\u0171jtik \u00e9s dolgozz\u00e1k fel sz\u00fcleik vagy t\u00f6rv\u00e9nyes gy\u00e1mjuk kifejezett enged\u00e9lye n\u00e9lk\u00fcl, az Apps &amp; Tech minden \u00f6sszegy\u0171jt\u00f6tt adatot mindenf\u00e9le el\u0151zetes \u00e9rtes\u00edt\u00e9s n\u00e9lk\u00fcl t\u00f6r\u00f6l. .<\/p>\n<p>Ha a Felhaszn\u00e1l\u00f3 tudom\u00e1st szerez arr\u00f3l, hogy t\u00e9ved\u00e9sb\u0151l kezelt\u00fck gyermek adatait, k\u00e9rj\u00fck, halad\u00e9ktalanul vegye fel vel\u00fcnk a kapcsolatot e-mailben <a>contato@appsntech.com<\/a>, hogy meg tudjuk tenni a sz\u00fcks\u00e9ges int\u00e9zked\u00e9seket.<\/p>","protected":false},"excerpt":{"rendered":"<p>Todas as informa\u00e7\u00f5es recolhidas ser\u00e3o utilizadas para melhorar sua experi\u00eancia dentro do nosso site. As informa\u00e7\u00f5es recolhidas podem incluir o seu nome, email, n\u00famero de telefone e\/ou outros. O uso do Apps &#038; Tech pressup\u00f5e a aceita\u00e7\u00e3o deste Acordo de Privacidade. Caso o usu\u00e1rio n\u00e3o concorde, ainda que em parte, com os termos e condi\u00e7\u00f5es &#8230; <a title=\"Adatv\u00e9delmi szab\u00e1lyzat\" class=\"read-more\" href=\"https:\/\/appsntech.com\/hu\/politica-de-privacidade\/\" aria-label=\"Read more about Politica de Privacidade\">b\u0151vebben<\/a><\/p>","protected":false},"author":1,"featured_media":0,"parent":0,"menu_order":0,"comment_status":"closed","ping_status":"closed","template":"","meta":{"footnotes":""},"class_list":["post-47343","page","type-page","status-publish"],"_links":{"self":[{"href":"https:\/\/appsntech.com\/hu\/wp-json\/wp\/v2\/pages\/47343","targetHints":{"allow":["GET"]}}],"collection":[{"href":"https:\/\/appsntech.com\/hu\/wp-json\/wp\/v2\/pages"}],"about":[{"href":"https:\/\/appsntech.com\/hu\/wp-json\/wp\/v2\/types\/page"}],"author":[{"embeddable":true,"href":"https:\/\/appsntech.com\/hu\/wp-json\/wp\/v2\/users\/1"}],"replies":[{"embeddable":true,"href":"https:\/\/appsntech.com\/hu\/wp-json\/wp\/v2\/comments?post=47343"}],"version-history":[{"count":1,"href":"https:\/\/appsntech.com\/hu\/wp-json\/wp\/v2\/pages\/47343\/revisions"}],"predecessor-version":[{"id":47344,"href":"https:\/\/appsntech.com\/hu\/wp-json\/wp\/v2\/pages\/47343\/revisions\/47344"}],"wp:attachment":[{"href":"https:\/\/appsntech.com\/hu\/wp-json\/wp\/v2\/media?parent=47343"}],"curies":[{"name":"wp","href":"https:\/\/api.w.org\/{rel}","templated":true}]}}