{"id":47347,"date":"2024-11-05T00:56:12","date_gmt":"2024-11-05T00:56:12","guid":{"rendered":"https:\/\/appsntech.com\/?page_id=47347"},"modified":"2024-11-05T00:56:12","modified_gmt":"2024-11-05T00:56:12","slug":"kik-vagyunk","status":"publish","type":"page","link":"https:\/\/appsntech.com\/hu\/quem-somos\/","title":{"rendered":"Kik vagyunk"},"content":{"rendered":"<p>Az Apps &amp; Tech egy 2024-ben l\u00e9trehozott technol\u00f3giai webhely azzal a c\u00e9llal, hogy inform\u00e1ci\u00f3kat \u00e9s tippeket adjon a digit\u00e1lis vil\u00e1ghoz kapcsol\u00f3d\u00f3 alkalmaz\u00e1sokr\u00f3l, p\u00e9nz\u00fcgyekr\u0151l \u00e9s egy\u00e9b t\u00e9m\u00e1kr\u00f3l. Hisz\u00fcnk abban, hogy a technol\u00f3gia hat\u00e9kony eszk\u00f6z az \u00e9letek \u00e9s a v\u00e1llalkoz\u00e1sok \u00e1talak\u00edt\u00e1s\u00e1hoz, \u00e9s szeretn\u00e9nk seg\u00edteni olvas\u00f3inknak, hogy naprak\u00e9szek maradjanak, \u00e9s a legt\u00f6bbet hozz\u00e1k ki ezekb\u0151l az eszk\u00f6z\u00f6kb\u0151l.<\/p>\n\n\n\n<p>Az Apps &amp; Tech oldalon technol\u00f3giai szak\u00e9rt\u0151k \u00e1ltal \u00edrt cikkeket \u00e9s oktat\u00f3anyagokat, valamint term\u00e9k- \u00e9s szolg\u00e1ltat\u00e1s\u00e9rt\u00e9kel\u00e9seket \u00e9s \u00e9rt\u00e9kel\u00e9seket tal\u00e1l. Tippeket \u00e9s tr\u00fckk\u00f6ket is k\u00edn\u00e1lunk, amelyek seg\u00edts\u00e9g\u00e9vel a legt\u00f6bbet hozhatja ki mobileszk\u00f6zeib\u0151l \u00e9s alkalmaz\u00e1saib\u00f3l.<\/p>\n\n\n\n<p>Csapatunk technol\u00f3giai szak\u00e9rt\u0151kb\u0151l, \u00fajs\u00e1g\u00edr\u00f3kb\u00f3l \u00e9s \u00edr\u00f3kb\u00f3l \u00e1ll, akik mindannyian elk\u00f6telezettek amellett, hogy j\u00f3 min\u0151s\u00e9g\u0171 \u00e9s pontos tartalmat biztos\u00edtsanak olvas\u00f3inknak. Hisz\u00fcnk abban, hogy a technol\u00f3gia hat\u00e9kony eszk\u00f6z az \u00e9letek \u00e9s a v\u00e1llalkoz\u00e1sok \u00e1talak\u00edt\u00e1s\u00e1ra, \u00e9s c\u00e9lunk, hogy seg\u00edts\u00fck olvas\u00f3inkat naprak\u00e9szen tartani \u00e9s a legt\u00f6bbet kihozni ezekb\u0151l az eszk\u00f6z\u00f6kb\u0151l.<\/p>\n\n\n\n<p>A tartalom mellett lehet\u0151s\u00e9get k\u00edn\u00e1lunk olvas\u00f3inknak, hogy k\u00f6z\u00f6ss\u00e9gi m\u00e9dia csatorn\u00e1inkon \u00e9s vitaf\u00f3rumainkon kereszt\u00fcl kapcsolatba l\u00e9phessenek m\u00e1s technol\u00f3giai rajong\u00f3kkal. \u00c9rt\u00e9kelj\u00fck olvas\u00f3ink v\u00e9lem\u00e9ny\u00e9t, \u00e9s mindig nyitottak vagyunk javaslatainkra \u00e9s visszajelz\u00e9seinkre szolg\u00e1ltat\u00e1saink fejleszt\u00e9se \u00e9rdek\u00e9ben.<\/p>\n\n\n\n<p>K\u00f6vessen minket, \u00e9s naprak\u00e9sz legyen a technol\u00f3gia vil\u00e1g\u00e1nak leg\u00fajabb trendjeivel \u00e9s h\u00edreivel. K\u00f6sz\u00f6nj\u00fck, hogy megl\u00e1togatta weboldalunkat, \u00e9s rem\u00e9lj\u00fck, hamarosan \u00fajra tal\u00e1lkozunk!<\/p>","protected":false},"excerpt":{"rendered":"<p>O Apps &amp; Tech \u00e9 um site de tecnologia criado em 2024 com o objetivo de fornecer informa\u00e7\u00f5es e dicas sobre aplicativos, finan\u00e7as e outros assuntos relacionados ao mundo digital. N\u00f3s acreditamos que a tecnologia \u00e9 uma ferramenta poderosa para transformar vidas e empresas, e queremos ajudar nossos leitores a se manterem atualizados e aproveitar &#8230; <a title=\"Kik vagyunk\" class=\"read-more\" href=\"https:\/\/appsntech.com\/hu\/quem-somos\/\" aria-label=\"Read more about Quem somos\">b\u0151vebben<\/a><\/p>","protected":false},"author":1,"featured_media":0,"parent":0,"menu_order":0,"comment_status":"closed","ping_status":"closed","template":"","meta":{"footnotes":""},"class_list":["post-47347","page","type-page","status-publish"],"_links":{"self":[{"href":"https:\/\/appsntech.com\/hu\/wp-json\/wp\/v2\/pages\/47347","targetHints":{"allow":["GET"]}}],"collection":[{"href":"https:\/\/appsntech.com\/hu\/wp-json\/wp\/v2\/pages"}],"about":[{"href":"https:\/\/appsntech.com\/hu\/wp-json\/wp\/v2\/types\/page"}],"author":[{"embeddable":true,"href":"https:\/\/appsntech.com\/hu\/wp-json\/wp\/v2\/users\/1"}],"replies":[{"embeddable":true,"href":"https:\/\/appsntech.com\/hu\/wp-json\/wp\/v2\/comments?post=47347"}],"version-history":[{"count":1,"href":"https:\/\/appsntech.com\/hu\/wp-json\/wp\/v2\/pages\/47347\/revisions"}],"predecessor-version":[{"id":47348,"href":"https:\/\/appsntech.com\/hu\/wp-json\/wp\/v2\/pages\/47347\/revisions\/47348"}],"wp:attachment":[{"href":"https:\/\/appsntech.com\/hu\/wp-json\/wp\/v2\/media?parent=47347"}],"curies":[{"name":"wp","href":"https:\/\/api.w.org\/{rel}","templated":true}]}}