{"id":47341,"date":"2024-11-05T00:53:27","date_gmt":"2024-11-05T00:53:27","guid":{"rendered":"https:\/\/appsntech.com\/?page_id=47341"},"modified":"2024-11-05T00:53:27","modified_gmt":"2024-11-05T00:53:27","slug":"termini-di-utilizzo","status":"publish","type":"page","link":"https:\/\/appsntech.com\/it\/termos-de-uso\/","title":{"rendered":"Termini di utilizzo"},"content":{"rendered":"<h2 class=\"wp-block-heading\">Termini di utilizzo di app e tecnologia<\/h2>\n<p>Accedendo al sito Web Apps &amp; Tech, accetti di essere vincolato dai presenti termini di servizio, da tutte le leggi e i regolamenti applicabili e accetti di essere responsabile del rispetto di tutte le leggi locali applicabili. Se non sei d&#039;accordo con uno qualsiasi di questi termini, ti \u00e8 vietato utilizzare o accedere a questo sito. I materiali contenuti in questo sito sono protetti dalle leggi applicabili sul copyright e sui marchi.<\/p>\n<h2 class=\"wp-block-heading\">Utilizzo della licenza<\/h2>\n<p>\u00c8 concesso il permesso di scaricare temporaneamente una copia dei materiali (informazioni o software) sul sito Web di Apps &amp; Tech solo per la visualizzazione transitoria personale e non commerciale. Questa \u00e8 la concessione di una licenza, non un trasferimento di titolo, e con questa licenza non puoi:<\/p>\n<ul class=\"wp-block-list\">\n<li>modificare o copiare i materiali;<\/li>\n<li>utilizzare i materiali per qualsiasi scopo commerciale o per esposizione pubblica (commerciale o non commerciale);<\/li>\n<li>tentare di decompilare o decodificare qualsiasi software contenuto nel sito web di Apps &amp; Tech;<\/li>\n<li>rimuovere qualsiasi copyright o altra notazione proprietaria dai materiali; O<\/li>\n<li>trasferire i materiali a un&#039;altra persona o eseguire il &quot;mirroring&quot; dei materiali su qualsiasi altro server. La presente licenza terminer\u00e0 automaticamente in caso di violazione di una qualsiasi di queste restrizioni e potr\u00e0 essere revocata da Apps &amp; Tech in qualsiasi momento. Al termine della visualizzazione di questi materiali o al termine della presente licenza, \u00e8 necessario eliminare qualsiasi materiale scaricato in proprio possesso sia in formato elettronico che stampato.<\/li>\n<\/ul>\n<h2 class=\"wp-block-heading\">Disclaimer<\/h2>\n<p>I materiali sul sito web di Apps &amp; Tech sono forniti &quot;cos\u00ec come sono&quot;. Apps &amp; Tech non fornisce alcuna garanzia, espressa o implicita, e con la presente esclude e nega tutte le altre garanzie, incluse, senza limitazioni, garanzie implicite o condizioni di commerciabilit\u00e0, idoneit\u00e0 per uno scopo particolare o non violazione della propriet\u00e0 intellettuale o altra violazione dei diritti .<\/p>\n<p>Inoltre, Apps &amp; Tech non garantisce n\u00e9 rilascia alcuna dichiarazione riguardante l&#039;accuratezza, i probabili risultati o l&#039;affidabilit\u00e0 dell&#039;uso dei materiali sul proprio sito Web o altrimenti relativi a tali materiali o su qualsiasi sito collegato a questo sito.<\/p>\n<h2 class=\"wp-block-heading\">Limitazioni<\/h2>\n<p>In nessun caso Apps &amp; Tech o i suoi fornitori saranno responsabili per eventuali danni (inclusi, a titolo esemplificativo, danni per perdita di dati o profitti o dovuti a interruzione dell&#039;attivit\u00e0) derivanti dall&#039;uso o dall&#039;impossibilit\u00e0 di utilizzare i materiali su Apps &amp; Tech sito web, anche se Apps &amp; Tech o un rappresentante autorizzato di Apps &amp; Tech \u00e8 stato informato oralmente o per iscritto della possibilit\u00e0 di tale danno. Poich\u00e9 alcune giurisdizioni non consentono limitazioni sulle garanzie implicite o limitazioni di responsabilit\u00e0 per danni consequenziali o incidentali, tali limitazioni potrebbero non applicarsi all&#039;utente.<\/p>\n<h2 class=\"wp-block-heading\">Precisione dei materiali<\/h2>\n<p>I materiali visualizzati sul sito Web di Apps &amp; Tech potrebbero includere errori tecnici, tipografici o fotografici. Apps &amp; Tech non garantisce che i materiali presenti sul proprio sito web siano accurati, completi o aggiornati. Apps &amp; Tech pu\u00f2 apportare modifiche ai materiali contenuti nel proprio sito Web in qualsiasi momento senza preavviso. Tuttavia Apps &amp; Tech non si assume alcun impegno ad aggiornare i materiali.<\/p>\n<h2 class=\"wp-block-heading\">Collegamenti<\/h2>\n<p>Apps &amp; Tech non ha esaminato tutti i siti collegati al proprio sito Web e non \u00e8 responsabile del contenuto di alcun sito collegato. L&#039;inclusione di qualsiasi collegamento non implica l&#039;approvazione del sito da parte di Apps &amp; Tech. L&#039;utilizzo di qualsiasi sito collegato \u00e8 a rischio e pericolo dell&#039;utente.<\/p>\n<h2 class=\"wp-block-heading\">Modifiche<\/h2>\n<p>Apps &amp; Tech pu\u00f2 modificare i presenti termini di servizio per il proprio sito Web in qualsiasi momento senza preavviso. Utilizzando questo sito Web, accetti di essere vincolato dalla versione corrente di questi termini di servizio.<\/p>\n<p>Legge applicabile I presenti termini e condizioni sono regolati e interpretati in conformit\u00e0 con le leggi di Apps &amp; Tech e l&#039;utente si sottopone irrevocabilmente alla giurisdizione esclusiva dei tribunali di tale Stato o luogo.<\/p>\n<h2 id=\"lei-aplicavel\" class=\"wp-block-heading\">Legge applicabile<\/h2>\n<p>I presenti termini e condizioni sono regolati e interpretati in conformit\u00e0 con le leggi di Apps &amp; Tech e l&#039;utente si sottopone irrevocabilmente alla giurisdizione esclusiva dei tribunali di tale Stato o luogo.<\/p>","protected":false},"excerpt":{"rendered":"<p>Termos de Uso do Apps &amp; Tech Ao acessar ao site Apps &amp; Tech, concorda em cumprir estes termos de servi\u00e7o, todas as leis e regulamentos aplic\u00e1veis e concorda que \u00e9 respons\u00e1vel pelo cumprimento de todas as leis locais aplic\u00e1veis. Se voc\u00ea n\u00e3o concordar com algum desses termos, est\u00e1 proibido de usar ou acessar este &#8230; <a title=\"Termini di utilizzo\" class=\"read-more\" href=\"https:\/\/appsntech.com\/it\/termos-de-uso\/\" aria-label=\"Per saperne di pi\u00f9 su Termos de Uso\">Per saperne di pi\u00f9<\/a><\/p>","protected":false},"author":1,"featured_media":0,"parent":0,"menu_order":0,"comment_status":"closed","ping_status":"closed","template":"","meta":{"footnotes":""},"class_list":["post-47341","page","type-page","status-publish"],"_links":{"self":[{"href":"https:\/\/appsntech.com\/it\/wp-json\/wp\/v2\/pages\/47341","targetHints":{"allow":["GET"]}}],"collection":[{"href":"https:\/\/appsntech.com\/it\/wp-json\/wp\/v2\/pages"}],"about":[{"href":"https:\/\/appsntech.com\/it\/wp-json\/wp\/v2\/types\/page"}],"author":[{"embeddable":true,"href":"https:\/\/appsntech.com\/it\/wp-json\/wp\/v2\/users\/1"}],"replies":[{"embeddable":true,"href":"https:\/\/appsntech.com\/it\/wp-json\/wp\/v2\/comments?post=47341"}],"version-history":[{"count":1,"href":"https:\/\/appsntech.com\/it\/wp-json\/wp\/v2\/pages\/47341\/revisions"}],"predecessor-version":[{"id":47342,"href":"https:\/\/appsntech.com\/it\/wp-json\/wp\/v2\/pages\/47341\/revisions\/47342"}],"wp:attachment":[{"href":"https:\/\/appsntech.com\/it\/wp-json\/wp\/v2\/media?parent=47341"}],"curies":[{"name":"parola chiave","href":"https:\/\/api.w.org\/{rel}","templated":true}]}}