{"id":47347,"date":"2024-11-05T00:56:12","date_gmt":"2024-11-05T00:56:12","guid":{"rendered":"https:\/\/appsntech.com\/?page_id=47347"},"modified":"2024-11-05T00:56:12","modified_gmt":"2024-11-05T00:56:12","slug":"chi-siamo","status":"publish","type":"page","link":"https:\/\/appsntech.com\/it\/quem-somos\/","title":{"rendered":"Chi siamo"},"content":{"rendered":"<p>Apps &amp; Tech \u00e8 un sito web tecnologico creato nel 2024 con lo scopo di fornire informazioni e suggerimenti su applicazioni, finanza e altri argomenti legati al mondo digitale. Crediamo che la tecnologia sia uno strumento potente per trasformare vite e aziende e vogliamo aiutare i nostri lettori a rimanere aggiornati e a sfruttare al meglio questi strumenti.<\/p>\n\n\n\n<p>Qui su Apps &amp; Tech troverai articoli e tutorial scritti da esperti di tecnologia, nonch\u00e9 recensioni e valutazioni di prodotti e servizi. Offriamo anche suggerimenti e trucchi per aiutarti a sfruttare al meglio i tuoi dispositivi mobili e le tue app.<\/p>\n\n\n\n<p>Il nostro team \u00e8 composto da esperti di tecnologia, giornalisti e scrittori, tutti impegnati a fornire ai nostri lettori contenuti accurati e di alta qualit\u00e0. Crediamo che la tecnologia sia uno strumento potente per trasformare vite e aziende e il nostro obiettivo \u00e8 aiutare i nostri lettori a rimanere aggiornati e a sfruttare al meglio questi strumenti.<\/p>\n\n\n\n<p>Oltre ai contenuti, offriamo ai nostri lettori anche la possibilit\u00e0 di entrare in contatto con altri appassionati di tecnologia attraverso i nostri canali social e forum di discussione. Diamo valore alle opinioni dei nostri lettori e siamo sempre aperti a suggerimenti e feedback per migliorare i nostri servizi.<\/p>\n\n\n\n<p>Seguiteci e rimanete aggiornati sulle ultime tendenze e novit\u00e0 nel mondo della tecnologia. Grazie per aver visitato il nostro sito web e speriamo di rivedervi presto!<\/p>","protected":false},"excerpt":{"rendered":"<p>O Apps &amp; Tech \u00e9 um site de tecnologia criado em 2024 com o objetivo de fornecer informa\u00e7\u00f5es e dicas sobre aplicativos, finan\u00e7as e outros assuntos relacionados ao mundo digital. N\u00f3s acreditamos que a tecnologia \u00e9 uma ferramenta poderosa para transformar vidas e empresas, e queremos ajudar nossos leitores a se manterem atualizados e aproveitar &#8230; <a title=\"Chi siamo\" class=\"read-more\" href=\"https:\/\/appsntech.com\/it\/quem-somos\/\" aria-label=\"Per saperne di pi\u00f9 su Quem somos\">Per saperne di pi\u00f9<\/a><\/p>","protected":false},"author":1,"featured_media":0,"parent":0,"menu_order":0,"comment_status":"closed","ping_status":"closed","template":"","meta":{"footnotes":""},"class_list":["post-47347","page","type-page","status-publish"],"_links":{"self":[{"href":"https:\/\/appsntech.com\/it\/wp-json\/wp\/v2\/pages\/47347","targetHints":{"allow":["GET"]}}],"collection":[{"href":"https:\/\/appsntech.com\/it\/wp-json\/wp\/v2\/pages"}],"about":[{"href":"https:\/\/appsntech.com\/it\/wp-json\/wp\/v2\/types\/page"}],"author":[{"embeddable":true,"href":"https:\/\/appsntech.com\/it\/wp-json\/wp\/v2\/users\/1"}],"replies":[{"embeddable":true,"href":"https:\/\/appsntech.com\/it\/wp-json\/wp\/v2\/comments?post=47347"}],"version-history":[{"count":1,"href":"https:\/\/appsntech.com\/it\/wp-json\/wp\/v2\/pages\/47347\/revisions"}],"predecessor-version":[{"id":47348,"href":"https:\/\/appsntech.com\/it\/wp-json\/wp\/v2\/pages\/47347\/revisions\/47348"}],"wp:attachment":[{"href":"https:\/\/appsntech.com\/it\/wp-json\/wp\/v2\/media?parent=47347"}],"curies":[{"name":"parola chiave","href":"https:\/\/api.w.org\/{rel}","templated":true}]}}