{"id":47341,"date":"2024-11-05T00:53:27","date_gmt":"2024-11-05T00:53:27","guid":{"rendered":"https:\/\/appsntech.com\/?page_id=47341"},"modified":"2024-11-05T00:53:27","modified_gmt":"2024-11-05T00:53:27","slug":"%ec%9d%b4%ec%9a%a9-%ec%95%bd%ea%b4%80","status":"publish","type":"page","link":"https:\/\/appsntech.com\/ko\/termos-de-uso\/","title":{"rendered":"\uc774\uc6a9\uc57d\uad00"},"content":{"rendered":"<h2 class=\"wp-block-heading\">\uc571 \ubc0f \uae30\uc220 \uc774\uc6a9 \uc57d\uad00<\/h2>\n<p>Apps &amp; Tech \uc6f9\uc0ac\uc774\ud2b8\uc5d0 \uc811\uc18d\ud568\uc73c\ub85c\uc368 \uadc0\ud558\ub294 \ubcf8 \uc11c\ube44\uc2a4 \uc57d\uad00, \ubaa8\ub4e0 \ud574\ub2f9 \ubc95\ub960 \ubc0f \uaddc\uc815\uc744 \uc900\uc218\ud558\ub294 \ub370 \ub3d9\uc758\ud558\uba70, \ubaa8\ub4e0 \ud574\ub2f9 \uc9c0\uc5ed \ubc95\ub960\uc744 \uc900\uc218\ud560 \ucc45\uc784\uc774 \uc788\ub2e4\ub294 \ub370 \ub3d9\uc758\ud569\ub2c8\ub2e4. \uc774\ub7ec\ud55c \uc774\uc6a9 \uc57d\uad00\uc5d0 \ub3d9\uc758\ud558\uc9c0 \uc54a\uc744 \uacbd\uc6b0 \ubcf8 \uc0ac\uc774\ud2b8\ub97c \uc0ac\uc6a9\ud558\uac70\ub098 \uc811\uc18d\ud558\ub294 \uac83\uc774 \uae08\uc9c0\ub429\ub2c8\ub2e4. \uc774 \uc6f9\uc0ac\uc774\ud2b8\uc5d0 \ud3ec\ud568\ub41c \uc790\ub8cc\ub294 \ud574\ub2f9 \uc800\uc791\uad8c \ubc0f \uc0c1\ud45c\ubc95\uc5d0 \uc758\ud574 \ubcf4\ud638\ub429\ub2c8\ub2e4.<\/p>\n<h2 class=\"wp-block-heading\">\ub77c\uc774\uc13c\uc2a4 \uc0ac\uc6a9<\/h2>\n<p>Apps &amp; Tech \uc6f9\uc0ac\uc774\ud2b8\uc758 \uc790\ub8cc(\uc815\ubcf4\ub098 \uc18c\ud504\ud2b8\uc6e8\uc5b4)\ub97c \uac1c\uc778\uc801\uc774\uace0 \ube44\uc0c1\uc5c5\uc801\uc778 \uc77c\uc2dc\uc801 \uc5f4\ub78c \ubaa9\uc801\uc73c\ub85c \ud55c \ubd80\ub9cc \uc77c\uc2dc\uc801\uc73c\ub85c \ub2e4\uc6b4\ub85c\ub4dc\ud558\ub294 \uac83\uc774 \ud5c8\uac00\ub429\ub2c8\ub2e4. \uc774\ub294 \uc18c\uc720\uad8c \uc774\uc804\uc774 \uc544\ub2cc \ub77c\uc774\uc120\uc2a4 \ubd80\uc5ec\uc774\uba70, \uc774 \ub77c\uc774\uc120\uc2a4\uc5d0 \ub530\ub77c \ub2e4\uc74c\uc744 \uc218\ud589\ud560 \uc218 \uc5c6\uc2b5\ub2c8\ub2e4.<\/p>\n<ul class=\"wp-block-list\">\n<li>\uc790\ub8cc\ub97c \uc218\uc815\ud558\uac70\ub098 \ubcf5\uc0ac\ud569\ub2c8\ub2e4.<\/li>\n<li>\uc0c1\uc5c5\uc801 \ubaa9\uc801\uc774\ub098 \ub300\uc911 \uacf5\uac1c(\uc0c1\uc5c5\uc801\uc774\ub4e0 \ube44\uc0c1\uc5c5\uc801\uc774\ub4e0)\ub97c \uc704\ud574 \uc790\ub8cc\ub97c \uc0ac\uc6a9\ud560 \uc218 \uc5c6\uc2b5\ub2c8\ub2e4.<\/li>\n<li>Apps &amp; Tech \uc6f9\uc0ac\uc774\ud2b8\uc5d0 \ud3ec\ud568\ub41c \uc18c\ud504\ud2b8\uc6e8\uc5b4\ub97c \ub514\ucef4\ud30c\uc77c\ud558\uac70\ub098 \ub9ac\ubc84\uc2a4 \uc5d4\uc9c0\ub2c8\uc5b4\ub9c1\ud558\ub824\ub294 \uc2dc\ub3c4<\/li>\n<li>\uc790\ub8cc\uc5d0\uc11c \uc800\uc791\uad8c\uc774\ub098 \uae30\ud0c0 \uc18c\uc720\uad8c \ud45c\uc2dc\ub97c \uc81c\uac70\ud569\ub2c8\ub2e4. \ub610\ub294<\/li>\n<li>\uc790\ub8cc\ub97c \ub2e4\ub978 \uc0ac\ub78c\uc5d0\uac8c \uc804\uc1a1\ud558\uac70\ub098 \ub2e4\ub978 \uc11c\ubc84\uc5d0 \uc788\ub294 \uc790\ub8cc\ub97c &#039;\ubbf8\ub7ec\ub9c1&#039;\ud560 \uc218 \uc5c6\uc2b5\ub2c8\ub2e4. \uadc0\ud558\uac00 \uc774\ub7ec\ud55c \uc81c\ud55c \uc0ac\ud56d\uc744 \uc704\ubc18\ud558\ub294 \uacbd\uc6b0 \ubcf8 \ub77c\uc774\uc13c\uc2a4\ub294 \uc790\ub3d9\uc73c\ub85c \uc885\ub8cc\ub418\uba70, Apps &amp; Tech\ub294 \uc5b8\uc81c\ub4e0\uc9c0 \ub77c\uc774\uc13c\uc2a4\ub97c \uc885\ub8cc\ud560 \uc218 \uc788\uc2b5\ub2c8\ub2e4. \uadc0\ud558\uac00 \uc774 \uc790\ub8cc\uc758 \uc2dc\uccad\uc744 \uc885\ub8cc\ud558\uac70\ub098 \ubcf8 \ub77c\uc774\uc120\uc2a4\uac00 \uc885\ub8cc\ub41c \uacbd\uc6b0, \uadc0\ud558\ub294 \uc804\uc790 \ud615\uc2dd\uc774\ub4e0 \uc778\uc1c4 \ud615\uc2dd\uc774\ub4e0 \uadc0\ud558\uac00 \uc18c\uc720\ud558\uace0 \uc788\ub294 \ubaa8\ub4e0 \ub2e4\uc6b4\ub85c\ub4dc \uc790\ub8cc\ub97c \ud30c\uae30\ud574\uc57c \ud569\ub2c8\ub2e4.<\/li>\n<\/ul>\n<h2 class=\"wp-block-heading\">\ubd80\uc778 \uc131\uba85<\/h2>\n<p>Apps &amp; Tech \uc6f9\uc0ac\uc774\ud2b8\uc758 \uc790\ub8cc\ub294 &#039;\uc788\ub294 \uadf8\ub300\ub85c&#039; \uc81c\uacf5\ub429\ub2c8\ub2e4. Apps &amp; Tech\ub294 \uba85\uc2dc\uc801\uc774\ub4e0 \ubb35\uc2dc\uc801\uc774\ub4e0 \uc5b4\ub5a0\ud55c \ubcf4\uc99d\ub3c4 \ud558\uc9c0 \uc54a\uc73c\uba70, \uc0c1\ud488\uc131, \ud2b9\uc815 \ubaa9\uc801\uc5d0\uc758 \uc801\ud569\uc131, \uc9c0\uc801 \uc7ac\uc0b0\uad8c\uc758 \ube44\uce68\ud574 \ub610\ub294 \uae30\ud0c0 \uad8c\ub9ac \uce68\ud574\uc5d0 \ub300\ud55c \ubb35\uc2dc\uc801 \ubcf4\uc99d\uc774\ub098 \uc870\uac74\uc744 \ud3ec\ud568\ud558\ub418 \uc774\uc5d0 \uad6d\ud55c\ub418\uc9c0 \uc54a\uace0 \ubaa8\ub4e0 \uae30\ud0c0 \ubcf4\uc99d\uc744 \ubd80\uc778\ud558\uace0 \uac70\ubd80\ud569\ub2c8\ub2e4.<\/p>\n<p>\ub610\ud55c Apps &amp; Tech\ub294 \uc790\uc0ac \uc6f9\uc0ac\uc774\ud2b8\uc5d0 \uac8c\uc7ac\ub41c \uc790\ub8cc\ub098 \uadf8\ub7ec\ud55c \uc790\ub8cc\uc640 \uad00\ub828\ub41c \uc790\ub8cc \ub610\ub294 \uc774 \uc0ac\uc774\ud2b8\uc5d0 \ub9c1\ud06c\ub41c \ub2e4\ub978 \uc0ac\uc774\ud2b8\uc758 \uc790\ub8cc \uc0ac\uc6a9\uc758 \uc815\ud655\uc131, \uc608\uc0c1 \uacb0\uacfc \ub610\ub294 \uc2e0\ub8b0\uc131\uc5d0 \ub300\ud574 \ubcf4\uc99d\ud558\uac70\ub098 \uc5b4\ub5a0\ud55c \uc9c4\uc220\ub3c4 \ud558\uc9c0 \uc54a\uc2b5\ub2c8\ub2e4.<\/p>\n<h2 class=\"wp-block-heading\">\uc81c\ud55c \uc0ac\ud56d<\/h2>\n<p>\uc5b4\ub5a0\ud55c \uacbd\uc6b0\uc5d0\ub3c4 Apps &amp; Tech \ub610\ub294 \ud574\ub2f9 \uacf5\uae09\uc5c5\uccb4\ub294 Apps &amp; Tech\uc758 \uc790\ub8cc \uc0ac\uc6a9 \ub610\ub294 \uc0ac\uc6a9 \ubd88\uac00\ub85c \uc778\ud574 \ubc1c\uc0dd\ud558\ub294 \uc190\ud574(\ub370\uc774\ud130 \ub610\ub294 \uc774\uc775 \uc190\uc2e4, \uc5c5\ubb34 \uc911\ub2e8\uc73c\ub85c \uc778\ud55c \uc190\ud574 \ud3ec\ud568\ud558\ub418 \uc774\uc5d0 \uad6d\ud55c\ub418\uc9c0 \uc54a\uc74c)\uc5d0 \ub300\ud574 \ucc45\uc784\uc744 \uc9c0\uc9c0 \uc54a\uc2b5\ub2c8\ub2e4. Apps &amp; Tech \ub610\ub294 Apps &amp; Tech\uc758 \uacf5\uc778 \ub2f4\ub2f9\uc790\uac00 \uadf8\ub7ec\ud55c \uc190\ud574 \uac00\ub2a5\uc131\uc744 \uad6c\ub450\ub098 \uc11c\uba74\uc73c\ub85c \ud1b5\ubcf4\ubc1b\uc740 \uacbd\uc6b0\uc5d0\ub3c4 \ub9c8\ucc2c\uac00\uc9c0\uc785\ub2c8\ub2e4. \uc77c\ubd80 \uad00\ud560\uad8c\uc5d0\uc11c\ub294 \ubb35\uc2dc\uc801 \ubcf4\uc99d\uc5d0 \ub300\ud55c \uc81c\ud55c\uc774\ub098 \uacb0\uacfc\uc801 \ub610\ub294 \uc6b0\ubc1c\uc801 \uc190\ud574\uc5d0 \ub300\ud55c \ucc45\uc784 \uc81c\ud55c\uc744 \ud5c8\uc6a9\ud558\uc9c0 \uc54a\uc73c\ubbc0\ub85c, \uc774\ub7ec\ud55c \uc81c\ud55c\uc774 \uadc0\ud558\uc5d0\uac8c \uc801\uc6a9\ub418\uc9c0 \uc54a\uc744 \uc218 \uc788\uc2b5\ub2c8\ub2e4.<\/p>\n<h2 class=\"wp-block-heading\">\uc7ac\ub8cc\uc758 \uc815\ud655\uc131<\/h2>\n<p>Apps &amp; Tech \uc6f9\uc0ac\uc774\ud2b8\uc5d0 \ud45c\uc2dc\ub41c \uc790\ub8cc\uc5d0\ub294 \uae30\uc220\uc801, \uc778\uc1c4\uc801, \uc0ac\uc9c4\uc801 \uc624\ub958\uac00 \ud3ec\ud568\ub420 \uc218 \uc788\uc2b5\ub2c8\ub2e4. Apps &amp; Tech\ub294 \uc790\uc0ac \uc6f9\uc0ac\uc774\ud2b8\uc5d0 \uac8c\uc7ac\ub41c \uc790\ub8cc\uac00 \uc815\ud655\ud558\uace0, \uc644\uc804\ud558\uba70, \ucd5c\uc2e0\uc784\uc744 \ubcf4\uc99d\ud558\uc9c0 \uc54a\uc2b5\ub2c8\ub2e4. Apps &amp; Tech\ub294 \uc0ac\uc804 \ud1b5\uc9c0 \uc5c6\uc774 \uc5b8\uc81c\ub4e0\uc9c0 \uc6f9\uc0ac\uc774\ud2b8\uc5d0 \ud3ec\ud568\ub41c \uc790\ub8cc\ub97c \ubcc0\uacbd\ud560 \uc218 \uc788\uc2b5\ub2c8\ub2e4. \uadf8\ub7ec\ub098 Apps &amp; Tech\ub294 \uc790\ub8cc\ub97c \uc5c5\ub370\uc774\ud2b8\ud560 \uc5b4\ub5a0\ud55c \uc57d\uc18d\ub3c4 \ud558\uc9c0 \uc54a\uc2b5\ub2c8\ub2e4.<\/p>\n<h2 class=\"wp-block-heading\">\ubaa8\ub798\ubc2d<\/h2>\n<p>Apps &amp; Tech\ub294 \uc790\uc0ac \uc6f9\uc0ac\uc774\ud2b8\uc5d0 \ub9c1\ud06c\ub41c \ubaa8\ub4e0 \uc0ac\uc774\ud2b8\ub97c \uac80\ud1a0\ud558\uc9c0 \uc54a\uc558\uc73c\uba70, \ud574\ub2f9 \ub9c1\ud06c\ub41c \uc0ac\uc774\ud2b8\uc758 \ub0b4\uc6a9\uc5d0 \ub300\ud574 \ucc45\uc784\uc744 \uc9c0\uc9c0 \uc54a\uc2b5\ub2c8\ub2e4. \uc5b4\ub5a0\ud55c \ub9c1\ud06c\uac00 \ud3ec\ud568\ub418\uc5b4 \uc788\ub2e4\ub294 \uac83\uc740 Apps &amp; Tech\uac00 \ud574\ub2f9 \uc0ac\uc774\ud2b8\ub97c \uc2b9\uc778\ud55c\ub2e4\ub294 \uac83\uc744 \uc758\ubbf8\ud558\uc9c0 \uc54a\uc2b5\ub2c8\ub2e4. \ub9c1\ud06c\ub41c \uc6f9\uc0ac\uc774\ud2b8\ub97c \uc0ac\uc6a9\ud558\ub294 \uac83\uc740 \uc0ac\uc6a9\uc790\uc758 \ucc45\uc784\uc785\ub2c8\ub2e4.<\/p>\n<h2 class=\"wp-block-heading\">\uc218\uc815 \uc0ac\ud56d<\/h2>\n<p>Apps &amp; Tech\ub294 \uc0ac\uc804 \ud1b5\uc9c0 \uc5c6\uc774 \uc5b8\uc81c\ub4e0\uc9c0 \uc790\uc0ac \uc6f9\uc0ac\uc774\ud2b8\uc758 \uc11c\ube44\uc2a4 \uc57d\uad00\uc744 \uac1c\uc815\ud560 \uc218 \uc788\uc2b5\ub2c8\ub2e4. \uc774 \uc6f9\uc0ac\uc774\ud2b8\ub97c \uc0ac\uc6a9\ud558\uba74 \ud574\ub2f9 \uc2dc\uc810\uc758 \ucd5c\uc2e0 \ubc84\uc804\uc758 \uc11c\ube44\uc2a4 \uc57d\uad00\uc5d0 \ub3d9\uc758\ud558\ub294 \uac83\uc73c\ub85c \uac04\uc8fc\ub429\ub2c8\ub2e4.<\/p>\n<p>\uc900\uac70\ubc95 \ubcf8 \uc774\uc6a9 \uc57d\uad00\uc740 Apps &amp; Tech\uc758 \ubc95\ub960\uc5d0 \ub530\ub77c \uc9c0\ubc30\ub418\uace0 \ud574\uc11d\ub418\uba70, \uadc0\ud558\ub294 \ud574\ub2f9 \uc8fc \ub610\ub294 \uc9c0\uc5ed\uc758 \ubc95\uc6d0\uc758 \uc804\uc18d \uad00\ud560\uad8c\uc5d0 \ucde8\uc18c \ubd88\uac00\ub2a5\ud558\uac8c \ubcf5\uc885\ud569\ub2c8\ub2e4.<\/p>\n<h2 id=\"lei-aplicavel\" class=\"wp-block-heading\">\uc801\uc6a9\ubc95\ub960<\/h2>\n<p>\ubcf8 \uc774\uc6a9 \uc57d\uad00\uc740 Apps &amp; Tech\uc758 \ubc95\ub960\uc5d0 \ub530\ub77c \uc9c0\ubc30\ub418\uace0 \ud574\uc11d\ub418\uba70, \uadc0\ud558\ub294 \ud574\ub2f9 \uc8fc \ub610\ub294 \uc9c0\uc5ed\uc758 \ubc95\uc6d0\uc758 \uc804\uc18d \uad00\ud560\uad8c\uc5d0 \ucde8\uc18c \ubd88\uac00\ub2a5\ud558\uac8c \ubcf5\uc885\ud569\ub2c8\ub2e4.<\/p>","protected":false},"excerpt":{"rendered":"<p>Termos de Uso do Apps &amp; Tech Ao acessar ao site Apps &amp; Tech, concorda em cumprir estes termos de servi\u00e7o, todas as leis e regulamentos aplic\u00e1veis e concorda que \u00e9 respons\u00e1vel pelo cumprimento de todas as leis locais aplic\u00e1veis. Se voc\u00ea n\u00e3o concordar com algum desses termos, est\u00e1 proibido de usar ou acessar este &#8230; <a title=\"\uc774\uc6a9\uc57d\uad00\" class=\"read-more\" href=\"https:\/\/appsntech.com\/ko\/termos-de-uso\/\" aria-label=\"Termos de Uso\uc5d0 \ub300\ud574 \ub354 \uc790\uc138\ud788 \uc54c\uc544\ubcf4\uc138\uc694\">\ub354 \uc77d\uc5b4\ubcf4\uc138\uc694<\/a><\/p>","protected":false},"author":1,"featured_media":0,"parent":0,"menu_order":0,"comment_status":"closed","ping_status":"closed","template":"","meta":{"footnotes":""},"class_list":["post-47341","page","type-page","status-publish"],"_links":{"self":[{"href":"https:\/\/appsntech.com\/ko\/wp-json\/wp\/v2\/pages\/47341","targetHints":{"allow":["GET"]}}],"collection":[{"href":"https:\/\/appsntech.com\/ko\/wp-json\/wp\/v2\/pages"}],"about":[{"href":"https:\/\/appsntech.com\/ko\/wp-json\/wp\/v2\/types\/page"}],"author":[{"embeddable":true,"href":"https:\/\/appsntech.com\/ko\/wp-json\/wp\/v2\/users\/1"}],"replies":[{"embeddable":true,"href":"https:\/\/appsntech.com\/ko\/wp-json\/wp\/v2\/comments?post=47341"}],"version-history":[{"count":1,"href":"https:\/\/appsntech.com\/ko\/wp-json\/wp\/v2\/pages\/47341\/revisions"}],"predecessor-version":[{"id":47342,"href":"https:\/\/appsntech.com\/ko\/wp-json\/wp\/v2\/pages\/47341\/revisions\/47342"}],"wp:attachment":[{"href":"https:\/\/appsntech.com\/ko\/wp-json\/wp\/v2\/media?parent=47341"}],"curies":[{"name":"wp","href":"https:\/\/api.w.org\/{rel}","templated":true}]}}