{"id":47347,"date":"2024-11-05T00:56:12","date_gmt":"2024-11-05T00:56:12","guid":{"rendered":"https:\/\/appsntech.com\/?page_id=47347"},"modified":"2024-11-05T00:56:12","modified_gmt":"2024-11-05T00:56:12","slug":"%ec%9a%b0%eb%a6%ac%eb%8a%94-%eb%88%84%ea%b5%ac%ec%9d%b8%ea%b0%80","status":"publish","type":"page","link":"https:\/\/appsntech.com\/ko\/quem-somos\/","title":{"rendered":"\uc6b0\ub9ac\ub294 \ub204\uad6c\uc778\uac00"},"content":{"rendered":"<p>Apps &amp; Tech\ub294 2024\ub144\uc5d0 \ub9cc\ub4e4\uc5b4\uc9c4 \uae30\uc220 \uc6f9\uc0ac\uc774\ud2b8\ub85c, \ub514\uc9c0\ud138 \uc138\uacc4\uc640 \uad00\ub828\ub41c \uc560\ud50c\ub9ac\ucf00\uc774\uc158, \uae08\uc735 \ubc0f \uae30\ud0c0 \uc8fc\uc81c\uc5d0 \ub300\ud55c \uc815\ubcf4\uc640 \ud301\uc744 \uc81c\uacf5\ud558\ub294 \uac83\uc744 \ubaa9\ud45c\ub85c \ud569\ub2c8\ub2e4. \uc6b0\ub9ac\ub294 \uae30\uc220\uc774 \uc0b6\uacfc \uc0ac\uc5c5\uc744 \ubcc0\ud654\uc2dc\ud0a4\ub294 \uac15\ub825\ud55c \ub3c4\uad6c\ub77c\uace0 \ubbff\uc73c\uba70, \ub3c5\uc790 \uc5ec\ub7ec\ubd84\uc774 \ucd5c\uc2e0 \uc815\ubcf4\ub97c \uc5bb\uace0 \uc774 \ub3c4\uad6c\ub97c \ucd5c\ub300\ud55c \ud65c\uc6a9\ud560 \uc218 \uc788\ub3c4\ub85d \ub3d5\uace0 \uc2f6\uc2b5\ub2c8\ub2e4.<\/p>\n\n\n\n<p>Apps &amp; Tech\uc5d0\uc11c\ub294 \uae30\uc220 \uc804\ubb38\uac00\uac00 \uc791\uc131\ud55c \uae30\uc0ac\uc640 \ud29c\ud1a0\ub9ac\uc5bc\uc740 \ubb3c\ub860, \uc81c\ud488 \ubc0f \uc11c\ube44\uc2a4\uc5d0 \ub300\ud55c \ub9ac\ubdf0\uc640 \ud3c9\uac00\ub3c4 \ucc3e\uc544\ubcfc \uc218 \uc788\uc2b5\ub2c8\ub2e4. \ub610\ud55c, \ubaa8\ubc14\uc77c \uae30\uae30\uc640 \uc571\uc744 \ucd5c\ub300\ud55c \ud65c\uc6a9\ud558\ub294 \ub370 \ub3c4\uc6c0\uc774 \ub418\ub294 \ud301\uacfc \uc694\ub839\ub3c4 \uc81c\uacf5\ud569\ub2c8\ub2e4.<\/p>\n\n\n\n<p>\uc800\ud76c \ud300\uc740 \uae30\uc220 \uc804\ubb38\uac00, \uc800\ub110\ub9ac\uc2a4\ud2b8, \uc791\uac00\ub85c \uad6c\uc131\ub418\uc5b4 \uc788\uc73c\uba70, \ubaa8\ub450 \ub3c5\uc790\uc5d0\uac8c \uace0\ud488\uc9c8\uc758 \uc815\ud655\ud55c \ucf58\ud150\uce20\ub97c \uc81c\uacf5\ud558\uae30 \uc704\ud574 \ucd5c\uc120\uc744 \ub2e4\ud558\uace0 \uc788\uc2b5\ub2c8\ub2e4. \uc6b0\ub9ac\ub294 \uae30\uc220\uc774 \uc0b6\uacfc \uc0ac\uc5c5\uc744 \ubcc0\ud654\uc2dc\ud0a4\ub294 \uac15\ub825\ud55c \ub3c4\uad6c\ub77c\uace0 \ubbff\uc73c\uba70, \ub3c5\uc790\ub4e4\uc774 \ucd5c\uc2e0 \uc815\ubcf4\ub97c \uc5bb\uace0 \uc774 \ub3c4\uad6c\ub97c \ucd5c\ub300\ud55c \ud65c\uc6a9\ud560 \uc218 \uc788\ub3c4\ub85d \ub3d5\ub294 \uac83\uc774 \uc6b0\ub9ac\uc758 \ubaa9\ud45c\uc785\ub2c8\ub2e4.<\/p>\n\n\n\n<p>\uc6b0\ub9ac\ub294 \ucf58\ud150\uce20 \uc678\uc5d0\ub3c4 \uc18c\uc15c \ubbf8\ub514\uc5b4 \ucc44\ub110\uacfc \ud1a0\ub860 \ud3ec\ub7fc\uc744 \ud1b5\ud574 \ub3c5\uc790\ub4e4\uc5d0\uac8c \ub2e4\ub978 \uae30\uc220 \uc560\ud638\uac00\ub4e4\uacfc \uc18c\ud1b5\ud560 \uc218 \uc788\ub294 \uae30\ud68c\ub97c \uc81c\uacf5\ud569\ub2c8\ub2e4. \uc800\ud76c\ub294 \ub3c5\uc790 \uc5ec\ub7ec\ubd84\uc758 \uc758\uacac\uc744 \uc18c\uc911\ud788 \uc5ec\uae30\uba70, \uc11c\ube44\uc2a4 \uac1c\uc120\uc744 \uc704\ud55c \uc81c\uc548\uacfc \ud53c\ub4dc\ubc31\uc744 \uc5b8\uc81c\ub098 \ud658\uc601\ud569\ub2c8\ub2e4.<\/p>\n\n\n\n<p>\uc800\ud76c\ub97c \ud314\ub85c\uc6b0\ud558\uc5ec \uae30\uc220 \ubd84\uc57c\uc758 \ucd5c\uc2e0 \ub3d9\ud5a5\uacfc \ub274\uc2a4\ub97c \ubc1b\uc544\ubcf4\uc138\uc694. \uc800\ud76c \uc6f9\uc0ac\uc774\ud2b8\ub97c \ubc29\ubb38\ud574 \uc8fc\uc154\uc11c \uac10\uc0ac\ud569\ub2c8\ub2e4. \uace7 \ub2e4\uc2dc \ubd59\uae30\ub97c \ubc14\ub78d\ub2c8\ub2e4!<\/p>","protected":false},"excerpt":{"rendered":"<p>O Apps &amp; Tech \u00e9 um site de tecnologia criado em 2024 com o objetivo de fornecer informa\u00e7\u00f5es e dicas sobre aplicativos, finan\u00e7as e outros assuntos relacionados ao mundo digital. N\u00f3s acreditamos que a tecnologia \u00e9 uma ferramenta poderosa para transformar vidas e empresas, e queremos ajudar nossos leitores a se manterem atualizados e aproveitar &#8230; <a title=\"\uc6b0\ub9ac\ub294 \ub204\uad6c\uc778\uac00\" class=\"read-more\" href=\"https:\/\/appsntech.com\/ko\/quem-somos\/\" aria-label=\"Quem somos\uc5d0 \ub300\ud574 \ub354 \uc790\uc138\ud788 \uc54c\uc544\ubcf4\uc138\uc694\">\ub354 \uc77d\uc5b4\ubcf4\uc138\uc694<\/a><\/p>","protected":false},"author":1,"featured_media":0,"parent":0,"menu_order":0,"comment_status":"closed","ping_status":"closed","template":"","meta":{"footnotes":""},"class_list":["post-47347","page","type-page","status-publish"],"_links":{"self":[{"href":"https:\/\/appsntech.com\/ko\/wp-json\/wp\/v2\/pages\/47347","targetHints":{"allow":["GET"]}}],"collection":[{"href":"https:\/\/appsntech.com\/ko\/wp-json\/wp\/v2\/pages"}],"about":[{"href":"https:\/\/appsntech.com\/ko\/wp-json\/wp\/v2\/types\/page"}],"author":[{"embeddable":true,"href":"https:\/\/appsntech.com\/ko\/wp-json\/wp\/v2\/users\/1"}],"replies":[{"embeddable":true,"href":"https:\/\/appsntech.com\/ko\/wp-json\/wp\/v2\/comments?post=47347"}],"version-history":[{"count":1,"href":"https:\/\/appsntech.com\/ko\/wp-json\/wp\/v2\/pages\/47347\/revisions"}],"predecessor-version":[{"id":47348,"href":"https:\/\/appsntech.com\/ko\/wp-json\/wp\/v2\/pages\/47347\/revisions\/47348"}],"wp:attachment":[{"href":"https:\/\/appsntech.com\/ko\/wp-json\/wp\/v2\/media?parent=47347"}],"curies":[{"name":"wp","href":"https:\/\/api.w.org\/{rel}","templated":true}]}}