{"id":47341,"date":"2024-11-05T00:53:27","date_gmt":"2024-11-05T00:53:27","guid":{"rendered":"https:\/\/appsntech.com\/?page_id=47341"},"modified":"2024-11-05T00:53:27","modified_gmt":"2024-11-05T00:53:27","slug":"naudojimo-salygos","status":"publish","type":"page","link":"https:\/\/appsntech.com\/lt\/termos-de-uso\/","title":{"rendered":"Naudojimo s\u0105lygos"},"content":{"rendered":"<h2 class=\"wp-block-heading\">Program\u0117li\u0173 ir technologij\u0173 naudojimo s\u0105lygos<\/h2>\n<p>Naudodamiesi \u201eProgram\u0117li\u0173 ir technologij\u0173\u201c svetaine, j\u016bs sutinkate laikytis \u0161i\u0173 paslaug\u0173 teikimo s\u0105lyg\u0173, vis\u0173 taikom\u0173 \u012fstatym\u0173 ir kit\u0173 teis\u0117s akt\u0173 ir sutinkate, kad esate atsakingi u\u017e vis\u0173 taikom\u0173 vietos \u012fstatym\u0173 laikym\u0105si. Jei nesutinkate su kuriomis nors i\u0161 \u0161i\u0173 s\u0105lyg\u0173, jums draud\u017eiama naudotis \u0161ia svetaine ar prie jos prisijungti. \u0160ioje svetain\u0117je esanti med\u017eiaga yra saugoma galiojan\u010di\u0173 autori\u0173 teisi\u0173 ir preki\u0173 \u017eenkl\u0173 \u012fstatym\u0173.<\/p>\n<h2 class=\"wp-block-heading\">Naudojimo licencija<\/h2>\n<p>Suteikiamas leidimas laikinai atsisi\u0173sti vien\u0105 med\u017eiagos (informacijos ar programin\u0117s \u012frangos) kopij\u0105 i\u0161 \u201eApps &amp; Tech\u201c svetain\u0117s tik asmeniniam, nekomerciniam, trumpalaikiam per\u017ei\u016br\u0117jimui. Tai yra licencijos suteikimas, o ne nuosavyb\u0117s teis\u0117s perdavimas, ir pagal \u0161i\u0105 licencij\u0105 j\u016bs negalite:<\/p>\n<ul class=\"wp-block-list\">\n<li>modifikuoti arba kopijuoti med\u017eiag\u0105;<\/li>\n<li>naudoti med\u017eiagas bet kokiems komerciniams tikslams arba vie\u0161am demonstravimui (komerciniam ar nekomerciniam);<\/li>\n<li>bandyti dekompiliuoti arba atlikti atvirk\u0161tin\u0119 in\u017einerij\u0105 bet kurioje \u201eApps &amp; Tech\u201c svetain\u0117je esan\u010dioje programin\u0117je \u012frangoje;<\/li>\n<li>pa\u0161alinti i\u0161 med\u017eiagos bet kokias autori\u0173 teisi\u0173 ar kitas nuosavyb\u0117s teises; arba<\/li>\n<li>perduoti med\u017eiag\u0105 kitam asmeniui arba \u201eatkurti\u201c j\u0105 bet kuriame kitame serveryje. \u0160i licencija automati\u0161kai nutraukiama, jei pa\u017eeid\u017eiate bet kur\u012f i\u0161 \u0161i\u0173 apribojim\u0173, ir \u201eApps &amp; Tech\u201c gali j\u0105 bet kada nutraukti. Nustojus per\u017ei\u016br\u0117ti \u0161i\u0105 med\u017eiag\u0105 arba nutraukus \u0161i\u0105 licencij\u0105, privalote sunaikinti bet koki\u0105 atsisi\u0173st\u0105 med\u017eiag\u0105, kuri\u0105 turite elektronine ar spausdintine forma.<\/li>\n<\/ul>\n<h2 class=\"wp-block-heading\">Atsakomyb\u0117s apribojimas<\/h2>\n<p>\u201eApps &amp; Tech\u201c svetain\u0117je esanti med\u017eiaga pateikiama \u201etokia, kokia yra\u201c. \u201eApps &amp; Tech\u201c nesuteikia joki\u0173 ai\u0161ki\u0173 ar numanom\u0173 garantij\u0173 ir atsisako bei paneigia visas kitas garantijas, \u012fskaitant, bet neapsiribojant, numanomas garantijas ar tinkamumo prekybai, tinkamumo konkre\u010diam tikslui ar intelektin\u0117s nuosavyb\u0117s ar kit\u0173 teisi\u0173 nepa\u017eeidimo s\u0105lygas.<\/p>\n<p>Be to, \u201eApps &amp; Tech\u201c negarantuoja ir neteikia joki\u0173 parei\u0161kim\u0173 d\u0117l savo svetain\u0117je esan\u010dios ar kitaip su tokia med\u017eiaga ar bet kuriose su \u0161ia svetaine susietose svetain\u0117se esan\u010dios med\u017eiagos tikslumo, tik\u0117tin\u0173 rezultat\u0173 ar patikimumo.<\/p>\n<h2 class=\"wp-block-heading\">Apribojimai<\/h2>\n<p>Jokiu atveju \u201eApps &amp; Tech\u201c ar jos tiek\u0117jai nebus atsakingi u\u017e joki\u0105 \u017eal\u0105 (\u012fskaitant, bet neapsiribojant, \u017eal\u0105 d\u0117l duomen\u0173 ar pelno praradimo arba d\u0117l verslo sutrikdymo), atsiradusi\u0105 d\u0117l \u201eApps &amp; Tech\u201c svetain\u0117je esan\u010dios med\u017eiagos naudojimo ar negal\u0117jimo jos naudoti, net jei \u201eApps &amp; Tech\u201c ar \u012fgaliotas \u201eApps &amp; Tech\u201c atstovas buvo \u017eod\u017eiu ar ra\u0161tu informuotas apie tokios \u017ealos galimyb\u0119. Kadangi kai kuriose jurisdikcijose neleid\u017eiama riboti numanom\u0173 garantij\u0173 arba riboti atsakomyb\u0117s u\u017e pasekmin\u0119 ar atsitiktin\u0119 \u017eal\u0105, \u0161ie apribojimai jums gali b\u016bti netaikomi.<\/p>\n<h2 class=\"wp-block-heading\">Med\u017eiag\u0173 tikslumas<\/h2>\n<p>\u201eApps &amp; Tech\u201c svetain\u0117je rodomoje med\u017eiagoje gali b\u016bti technini\u0173, spausdinimo ar fotografijos klaid\u0173. \u201eApps &amp; Tech\u201c negarantuoja, kad bet kokia jos svetain\u0117je pateikta med\u017eiaga yra tiksli, i\u0161sami ar aktuali. \u201eApps &amp; Tech\u201c gali bet kada be \u012fsp\u0117jimo keisti savo svetain\u0117je esan\u010di\u0105 med\u017eiag\u0105. Ta\u010diau \u201eApps &amp; Tech\u201c ne\u012fsipareigoja atnaujinti med\u017eiagos.<\/p>\n<h2 class=\"wp-block-heading\">Nuorodos<\/h2>\n<p>\u201eApps &amp; Tech\u201c neper\u017ei\u016br\u0117jo vis\u0173 svetaini\u0173, susiet\u0173 su jos svetaine, ir neatsako u\u017e jokios tokios susietos svetain\u0117s turin\u012f. Bet kokios nuorodos \u012ftraukimas nerei\u0161kia, kad \u201eApps &amp; Tech\u201c pritaria svetainei. Bet kuria tokia susieta svetaine naudojasi savo rizika.<\/p>\n<h2 class=\"wp-block-heading\">Modifikacijos<\/h2>\n<p>\u201eApps &amp; Tech\u201c gali bet kada be \u012fsp\u0117jimo per\u017ei\u016br\u0117ti \u0161ias savo svetain\u0117s paslaug\u0173 teikimo s\u0105lygas. Naudodamiesi \u0161ia svetaine, j\u016bs sutinkate laikytis tuo metu galiojan\u010dios \u0161i\u0173 paslaug\u0173 teikimo s\u0105lyg\u0173 versijos.<\/p>\n<p>Taikoma teis\u0117 \u0160ioms s\u0105lygoms taikoma ir jos ai\u0161kinamos pagal \u201eApps &amp; Tech\u201c \u012fstatymus, ir j\u016bs neat\u0161aukiamai sutinkate su i\u0161imtine tos valstijos ar vietov\u0117s teism\u0173 jurisdikcija.<\/p>\n<h2 id=\"lei-aplicavel\" class=\"wp-block-heading\">Taikytina teis\u0117<\/h2>\n<p>\u0160ioms s\u0105lygoms taikoma ir jos ai\u0161kinamos pagal \u201eApps &amp; Tech\u201c \u012fstatymus, ir j\u016bs neat\u0161aukiamai sutinkate su i\u0161imtine tos valstijos ar vietov\u0117s teism\u0173 jurisdikcija.<\/p>","protected":false},"excerpt":{"rendered":"<p>Termos de Uso do Apps &amp; Tech Ao acessar ao site Apps &amp; Tech, concorda em cumprir estes termos de servi\u00e7o, todas as leis e regulamentos aplic\u00e1veis e concorda que \u00e9 respons\u00e1vel pelo cumprimento de todas as leis locais aplic\u00e1veis. Se voc\u00ea n\u00e3o concordar com algum desses termos, est\u00e1 proibido de usar ou acessar este &#8230; <a title=\"Naudojimo s\u0105lygos\" class=\"read-more\" href=\"https:\/\/appsntech.com\/lt\/termos-de-uso\/\" aria-label=\"Read more about Termos de Uso\">skaityti daugiau<\/a><\/p>","protected":false},"author":1,"featured_media":0,"parent":0,"menu_order":0,"comment_status":"closed","ping_status":"closed","template":"","meta":{"footnotes":""},"class_list":["post-47341","page","type-page","status-publish"],"_links":{"self":[{"href":"https:\/\/appsntech.com\/lt\/wp-json\/wp\/v2\/pages\/47341","targetHints":{"allow":["GET"]}}],"collection":[{"href":"https:\/\/appsntech.com\/lt\/wp-json\/wp\/v2\/pages"}],"about":[{"href":"https:\/\/appsntech.com\/lt\/wp-json\/wp\/v2\/types\/page"}],"author":[{"embeddable":true,"href":"https:\/\/appsntech.com\/lt\/wp-json\/wp\/v2\/users\/1"}],"replies":[{"embeddable":true,"href":"https:\/\/appsntech.com\/lt\/wp-json\/wp\/v2\/comments?post=47341"}],"version-history":[{"count":1,"href":"https:\/\/appsntech.com\/lt\/wp-json\/wp\/v2\/pages\/47341\/revisions"}],"predecessor-version":[{"id":47342,"href":"https:\/\/appsntech.com\/lt\/wp-json\/wp\/v2\/pages\/47341\/revisions\/47342"}],"wp:attachment":[{"href":"https:\/\/appsntech.com\/lt\/wp-json\/wp\/v2\/media?parent=47341"}],"curies":[{"name":"wp","href":"https:\/\/api.w.org\/{rel}","templated":true}]}}