{"id":47343,"date":"2024-11-05T00:54:52","date_gmt":"2024-11-05T00:54:52","guid":{"rendered":"https:\/\/appsntech.com\/?page_id=47343"},"modified":"2024-11-05T00:54:53","modified_gmt":"2024-11-05T00:54:53","slug":"privatumo-politika","status":"publish","type":"page","link":"https:\/\/appsntech.com\/lt\/politica-de-privacidade\/","title":{"rendered":"Privatumo politika"},"content":{"rendered":"<p>Visa surinkta informacija bus naudojama siekiant pagerinti j\u016bs\u0173 patirt\u012f m\u016bs\u0173 svetain\u0117je. Surinkta informacija gali apimti j\u016bs\u0173 vard\u0105, pavard\u0119, el. pa\u0161to adres\u0105, telefono numer\u012f ir (arba) kit\u0105 informacij\u0105.<\/p>\n<p>\u201eApps &amp; Tech\u201c naudojimas rei\u0161kia \u0161ios privatumo sutarties sutikim\u0105. Jei vartotojas nesutinka, net ir i\u0161 dalies, su \u0161ioje privatumo politikoje pateiktomis s\u0105lygomis, jis netur\u0117t\u0173 pasiekti ir (arba) naudoti \u201eApps &amp; Tech\u201c si\u016blomo turinio. Naudodamasis svetaine, vartotojas patvirtina, kad patvirtina ir visi\u0161kai sutinka, kad jo duomenys b\u016bt\u0173 tvarkomi pagal \u0161ios privatumo politikos s\u0105lygas ir Bendr\u0105sias naudojimo s\u0105lygas.<\/p>\n<p>Pasiliekame teis\u0119 bet kuriuo metu keisti \u0161i\u0105 privatumo politik\u0105 be Vartotoj\u0173 sutikimo ar \u012fsp\u0117jimo, tod\u0117l pra\u0161ome j\u0105 da\u017enai per\u017ei\u016br\u0117ti. Pakeitimai ir patikslinimai \u012fsigalios nedelsiant, kai bus paskelbti svetain\u0117je. Jei atliksime esmini\u0173 \u0161ios politikos pakeitim\u0173, \u010dia prane\u0161ime jums apie jos atnaujinim\u0105, kad \u017einotum\u0117te, koki\u0105 informacij\u0105 renkame, kaip j\u0105 naudojame ir kokiomis aplinkyb\u0117mis, jei toki\u0173 yra, j\u0105 naudojame ir (arba) atskleid\u017eiame.<\/p>\n<p>\u201eApps &amp; Tech\u201c gerbia savo naudotoj\u0173 privatum\u0105 ir skaidriai informuoja apie tai, kaip naudojami duomenys. M\u016bs\u0173 privatumo politika buvo parengta laikantis tarptautini\u0173 ir nacionalini\u0173 duomen\u0173 apsaugos standart\u0173.<\/p>\n<p>\u0160i privatumo politika turi b\u016bti skaitoma ir ai\u0161kinama kartu su Bendrosiomis program\u0117li\u0173 ir technologij\u0173 naudojimo s\u0105lygomis, kurias galima rasti adresu <a href=\"https:\/\/appsntech.com\/lt\/naudojimo-salygos\/\">https:\/\/appsntech.com\/termos-de-uso\/<\/a><\/p>\n<h2 class=\"wp-block-heading\">Bendra informacija vartotojams <\/h2>\n<p>\u201eApps &amp; Tech\u201c siekia dalytis informacija su savo naudotojais, kad \u017einios b\u016bt\u0173 prieinamos visiems. Naudotojai gali nar\u0161yti \u201eApps &amp; Tech\u201c svetain\u0117je neregistruodamiesi.<\/p>\n<p>\u201eApps &amp; Tech\u201c laikosi tarptautini\u0173 saugumo standart\u0173 ir norm\u0173 duomen\u0173 saugojimo, apsaugos, privatumo ir perdavimo srityje, pabr\u0117\u017edama, kad joks duomen\u0173 saugojimo, apsaugos, privatumo ir perdavimo metodas n\u0117ra 100% saugus ir nelie\u010diamas.<\/p>\n<p>\u201eApps &amp; Tech\u201c taiko praktikas ir technologijas, kurios yra nuolat per\u017ei\u016brimos ir tobulinamos, atsi\u017evelgiant \u012f nacionalin\u0119 ir tarptautin\u0119 technin\u0119 bei reguliavimo pa\u017eang\u0105. Kalb\u0117dami apie apsaug\u0105, turime omenyje bet koki\u0105 neteis\u0117t\u0105 prieig\u0105 prie j\u016bs\u0173 duomen\u0173, j\u0173 naudojim\u0105, keitim\u0105, atskleidim\u0105 ar sunaikinim\u0105. Siekdami to i\u0161vengti, investuojame \u012f priemones, apiman\u010dias \u0161ifruot\u0105 ry\u0161\u012f, prieigos kontrol\u0119, saugaus programin\u0117s \u012frangos k\u016brimo laikym\u0105si, vidin\u0119 atitikties politik\u0105 ir atskaitomyb\u0117s bei rizikos ma\u017einimo priemones, kurios u\u017etikrina saugum\u0105 per vis\u0105 duomen\u0173 gyvavimo cikl\u0105. Vartotoj\u0173 informacija taip pat saugoma saugiose, pripa\u017eintose ir tarptautiniu mastu pripa\u017eintose duomen\u0173 baz\u0117se.<\/p>\n<p>\u201eApps &amp; Tech\u201c niekada nepra\u0161o pinigini\u0173 mok\u0117jim\u0173 u\u017e jokio produkto i\u0161leidim\u0105, nepriklausomai nuo jo tipo. Jei taip atsitikt\u0173, nedelsdami prane\u0161kite mums.<\/p>\n<p>Stengiam\u0117s, kad visa informacija b\u016bt\u0173 kuo naujausia. Ta\u010diau svarbu atkreipti d\u0117mes\u012f, kad \u0161i informacija gali skirtis nuo tos, kuri pateikiama konkre\u010dios svetain\u0117s institucij\u0173 ar paslaug\u0173 teik\u0117j\u0173 svetain\u0117se. Mes negarantuojame \u0161ios informacijos tikslumo ar aktualumo. Visada nepamir\u0161kite perskaityti pasirinkt\u0173 institucij\u0173 s\u0105lyg\u0173 ir nuostat\u0173. Gauname nedidel\u012f mokest\u012f u\u017e reklam\u0105 savo svetain\u0117je ir i\u0161 savo partneri\u0173, kai nukreipiame vartotoj\u0105, kuris pra\u0161o produkto ar pasi\u016blymo. Viskas, k\u0105 skelbiame, yra pagr\u012fsta kiekybiniais ir kokybiniais kiekvieno produkto vertinimais. Svarbu atkreipti d\u0117mes\u012f, kad m\u016bs\u0173 partneriai gali tiesiogiai paveikti produktus, apie kuriuos ra\u0161ome ir ap\u017evelgiame, taip pat \u201egeriausi\u0173\u201c straipsni\u0173 eil\u0119 ir produkt\u0173 pozicionavim\u0105 \u201eProgram\u0117l\u0117se ir technologijose\u201c. Atsi\u017evelgdami \u012f informacijos kiek\u012f m\u016bs\u0173 svetain\u0117je, negarantuojame informacijos kokyb\u0117s ar aktualumo; tod\u0117l teikiame pirmenyb\u0119 informacijai i\u0161 savo partneri\u0173.<\/p>\n<p>Siekdami apsaugoti j\u016bs\u0173 asmenin\u0119 informacij\u0105, imam\u0117s pagr\u012fst\u0173 atsargumo priemoni\u0173 ir laikom\u0117s geriausios pramon\u0117s praktikos, kad u\u017etikrintume, jog ji neb\u016bt\u0173 netinkamai prarasta, netinkamai naudojama, prie jos neb\u016bt\u0173 prieinama, ji neb\u016bt\u0173 atskleista, pakeista ar sunaikinta.<\/p>\n<h2 class=\"wp-block-heading\">Nuorodos \u012f tre\u010di\u0173j\u0173 \u0161ali\u0173 svetaines <\/h2>\n<p>\u201eApps &amp; Tech\u201c turi nuorod\u0173 \u012f kitas svetaines, kuriose, m\u016bs\u0173 nuomone, gali b\u016bti naudingos informacijos ar \u012franki\u0173 m\u016bs\u0173 lankytojams. M\u016bs\u0173 privatumo politika netaikoma tre\u010di\u0173j\u0173 \u0161ali\u0173 svetain\u0117ms. Mes neatsakome u\u017e \u0161i\u0173 svetaini\u0173 privatumo politik\u0105 ar turin\u012f. \u201eApps &amp; Tech\u201c j\u0173 nekontroliuoja, tod\u0117l atleid\u017eiama nuo bet kokios atsakomyb\u0117s, susijusios su santykiais, sukurtais tarp Vartotojo ir tre\u010di\u0173j\u0173 \u0161ali\u0173 produkt\u0173 bei paslaug\u0173, reklamuojam\u0173 svetain\u0117je.<\/p>\n<p>Kai i\u0161einate i\u0161 m\u016bs\u0173 svetain\u0117s arba esate nukreipiami \u012f tre\u010diosios \u0161alies svetain\u0119 ar program\u0117l\u0119, jums nebetaikoma \u0161i privatumo politika ar m\u016bs\u0173 svetain\u0117s paslaug\u0173 teikimo s\u0105lygos.<\/p>\n<p>Jei pateik\u0119 mums savo duomenis persigalvosite, bet kuriuo metu galite at\u0161aukti savo sutikim\u0105, kad su jumis susisiektume, toliau rinktume, naudotume ar atskleistume j\u016bs\u0173 informacij\u0105, susisiekdami su mumis el. pa\u0161tu adresu contato@appsntech.com.<\/p>\n<h2 class=\"wp-block-heading\">Neasmeniniai duomenys <\/h2>\n<p>Kai vartotojai neu\u017esako nemokamo turinio i\u0161 \u201eApps &amp; Tech\u201c (el. knyg\u0173, viktorin\u0173, straipsni\u0173, infografik\u0173 ir kt.), gali b\u016bti stebimi ir renkami neasmeniniai duomenys, nurodantys, be kita ko, kurie svetain\u0117s puslapiai buvo aplankyti, kada jie buvo aplankyti, kurios nuorodos buvo spustel\u0117tos, koks turinys ar paslaugos buvo pra\u0161omos ar nurodytos ir kt.<\/p>\n<h2 class=\"wp-block-heading\">Slapukai <\/h2>\n<p>\u201eGoogle\u201c, kaip tre\u010diosios \u0161alies tiek\u0117jas, naudoja slapukus skelbimams rodyti. Naudodama DART slapuk\u0105, \u201eGoogle\u201c gali rodyti skelbimus pagal naudotojo apsilankymus kitose interneto svetain\u0117se. Naudotojai gali atsisakyti DART slapuko apsilank\u0119 \u201eGoogle\u201c skelbim\u0173 ir turinio tinklo privatumo politikoje.<\/p>\n<p>\u201eApps &amp; Tech\u201c naudoja slapukus, kad pad\u0117t\u0173 rinkti duomenis ir IP (interneto protokolo) identifikavimo informacij\u0105, palengvint\u0173 vartotojo nar\u0161ym\u0105, pad\u0117dama u\u017etikrinti duomen\u0173 saugum\u0105, apsaug\u0105 ir autenti\u0161kum\u0105.<\/p>\n<p>Be to, savo svetain\u0117je naudojame tre\u010di\u0173j\u0173 \u0161ali\u0173 reklam\u0105, kad padengtume prie\u017ei\u016bros i\u0161laidas. Kai kurie i\u0161 \u0161i\u0173 reklamuotoj\u0173, reklamuodamiesi m\u016bs\u0173 svetain\u0117je, gali naudoti tokias technologijas kaip slapukai, d\u0117l kuri\u0173 \u0161ie reklamuotojai (pvz., \u201eGoogle\u201c per \u201eGoogle AdSense\u201c ir \u201eAd Exchange\u201c) taip pat gaus j\u016bs\u0173 asmenin\u0119 informacij\u0105, pvz., j\u016bs\u0173 IP adres\u0105, interneto paslaug\u0173 teik\u0117j\u0105, nar\u0161ykl\u0119 ir kt. \u0160i funkcija paprastai naudojama geografinei taikymui (rodant skelbimus, kurie yra prasmingi pagal j\u016bs\u0173 geografin\u0119 viet\u0105).<\/p>\n<p>Vartotojas bet kuriuo metu gali pakeisti, ar priimti slapukus savo nar\u0161ykl\u0117s nustatymuose, atkreipdamas d\u0117mes\u012f, kad i\u0161jungus nar\u0161ymo slapukus, kai kurios Program\u0117li\u0173 ir Technologij\u0173 funkcijos gali b\u016bti sutrikdytos.<\/p>\n<h2 class=\"wp-block-heading\">Asmeni\u0161kai identifikuojami duomenys <\/h2>\n<p>Nor\u0117dami pasiekti nemokam\u0105 turin\u012f \u201eProgram\u0117l\u0117se ir technologijose\u201c, pvz., straipsnius, el. knygas, viktorinas ir kt., vartotojai turi pateikti tam tikr\u0105 asmen\u012f identifikuojan\u010di\u0105 informacij\u0105, \u012fskaitant el. pa\u0161to adres\u0105 ir vard\u0105 bei pavard\u0119.<\/p>\n<p>\u201eApps &amp; Tech\u201c tvarkomi asmens duomenys skirti:<\/p>\n<p>\u2013 Teisingas ir tikslus Vartotojo identifikavimas, taip u\u017etikrinant didesn\u012f pa\u010di\u0173 Vartotoj\u0173 saugum\u0105 ir apsaug\u0105;<\/p>\n<p>\u2013 Prieiga prie \u201eApps &amp; Tech\u201c teikiam\u0173 paslaug\u0173 ir produkt\u0173;<\/p>\n<p>\u2013 \u201eProgram\u0117l\u0117s ir technologijos\u201c analizuoja vartotoj\u0173 profilius, kad rekomenduot\u0173 geriausius produktus ir informacij\u0105, atsi\u017evelgdama \u012f j\u0173 realius poreikius ir aplinkybes.<\/p>\n<p>Siekdama dar tiksliau i\u0161analizuoti naudotojo profil\u012f, \u201eApps &amp; Tech\u201c gali atlikti tyrimus, kad gaut\u0173 daugiau ir geresn\u0117s informacijos apie jus ir tokiu b\u016bdu rekomenduot\u0173 suasmenintus produktus ir paslaugas pagal kiekvieno naudotojo pageidavimus ir poreikius.<\/p>\n<p>\u201eApps &amp; Tech\u201c ir jos partneri\u0173 \u012fmon\u0117s gali pakviesti vartotojus dalyvauti pasitenkinimo apklausose, kurios apims el. lai\u0161kus su reikiamomis gair\u0117mis. Surinkti duomenys pirmiausia bus naudojami \u201eApps &amp; Tech\u201c ir jos partneri\u0173 \u012fmoni\u0173 si\u016blomoms sistemoms, produktams, turiniui ir paslaugoms tobulinti.<\/p>\n<p>Jei vartotojas susisiekia su mumis nor\u0117damas prane\u0161ti apie problem\u0105, u\u017eduoti klausim\u0105 arba gauti pagalbos, mes renkame ir saugome vartotojo kontaktin\u0119 informacij\u0105, taip pat jo \u017einutes ir kitus duomenis, reikalingus problemai ar klausimui i\u0161tirti. \u0160ie duomenys bus naudojami siekiant i\u0161spr\u0119sti bet kokius klausimus remiantis surinkta informacija, i\u0161siai\u0161kinti abejones, i\u0161taisyti problemas ir tobulinti sistem\u0105, dar labiau pagerinant vartotojo patirt\u012f naudojantis program\u0117l\u0117mis ir technologijomis.<\/p>\n<h2 class=\"wp-block-heading\">Apie duomen\u0173 bendrinim\u0105 <\/h2>\n<p>\u201eApps &amp; Tech\u201c neparduos savo Naudotoj\u0173 asmenin\u0117s informacijos ar duomen\u0173, ta\u010diau gali jais dalytis su partneri\u0173 \u012fmon\u0117mis, kad rekomenduot\u0173 produktus ir paslaugas, geriausiai atitinkan\u010dias profil\u012f ir poreikius, arba kad teikt\u0173 Naudotojo pra\u0161omus produktus ir (arba) paslaugas.<\/p>\n<p>\u201eApps &amp; Tech\u201c pasilieka teis\u0119 pad\u0117ti arba bendradarbiauti su bet kuria teismine institucija ar vyriausybine agent\u016bra ir gali dalytis Naudotoj\u0173 asmeniniais duomenimis, siekdama: a) nustatyti arba \u012fgyvendinti savo teisines teises; b) apsaugoti savo turt\u0105; c) kai mano, kad jos pagalba arba bendradarbiavimas yra b\u016btinas siekiant apsaugoti jos Naudotojus, darbuotojus, administratorius ar bet kur\u012f asmen\u012f, nukent\u0117jus\u012f nuo veiksmo ar neveikimo.<\/p>\n<h2 class=\"wp-block-heading\">Apie neapdorotus ir nesurinktus duomenis <\/h2>\n<p>\u201eApps &amp; Tech\u201c netvarko jaunesni\u0173 nei 13 (trylikos) met\u0173 vaik\u0173 asmens duomen\u0173 be i\u0161ankstinio j\u0173 t\u0117v\u0173 ar teis\u0117t\u0173 glob\u0117j\u0173 leidimo.<\/p>\n<p>Jei vaik\u0173 iki 13 (trylikos) met\u0173 am\u017eiaus asmens duomenys renkami ir tvarkomi nety\u010dia be ai\u0161kaus j\u0173 t\u0117v\u0173 ar teis\u0117t\u0173 glob\u0117j\u0173 leidimo, \u201eApps &amp; Tech\u201c i\u0161trins visus surinktus duomenis be i\u0161ankstinio \u012fsp\u0117jimo.<\/p>\n<p>Jei Vartotojas su\u017eino, kad per klaid\u0105 tvark\u0117me vaiko duomenis, pra\u0161ome nedelsiant susisiekti su mumis el. pa\u0161to adresu. <a>contato@appsntech.com<\/a>, kad gal\u0117tume imtis reikiam\u0173 priemoni\u0173.<\/p>","protected":false},"excerpt":{"rendered":"<p>Todas as informa\u00e7\u00f5es recolhidas ser\u00e3o utilizadas para melhorar sua experi\u00eancia dentro do nosso site. As informa\u00e7\u00f5es recolhidas podem incluir o seu nome, email, n\u00famero de telefone e\/ou outros. O uso do Apps &#038; Tech pressup\u00f5e a aceita\u00e7\u00e3o deste Acordo de Privacidade. Caso o usu\u00e1rio n\u00e3o concorde, ainda que em parte, com os termos e condi\u00e7\u00f5es &#8230; <a title=\"Privatumo politika\" class=\"read-more\" href=\"https:\/\/appsntech.com\/lt\/politica-de-privacidade\/\" aria-label=\"Read more about Politica de Privacidade\">skaityti daugiau<\/a><\/p>","protected":false},"author":1,"featured_media":0,"parent":0,"menu_order":0,"comment_status":"closed","ping_status":"closed","template":"","meta":{"footnotes":""},"class_list":["post-47343","page","type-page","status-publish"],"_links":{"self":[{"href":"https:\/\/appsntech.com\/lt\/wp-json\/wp\/v2\/pages\/47343","targetHints":{"allow":["GET"]}}],"collection":[{"href":"https:\/\/appsntech.com\/lt\/wp-json\/wp\/v2\/pages"}],"about":[{"href":"https:\/\/appsntech.com\/lt\/wp-json\/wp\/v2\/types\/page"}],"author":[{"embeddable":true,"href":"https:\/\/appsntech.com\/lt\/wp-json\/wp\/v2\/users\/1"}],"replies":[{"embeddable":true,"href":"https:\/\/appsntech.com\/lt\/wp-json\/wp\/v2\/comments?post=47343"}],"version-history":[{"count":1,"href":"https:\/\/appsntech.com\/lt\/wp-json\/wp\/v2\/pages\/47343\/revisions"}],"predecessor-version":[{"id":47344,"href":"https:\/\/appsntech.com\/lt\/wp-json\/wp\/v2\/pages\/47343\/revisions\/47344"}],"wp:attachment":[{"href":"https:\/\/appsntech.com\/lt\/wp-json\/wp\/v2\/media?parent=47343"}],"curies":[{"name":"wp","href":"https:\/\/api.w.org\/{rel}","templated":true}]}}