{"id":47347,"date":"2024-11-05T00:56:12","date_gmt":"2024-11-05T00:56:12","guid":{"rendered":"https:\/\/appsntech.com\/?page_id=47347"},"modified":"2024-11-05T00:56:12","modified_gmt":"2024-11-05T00:56:12","slug":"siapa-kita","status":"publish","type":"page","link":"https:\/\/appsntech.com\/ms\/quem-somos\/","title":{"rendered":"Siapa kita"},"content":{"rendered":"<p>Apps &amp; Tech ialah tapak web teknologi yang dicipta pada tahun 2024 dengan tujuan menyediakan maklumat dan petua tentang aplikasi, kewangan dan topik lain yang berkaitan dengan dunia digital. Kami percaya bahawa teknologi ialah alat yang berkuasa untuk mengubah kehidupan dan perniagaan, dan kami ingin membantu pembaca kami mengikuti perkembangan terkini dan memanfaatkan alatan ini sepenuhnya.<\/p>\n\n\n\n<p>Di Apps &amp; Tech, anda akan menemui artikel dan tutorial yang ditulis oleh pakar teknologi, serta ulasan dan penilaian produk dan perkhidmatan. Kami juga menawarkan petua dan kiat untuk membantu anda memanfaatkan sepenuhnya peranti mudah alih dan apl anda.<\/p>\n\n\n\n<p>Pasukan kami terdiri daripada pakar teknologi, wartawan dan penulis, semuanya komited untuk menyampaikan kandungan berkualiti tinggi dan tepat kepada pembaca kami. Kami percaya bahawa teknologi ialah alat yang berkuasa untuk mengubah kehidupan dan perniagaan dan matlamat kami adalah untuk membantu pembaca kami mengikuti perkembangan terkini dan memanfaatkan sepenuhnya alatan ini.<\/p>\n\n\n\n<p>Selain kandungan, kami juga menawarkan pembaca kami peluang untuk berhubung dengan peminat teknologi lain melalui saluran media sosial dan forum perbincangan kami. Kami menghargai pendapat pembaca kami dan sentiasa terbuka kepada cadangan dan maklum balas untuk menambah baik perkhidmatan kami.<\/p>\n\n\n\n<p>Ikuti kami dan ikuti perkembangan terkini dan berita terkini dalam dunia teknologi. Terima kasih kerana melawat laman web kami dan kami berharap dapat berjumpa lagi tidak lama lagi!<\/p>","protected":false},"excerpt":{"rendered":"<p>O Apps &amp; Tech \u00e9 um site de tecnologia criado em 2024 com o objetivo de fornecer informa\u00e7\u00f5es e dicas sobre aplicativos, finan\u00e7as e outros assuntos relacionados ao mundo digital. N\u00f3s acreditamos que a tecnologia \u00e9 uma ferramenta poderosa para transformar vidas e empresas, e queremos ajudar nossos leitores a se manterem atualizados e aproveitar &#8230; <a title=\"Siapa kita\" class=\"read-more\" href=\"https:\/\/appsntech.com\/ms\/quem-somos\/\" aria-label=\"Read more about Quem somos\">baca lagi<\/a><\/p>","protected":false},"author":1,"featured_media":0,"parent":0,"menu_order":0,"comment_status":"closed","ping_status":"closed","template":"","meta":{"footnotes":""},"class_list":["post-47347","page","type-page","status-publish"],"_links":{"self":[{"href":"https:\/\/appsntech.com\/ms\/wp-json\/wp\/v2\/pages\/47347","targetHints":{"allow":["GET"]}}],"collection":[{"href":"https:\/\/appsntech.com\/ms\/wp-json\/wp\/v2\/pages"}],"about":[{"href":"https:\/\/appsntech.com\/ms\/wp-json\/wp\/v2\/types\/page"}],"author":[{"embeddable":true,"href":"https:\/\/appsntech.com\/ms\/wp-json\/wp\/v2\/users\/1"}],"replies":[{"embeddable":true,"href":"https:\/\/appsntech.com\/ms\/wp-json\/wp\/v2\/comments?post=47347"}],"version-history":[{"count":1,"href":"https:\/\/appsntech.com\/ms\/wp-json\/wp\/v2\/pages\/47347\/revisions"}],"predecessor-version":[{"id":47348,"href":"https:\/\/appsntech.com\/ms\/wp-json\/wp\/v2\/pages\/47347\/revisions\/47348"}],"wp:attachment":[{"href":"https:\/\/appsntech.com\/ms\/wp-json\/wp\/v2\/media?parent=47347"}],"curies":[{"name":"wp","href":"https:\/\/api.w.org\/{rel}","templated":true}]}}