{"id":47341,"date":"2024-11-05T00:53:27","date_gmt":"2024-11-05T00:53:27","guid":{"rendered":"https:\/\/appsntech.com\/?page_id=47341"},"modified":"2024-11-05T00:53:27","modified_gmt":"2024-11-05T00:53:27","slug":"warunki-uzytkowania","status":"publish","type":"page","link":"https:\/\/appsntech.com\/pl\/termos-de-uso\/","title":{"rendered":"Warunki u\u017cytkowania"},"content":{"rendered":"<h2 class=\"wp-block-heading\">Warunki korzystania z aplikacji i technologii<\/h2>\n<p>Wchodz\u0105c na stron\u0119 Aplikacje i technologie, wyra\u017casz zgod\u0119 na przestrzeganie niniejszych warunk\u00f3w \u015bwiadczenia us\u0142ug, wszystkich obowi\u0105zuj\u0105cych przepis\u00f3w prawa i regulacji oraz potwierdzasz, \u017ce jeste\u015b odpowiedzialny za przestrzeganie wszelkich obowi\u0105zuj\u0105cych przepis\u00f3w lokalnych. Je\u015bli nie zgadzasz si\u0119 z kt\u00f3rymkolwiek z tych warunk\u00f3w, nie mo\u017cesz korzysta\u0107 z tej witryny ani uzyskiwa\u0107 do niej dost\u0119pu. Materia\u0142y zawarte w tej witrynie s\u0105 chronione obowi\u0105zuj\u0105cymi przepisami dotycz\u0105cymi praw autorskich i znak\u00f3w towarowych.<\/p>\n<h2 class=\"wp-block-heading\">Wykorzystanie licencji<\/h2>\n<p>Zezwala si\u0119 na tymczasowe pobranie jednej kopii materia\u0142\u00f3w (informacji lub oprogramowania) z witryny Apps &amp; Tech wy\u0142\u0105cznie do osobistego, niekomercyjnego, tymczasowego przegl\u0105dania. Jest to udzielenie licencji, a nie przeniesienie tytu\u0142u i na mocy tej licencji nie mo\u017cesz:<\/p>\n<ul class=\"wp-block-list\">\n<li>modyfikowa\u0107 lub kopiowa\u0107 materia\u0142y;<\/li>\n<li>wykorzystywa\u0107 materia\u0142\u00f3w do cel\u00f3w komercyjnych lub do publicznego wy\u015bwietlania (komercyjnego lub niekomercyjnego);<\/li>\n<li>podejmowa\u0107 pr\u00f3b dekompilacji lub in\u017cynierii wstecznej jakiegokolwiek oprogramowania zawartego w witrynie internetowej Apps &amp; Tech;<\/li>\n<li>usuwa\u0107 z materia\u0142\u00f3w wszelkie oznaczenia dotycz\u0105ce praw autorskich lub innych praw w\u0142asno\u015bci; Lub<\/li>\n<li>przenie\u015b\u0107 materia\u0142y na inn\u0105 osob\u0119 lub \u201eodzwierciedli\u0107\u201d materia\u0142y na innym serwerze. Licencja wygasa automatycznie w przypadku naruszenia kt\u00f3regokolwiek z tych ogranicze\u0144 i mo\u017ce zosta\u0107 wypowiedziana przez firm\u0119 Apps &amp; Tech w dowolnym momencie. Po zako\u0144czeniu przegl\u0105dania tych materia\u0142\u00f3w lub wyga\u015bni\u0119ciu niniejszej licencji nale\u017cy usun\u0105\u0107 wszelkie pobrane materia\u0142y znajduj\u0105ce si\u0119 w posiadaniu, zar\u00f3wno w formacie elektronicznym, jak i drukowanym.<\/li>\n<\/ul>\n<h2 class=\"wp-block-heading\">Zastrze\u017cenie<\/h2>\n<p>Materia\u0142y znajduj\u0105ce si\u0119 w witrynie Apps &amp; Tech s\u0105 dostarczane w stanie takim, w jakim s\u0105. Apps &amp; Tech nie udziela \u017cadnych gwarancji, wyra\u017anych ani dorozumianych, i niniejszym zrzeka si\u0119 i neguje wszelkie inne gwarancje, w tym mi\u0119dzy innymi dorozumiane gwarancje lub warunki przydatno\u015bci handlowej, przydatno\u015bci do okre\u015blonego celu, nienaruszania w\u0142asno\u015bci intelektualnej lub innego naruszenia praw .<\/p>\n<p>Ponadto firma Apps &amp; Tech nie gwarantuje ani nie sk\u0142ada \u017cadnych o\u015bwiadcze\u0144 dotycz\u0105cych dok\u0142adno\u015bci, prawdopodobnych wynik\u00f3w lub wiarygodno\u015bci wykorzystania materia\u0142\u00f3w znajduj\u0105cych si\u0119 w jej witrynie internetowej lub w inny spos\u00f3b odnosz\u0105cych si\u0119 do takich materia\u0142\u00f3w lub witryn powi\u0105zanych z t\u0105 witryn\u0105.<\/p>\n<h2 class=\"wp-block-heading\">Ograniczenia<\/h2>\n<p>W \u017cadnym wypadku firma Apps &amp; Tech ani jej dostawcy nie ponosz\u0105 odpowiedzialno\u015bci za jakiekolwiek szkody (w tym mi\u0119dzy innymi szkody z tytu\u0142u utraty danych lub zysk\u00f3w b\u0105d\u017a spowodowane przerw\u0105 w dzia\u0142alno\u015bci) powsta\u0142e w wyniku u\u017cycia lub niemo\u017cno\u015bci wykorzystania materia\u0142\u00f3w dost\u0119pnych w witrynie Apps &amp; Tech stronie internetowej, nawet je\u015bli firma Apps &amp; Tech lub jej autoryzowany przedstawiciel zostali ustnie lub pisemnie powiadomieni o mo\u017cliwo\u015bci wyst\u0105pienia takich szk\u00f3d. Poniewa\u017c niekt\u00f3re jurysdykcje nie zezwalaj\u0105 na ograniczenia dorozumianych gwarancji lub ograniczenia odpowiedzialno\u015bci za szkody wt\u00f3rne lub przypadkowe, ograniczenia te mog\u0105 nie mie\u0107 zastosowania w Twoim przypadku.<\/p>\n<h2 class=\"wp-block-heading\">Precyzja materia\u0142\u00f3w<\/h2>\n<p>Materia\u0142y pojawiaj\u0105ce si\u0119 w witrynie Apps &amp; Tech mog\u0105 zawiera\u0107 b\u0142\u0119dy techniczne, typograficzne lub fotograficzne. Firma Apps &amp; Tech nie gwarantuje, \u017ce jakiekolwiek materia\u0142y zawarte w jej witrynie internetowej s\u0105 dok\u0142adne, kompletne i aktualne. Firma Apps &amp; Tech mo\u017ce w dowolnym momencie i bez powiadomienia wprowadza\u0107 zmiany w materia\u0142ach zawartych na swojej stronie internetowej. Jednak\u017ce firma Apps &amp; Tech nie zobowi\u0105zuje si\u0119 do aktualizacji materia\u0142\u00f3w.<\/p>\n<h2 class=\"wp-block-heading\">Spinki do mankiet\u00f3w<\/h2>\n<p>Firma Apps &amp; Tech nie sprawdzi\u0142a wszystkich witryn, do kt\u00f3rych prowadz\u0105 linki, i nie ponosi odpowiedzialno\u015bci za zawarto\u015b\u0107 witryn, do kt\u00f3rych prowadz\u0105 linki. Zamieszczenie jakiegokolwiek \u0142\u0105cza nie oznacza poparcia witryny przez firm\u0119 Apps &amp; Tech. Korzystanie z jakiejkolwiek witryny, do kt\u00f3rej prowadz\u0105 linki, odbywa si\u0119 na w\u0142asne ryzyko u\u017cytkownika.<\/p>\n<h2 class=\"wp-block-heading\">Modyfikacje<\/h2>\n<p>Firma Apps &amp; Tech mo\u017ce w dowolnym momencie i bez uprzedzenia zmieni\u0107 niniejsze warunki korzystania z us\u0142ug swojej witryny internetowej. Korzystaj\u0105c z tej witryny, wyra\u017casz zgod\u0119 na obowi\u0105zuj\u0105c\u0105 wersj\u0119 niniejszych warunk\u00f3w \u015bwiadczenia us\u0142ug.<\/p>\n<p>Obowi\u0105zuj\u0105ce prawo Niniejsze warunki podlegaj\u0105 przepisom prawa Apps &amp; Tech i s\u0105 zgodnie z nimi interpretowane, a u\u017cytkownik nieodwo\u0142alnie poddaje si\u0119 wy\u0142\u0105cznej jurysdykcji s\u0105d\u00f3w w tym stanie lub lokalizacji.<\/p>\n<h2 id=\"lei-aplicavel\" class=\"wp-block-heading\">Obowi\u0105zuj\u0105ce prawo<\/h2>\n<p>Niniejsze warunki podlegaj\u0105 przepisom prawa Apps &amp; Tech i s\u0105 zgodnie z nimi interpretowane, a u\u017cytkownik nieodwo\u0142alnie poddaje si\u0119 wy\u0142\u0105cznej jurysdykcji s\u0105d\u00f3w w tym stanie lub lokalizacji.<\/p>","protected":false},"excerpt":{"rendered":"<p>Termos de Uso do Apps &amp; Tech Ao acessar ao site Apps &amp; Tech, concorda em cumprir estes termos de servi\u00e7o, todas as leis e regulamentos aplic\u00e1veis e concorda que \u00e9 respons\u00e1vel pelo cumprimento de todas as leis locais aplic\u00e1veis. Se voc\u00ea n\u00e3o concordar com algum desses termos, est\u00e1 proibido de usar ou acessar este &#8230; <a title=\"Warunki u\u017cytkowania\" class=\"read-more\" href=\"https:\/\/appsntech.com\/pl\/termos-de-uso\/\" aria-label=\"Dowiedz si\u0119 wi\u0119cej o Termos de Uso\">czytaj wi\u0119cej<\/a><\/p>","protected":false},"author":1,"featured_media":0,"parent":0,"menu_order":0,"comment_status":"closed","ping_status":"closed","template":"","meta":{"footnotes":""},"class_list":["post-47341","page","type-page","status-publish"],"_links":{"self":[{"href":"https:\/\/appsntech.com\/pl\/wp-json\/wp\/v2\/pages\/47341","targetHints":{"allow":["GET"]}}],"collection":[{"href":"https:\/\/appsntech.com\/pl\/wp-json\/wp\/v2\/pages"}],"about":[{"href":"https:\/\/appsntech.com\/pl\/wp-json\/wp\/v2\/types\/page"}],"author":[{"embeddable":true,"href":"https:\/\/appsntech.com\/pl\/wp-json\/wp\/v2\/users\/1"}],"replies":[{"embeddable":true,"href":"https:\/\/appsntech.com\/pl\/wp-json\/wp\/v2\/comments?post=47341"}],"version-history":[{"count":1,"href":"https:\/\/appsntech.com\/pl\/wp-json\/wp\/v2\/pages\/47341\/revisions"}],"predecessor-version":[{"id":47342,"href":"https:\/\/appsntech.com\/pl\/wp-json\/wp\/v2\/pages\/47341\/revisions\/47342"}],"wp:attachment":[{"href":"https:\/\/appsntech.com\/pl\/wp-json\/wp\/v2\/media?parent=47341"}],"curies":[{"name":"wp","href":"https:\/\/api.w.org\/{rel}","templated":true}]}}