{"id":47347,"date":"2024-11-05T00:56:12","date_gmt":"2024-11-05T00:56:12","guid":{"rendered":"https:\/\/appsntech.com\/?page_id=47347"},"modified":"2024-11-05T00:56:12","modified_gmt":"2024-11-05T00:56:12","slug":"kim-jestesmy","status":"publish","type":"page","link":"https:\/\/appsntech.com\/pl\/quem-somos\/","title":{"rendered":"Kim jeste\u015bmy"},"content":{"rendered":"<p>Apps &amp; Tech to serwis technologiczny stworzony w 2024 roku w celu dostarczania informacji i wskaz\u00f3wek na temat aplikacji, finans\u00f3w i innych temat\u00f3w zwi\u0105zanych ze \u015bwiatem cyfrowym. Wierzymy, \u017ce technologia to pot\u0119\u017cne narz\u0119dzie do zmiany \u017cycia i biznesu, dlatego chcemy pom\u00f3c naszym czytelnikom by\u0107 na bie\u017c\u0105co i maksymalnie wykorzystywa\u0107 te narz\u0119dzia.<\/p>\n\n\n\n<p>W Apps &amp; Tech znajdziesz artyku\u0142y i samouczki napisane przez ekspert\u00f3w w dziedzinie technologii, a tak\u017ce analizy i recenzje produkt\u00f3w i us\u0142ug. Oferujemy r\u00f3wnie\u017c porady i wskaz\u00f3wki, kt\u00f3re pomog\u0105 Ci w pe\u0142ni wykorzysta\u0107 mo\u017cliwo\u015bci urz\u0105dze\u0144 mobilnych i aplikacji.<\/p>\n\n\n\n<p>Nasz zesp\u00f3\u0142 sk\u0142ada si\u0119 z ekspert\u00f3w w dziedzinie technologii, dziennikarzy i pisarzy, a wszyscy zaanga\u017cowani s\u0105 w dostarczanie naszym czytelnikom wysokiej jako\u015bci, dok\u0142adnych tre\u015bci. Wierzymy, \u017ce technologia jest pot\u0119\u017cnym narz\u0119dziem do zmiany \u017cycia i biznesu, a naszym celem jest pom\u00f3c naszym czytelnikom by\u0107 na bie\u017c\u0105co i jak najlepiej wykorzystywa\u0107 te narz\u0119dzia.<\/p>\n\n\n\n<p>Opr\u00f3cz tre\u015bci oferujemy naszym czytelnikom tak\u017ce mo\u017cliwo\u015b\u0107 nawi\u0105zania kontaktu z innymi entuzjastami technologii za po\u015brednictwem naszych sieci spo\u0142eczno\u015bciowych i for\u00f3w dyskusyjnych. Cenimy opinie naszych czytelnik\u00f3w i zawsze jeste\u015bmy otwarci na sugestie i uwagi, kt\u00f3re pozwol\u0105 nam ulepszy\u0107 nasze us\u0142ugi.<\/p>\n\n\n\n<p>Obserwuj nas i b\u0105d\u017a na bie\u017c\u0105co z najnowszymi trendami i nowo\u015bciami w \u015bwiecie technologii. Dzi\u0119kujemy za odwiedzenie naszej strony internetowej i mamy nadziej\u0119, \u017ce wkr\u00f3tce spotkamy si\u0119 ponownie!<\/p>","protected":false},"excerpt":{"rendered":"<p>O Apps &amp; Tech \u00e9 um site de tecnologia criado em 2024 com o objetivo de fornecer informa\u00e7\u00f5es e dicas sobre aplicativos, finan\u00e7as e outros assuntos relacionados ao mundo digital. N\u00f3s acreditamos que a tecnologia \u00e9 uma ferramenta poderosa para transformar vidas e empresas, e queremos ajudar nossos leitores a se manterem atualizados e aproveitar &#8230; <a title=\"Kim jeste\u015bmy\" class=\"read-more\" href=\"https:\/\/appsntech.com\/pl\/quem-somos\/\" aria-label=\"Dowiedz si\u0119 wi\u0119cej o Quem somos\">czytaj wi\u0119cej<\/a><\/p>","protected":false},"author":1,"featured_media":0,"parent":0,"menu_order":0,"comment_status":"closed","ping_status":"closed","template":"","meta":{"footnotes":""},"class_list":["post-47347","page","type-page","status-publish"],"_links":{"self":[{"href":"https:\/\/appsntech.com\/pl\/wp-json\/wp\/v2\/pages\/47347","targetHints":{"allow":["GET"]}}],"collection":[{"href":"https:\/\/appsntech.com\/pl\/wp-json\/wp\/v2\/pages"}],"about":[{"href":"https:\/\/appsntech.com\/pl\/wp-json\/wp\/v2\/types\/page"}],"author":[{"embeddable":true,"href":"https:\/\/appsntech.com\/pl\/wp-json\/wp\/v2\/users\/1"}],"replies":[{"embeddable":true,"href":"https:\/\/appsntech.com\/pl\/wp-json\/wp\/v2\/comments?post=47347"}],"version-history":[{"count":1,"href":"https:\/\/appsntech.com\/pl\/wp-json\/wp\/v2\/pages\/47347\/revisions"}],"predecessor-version":[{"id":47348,"href":"https:\/\/appsntech.com\/pl\/wp-json\/wp\/v2\/pages\/47347\/revisions\/47348"}],"wp:attachment":[{"href":"https:\/\/appsntech.com\/pl\/wp-json\/wp\/v2\/media?parent=47347"}],"curies":[{"name":"wp","href":"https:\/\/api.w.org\/{rel}","templated":true}]}}