{"id":47341,"date":"2024-11-05T00:53:27","date_gmt":"2024-11-05T00:53:27","guid":{"rendered":"https:\/\/appsntech.com\/?page_id=47341"},"modified":"2024-11-05T00:53:27","modified_gmt":"2024-11-05T00:53:27","slug":"termeni-de-utilizare","status":"publish","type":"page","link":"https:\/\/appsntech.com\/ro\/termos-de-uso\/","title":{"rendered":"Termeni de utilizare"},"content":{"rendered":"<h2 class=\"wp-block-heading\">Condi\u021bii de utilizare pentru aplica\u021bii \u0219i tehnologie<\/h2>\n<p>Acces\u00e2nd site-ul web Apps &amp; Tech, sunte\u021bi de acord s\u0103 respecta\u021bi ace\u0219ti termeni \u0219i condi\u021bii, toate legile \u0219i reglement\u0103rile aplicabile \u0219i sunte\u021bi de acord c\u0103 sunte\u021bi responsabil pentru respectarea oric\u0103ror legi locale aplicabile. Dac\u0103 nu sunte\u021bi de acord cu niciunul dintre ace\u0219ti termeni, vi se interzice utilizarea sau accesarea acestui site. Materialele con\u021binute \u00een acest site sunt protejate de legile aplicabile privind drepturile de autor \u0219i m\u0103rcile comerciale.<\/p>\n<h2 class=\"wp-block-heading\">Utilizarea licen\u021bei<\/h2>\n<p>Se acord\u0103 permisiunea de a desc\u0103rca temporar o copie a materialelor (informa\u021bii sau software) de pe site-ul web Apps &amp; Tech numai pentru vizionare personal\u0103, necomercial\u0103, tranzitorie. Aceasta este acordarea unei licen\u021be, nu un transfer de titlu, iar \u00een baza acestei licen\u021be nu pute\u021bi:<\/p>\n<ul class=\"wp-block-list\">\n<li>modifica sau copia materialele;<\/li>\n<li>utiliza\u021bi materialele \u00een orice scop comercial sau pentru afi\u0219are public\u0103 (comerciale sau necomerciale);<\/li>\n<li>\u00eencercarea de a decompila sau a face inginerie invers\u0103 a oric\u0103rui software con\u021binut pe site-ul Apps &amp; Tech;<\/li>\n<li>elimina orice drepturi de autor sau alte nota\u021bii de proprietate din materiale; sau<\/li>\n<li>transfera\u021bi materialele unei alte persoane sau \u201eoglindi\u021bi\u201d materialele pe orice alt server. Aceast\u0103 licen\u021b\u0103 se va rezilia automat dac\u0103 \u00eenc\u0103lca\u021bi oricare dintre aceste restric\u021bii \u0219i poate fi reziliat\u0103 de Apps &amp; Tech \u00een orice moment. La \u00eencetarea vizualiz\u0103rii acestor materiale sau la \u00eencetarea acestei licen\u021be, trebuie s\u0103 \u0219terge\u021bi orice materiale desc\u0103rcate \u00een posesia dumneavoastr\u0103, fie \u00een format electronic sau tip\u0103rit.<\/li>\n<\/ul>\n<h2 class=\"wp-block-heading\">Disclaimer<\/h2>\n<p>Materialele de pe site-ul web Apps &amp; Tech sunt furnizate \u201eca atare\u201d. Apps &amp; Tech nu ofer\u0103 garan\u021bii, exprese sau implicite, \u0219i prin prezenta declin\u0103 \u0219i neag\u0103 toate celelalte garan\u021bii, inclusiv, f\u0103r\u0103 limitare, garan\u021bii sau condi\u021bii implicite de vandabilitate, potrivire pentru un anumit scop sau ne\u00eenc\u0103lcare a propriet\u0103\u021bii intelectuale sau alte \u00eenc\u0103lc\u0103ri ale drepturilor. .<\/p>\n<p>\u00cen plus, Apps &amp; Tech nu garanteaz\u0103 \u0219i nu face nicio declara\u021bie cu privire la acurate\u021bea, rezultatele probabile sau fiabilitatea utiliz\u0103rii materialelor de pe site-ul s\u0103u web sau \u00een leg\u0103tur\u0103 cu astfel de materiale sau de pe orice site-uri legate de acest site.<\/p>\n<h2 class=\"wp-block-heading\">Limit\u0103ri<\/h2>\n<p>\u00cen niciun caz, Apps &amp; Tech sau furnizorii s\u0103i nu vor fi r\u0103spunz\u0103tori pentru orice daune (inclusiv, f\u0103r\u0103 limitare, daune pentru pierderea de date sau profit, sau din cauza \u00eentreruperii activit\u0103\u021bii) care decurg din utilizarea sau incapacitatea de a utiliza materialele de pe Apps &amp; Tech. site-ul web, chiar dac\u0103 Apps &amp; Tech sau un reprezentant autorizat Apps &amp; Tech a fost notificat verbal sau \u00een scris cu privire la posibilitatea unei astfel de daune. Deoarece unele jurisdic\u021bii nu permit limit\u0103ri ale garan\u021biilor implicite sau limit\u0103ri ale r\u0103spunderii pentru daune consecutive sau accidentale, este posibil ca aceste limit\u0103ri s\u0103 nu se aplice \u00een cazul dumneavoastr\u0103.<\/p>\n<h2 class=\"wp-block-heading\">Precizia materialelor<\/h2>\n<p>Materialele care apar pe site-ul Apps &amp; Tech pot include erori tehnice, tipografice sau fotografice. Apps &amp; Tech nu garanteaz\u0103 c\u0103 materialele de pe site-ul s\u0103u sunt exacte, complete sau actuale. Apps &amp; Tech poate aduce modific\u0103ri materialelor con\u021binute pe site-ul s\u0103u web \u00een orice moment, f\u0103r\u0103 notificare. Cu toate acestea, Apps &amp; Tech nu \u00ee\u0219i asum\u0103 niciun angajament de a actualiza materialele.<\/p>\n<h2 class=\"wp-block-heading\">Leg\u0103turi<\/h2>\n<p>Apps &amp; Tech nu a examinat toate site-urile legate de site-ul s\u0103u \u0219i nu este responsabil pentru con\u021binutul niciunui site legat. Includerea oric\u0103rui link nu implic\u0103 aprobarea de c\u0103tre Apps &amp; Tech a site-ului. Utilizarea oric\u0103rui site conectat este pe riscul propriu al utilizatorului.<\/p>\n<h2 class=\"wp-block-heading\">Modific\u0103ri<\/h2>\n<p>Apps &amp; Tech poate revizui ace\u0219ti termeni \u0219i condi\u021bii pentru site-ul s\u0103u web \u00een orice moment, f\u0103r\u0103 notificare. Prin utilizarea acestui site web, sunte\u021bi de acord s\u0103 respecta\u021bi versiunea actual\u0103 a acestor termeni \u0219i condi\u021bii.<\/p>\n<p>Legea aplicabil\u0103 Ace\u0219ti termeni \u0219i condi\u021bii sunt guverna\u021bi \u0219i interpreta\u021bi \u00een conformitate cu legile Apps &amp; Tech \u0219i v\u0103 supune\u021bi irevocabil jurisdic\u021biei exclusive a instan\u021belor din acel stat sau loca\u021bie.<\/p>\n<h2 id=\"lei-aplicavel\" class=\"wp-block-heading\">Legea aplicabila<\/h2>\n<p>Ace\u0219ti termeni \u0219i condi\u021bii sunt guverna\u021bi \u0219i interpreta\u021bi \u00een conformitate cu legile Apps &amp; Tech \u0219i v\u0103 supune\u021bi irevocabil jurisdic\u021biei exclusive a instan\u021belor din acel stat sau loca\u021bie.<\/p>","protected":false},"excerpt":{"rendered":"<p>Termos de Uso do Apps &amp; Tech Ao acessar ao site Apps &amp; Tech, concorda em cumprir estes termos de servi\u00e7o, todas as leis e regulamentos aplic\u00e1veis e concorda que \u00e9 respons\u00e1vel pelo cumprimento de todas as leis locais aplic\u00e1veis. Se voc\u00ea n\u00e3o concordar com algum desses termos, est\u00e1 proibido de usar ou acessar este &#8230; <a title=\"Termeni de utilizare\" class=\"read-more\" href=\"https:\/\/appsntech.com\/ro\/termos-de-uso\/\" aria-label=\"Cite\u0219te mai multe despre Termos de Uso\">cite\u015fte mai mult<\/a><\/p>","protected":false},"author":1,"featured_media":0,"parent":0,"menu_order":0,"comment_status":"closed","ping_status":"closed","template":"","meta":{"footnotes":""},"class_list":["post-47341","page","type-page","status-publish"],"_links":{"self":[{"href":"https:\/\/appsntech.com\/ro\/wp-json\/wp\/v2\/pages\/47341","targetHints":{"allow":["GET"]}}],"collection":[{"href":"https:\/\/appsntech.com\/ro\/wp-json\/wp\/v2\/pages"}],"about":[{"href":"https:\/\/appsntech.com\/ro\/wp-json\/wp\/v2\/types\/page"}],"author":[{"embeddable":true,"href":"https:\/\/appsntech.com\/ro\/wp-json\/wp\/v2\/users\/1"}],"replies":[{"embeddable":true,"href":"https:\/\/appsntech.com\/ro\/wp-json\/wp\/v2\/comments?post=47341"}],"version-history":[{"count":1,"href":"https:\/\/appsntech.com\/ro\/wp-json\/wp\/v2\/pages\/47341\/revisions"}],"predecessor-version":[{"id":47342,"href":"https:\/\/appsntech.com\/ro\/wp-json\/wp\/v2\/pages\/47341\/revisions\/47342"}],"wp:attachment":[{"href":"https:\/\/appsntech.com\/ro\/wp-json\/wp\/v2\/media?parent=47341"}],"curies":[{"name":"wp","href":"https:\/\/api.w.org\/{rel}","templated":true}]}}