{"id":47343,"date":"2024-11-05T00:54:52","date_gmt":"2024-11-05T00:54:52","guid":{"rendered":"https:\/\/appsntech.com\/?page_id=47343"},"modified":"2024-11-05T00:54:53","modified_gmt":"2024-11-05T00:54:53","slug":"politica-de-confidentialitate","status":"publish","type":"page","link":"https:\/\/appsntech.com\/ro\/politica-de-privacidade\/","title":{"rendered":"Politica de confiden\u021bialitate"},"content":{"rendered":"<p>Toate informa\u021biile colectate vor fi folosite pentru a v\u0103 \u00eembun\u0103t\u0103\u021bi experien\u021ba pe site-ul nostru. Informa\u021biile colectate pot include numele dumneavoastr\u0103, e-mailul, num\u0103rul de telefon \u0219i\/sau altele.<\/p>\n<p>Utilizarea Apps &amp; Tech presupune acceptarea acestui Acord de confiden\u021bialitate. \u00cen cazul \u00een care utilizatorul nu este de acord, chiar \u0219i par\u021bial, cu termenii \u0219i condi\u021biile cuprinse \u00een aceast\u0103 Politic\u0103 de confiden\u021bialitate, acesta nu ar trebui s\u0103 acceseze \u0219i\/sau s\u0103 utilizeze con\u021binutul oferit de Apps &amp; Tech. Prin utilizarea site-ului, Utilizatorul ia la cuno\u0219tin\u021b\u0103 \u0219i este pe deplin de acord cu prelucrarea datelor sale, \u00een conformitate cu termenii acestei Politici de confiden\u021bialitate \u0219i Termenii \u0219i condi\u021biile generale de utilizare.<\/p>\n<p>Ne rezerv\u0103m dreptul de a modifica aceast\u0103 politic\u0103 de confiden\u021bialitate \u00een orice moment, f\u0103r\u0103 acordul sau notificarea Utilizatorilor, a\u0219a c\u0103 v\u0103 rug\u0103m s\u0103 o revizui\u021bi frecvent. Modific\u0103rile \u0219i clarific\u0103rile vor intra \u00een vigoare imediat dup\u0103 publicarea lor pe site. Dac\u0103 aducem modific\u0103ri materiale acestei politici, v\u0103 vom anun\u021ba aici c\u0103 acestea au fost actualizate, astfel \u00eenc\u00e2t s\u0103 \u0219ti\u021bi ce informa\u021bii colect\u0103m, cum le folosim \u0219i \u00een ce circumstan\u021be, dac\u0103 exist\u0103, folosim \u0219i\/sau dezv\u0103luim ea.<\/p>\n<p>Apps &amp; Tech respect\u0103 confiden\u021bialitatea utilizatorilor s\u0103i \u0219i transparen\u021ba \u00een modul \u00een care sunt utilizate datele. Politica noastr\u0103 de confiden\u021bialitate a fost elaborat\u0103 \u00een conformitate cu standardele interna\u021bionale \u0219i na\u021bionale de protec\u021bie a datelor.<\/p>\n<p>Aceast\u0103 politic\u0103 de confiden\u021bialitate trebuie citit\u0103 \u0219i interpretat\u0103 \u00eempreun\u0103 cu Termenii \u0219i condi\u021biile generale de utilizare pentru aplica\u021bii \u0219i tehnologie, disponibile la <a href=\"https:\/\/appsntech.com\/ro\/termeni-de-utilizare\/\">https:\/\/appsntech.com\/termos-de-uso\/<\/a><\/p>\n<h2 class=\"wp-block-heading\">Informa\u021bii generale pentru utilizatori <\/h2>\n<p>Apps &amp; Tech \u00ee\u0219i propune s\u0103 partajeze informa\u021bii cu Utilizatorii s\u0103i, f\u0103c\u00e2nd cuno\u0219tin\u021bele accesibile tuturor. Utilizatorul poate naviga pe site-ul Apps &amp; Tech f\u0103r\u0103 a fi nevoie s\u0103 se \u00eenregistreze \u00een prealabil.<\/p>\n<p>Apps &amp; Tech urmeaz\u0103 normele \u0219i standardele interna\u021bionale de securitate \u00een stocarea, protec\u021bia, confiden\u021bialitatea \u0219i transmiterea datelor, subliniind c\u0103 nicio metod\u0103 de stocare, protec\u021bie, confiden\u021bialitate \u0219i transmitere a datelor nu este 100% sigur\u0103 \u0219i inviolabil\u0103.<\/p>\n<p>Apps &amp; Tech adopt\u0103 practici \u0219i tehnologii care sunt revizuite \u0219i \u00eembun\u0103t\u0103\u021bite \u00een mod constant, \u00een conformitate cu progresele tehnice \u0219i de reglementare na\u021bionale \u0219i str\u0103ine. C\u00e2nd vorbim despre protec\u021bie, ne referim la orice acces neautorizat, utilizare, modificare, dezv\u0103luire sau distrugere a datelor dumneavoastr\u0103. Pentru a preveni acest lucru, investim \u00een m\u0103suri care includ comunica\u021bii criptate, controlul accesului, respectarea dezvolt\u0103rii software securizate, politici interne de conformitate \u0219i m\u0103suri de responsabilitate \u0219i atenuare a riscurilor care permit securitatea \u00een ciclul de via\u021b\u0103 al datelor. Informa\u021biile despre utilizatori sunt, de asemenea, stocate \u00een baze de date sigure, renumite \u0219i recunoscute la nivel interna\u021bional.<\/p>\n<p>Sub nicio form\u0103 Apps &amp; Tech nu solicit\u0103 sume de bani pentru a lansa orice tip de produs, oricare ar fi acesta. Dac\u0103 se \u00eent\u00e2mpl\u0103 acest lucru, anun\u021ba\u021bi-ne imediat.<\/p>\n<p>Lucr\u0103m pentru a men\u021bine toate informa\u021biile c\u00e2t mai actualizate posibil. Cu toate acestea, este de remarcat faptul c\u0103 aceste informa\u021bii pot diferi de informa\u021biile g\u0103site pe site-urile web ale institu\u021biilor sau furnizorilor de servicii ale unui anumit site web. Nu garant\u0103m acurate\u021bea sau actualitatea informa\u021biilor. Nu uita\u021bi \u00eentotdeauna s\u0103 citi\u021bi condi\u021biile de utilizare \u0219i termenii institu\u021biilor pe care le alege\u021bi. Primim o sum\u0103 mic\u0103 din publicitate pe site-ul nostru \u0219i de la partenerii no\u0219tri atunci c\u00e2nd recomand\u0103m un utilizator care solicit\u0103 un produs sau o propunere. Tot ceea ce public\u0103m se bazeaz\u0103 pe evalu\u0103ri cantitative \u0219i calitative ale fiec\u0103rui produs. Este de remarcat faptul c\u0103 partenerii no\u0219tri pot influen\u021ba \u00een mod direct produsele despre care scriem \u0219i recenz\u0103m, precum \u0219i ordinea celor \u201ecele mai bune\u201d articole \u0219i plasarea produselor \u00een Apps &amp; Tech. Av\u00e2nd \u00een vedere cantitatea de informa\u021bii de pe site-ul nostru, nu oferim niciun tip de garan\u021bie cu privire la calitatea \u0219i actualitatea informa\u021biilor; Prin urmare, acord\u0103m prioritate informa\u021biilor de la partenerii no\u0219tri.<\/p>\n<p>Pentru a v\u0103 proteja informa\u021biile personale, lu\u0103m m\u0103suri de precau\u021bie rezonabile \u0219i respect\u0103m cele mai bune practici din industrie pentru a ne asigura c\u0103 nu sunt pierdute, utilizate gre\u0219it, accesate, dezv\u0103luite, modificate sau distruse \u00een mod necorespunz\u0103tor.<\/p>\n<h2 class=\"wp-block-heading\">Link-uri c\u0103tre site-uri ale ter\u021bilor <\/h2>\n<p>Apps &amp; Tech are link-uri c\u0103tre alte site-uri web, care, \u00een opinia noastr\u0103, pot con\u021bine informa\u021bii\/instrumente utile pentru vizitatorii no\u0219tri. Politica noastr\u0103 de confiden\u021bialitate nu se aplic\u0103 site-urilor web ale ter\u021bilor. Nu suntem responsabili pentru politica de confiden\u021bialitate sau con\u021binutul prezent pe aceste site-uri web. Apps &amp; Tech nu exercita nici un fel de control asupra acestora si, prin urmare, este exonerata de orice responsabilitate in relatiile stabilite intre Utilizator si produsele si serviciile tertelor promovate pe site.<\/p>\n<p>Odat\u0103 ce p\u0103r\u0103si\u021bi site-ul nostru web sau sunte\u021bi redirec\u021bionat c\u0103tre un site web sau o aplica\u021bie ter\u021b\u0103 parte, nu mai sunte\u021bi guvernat de aceast\u0103 Politic\u0103 de confiden\u021bialitate sau de Termenii \u0219i condi\u021biile site-ului nostru.<\/p>\n<p>Dac\u0103 dup\u0103 ce v\u0103 \u00eenscrie\u021bi, v\u0103 r\u0103zg\u00e2ndi\u021bi, v\u0103 pute\u021bi retrage consim\u021b\u0103m\u00e2ntul pentru ca noi s\u0103 v\u0103 contact\u0103m, pentru continuarea colect\u0103rii, utiliz\u0103rii sau dezv\u0103luirii informa\u021biilor dvs., \u00een orice moment, contact\u00e2ndu-ne la contato@appsntech.com<\/p>\n<h2 class=\"wp-block-heading\">Date non-personale <\/h2>\n<p>Atunci c\u00e2nd utilizatorii nu solicit\u0103 con\u021binut gratuit de la Apps &amp; Tech (c\u0103r\u021bi electronice, chestionare, articole, infografice, printre altele), datele nepersonale pot fi urm\u0103rite \u0219i colectate indic\u00e2nd, printre alte detalii, ce pagini ale site-ului au fost vizitate, c\u00e2nd acestea au fost vizitate, ce hyperlinkuri au fost f\u0103cute clic, ce con\u021binut sau servicii au fost solicitate sau recomandate, printre altele.<\/p>\n<h2 class=\"wp-block-heading\">Cookie-uri <\/h2>\n<p>Google, ca furnizor ter\u021b\u0103 parte, folose\u0219te cookie-uri pentru a difuza reclame. Cu ajutorul cookie-ului DART, Google poate difuza reclame pe baza vizitelor dvs. pe alte site-uri web de pe Internet. Utilizatorii pot dezactiva modulul cookie DART vizit\u00e2nd politica de confiden\u021bialitate a re\u021belei de anun\u021buri \u0219i de con\u021binut Google.<\/p>\n<p>Apps &amp; Tech utilizeaz\u0103 cookie-uri pentru a ajuta la colectarea datelor \u0219i a informa\u021biilor de identificare IP (Internet Protocol) pentru a facilita navigarea Utilizatorului, ajut\u00e2nd la garantarea securit\u0103\u021bii, protec\u021biei \u0219i autenticit\u0103\u021bii datelor.<\/p>\n<p>\u00cen plus, folosim \u0219i publicitate de la ter\u021bi pe site-ul nostru web pentru a suporta costurile de \u00eentre\u021binere. Unii dintre ace\u0219ti agen\u021bi de publicitate pot folosi tehnologii precum cookie-urile atunci c\u00e2nd fac publicitate pe site-ul nostru web, ceea ce va \u00eensemna c\u0103 ace\u0219ti agen\u021bi de publicitate (cum ar fi Google prin Google AdSense \u0219i Ad Exchange) vor primi \u0219i informa\u021biile dvs. personale, cum ar fi adresa dvs. IP, ISP-ul dvs., browser-ul dvs. etc. Aceast\u0103 func\u021bie este utilizat\u0103 \u00een general pentru direc\u021bionarea geografic\u0103 (afi\u0219\u00e2nd anun\u021buri care au sens \u00een func\u021bie de loca\u021bia dvs. geografic\u0103).<\/p>\n<p>Utilizatorul poate schimba oric\u00e2nd dac\u0103 accept\u0103 sau nu cookie-uri \u00een configura\u021bia browser-ului s\u0103u, observ\u00e2nd c\u0103 prin dezactivarea cookie-urilor de navigare unele dintre func\u021bionalit\u0103\u021bile Apps &amp; Tech pot fi afectate.<\/p>\n<h2 class=\"wp-block-heading\">Date de identificare personal\u0103 <\/h2>\n<p>Pentru a accesa con\u021binut gratuit pe Apps &amp; Tech, cum ar fi articole, c\u0103r\u021bi electronice, chestionare, printre altele, utilizatorul trebuie s\u0103 furnizeze c\u00e2teva date personale identificabile, \u0219i anume: e-mail \u0219i nume complet.<\/p>\n<p>Scopurile datelor de identificare personal\u0103 prelucrate de Apps &amp; Tech sunt:<\/p>\n<p>\u2013 Identificarea corect\u0103 \u0219i exact\u0103 a Utilizatorului, asigur\u00e2nd astfel o mai mare securitate \u0219i protec\u021bie pentru Utilizatorii \u00een\u0219i\u0219i;<\/p>\n<p>\u2013 Acces la servicii \u0219i produse puse la dispozi\u021bie de Apps &amp; Tech;<\/p>\n<p>\u2013 Analiza profilurilor de utilizator de c\u0103tre Apps &amp; Tech cu scopul de a indica cele mai bune produse \u0219i informa\u021bii \u00een func\u021bie de nevoile \u0219i realitatea lor reale.<\/p>\n<p>Viz\u00e2nd o analiz\u0103 \u0219i mai precis\u0103 a profilului Utilizatorului, Apps &amp; Tech poate efectua cercet\u0103ri pentru a ob\u021bine mai multe \u0219i mai bune informa\u021bii despre dumneavoastr\u0103 \u0219i, astfel, s\u0103 indice produse \u0219i servicii personalizate \u00een func\u021bie de preferin\u021bele \u0219i nevoile fiec\u0103rui Utilizator.<\/p>\n<p>\u00cen acest fel, Apps &amp; Tech \u0219i companiile partenere vor putea invita Utilizatorii s\u0103 participe la sondaje de satisfac\u021bie, unde vor fi trimise e-mailuri cu \u00eendrum\u0103rile necesare. Datele colectate vor fi utilizate cu scopul principal de a c\u0103uta \u00eembun\u0103t\u0103\u021biri ale sistemelor, produselor, con\u021binutului \u0219i serviciilor oferite de Apps &amp; Tech \u0219i companiile partenere.<\/p>\n<p>Dac\u0103 un utilizator ne contacteaz\u0103 pentru a raporta o problem\u0103, \u00eentrebare sau pentru a ob\u021bine asisten\u021b\u0103, colect\u0103m \u0219i stoc\u0103m informa\u021biile de contact ale utilizatorului, precum \u0219i mesajele respective \u0219i alte date necesare pentru a investiga problema sau \u00eentrebarea. Aceste date vor fi folosite pentru a rezolva orice \u00eentreb\u0103ri pe baza informa\u021biilor colectate, pentru a rezolva \u00eendoielile, a corecta problemele \u0219i pentru a \u00eembun\u0103t\u0103\u021bi sistemul, \u00eembun\u0103t\u0103\u021bind \u00een continuare experien\u021ba Utilizatorului \u00een cadrul Apps &amp; Tech.<\/p>\n<h2 class=\"wp-block-heading\">Despre partajarea datelor <\/h2>\n<p>Apps &amp; Tech nu va vinde informa\u021bii sau date personale ale Utilizatorilor s\u0103i, dar le poate \u00eemp\u0103rt\u0103\u0219i cu companiile partenere \u00een scopul de a putea indica produsele \u0219i serviciile care se potrivesc cel mai bine profilului \u0219i nevoilor acestora sau pentru a oferi produse \u0219i\/sau servicii solicitate de utilizatorul.<\/p>\n<p>Apps &amp; Tech \u00ee\u0219i rezerv\u0103 dreptul de a asista sau de a coopera cu orice autoritate judiciar\u0103 sau organism guvernamental \u0219i poate partaja datele de identificare personal\u0103 ale Utilizatorilor pentru a: a) stabili sau exercita drepturile lor legale; b) s\u0103 le protejeze propriet\u0103\u021bile; c) atunci c\u00e2nd considera\u021bi c\u0103 asisten\u021ba sau cooperarea dumneavoastr\u0103 este necesar\u0103 pentru a v\u0103 proteja Utilizatorii, colaboratorii, administratorii sau orice persoan\u0103 v\u0103t\u0103mat\u0103 de ac\u021biune sau omisiune.<\/p>\n<h2 class=\"wp-block-heading\">Despre datele netratate \u0219i necolectate <\/h2>\n<p>Apps &amp; Tech nu prelucreaz\u0103 datele personale ale copiilor sub 13 (treisprezece) ani, f\u0103r\u0103 autorizarea prealabil\u0103 din partea p\u0103rin\u021bilor sau a tutorilor lor legali.<\/p>\n<p>\u00cen cazul \u00een care datele personale ale copiilor sub 13 (treisprezece) ani sunt colectate \u0219i prelucrate, f\u0103r\u0103 autorizarea expres\u0103 a p\u0103rin\u021bilor sau a tutorilor lor legali, \u00eentr-o manier\u0103 neinten\u021bionat\u0103, Apps &amp; Tech va \u0219terge toate datele colectate, f\u0103r\u0103 nici un fel de notificare prealabil\u0103. .<\/p>\n<p>Dac\u0103 Utilizatorul devine con\u0219tient c\u0103 am procesat \u00een mod eronat datele unui copil, \u00eei cerem s\u0103 ne contacteze imediat prin e-mail <a>contato@appsntech.com<\/a>, pentru a putea lua m\u0103surile necesare.<\/p>","protected":false},"excerpt":{"rendered":"<p>Todas as informa\u00e7\u00f5es recolhidas ser\u00e3o utilizadas para melhorar sua experi\u00eancia dentro do nosso site. As informa\u00e7\u00f5es recolhidas podem incluir o seu nome, email, n\u00famero de telefone e\/ou outros. O uso do Apps &#038; Tech pressup\u00f5e a aceita\u00e7\u00e3o deste Acordo de Privacidade. Caso o usu\u00e1rio n\u00e3o concorde, ainda que em parte, com os termos e condi\u00e7\u00f5es &#8230; <a title=\"Politica de confiden\u021bialitate\" class=\"read-more\" href=\"https:\/\/appsntech.com\/ro\/politica-de-privacidade\/\" aria-label=\"Cite\u0219te mai multe despre Politica de Privacidade\">cite\u015fte mai mult<\/a><\/p>","protected":false},"author":1,"featured_media":0,"parent":0,"menu_order":0,"comment_status":"closed","ping_status":"closed","template":"","meta":{"footnotes":""},"class_list":["post-47343","page","type-page","status-publish"],"_links":{"self":[{"href":"https:\/\/appsntech.com\/ro\/wp-json\/wp\/v2\/pages\/47343","targetHints":{"allow":["GET"]}}],"collection":[{"href":"https:\/\/appsntech.com\/ro\/wp-json\/wp\/v2\/pages"}],"about":[{"href":"https:\/\/appsntech.com\/ro\/wp-json\/wp\/v2\/types\/page"}],"author":[{"embeddable":true,"href":"https:\/\/appsntech.com\/ro\/wp-json\/wp\/v2\/users\/1"}],"replies":[{"embeddable":true,"href":"https:\/\/appsntech.com\/ro\/wp-json\/wp\/v2\/comments?post=47343"}],"version-history":[{"count":1,"href":"https:\/\/appsntech.com\/ro\/wp-json\/wp\/v2\/pages\/47343\/revisions"}],"predecessor-version":[{"id":47344,"href":"https:\/\/appsntech.com\/ro\/wp-json\/wp\/v2\/pages\/47343\/revisions\/47344"}],"wp:attachment":[{"href":"https:\/\/appsntech.com\/ro\/wp-json\/wp\/v2\/media?parent=47343"}],"curies":[{"name":"wp","href":"https:\/\/api.w.org\/{rel}","templated":true}]}}