{"id":47345,"date":"2024-11-05T00:55:24","date_gmt":"2024-11-05T00:55:24","guid":{"rendered":"https:\/\/appsntech.com\/?page_id=47345"},"modified":"2024-11-05T00:55:24","modified_gmt":"2024-11-05T00:55:24","slug":"contact","status":"publish","type":"page","link":"https:\/\/appsntech.com\/ro\/contato\/","title":{"rendered":"Contact"},"content":{"rendered":"<p>Pentru orice problem\u0103 legat\u0103 de blogul nostru, v\u0103 rug\u0103m s\u0103 ne contacta\u021bi prin e-mail <strong>contato@appsntech.com<\/strong> V\u0103 vom contacta \u00een termen de 24 de ore.<\/p>\n\n\n\n<p><\/p>","protected":false},"excerpt":{"rendered":"<p>Para qualquer assunto relacionado ao nosso Blog, por favor entre em contato atrav\u00e9s do e-mail contato@appsntech.com que retornaremos no prazo de 24 horas.<\/p>","protected":false},"author":1,"featured_media":0,"parent":0,"menu_order":0,"comment_status":"closed","ping_status":"closed","template":"","meta":{"footnotes":""},"class_list":["post-47345","page","type-page","status-publish"],"_links":{"self":[{"href":"https:\/\/appsntech.com\/ro\/wp-json\/wp\/v2\/pages\/47345","targetHints":{"allow":["GET"]}}],"collection":[{"href":"https:\/\/appsntech.com\/ro\/wp-json\/wp\/v2\/pages"}],"about":[{"href":"https:\/\/appsntech.com\/ro\/wp-json\/wp\/v2\/types\/page"}],"author":[{"embeddable":true,"href":"https:\/\/appsntech.com\/ro\/wp-json\/wp\/v2\/users\/1"}],"replies":[{"embeddable":true,"href":"https:\/\/appsntech.com\/ro\/wp-json\/wp\/v2\/comments?post=47345"}],"version-history":[{"count":1,"href":"https:\/\/appsntech.com\/ro\/wp-json\/wp\/v2\/pages\/47345\/revisions"}],"predecessor-version":[{"id":47346,"href":"https:\/\/appsntech.com\/ro\/wp-json\/wp\/v2\/pages\/47345\/revisions\/47346"}],"wp:attachment":[{"href":"https:\/\/appsntech.com\/ro\/wp-json\/wp\/v2\/media?parent=47345"}],"curies":[{"name":"wp","href":"https:\/\/api.w.org\/{rel}","templated":true}]}}