{"id":47347,"date":"2024-11-05T00:56:12","date_gmt":"2024-11-05T00:56:12","guid":{"rendered":"https:\/\/appsntech.com\/?page_id=47347"},"modified":"2024-11-05T00:56:12","modified_gmt":"2024-11-05T00:56:12","slug":"cine-suntem","status":"publish","type":"page","link":"https:\/\/appsntech.com\/ro\/quem-somos\/","title":{"rendered":"Cine suntem"},"content":{"rendered":"<p>Apps &amp; Tech este un site web de tehnologie creat \u00een 2024 cu scopul de a oferi informa\u021bii \u0219i sfaturi despre aplica\u021bii, finan\u021be \u0219i alte subiecte legate de lumea digital\u0103. Credem c\u0103 tehnologia este un instrument puternic pentru a transforma vie\u021bile \u0219i afacerile \u0219i dorim s\u0103 ne ajut\u0103m cititorii s\u0103 r\u0103m\u00e2n\u0103 la curent \u0219i s\u0103 profite la maximum de aceste instrumente.<\/p>\n\n\n\n<p>Aici, la Apps &amp; Tech, ve\u021bi g\u0103si articole \u0219i tutoriale scrise de exper\u021bi \u00een tehnologie, precum \u0219i recenzii \u0219i evalu\u0103ri ale produselor \u0219i serviciilor. De asemenea, oferim sfaturi \u0219i trucuri pentru a v\u0103 ajuta s\u0103 profita\u021bi la maximum de dispozitivele \u0219i aplica\u021biile dvs. mobile.<\/p>\n\n\n\n<p>Echipa noastr\u0103 este format\u0103 din exper\u021bi \u00een tehnologie, jurnali\u0219ti \u0219i scriitori, to\u021bi angaja\u021bi s\u0103 ofere cititorilor no\u0219tri con\u021binut de \u00eenalt\u0103 calitate \u0219i precis. Credem c\u0103 tehnologia este un instrument puternic pentru a transforma vie\u021bi \u0219i afaceri, iar scopul nostru este s\u0103 ne ajut\u0103m cititorii s\u0103 r\u0103m\u00e2n\u0103 la curent \u0219i s\u0103 profite la maximum de aceste instrumente.<\/p>\n\n\n\n<p>Pe l\u00e2ng\u0103 con\u021binut, oferim \u0219i cititorilor no\u0219tri oportunitatea de a intra \u00een leg\u0103tur\u0103 cu al\u021bi pasiona\u021bi de tehnologie prin canalele noastre de socializare \u0219i forumurile de discu\u021bii. Apreciem opiniile cititorilor no\u0219tri \u0219i suntem \u00eentotdeauna deschi\u0219i la sugestii \u0219i feedback pentru a ne \u00eembun\u0103t\u0103\u021bi serviciile.<\/p>\n\n\n\n<p>Urm\u0103re\u0219te-ne \u0219i fii la curent cu cele mai recente tendin\u021be \u0219i \u0219tiri din lumea tehnologiei. V\u0103 mul\u021bumim c\u0103 a\u021bi vizitat site-ul nostru \u0219i sper\u0103m s\u0103 ne revedem cur\u00e2nd!<\/p>","protected":false},"excerpt":{"rendered":"<p>O Apps &amp; Tech \u00e9 um site de tecnologia criado em 2024 com o objetivo de fornecer informa\u00e7\u00f5es e dicas sobre aplicativos, finan\u00e7as e outros assuntos relacionados ao mundo digital. N\u00f3s acreditamos que a tecnologia \u00e9 uma ferramenta poderosa para transformar vidas e empresas, e queremos ajudar nossos leitores a se manterem atualizados e aproveitar &#8230; <a title=\"Cine suntem\" class=\"read-more\" href=\"https:\/\/appsntech.com\/ro\/quem-somos\/\" aria-label=\"Cite\u0219te mai multe despre Quem somos\">cite\u015fte mai mult<\/a><\/p>","protected":false},"author":1,"featured_media":0,"parent":0,"menu_order":0,"comment_status":"closed","ping_status":"closed","template":"","meta":{"footnotes":""},"class_list":["post-47347","page","type-page","status-publish"],"_links":{"self":[{"href":"https:\/\/appsntech.com\/ro\/wp-json\/wp\/v2\/pages\/47347","targetHints":{"allow":["GET"]}}],"collection":[{"href":"https:\/\/appsntech.com\/ro\/wp-json\/wp\/v2\/pages"}],"about":[{"href":"https:\/\/appsntech.com\/ro\/wp-json\/wp\/v2\/types\/page"}],"author":[{"embeddable":true,"href":"https:\/\/appsntech.com\/ro\/wp-json\/wp\/v2\/users\/1"}],"replies":[{"embeddable":true,"href":"https:\/\/appsntech.com\/ro\/wp-json\/wp\/v2\/comments?post=47347"}],"version-history":[{"count":1,"href":"https:\/\/appsntech.com\/ro\/wp-json\/wp\/v2\/pages\/47347\/revisions"}],"predecessor-version":[{"id":47348,"href":"https:\/\/appsntech.com\/ro\/wp-json\/wp\/v2\/pages\/47347\/revisions\/47348"}],"wp:attachment":[{"href":"https:\/\/appsntech.com\/ro\/wp-json\/wp\/v2\/media?parent=47347"}],"curies":[{"name":"wp","href":"https:\/\/api.w.org\/{rel}","templated":true}]}}