{"id":47347,"date":"2024-11-05T00:56:12","date_gmt":"2024-11-05T00:56:12","guid":{"rendered":"https:\/\/appsntech.com\/?page_id=47347"},"modified":"2024-11-05T00:56:12","modified_gmt":"2024-11-05T00:56:12","slug":"kto-sme","status":"publish","type":"page","link":"https:\/\/appsntech.com\/sk\/quem-somos\/","title":{"rendered":"kto sme"},"content":{"rendered":"<p>Apps &amp; Tech je technologick\u00e1 webov\u00e1 str\u00e1nka vytvoren\u00e1 v roku 2024 s cie\u013eom poskytova\u0165 inform\u00e1cie a tipy t\u00fdkaj\u00face sa aplik\u00e1ci\u00ed, financi\u00ed a \u010fal\u0161\u00edch t\u00e9m s\u00favisiacich s digit\u00e1lnym svetom. Ver\u00edme, \u017ee technol\u00f3gie s\u00fa mocn\u00fdm n\u00e1strojom na transform\u00e1ciu \u017eivotov a podnikania a chceme pom\u00f4c\u0165 na\u0161im \u010ditate\u013eom zosta\u0165 v obraze a \u010do najlep\u0161ie vyu\u017e\u00edva\u0165 tieto n\u00e1stroje.<\/p>\n\n\n\n<p>Tu v sekcii Aplik\u00e1cie a technol\u00f3gie n\u00e1jdete \u010dl\u00e1nky a n\u00e1vody nap\u00edsan\u00e9 technologick\u00fdmi expertmi, ako aj recenzie a hodnotenia produktov a slu\u017eieb. Pon\u00fakame tie\u017e tipy a triky, ktor\u00e9 v\u00e1m pom\u00f4\u017eu \u010do najlep\u0161ie vyu\u017ei\u0165 va\u0161e mobiln\u00e9 zariadenia a aplik\u00e1cie.<\/p>\n\n\n\n<p>N\u00e1\u0161 t\u00edm sa sklad\u00e1 z technologick\u00fdch expertov, novin\u00e1rov a autorov, ktor\u00ed s\u00fa v\u0161etci odhodlan\u00ed poskytova\u0165 na\u0161im \u010ditate\u013eom vysoko kvalitn\u00fd a presn\u00fd obsah. Ver\u00edme, \u017ee technol\u00f3gie s\u00fa mocn\u00fdm n\u00e1strojom na transform\u00e1ciu \u017eivotov a podnikov a na\u0161\u00edm cie\u013eom je pom\u00f4c\u0165 na\u0161im \u010ditate\u013eom zosta\u0165 v obraze a \u010do najlep\u0161ie vyu\u017e\u00edva\u0165 tieto n\u00e1stroje.<\/p>\n\n\n\n<p>Okrem obsahu pon\u00fakame na\u0161im \u010ditate\u013eom aj mo\u017enos\u0165 spoji\u0165 sa s \u010fal\u0161\u00edmi technologick\u00fdmi nad\u0161encami prostredn\u00edctvom na\u0161ich kan\u00e1lov soci\u00e1lnych m\u00e9di\u00ed a diskusn\u00fdch f\u00f3r. V\u00e1\u017eime si n\u00e1zory na\u0161ich \u010ditate\u013eov a sme v\u017edy otvoren\u00ed n\u00e1vrhom a sp\u00e4tnej v\u00e4zbe na zlep\u0161enie na\u0161ich slu\u017eieb.<\/p>\n\n\n\n<p>Sledujte n\u00e1s a zosta\u0148te v obraze o najnov\u0161\u00edch trendoch a novink\u00e1ch zo sveta technol\u00f3gi\u00ed. \u010eakujeme za n\u00e1v\u0161tevu na\u0161ej webovej str\u00e1nky a d\u00fafame, \u017ee sa \u010doskoro op\u00e4\u0165 uvid\u00edme!<\/p>","protected":false},"excerpt":{"rendered":"<p>O Apps &amp; Tech \u00e9 um site de tecnologia criado em 2024 com o objetivo de fornecer informa\u00e7\u00f5es e dicas sobre aplicativos, finan\u00e7as e outros assuntos relacionados ao mundo digital. N\u00f3s acreditamos que a tecnologia \u00e9 uma ferramenta poderosa para transformar vidas e empresas, e queremos ajudar nossos leitores a se manterem atualizados e aproveitar &#8230; <a title=\"kto sme\" class=\"read-more\" href=\"https:\/\/appsntech.com\/sk\/quem-somos\/\" aria-label=\"Pre\u010d\u00edtajte si viac o Quem somos\">\u010d\u00edta\u0165 viac<\/a><\/p>","protected":false},"author":1,"featured_media":0,"parent":0,"menu_order":0,"comment_status":"closed","ping_status":"closed","template":"","meta":{"footnotes":""},"class_list":["post-47347","page","type-page","status-publish"],"_links":{"self":[{"href":"https:\/\/appsntech.com\/sk\/wp-json\/wp\/v2\/pages\/47347","targetHints":{"allow":["GET"]}}],"collection":[{"href":"https:\/\/appsntech.com\/sk\/wp-json\/wp\/v2\/pages"}],"about":[{"href":"https:\/\/appsntech.com\/sk\/wp-json\/wp\/v2\/types\/page"}],"author":[{"embeddable":true,"href":"https:\/\/appsntech.com\/sk\/wp-json\/wp\/v2\/users\/1"}],"replies":[{"embeddable":true,"href":"https:\/\/appsntech.com\/sk\/wp-json\/wp\/v2\/comments?post=47347"}],"version-history":[{"count":1,"href":"https:\/\/appsntech.com\/sk\/wp-json\/wp\/v2\/pages\/47347\/revisions"}],"predecessor-version":[{"id":47348,"href":"https:\/\/appsntech.com\/sk\/wp-json\/wp\/v2\/pages\/47347\/revisions\/47348"}],"wp:attachment":[{"href":"https:\/\/appsntech.com\/sk\/wp-json\/wp\/v2\/media?parent=47347"}],"curies":[{"name":"pracovn\u00fd list","href":"https:\/\/api.w.org\/{rel}","templated":true}]}}