{"id":47341,"date":"2024-11-05T00:53:27","date_gmt":"2024-11-05T00:53:27","guid":{"rendered":"https:\/\/appsntech.com\/?page_id=47341"},"modified":"2024-11-05T00:53:27","modified_gmt":"2024-11-05T00:53:27","slug":"anvandarvillkor","status":"publish","type":"page","link":"https:\/\/appsntech.com\/sv\/termos-de-uso\/","title":{"rendered":"Anv\u00e4ndarvillkor"},"content":{"rendered":"<h2 class=\"wp-block-heading\">Anv\u00e4ndarvillkor f\u00f6r appar och teknik<\/h2>\n<p>Genom att bes\u00f6ka Apps &amp; Tech-webbplatsen godk\u00e4nner du att f\u00f6lja dessa anv\u00e4ndarvillkor, alla till\u00e4mpliga lagar och f\u00f6rordningar, och samtycker till att du \u00e4r ansvarig f\u00f6r att f\u00f6lja alla till\u00e4mpliga lokala lagar. Om du inte godk\u00e4nner n\u00e5got av dessa villkor \u00e4r du f\u00f6rbjuden att anv\u00e4nda eller bes\u00f6ka denna webbplats. Materialet p\u00e5 denna webbplats \u00e4r skyddat av till\u00e4mplig upphovsr\u00e4tts- och varum\u00e4rkeslagstiftning.<\/p>\n<h2 class=\"wp-block-heading\">Anv\u00e4nd licens<\/h2>\n<p>Tillst\u00e5nd beviljas att tillf\u00e4lligt ladda ner en kopia av materialet (information eller programvara) p\u00e5 Apps &amp; Techs webbplats f\u00f6r personlig, icke-kommersiell och tillf\u00e4llig visning. Detta \u00e4r ett beviljande av en licens, inte en \u00f6verf\u00f6ring av \u00e4gander\u00e4tt, och enligt denna licens f\u00e5r du inte:<\/p>\n<ul class=\"wp-block-list\">\n<li>modifiera eller kopiera materialet;<\/li>\n<li>anv\u00e4nda materialet f\u00f6r kommersiella \u00e4ndam\u00e5l eller f\u00f6r offentlig visning (kommersiell eller icke-kommersiell);<\/li>\n<li>f\u00f6rs\u00f6ka dekompilera eller bak\u00e5tkompilera programvara som finns p\u00e5 Apps &amp; Tech-webbplatsen;<\/li>\n<li>ta bort alla upphovsr\u00e4ttsliga eller andra \u00e4gander\u00e4ttsliga anteckningar fr\u00e5n materialet; eller<\/li>\n<li>\u00f6verf\u00f6ra materialet till en annan person eller &#039;spegla&#039; materialet p\u00e5 n\u00e5gon annan server. Denna licens upph\u00f6r automatiskt om du bryter mot n\u00e5gon av dessa begr\u00e4nsningar och kan s\u00e4gas upp av Apps &amp; Tech n\u00e4r som helst. N\u00e4r du avslutar din visning av detta material eller n\u00e4r denna licens upph\u00f6r m\u00e5ste du f\u00f6rst\u00f6ra allt nedladdat material i din besittning, oavsett om det \u00e4r i elektroniskt eller tryckt format.<\/li>\n<\/ul>\n<h2 class=\"wp-block-heading\">Ansvarsfriskrivning<\/h2>\n<p>Materialet p\u00e5 Apps &amp; Techs webbplats tillhandah\u00e5lls &quot;i befintligt skick&quot;. Apps &amp; Tech l\u00e4mnar inga garantier, vare sig uttryckliga eller underf\u00f6rst\u00e5dda, och fr\u00e5ns\u00e4ger sig h\u00e4rmed alla andra garantier, inklusive men inte begr\u00e4nsat till underf\u00f6rst\u00e5dda garantier eller villkor f\u00f6r s\u00e4ljbarhet, l\u00e4mplighet f\u00f6r ett visst \u00e4ndam\u00e5l eller icke-intr\u00e5ng i immateriella r\u00e4ttigheter eller annan kr\u00e4nkning av r\u00e4ttigheter.<\/p>\n<p>Vidare garanterar eller g\u00f6r Apps &amp; Tech inga utf\u00e4stelser g\u00e4llande riktigheten, sannolika resultat eller tillf\u00f6rlitligheten i anv\u00e4ndningen av materialet p\u00e5 sin webbplats eller p\u00e5 annat s\u00e4tt relaterat till s\u00e5dant material eller p\u00e5 n\u00e5gra webbplatser som \u00e4r l\u00e4nkade till denna webbplats.<\/p>\n<h2 class=\"wp-block-heading\">Begr\u00e4nsningar<\/h2>\n<p>Apps &amp; Tech eller dess leverant\u00f6rer ska under inga omst\u00e4ndigheter vara ansvariga f\u00f6r n\u00e5gra skador (inklusive, utan begr\u00e4nsning, skador f\u00f6r f\u00f6rlust av data eller vinst, eller p\u00e5 grund av avbrott i verksamheten) som uppst\u00e5r p\u00e5 grund av anv\u00e4ndning eller of\u00f6rm\u00e5ga att anv\u00e4nda materialet p\u00e5 Apps &amp; Techs webbplats, \u00e4ven om Apps &amp; Tech eller en auktoriserad representant f\u00f6r Apps &amp; Tech har underr\u00e4ttats muntligt eller skriftligen om m\u00f6jligheten till s\u00e5dan skada. Eftersom vissa jurisdiktioner inte till\u00e5ter begr\u00e4nsningar av underf\u00f6rst\u00e5dda garantier eller ansvarsbegr\u00e4nsningar f\u00f6r f\u00f6ljdskador eller of\u00f6rutsedda skador, g\u00e4ller dessa begr\u00e4nsningar eventuellt inte dig.<\/p>\n<h2 class=\"wp-block-heading\">Materialens noggrannhet<\/h2>\n<p>Materialet som visas p\u00e5 Apps &amp; Tech-webbplatsen kan inneh\u00e5lla tekniska, typografiska eller fotografiska fel. Apps &amp; Tech garanterar inte att n\u00e5got material p\u00e5 webbplatsen \u00e4r korrekt, fullst\u00e4ndigt eller aktuellt. Apps &amp; Tech kan n\u00e4r som helst utan f\u00f6reg\u00e5ende meddelande g\u00f6ra \u00e4ndringar i materialet p\u00e5 sin webbplats. Apps &amp; Tech \u00e5tar sig dock inte att uppdatera materialet.<\/p>\n<h2 class=\"wp-block-heading\">L\u00e4nkar<\/h2>\n<p>Apps &amp; Tech har inte granskat alla webbplatser som l\u00e4nkas till sin webbplats och ansvarar inte f\u00f6r inneh\u00e5llet p\u00e5 s\u00e5dana l\u00e4nkade webbplatser. Inkluderingen av n\u00e5gon l\u00e4nk inneb\u00e4r inte att Apps &amp; Tech godk\u00e4nner webbplatsen. Anv\u00e4ndning av l\u00e4nkade webbplatser sker p\u00e5 anv\u00e4ndarens egen risk.<\/p>\n<h2 class=\"wp-block-heading\">Modifieringar<\/h2>\n<p>Apps &amp; Tech kan n\u00e4r som helst revidera dessa anv\u00e4ndarvillkor f\u00f6r sin webbplats utan f\u00f6reg\u00e5ende meddelande. Genom att anv\u00e4nda denna webbplats godk\u00e4nner du att vara bunden av den d\u00e5 g\u00e4llande versionen av dessa anv\u00e4ndarvillkor.<\/p>\n<p>Till\u00e4mplig lag Dessa villkor regleras av och tolkas i enlighet med Apps &amp; Techs lagar och du underkastar dig o\u00e5terkalleligen domstolarnas exklusiva jurisdiktion i den staten eller p\u00e5 den platsen.<\/p>\n<h2 id=\"lei-aplicavel\" class=\"wp-block-heading\">Till\u00e4mplig lag<\/h2>\n<p>Dessa villkor regleras av och tolkas i enlighet med Apps &amp; Techs lagar och du underkastar dig o\u00e5terkalleligen domstolarnas exklusiva jurisdiktion i den staten eller p\u00e5 den platsen.<\/p>","protected":false},"excerpt":{"rendered":"<p>Termos de Uso do Apps &amp; Tech Ao acessar ao site Apps &amp; Tech, concorda em cumprir estes termos de servi\u00e7o, todas as leis e regulamentos aplic\u00e1veis e concorda que \u00e9 respons\u00e1vel pelo cumprimento de todas as leis locais aplic\u00e1veis. Se voc\u00ea n\u00e3o concordar com algum desses termos, est\u00e1 proibido de usar ou acessar este &#8230; <a title=\"Anv\u00e4ndarvillkor\" class=\"read-more\" href=\"https:\/\/appsntech.com\/sv\/termos-de-uso\/\" aria-label=\"L\u00e4s mer om Termos de Uso\">l\u00e4s mer<\/a><\/p>","protected":false},"author":1,"featured_media":0,"parent":0,"menu_order":0,"comment_status":"closed","ping_status":"closed","template":"","meta":{"footnotes":""},"class_list":["post-47341","page","type-page","status-publish"],"_links":{"self":[{"href":"https:\/\/appsntech.com\/sv\/wp-json\/wp\/v2\/pages\/47341","targetHints":{"allow":["GET"]}}],"collection":[{"href":"https:\/\/appsntech.com\/sv\/wp-json\/wp\/v2\/pages"}],"about":[{"href":"https:\/\/appsntech.com\/sv\/wp-json\/wp\/v2\/types\/page"}],"author":[{"embeddable":true,"href":"https:\/\/appsntech.com\/sv\/wp-json\/wp\/v2\/users\/1"}],"replies":[{"embeddable":true,"href":"https:\/\/appsntech.com\/sv\/wp-json\/wp\/v2\/comments?post=47341"}],"version-history":[{"count":1,"href":"https:\/\/appsntech.com\/sv\/wp-json\/wp\/v2\/pages\/47341\/revisions"}],"predecessor-version":[{"id":47342,"href":"https:\/\/appsntech.com\/sv\/wp-json\/wp\/v2\/pages\/47341\/revisions\/47342"}],"wp:attachment":[{"href":"https:\/\/appsntech.com\/sv\/wp-json\/wp\/v2\/media?parent=47341"}],"curies":[{"name":"wp","href":"https:\/\/api.w.org\/{rel}","templated":true}]}}