{"id":47343,"date":"2024-11-05T00:54:52","date_gmt":"2024-11-05T00:54:52","guid":{"rendered":"https:\/\/appsntech.com\/?page_id=47343"},"modified":"2024-11-05T00:54:53","modified_gmt":"2024-11-05T00:54:53","slug":"integritetspolicy","status":"publish","type":"page","link":"https:\/\/appsntech.com\/sv\/politica-de-privacidade\/","title":{"rendered":"Integritetspolicy"},"content":{"rendered":"<p>All information som samlas in kommer att anv\u00e4ndas f\u00f6r att f\u00f6rb\u00e4ttra din upplevelse p\u00e5 v\u00e5r webbplats. Informationen som samlas in kan inkludera ditt namn, din e-postadress, ditt telefonnummer och\/eller annan information.<\/p>\n<p>Anv\u00e4ndningen av Apps &amp; Tech inneb\u00e4r godk\u00e4nnande av detta integritetsavtal. Om anv\u00e4ndaren inte godk\u00e4nner, ens delvis, villkoren i denna integritetspolicy, ska han\/hon inte f\u00e5 \u00e5tkomst till och\/eller anv\u00e4nda inneh\u00e5llet som erbjuds av Apps &amp; Tech. Genom att anv\u00e4nda webbplatsen bekr\u00e4ftar och samtycker anv\u00e4ndaren till behandlingen av hans\/hennes uppgifter i enlighet med villkoren i denna integritetspolicy och de allm\u00e4nna anv\u00e4ndarvillkoren.<\/p>\n<p>Vi f\u00f6rbeh\u00e5ller oss r\u00e4tten att \u00e4ndra denna integritetspolicy n\u00e4r som helst, utan f\u00f6reg\u00e5ende meddelande eller samtycke, s\u00e5 v\u00e4nligen granska den ofta. \u00c4ndringar och f\u00f6rtydliganden tr\u00e4der i kraft omedelbart efter att de publicerats p\u00e5 webbplatsen. Om vi g\u00f6r v\u00e4sentliga \u00e4ndringar i denna policy kommer vi att meddela dig h\u00e4r att den har uppdaterats, s\u00e5 att du \u00e4r medveten om vilken information vi samlar in, hur vi anv\u00e4nder den och under vilka omst\u00e4ndigheter, om n\u00e5gra, vi anv\u00e4nder och\/eller l\u00e4mnar ut den.<\/p>\n<p>Apps &amp; Tech respekterar sina anv\u00e4ndares integritet och transparens i hur data anv\u00e4nds. V\u00e5r integritetspolicy har utarbetats i enlighet med internationella och nationella dataskyddsstandarder.<\/p>\n<p>Denna integritetspolicy m\u00e5ste l\u00e4sas och tolkas tillsammans med de allm\u00e4nna anv\u00e4ndarvillkoren f\u00f6r Apps &amp; Tech, tillg\u00e4ngliga p\u00e5 <a href=\"https:\/\/appsntech.com\/sv\/anvandarvillkor\/\">https:\/\/appsntech.com\/termos-de-uso\/<\/a><\/p>\n<h2 class=\"wp-block-heading\">Allm\u00e4n information f\u00f6r anv\u00e4ndare <\/h2>\n<p>Apps &amp; Tech str\u00e4var efter att dela information med sina anv\u00e4ndare och g\u00f6ra kunskap tillg\u00e4nglig f\u00f6r alla. Anv\u00e4ndare kan surfa p\u00e5 Apps &amp; Techs webbplats utan att beh\u00f6va registrera sig i f\u00f6rv\u00e4g.<\/p>\n<p>Apps &amp; Tech f\u00f6ljer internationella s\u00e4kerhetsstandarder och normer f\u00f6r lagring, skydd, integritet och \u00f6verf\u00f6ring av data, och betonar att ingen metod f\u00f6r lagring, skydd, integritet och \u00f6verf\u00f6ring av data \u00e4r 100% s\u00e4ker och okr\u00e4nkbar.<\/p>\n<p>Apps &amp; Tech anv\u00e4nder metoder och tekniker som st\u00e4ndigt granskas och f\u00f6rb\u00e4ttras, i linje med nationella och internationella tekniska och regulatoriska framsteg. N\u00e4r vi talar om skydd syftar vi p\u00e5 all obeh\u00f6rig \u00e5tkomst, anv\u00e4ndning, \u00e4ndring, avsl\u00f6jande eller f\u00f6rst\u00f6relse av dina data. F\u00f6r att f\u00f6rhindra att detta h\u00e4nder investerar vi i \u00e5tg\u00e4rder som inkluderar krypterad kommunikation, \u00e5tkomstkontroll, efterlevnad av s\u00e4ker programvaruutveckling, interna efterlevnadspolicyer samt ansvars- och riskreducerings\u00e5tg\u00e4rder som m\u00f6jligg\u00f6r s\u00e4kerhet under hela datalivscykeln. Anv\u00e4ndarinformation lagras ocks\u00e5 i s\u00e4kra, v\u00e4lrenommerade och internationellt erk\u00e4nda databaser.<\/p>\n<p>Apps &amp; Tech beg\u00e4r under inga omst\u00e4ndigheter pengar f\u00f6r att sl\u00e4ppa n\u00e5gon typ av produkt, oavsett vad det m\u00e5 vara. Om detta h\u00e4nder, v\u00e4nligen meddela oss omedelbart.<\/p>\n<p>Vi arbetar f\u00f6r att h\u00e5lla all information s\u00e5 aktuell som m\u00f6jligt. Det \u00e4r dock viktigt att notera att denna information kan skilja sig fr\u00e5n informationen som finns p\u00e5 institutionernas eller tj\u00e4nsteleverant\u00f6rernas webbplatser p\u00e5 en specifik webbplats. Vi garanterar inte informationens riktighet eller aktualitet. Kom alltid ih\u00e5g att l\u00e4sa villkoren f\u00f6r de institutioner du v\u00e4ljer. Vi f\u00e5r en liten summa fr\u00e5n annonsering p\u00e5 v\u00e5r webbplats och fr\u00e5n v\u00e5ra partners n\u00e4r vi h\u00e4nvisar en anv\u00e4ndare som beg\u00e4r en produkt eller ett f\u00f6rslag. Allt vi publicerar \u00e4r baserat p\u00e5 kvantitativa och kvalitativa utv\u00e4rderingar av varje produkt. Det \u00e4r viktigt att notera att v\u00e5ra partners direkt kan p\u00e5verka de produkter vi skriver om och recenserar, samt ordningen p\u00e5 de &quot;b\u00e4sta&quot; artiklarna och produktplaceringen p\u00e5 Appar och teknik. Med tanke p\u00e5 m\u00e4ngden information p\u00e5 v\u00e5r webbplats ger vi ingen typ av garanti f\u00f6r informationens kvalitet och aktualitet; d\u00e4rf\u00f6r prioriterar vi information fr\u00e5n v\u00e5ra partners.<\/p>\n<p>F\u00f6r att skydda dina personuppgifter vidtar vi rimliga f\u00f6rsiktighets\u00e5tg\u00e4rder och f\u00f6ljer b\u00e4sta praxis i branschen f\u00f6r att s\u00e4kerst\u00e4lla att de inte f\u00f6rloras, missbrukas, \u00e5tkoms, avsl\u00f6jas, \u00e4ndras eller f\u00f6rst\u00f6rs p\u00e5 ett otillb\u00f6rligt s\u00e4tt.<\/p>\n<h2 class=\"wp-block-heading\">L\u00e4nkar till tredjepartswebbplatser <\/h2>\n<p>Apps &amp; Tech har l\u00e4nkar till andra webbplatser, vilka enligt v\u00e5r uppfattning kan inneh\u00e5lla anv\u00e4ndbar information\/verktyg f\u00f6r v\u00e5ra bes\u00f6kare. V\u00e5r integritetspolicy g\u00e4ller inte f\u00f6r tredjepartswebbplatser. Vi ansvarar inte f\u00f6r integritetspolicyn eller inneh\u00e5llet som finns p\u00e5 dessa webbplatser. Apps &amp; Tech ut\u00f6var ingen kontroll \u00f6ver dem och \u00e4r d\u00e4rf\u00f6r befriad fr\u00e5n allt ansvar i de relationer som uppr\u00e4ttas mellan anv\u00e4ndaren och tredjepartsprodukter och -tj\u00e4nster som annonseras p\u00e5 webbplatsen.<\/p>\n<p>N\u00e4r du l\u00e4mnar v\u00e5r webbplats eller omdirigeras till en webbplats eller applikation fr\u00e5n tredje part omfattas du inte l\u00e4ngre av denna integritetspolicy eller v\u00e5r webbplats anv\u00e4ndarvillkor.<\/p>\n<p>Om du \u00e5ngrar dig efter att du har valt att delta kan du n\u00e4r som helst \u00e5terkalla ditt samtycke till att vi kontaktar dig, f\u00f6r fortsatt insamling, anv\u00e4ndning eller utl\u00e4mnande av din information, genom att kontakta oss p\u00e5 contato@appsntech.com.<\/p>\n<h2 class=\"wp-block-heading\">Icke-personliga uppgifter <\/h2>\n<p>N\u00e4r anv\u00e4ndare inte beg\u00e4r gratis inneh\u00e5ll fr\u00e5n Apps &amp; Tech (e-b\u00f6cker, fr\u00e5gesporter, artiklar, infografik, bland annat) kan sp\u00e5rning och insamling av icke-personliga uppgifter ske, bland annat vilka sidor p\u00e5 webbplatsen som bes\u00f6ktes, n\u00e4r de bes\u00f6ktes, vilka hyperl\u00e4nkar som klickades p\u00e5, vilket inneh\u00e5ll eller vilka tj\u00e4nster som beg\u00e4rdes eller angavs, bland annat.<\/p>\n<h2 class=\"wp-block-heading\">Sm\u00e5kakor <\/h2>\n<p>Google, som tredjepartsleverant\u00f6r, anv\u00e4nder cookies f\u00f6r att visa annonser. Med DART-cookien kan Google visa annonser baserat p\u00e5 ditt bes\u00f6k p\u00e5 andra webbplatser p\u00e5 internet. Anv\u00e4ndare kan v\u00e4lja bort anv\u00e4ndningen av DART-cookien genom att bes\u00f6ka Googles integritetspolicy f\u00f6r annons- och inneh\u00e5llsn\u00e4tverk.<\/p>\n<p>Apps &amp; Tech anv\u00e4nder cookies f\u00f6r att samla in data och IP-identifieringsinformation (Internet Protocol) f\u00f6r att underl\u00e4tta anv\u00e4ndarnavigering, vilket bidrar till att garantera datas\u00e4kerhet, skydd och autenticitet.<\/p>\n<p>Dessutom anv\u00e4nder vi \u00e4ven tredjepartsannonsering p\u00e5 v\u00e5r webbplats f\u00f6r att t\u00e4cka v\u00e5ra underh\u00e5llskostnader. Vissa av dessa annons\u00f6rer kan anv\u00e4nda tekniker som cookies n\u00e4r de annonserar p\u00e5 v\u00e5r webbplats, vilket ocks\u00e5 skickar information till dessa annons\u00f6rer (som Google via Google AdSense och Ad Exchange), inklusive din IP-adress, din internetleverant\u00f6r, din webbl\u00e4sare etc. Denna funktion anv\u00e4nds vanligtvis f\u00f6r geotargeting (visar annonser som \u00e4r meningsfulla baserat p\u00e5 din geografiska plats).<\/p>\n<p>Anv\u00e4ndaren kan n\u00e4r som helst \u00e4ndra om han eller hon vill acceptera cookies eller inte i sina webbl\u00e4sarinst\u00e4llningar. Observera att om du inaktiverar cookies kan vissa av apparnas och teknikens funktioner f\u00f6rs\u00e4mras.<\/p>\n<h2 class=\"wp-block-heading\">Personligt identifierbara uppgifter <\/h2>\n<p>F\u00f6r att f\u00e5 tillg\u00e5ng till gratis inneh\u00e5ll p\u00e5 Appar och teknik, s\u00e5som artiklar, e-b\u00f6cker, fr\u00e5gesporter med mera, m\u00e5ste anv\u00e4ndaren ange personligt identifierbar information, s\u00e5som e-postadress och fullst\u00e4ndigt namn.<\/p>\n<p>De personligt identifierbara uppgifter som behandlas av Apps &amp; Tech \u00e4r avsedda att:<\/p>\n<p>\u2013 Korrekt och exakt identifiering av anv\u00e4ndaren, vilket s\u00e4kerst\u00e4ller st\u00f6rre s\u00e4kerhet och skydd f\u00f6r anv\u00e4ndarna sj\u00e4lva;<\/p>\n<p>\u2013 Tillg\u00e5ng till tj\u00e4nster och produkter som tillhandah\u00e5lls av Apps &amp; Tech;<\/p>\n<p>\u2013 Analys av anv\u00e4ndarprofilen av Apps &amp; Tech i syfte att identifiera de b\u00e4sta produkterna och informationen utifr\u00e5n deras verkliga behov och verklighet.<\/p>\n<p>I syfte att g\u00f6ra en \u00e4nnu mer exakt analys av anv\u00e4ndarens profil kan Apps &amp; Tech utf\u00f6ra forskning f\u00f6r att f\u00e5 mer och b\u00e4ttre information om dig och d\u00e4rmed f\u00f6resl\u00e5 personliga produkter och tj\u00e4nster utifr\u00e5n varje anv\u00e4ndares preferenser och behov.<\/p>\n<p>P\u00e5 s\u00e5 s\u00e4tt kan Apps &amp; Tech och partnerf\u00f6retag bjuda in anv\u00e4ndare att delta i n\u00f6jdhetsunders\u00f6kningar, varvid e-postmeddelanden med n\u00f6dv\u00e4ndiga riktlinjer skickas ut. De insamlade uppgifterna kommer att anv\u00e4ndas med det huvudsakliga m\u00e5let att s\u00f6ka f\u00f6rb\u00e4ttringar i de system, produkter, inneh\u00e5ll och tj\u00e4nster som erbjuds av Apps &amp; Tech och partnerf\u00f6retag.<\/p>\n<p>Om en anv\u00e4ndare kontaktar oss f\u00f6r att rapportera ett problem, ha en fr\u00e5ga eller f\u00e5 support fr\u00e5n oss, samlar vi in och lagrar anv\u00e4ndarens kontaktuppgifter, samt respektive meddelanden och annan information som beh\u00f6vs f\u00f6r att unders\u00f6ka problemet eller fr\u00e5gan. Denna information kommer att anv\u00e4ndas f\u00f6r att l\u00f6sa eventuella fr\u00e5gor baserat p\u00e5 den insamlade informationen, reda ut tvivel, korrigera problem och f\u00f6rb\u00e4ttra systemet, vilket ytterligare f\u00f6rb\u00e4ttrar anv\u00e4ndarupplevelsen inom Appar och teknik.<\/p>\n<h2 class=\"wp-block-heading\">Om datadelning <\/h2>\n<p>Apps &amp; Tech kommer inte att s\u00e4lja information eller personuppgifter om sina anv\u00e4ndare, men kan komma att dela dem med partnerf\u00f6retag i syfte att identifiera produkter och tj\u00e4nster som b\u00e4st passar profilen och behoven eller f\u00f6r att tillhandah\u00e5lla produkter och\/eller tj\u00e4nster som anv\u00e4ndaren beg\u00e4r.<\/p>\n<p>Apps &amp; Tech f\u00f6rbeh\u00e5ller sig r\u00e4tten att bist\u00e5 eller samarbeta med alla r\u00e4ttsliga myndigheter eller myndigheter och kan komma att dela Anv\u00e4ndares personligt identifierbara uppgifter f\u00f6r att: a) fastst\u00e4lla eller ut\u00f6va sina juridiska r\u00e4ttigheter; b) skydda sina egendomar; c) n\u00e4r Apps &amp; Tech anser att dess bist\u00e5nd eller samarbete \u00e4r n\u00f6dv\u00e4ndigt f\u00f6r att skydda sina Anv\u00e4ndare, anst\u00e4llda, administrat\u00f6rer eller n\u00e5gon person som skadats av handlingen eller underl\u00e5tenheten.<\/p>\n<h2 class=\"wp-block-heading\">Om r\u00e5data och icke-insamlade data <\/h2>\n<p>Apps &amp; Tech behandlar inte personuppgifter f\u00f6r barn under 13 (tretton) \u00e5r utan f\u00f6reg\u00e5ende tillst\u00e5nd fr\u00e5n deras f\u00f6r\u00e4ldrar eller v\u00e5rdnadshavare.<\/p>\n<p>Om personuppgifter f\u00f6r barn under 13 (tretton) \u00e5r oavsiktligt samlas in och behandlas utan uttryckligt tillst\u00e5nd fr\u00e5n deras f\u00f6r\u00e4ldrar eller v\u00e5rdnadshavare, kommer Apps &amp; Tech att radera alla insamlade uppgifter utan f\u00f6reg\u00e5ende meddelande.<\/p>\n<p>Om anv\u00e4ndaren blir medveten om att vi felaktigt har behandlat ett barns uppgifter ber vi dem att omedelbart kontakta oss via v\u00e5r e-postadress. <a>contato@appsntech.com<\/a>, s\u00e5 att vi kan vidta n\u00f6dv\u00e4ndiga \u00e5tg\u00e4rder.<\/p>","protected":false},"excerpt":{"rendered":"<p>Todas as informa\u00e7\u00f5es recolhidas ser\u00e3o utilizadas para melhorar sua experi\u00eancia dentro do nosso site. As informa\u00e7\u00f5es recolhidas podem incluir o seu nome, email, n\u00famero de telefone e\/ou outros. O uso do Apps &#038; Tech pressup\u00f5e a aceita\u00e7\u00e3o deste Acordo de Privacidade. Caso o usu\u00e1rio n\u00e3o concorde, ainda que em parte, com os termos e condi\u00e7\u00f5es &#8230; <a title=\"Integritetspolicy\" class=\"read-more\" href=\"https:\/\/appsntech.com\/sv\/politica-de-privacidade\/\" aria-label=\"L\u00e4s mer om Politica de Privacidade\">l\u00e4s mer<\/a><\/p>","protected":false},"author":1,"featured_media":0,"parent":0,"menu_order":0,"comment_status":"closed","ping_status":"closed","template":"","meta":{"footnotes":""},"class_list":["post-47343","page","type-page","status-publish"],"_links":{"self":[{"href":"https:\/\/appsntech.com\/sv\/wp-json\/wp\/v2\/pages\/47343","targetHints":{"allow":["GET"]}}],"collection":[{"href":"https:\/\/appsntech.com\/sv\/wp-json\/wp\/v2\/pages"}],"about":[{"href":"https:\/\/appsntech.com\/sv\/wp-json\/wp\/v2\/types\/page"}],"author":[{"embeddable":true,"href":"https:\/\/appsntech.com\/sv\/wp-json\/wp\/v2\/users\/1"}],"replies":[{"embeddable":true,"href":"https:\/\/appsntech.com\/sv\/wp-json\/wp\/v2\/comments?post=47343"}],"version-history":[{"count":1,"href":"https:\/\/appsntech.com\/sv\/wp-json\/wp\/v2\/pages\/47343\/revisions"}],"predecessor-version":[{"id":47344,"href":"https:\/\/appsntech.com\/sv\/wp-json\/wp\/v2\/pages\/47343\/revisions\/47344"}],"wp:attachment":[{"href":"https:\/\/appsntech.com\/sv\/wp-json\/wp\/v2\/media?parent=47343"}],"curies":[{"name":"wp","href":"https:\/\/api.w.org\/{rel}","templated":true}]}}