{"id":47347,"date":"2024-11-05T00:56:12","date_gmt":"2024-11-05T00:56:12","guid":{"rendered":"https:\/\/appsntech.com\/?page_id=47347"},"modified":"2024-11-05T00:56:12","modified_gmt":"2024-11-05T00:56:12","slug":"vilka-vi-ar","status":"publish","type":"page","link":"https:\/\/appsntech.com\/sv\/quem-somos\/","title":{"rendered":"Vilka vi \u00e4r"},"content":{"rendered":"<p>Apps &amp; Tech \u00e4r en teknikwebbplats som skapades 2024 med syftet att ge information och tips om applikationer, ekonomi och andra \u00e4mnen relaterade till den digitala v\u00e4rlden. Vi tror att teknik \u00e4r ett kraftfullt verktyg f\u00f6r att f\u00f6r\u00e4ndra liv och f\u00f6retag, och vi vill hj\u00e4lpa v\u00e5ra l\u00e4sare att h\u00e5lla sig uppdaterade och f\u00e5 ut det mesta av dessa verktyg.<\/p>\n\n\n\n<p>H\u00e4r p\u00e5 Appar &amp; Teknik hittar du artiklar och handledningar skrivna av teknikexperter, samt produkt- och tj\u00e4nsterecensioner och betyg. Vi erbjuder \u00e4ven tips och tricks som hj\u00e4lper dig att f\u00e5 ut det mesta av dina mobila enheter och appar.<\/p>\n\n\n\n<p>V\u00e5rt team best\u00e5r av teknikexperter, journalister och skribenter, alla engagerade i att leverera h\u00f6gkvalitativt och korrekt inneh\u00e5ll till v\u00e5ra l\u00e4sare. Vi tror att teknik \u00e4r ett kraftfullt verktyg f\u00f6r att f\u00f6r\u00e4ndra liv och f\u00f6retag och v\u00e5rt m\u00e5l \u00e4r att hj\u00e4lpa v\u00e5ra l\u00e4sare att h\u00e5lla sig uppdaterade och f\u00e5 ut det mesta av dessa verktyg.<\/p>\n\n\n\n<p>F\u00f6rutom inneh\u00e5ll erbjuder vi \u00e4ven v\u00e5ra l\u00e4sare m\u00f6jligheten att f\u00e5 kontakt med andra teknikentusiaster via v\u00e5ra sociala mediekanaler och diskussionsforum. Vi v\u00e4rdes\u00e4tter v\u00e5ra l\u00e4sares \u00e5sikter och \u00e4r alltid \u00f6ppna f\u00f6r f\u00f6rslag och feedback f\u00f6r att f\u00f6rb\u00e4ttra v\u00e5ra tj\u00e4nster.<\/p>\n\n\n\n<p>F\u00f6lj oss och h\u00e5ll dig uppdaterad med de senaste trenderna och nyheterna inom teknikv\u00e4rlden. Tack f\u00f6r att du bes\u00f6ker v\u00e5r webbplats och vi hoppas att vi ses snart igen!<\/p>","protected":false},"excerpt":{"rendered":"<p>O Apps &amp; Tech \u00e9 um site de tecnologia criado em 2024 com o objetivo de fornecer informa\u00e7\u00f5es e dicas sobre aplicativos, finan\u00e7as e outros assuntos relacionados ao mundo digital. N\u00f3s acreditamos que a tecnologia \u00e9 uma ferramenta poderosa para transformar vidas e empresas, e queremos ajudar nossos leitores a se manterem atualizados e aproveitar &#8230; <a title=\"Vilka vi \u00e4r\" class=\"read-more\" href=\"https:\/\/appsntech.com\/sv\/quem-somos\/\" aria-label=\"L\u00e4s mer om Quem somos\">l\u00e4s mer<\/a><\/p>","protected":false},"author":1,"featured_media":0,"parent":0,"menu_order":0,"comment_status":"closed","ping_status":"closed","template":"","meta":{"footnotes":""},"class_list":["post-47347","page","type-page","status-publish"],"_links":{"self":[{"href":"https:\/\/appsntech.com\/sv\/wp-json\/wp\/v2\/pages\/47347","targetHints":{"allow":["GET"]}}],"collection":[{"href":"https:\/\/appsntech.com\/sv\/wp-json\/wp\/v2\/pages"}],"about":[{"href":"https:\/\/appsntech.com\/sv\/wp-json\/wp\/v2\/types\/page"}],"author":[{"embeddable":true,"href":"https:\/\/appsntech.com\/sv\/wp-json\/wp\/v2\/users\/1"}],"replies":[{"embeddable":true,"href":"https:\/\/appsntech.com\/sv\/wp-json\/wp\/v2\/comments?post=47347"}],"version-history":[{"count":1,"href":"https:\/\/appsntech.com\/sv\/wp-json\/wp\/v2\/pages\/47347\/revisions"}],"predecessor-version":[{"id":47348,"href":"https:\/\/appsntech.com\/sv\/wp-json\/wp\/v2\/pages\/47347\/revisions\/47348"}],"wp:attachment":[{"href":"https:\/\/appsntech.com\/sv\/wp-json\/wp\/v2\/media?parent=47347"}],"curies":[{"name":"wp","href":"https:\/\/api.w.org\/{rel}","templated":true}]}}