{"id":47341,"date":"2024-11-05T00:53:27","date_gmt":"2024-11-05T00:53:27","guid":{"rendered":"https:\/\/appsntech.com\/?page_id=47341"},"modified":"2024-11-05T00:53:27","modified_gmt":"2024-11-05T00:53:27","slug":"mga-tuntunin-ng-paggamit","status":"publish","type":"page","link":"https:\/\/appsntech.com\/tl\/termos-de-uso\/","title":{"rendered":"Mga Tuntunin sa Paggamit"},"content":{"rendered":"<h2 class=\"wp-block-heading\">Mga Tuntunin ng Paggamit ng Apps at Tech<\/h2>\n<p>Sa pamamagitan ng pag-access sa website ng Apps &amp; Tech, sumasang-ayon kang sumailalim sa mga tuntunin ng serbisyong ito, lahat ng naaangkop na batas at regulasyon, at sumasang-ayon ka na responsable ka sa pagsunod sa anumang naaangkop na lokal na batas. Kung hindi ka sumasang-ayon sa alinman sa mga tuntuning ito, ipinagbabawal kang gamitin o i-access ang site na ito. Ang mga materyal na nilalaman sa site na ito ay protektado ng naaangkop na mga batas sa copyright at trademark.<\/p>\n<h2 class=\"wp-block-heading\">Paggamit ng Lisensya<\/h2>\n<p>Ipinagkaloob ang pahintulot na pansamantalang mag-download ng isang kopya ng mga materyal (impormasyon o software) sa website ng Apps &amp; Tech para sa personal, hindi pangkomersyal na panandaliang pagtingin lamang. Ito ang pagbibigay ng lisensya, hindi paglilipat ng titulo, at sa ilalim ng lisensyang ito ay hindi ka maaaring:<\/p>\n<ul class=\"wp-block-list\">\n<li>baguhin o kopyahin ang mga materyales;<\/li>\n<li>gamitin ang mga materyales para sa anumang komersyal na layunin o para sa pampublikong pagpapakita (komersyal o hindi pangkomersyal);<\/li>\n<li>subukang i-decompile o i-reverse engineer ang anumang software na nasa website ng Apps &amp; Tech;<\/li>\n<li>alisin ang anumang copyright o iba pang pagmamay-ari na mga notasyon mula sa mga materyales; o<\/li>\n<li>ilipat ang mga materyales sa ibang tao o &#039;i-mirror&#039; ang mga materyales sa anumang ibang server. Awtomatikong magwawakas ang lisensyang ito kung lalabag ka sa alinman sa mga paghihigpit na ito at maaaring wakasan ng Apps &amp; Tech anumang oras. Sa pagtatapos ng iyong pagtingin sa mga materyal na ito o sa pagwawakas ng lisensyang ito, dapat mong tanggalin ang anumang mga na-download na materyal na nasa iyong pag-aari maging sa electronic o naka-print na format.<\/li>\n<\/ul>\n<h2 class=\"wp-block-heading\">Disclaimer<\/h2>\n<p>Ang mga materyales sa website ng Apps &amp; Tech ay ibinigay &#039;as is&#039;. Ang Apps &amp; Tech ay hindi gumagawa ng mga warranty, ipinahayag o ipinahiwatig, at sa pamamagitan nito ay itinatanggi at tinatanggihan ang lahat ng iba pang mga warranty, kabilang ang, nang walang limitasyon, mga ipinahiwatig na warranty o kundisyon ng kakayahang maikalakal, angkop para sa isang partikular na layunin, o hindi paglabag sa intelektwal na ari-arian o iba pang paglabag sa mga karapatan .<\/p>\n<p>Dagdag pa, ang Apps &amp; Tech ay hindi ginagarantiyahan o gumagawa ng anumang mga representasyon tungkol sa katumpakan, malamang na mga resulta, o pagiging maaasahan ng paggamit ng mga materyales sa website nito o kung hindi man ay nauugnay sa mga naturang materyal o sa anumang mga site na naka-link sa site na ito.<\/p>\n<h2 class=\"wp-block-heading\">Mga Limitasyon<\/h2>\n<p>Sa anumang kaganapan ay mananagot ang Apps &amp; Tech o ang mga supplier nito para sa anumang mga pinsala (kabilang ang, nang walang limitasyon, mga pinsala para sa pagkawala ng data o kita, o dahil sa pagkagambala sa negosyo) na nagmumula sa paggamit o kawalan ng kakayahang gamitin ang mga materyales sa Apps &amp; Tech&#039;s website, kahit na ang Apps &amp; Tech o isang awtorisadong kinatawan ng Apps &amp; Tech ay naabisuhan nang pasalita o nakasulat tungkol sa posibilidad ng naturang pinsala. Dahil hindi pinapayagan ng ilang hurisdiksyon ang mga limitasyon sa ipinahiwatig na mga warranty, o mga limitasyon ng pananagutan para sa mga kinahinatnan o incidental na pinsala, maaaring hindi nalalapat sa iyo ang mga limitasyong ito.<\/p>\n<h2 class=\"wp-block-heading\">Katumpakan ng mga materyales<\/h2>\n<p>Maaaring kasama sa mga materyal na lumalabas sa website ng Apps &amp; Tech ang mga teknikal, typographical, o photographic na error. Hindi ginagarantiyahan ng Apps &amp; Tech na ang anumang materyal sa website nito ay tumpak, kumpleto o napapanahon. Maaaring gumawa ng mga pagbabago ang Apps &amp; Tech sa mga materyal na nilalaman sa website nito anumang oras nang walang abiso. Gayunpaman, ang Apps &amp; Tech ay hindi gumagawa ng anumang pangako na i-update ang mga materyales.<\/p>\n<h2 class=\"wp-block-heading\">Mga link<\/h2>\n<p>Hindi nasuri ng Apps &amp; Tech ang lahat ng mga site na naka-link sa website nito at hindi responsable para sa mga nilalaman ng anumang naka-link na site. Ang pagsasama ng anumang link ay hindi nagpapahiwatig ng pag-endorso ng Apps &amp; Tech ng site. Ang paggamit ng anumang naka-link na site ay nasa sariling peligro ng user.<\/p>\n<h2 class=\"wp-block-heading\">Mga pagbabago<\/h2>\n<p>Maaaring baguhin ng Apps &amp; Tech ang mga tuntunin ng serbisyo para sa website nito anumang oras nang walang abiso. Sa pamamagitan ng paggamit sa website na ito, sumasang-ayon kang mapasailalim sa kasalukuyang bersyon ng mga tuntunin ng serbisyong ito.<\/p>\n<p>Namamahala sa Batas Ang mga tuntunin at kundisyon na ito ay pinamamahalaan at binibigyang-kahulugan alinsunod sa mga batas ng Apps &amp; Tech at hindi mo na mababawi ang pagsumite sa eksklusibong hurisdiksyon ng mga hukuman sa Estado o lokasyong iyon.<\/p>\n<h2 id=\"lei-aplicavel\" class=\"wp-block-heading\">Naaangkop na batas<\/h2>\n<p>Ang mga tuntunin at kundisyong ito ay pinamamahalaan at binibigyang-kahulugan alinsunod sa mga batas ng Apps &amp; Tech at hindi mo na mababawi ang pagsusumite sa eksklusibong hurisdiksyon ng mga hukuman sa Estado o lokasyong iyon.<\/p>","protected":false},"excerpt":{"rendered":"<p>Termos de Uso do Apps &amp; Tech Ao acessar ao site Apps &amp; Tech, concorda em cumprir estes termos de servi\u00e7o, todas as leis e regulamentos aplic\u00e1veis e concorda que \u00e9 respons\u00e1vel pelo cumprimento de todas as leis locais aplic\u00e1veis. Se voc\u00ea n\u00e3o concordar com algum desses termos, est\u00e1 proibido de usar ou acessar este &#8230; <a title=\"Mga Tuntunin sa Paggamit\" class=\"read-more\" href=\"https:\/\/appsntech.com\/tl\/termos-de-uso\/\" aria-label=\"Read more about Termos de Uso\">magbasa pa<\/a><\/p>","protected":false},"author":1,"featured_media":0,"parent":0,"menu_order":0,"comment_status":"closed","ping_status":"closed","template":"","meta":{"footnotes":""},"class_list":["post-47341","page","type-page","status-publish"],"_links":{"self":[{"href":"https:\/\/appsntech.com\/tl\/wp-json\/wp\/v2\/pages\/47341","targetHints":{"allow":["GET"]}}],"collection":[{"href":"https:\/\/appsntech.com\/tl\/wp-json\/wp\/v2\/pages"}],"about":[{"href":"https:\/\/appsntech.com\/tl\/wp-json\/wp\/v2\/types\/page"}],"author":[{"embeddable":true,"href":"https:\/\/appsntech.com\/tl\/wp-json\/wp\/v2\/users\/1"}],"replies":[{"embeddable":true,"href":"https:\/\/appsntech.com\/tl\/wp-json\/wp\/v2\/comments?post=47341"}],"version-history":[{"count":1,"href":"https:\/\/appsntech.com\/tl\/wp-json\/wp\/v2\/pages\/47341\/revisions"}],"predecessor-version":[{"id":47342,"href":"https:\/\/appsntech.com\/tl\/wp-json\/wp\/v2\/pages\/47341\/revisions\/47342"}],"wp:attachment":[{"href":"https:\/\/appsntech.com\/tl\/wp-json\/wp\/v2\/media?parent=47341"}],"curies":[{"name":"wp","href":"https:\/\/api.w.org\/{rel}","templated":true}]}}