{"id":47341,"date":"2024-11-05T00:53:27","date_gmt":"2024-11-05T00:53:27","guid":{"rendered":"https:\/\/appsntech.com\/?page_id=47341"},"modified":"2024-11-05T00:53:27","modified_gmt":"2024-11-05T00:53:27","slug":"kullanim-kosullari","status":"publish","type":"page","link":"https:\/\/appsntech.com\/tr\/termos-de-uso\/","title":{"rendered":"Kullan\u0131m Ko\u015fullar\u0131"},"content":{"rendered":"<h2 class=\"wp-block-heading\">Uygulamalar ve Teknoloji Kullan\u0131m \u015eartlar\u0131<\/h2>\n<p>Apps &amp; Tech web sitesine eri\u015ferek bu hizmet \u015fartlar\u0131na, ge\u00e7erli t\u00fcm yasa ve d\u00fczenlemelere ba\u011fl\u0131 kalmay\u0131 ve ge\u00e7erli t\u00fcm yerel yasalara uyumdan sorumlu oldu\u011funuzu kabul edersiniz. Bu \u015fartlardan herhangi birini kabul etmiyorsan\u0131z bu siteyi kullanman\u0131z veya bu siteye eri\u015fmeniz yasakt\u0131r. Bu sitede yer alan materyaller y\u00fcr\u00fcrl\u00fckteki telif hakk\u0131 ve ticari marka yasalar\u0131yla korunmaktad\u0131r.<\/p>\n<h2 class=\"wp-block-heading\">Lisans Kullan\u0131m\u0131<\/h2>\n<p>Apps &amp; Tech web sitesindeki materyallerin (bilgi veya yaz\u0131l\u0131m) bir kopyas\u0131n\u0131n yaln\u0131zca ki\u015fisel, ticari olmayan ge\u00e7ici g\u00f6r\u00fcnt\u00fcleme i\u00e7in ge\u00e7ici olarak indirilmesine izin verilir. Bu, bir m\u00fclkiyet devri de\u011fil, bir lisans verilmesidir ve bu lisans kapsam\u0131nda \u015funlar\u0131 yapamazs\u0131n\u0131z:<\/p>\n<ul class=\"wp-block-list\">\n<li>materyalleri de\u011fi\u015ftirmek veya kopyalamak;<\/li>\n<li>materyalleri herhangi bir ticari ama\u00e7 i\u00e7in veya kamuya a\u00e7\u0131k sergileme (ticari veya ticari olmayan) i\u00e7in kullanmak;<\/li>\n<li>Apps &amp; Tech&#039;in web sitesinde yer alan herhangi bir yaz\u0131l\u0131m\u0131 derlemeye veya tersine m\u00fchendislik yapmaya te\u015febb\u00fcs etmek;<\/li>\n<li>materyallerden her t\u00fcrl\u00fc telif hakk\u0131 veya di\u011fer m\u00fclkiyet notlar\u0131n\u0131 kald\u0131racaks\u0131n\u0131z; veya<\/li>\n<li>materyalleri ba\u015fka bir ki\u015fiye aktar\u0131n veya materyalleri ba\u015fka bir sunucuya &#039;aynalay\u0131n&#039;. Bu lisans, bu k\u0131s\u0131tlamalardan herhangi birini ihlal etmeniz durumunda otomatik olarak sonland\u0131r\u0131l\u0131r veya Apps &amp; Tech taraf\u0131ndan herhangi bir zamanda sonland\u0131r\u0131labilir. Bu materyalleri g\u00f6r\u00fcnt\u00fclemenizin sona ermesi veya bu lisans\u0131n feshedilmesi \u00fczerine, elektronik veya bas\u0131l\u0131 formatta indirdi\u011finiz t\u00fcm materyalleri silmelisiniz.<\/li>\n<\/ul>\n<h2 class=\"wp-block-heading\">Sorumluluk reddi beyan\u0131<\/h2>\n<p>Apps &amp; Tech web sitesindeki materyaller &#039;oldu\u011fu gibi&#039; sa\u011flanmaktad\u0131r. Apps &amp; Tech, a\u00e7\u0131k veya z\u0131mni hi\u00e7bir garanti vermez ve i\u015fbu belgeyle, z\u0131mni garantiler veya sat\u0131labilirlik ko\u015fullar\u0131, belirli bir amaca uygunluk veya fikri m\u00fclkiyet haklar\u0131n\u0131n ihlal edilmemesi veya di\u011fer haklar\u0131n ihlal edilmemesi dahil ancak bunlarla s\u0131n\u0131rl\u0131 olmamak \u00fczere di\u011fer t\u00fcm garantileri reddeder ve reddeder. .<\/p>\n<p>Ayr\u0131ca Apps &amp; Tech, web sitesinde yer alan materyallerin kullan\u0131m\u0131n\u0131n do\u011frulu\u011fu, olas\u0131 sonu\u00e7lar\u0131 veya g\u00fcvenilirli\u011fi ile ilgili veya bu materyallerle veya bu siteyle ba\u011flant\u0131l\u0131 herhangi bir siteyle ilgili ba\u015fka herhangi bir garanti vermez veya beyanda bulunmaz.<\/p>\n<h2 class=\"wp-block-heading\">S\u0131n\u0131rlamalar<\/h2>\n<p>Apps &amp; Tech veya tedarik\u00e7ileri, Apps &amp; Tech&#039;in web sitesindeki materyallerin kullan\u0131m\u0131ndan veya kullan\u0131lamamas\u0131ndan kaynaklanan hi\u00e7bir zarardan (veri veya kar kayb\u0131 veya i\u015f kesintisi nedeniyle olu\u015fan zararlar dahil ancak bunlarla s\u0131n\u0131rl\u0131 olmamak \u00fczere) hi\u00e7bir durumda sorumlu tutulamaz. Apps &amp; Tech veya Apps &amp; Tech yetkili temsilcisine bu t\u00fcr bir zarar\u0131n olas\u0131l\u0131\u011f\u0131 s\u00f6zl\u00fc veya yaz\u0131l\u0131 olarak bildirilmi\u015f olsa bile. Baz\u0131 yarg\u0131 b\u00f6lgeleri z\u0131mni garantilerde s\u0131n\u0131rlamalara veya dolayl\u0131 ya da tesad\u00fcfi zararlara ili\u015fkin sorumluluk s\u0131n\u0131rlamalar\u0131na izin vermedi\u011finden, bu s\u0131n\u0131rlamalar sizin i\u00e7in ge\u00e7erli olmayabilir.<\/p>\n<h2 class=\"wp-block-heading\">Malzemelerin hassasiyeti<\/h2>\n<p>Apps &amp; Tech&#039;in web sitesinde g\u00f6r\u00fcnen materyaller teknik, dizgisel veya fotografik hatalar i\u00e7erebilir. Apps &amp; Tech, web sitesindeki hi\u00e7bir materyalin do\u011fru, eksiksiz veya g\u00fcncel oldu\u011funu garanti etmez. Apps &amp; Tech, web sitesinde yer alan materyallerde herhangi bir zamanda bildirimde bulunmaks\u0131z\u0131n de\u011fi\u015fiklik yapabilir. Ancak Apps &amp; Tech materyalleri g\u00fcncelleme taahh\u00fcd\u00fcnde bulunmamaktad\u0131r.<\/p>\n<h2 class=\"wp-block-heading\">Ba\u011flant\u0131lar<\/h2>\n<p>Apps &amp; Tech, web sitesine ba\u011flant\u0131 verilen sitelerin tamam\u0131n\u0131 incelememi\u015ftir ve ba\u011flant\u0131 verilen sitelerin i\u00e7eri\u011finden sorumlu de\u011fildir. Herhangi bir ba\u011flant\u0131n\u0131n dahil edilmesi sitenin Apps &amp; Tech taraf\u0131ndan onayland\u0131\u011f\u0131 anlam\u0131na gelmez. Ba\u011flant\u0131 verilen herhangi bir sitenin kullan\u0131m\u0131 kullan\u0131c\u0131n\u0131n kendi sorumlulu\u011fundad\u0131r.<\/p>\n<h2 class=\"wp-block-heading\">De\u011fi\u015fiklikler<\/h2>\n<p>Apps &amp; Tech, web sitesi i\u00e7in bu hizmet \u015fartlar\u0131n\u0131 herhangi bir zamanda bildirimde bulunmaks\u0131z\u0131n de\u011fi\u015ftirebilir. Bu web sitesini kullanarak, bu hizmet \u015fartlar\u0131n\u0131n g\u00fcncel versiyonuna ba\u011fl\u0131 kalmay\u0131 kabul etmi\u015f olursunuz.<\/p>\n<p>Ge\u00e7erli Kanun Bu \u015fartlar ve ko\u015fullar, Apps &amp; Tech yasalar\u0131na g\u00f6re y\u00f6netilir ve bunlara g\u00f6re yorumlan\u0131r ve siz, o Eyalet veya konumdaki mahkemelerin m\u00fcnhas\u0131r yarg\u0131 yetkisine geri d\u00f6n\u00fclmez bir \u015fekilde tabi olursunuz.<\/p>\n<h2 id=\"lei-aplicavel\" class=\"wp-block-heading\">Ge\u00e7erli yasa<\/h2>\n<p>Bu \u015fartlar ve ko\u015fullar, Apps &amp; Tech yasalar\u0131na g\u00f6re y\u00f6netilir ve bunlara g\u00f6re yorumlan\u0131r ve siz, o Eyalet veya konumdaki mahkemelerin m\u00fcnhas\u0131r yarg\u0131 yetkisine geri d\u00f6n\u00fclmez bir \u015fekilde tabi olursunuz.<\/p>","protected":false},"excerpt":{"rendered":"<p>Termos de Uso do Apps &amp; Tech Ao acessar ao site Apps &amp; Tech, concorda em cumprir estes termos de servi\u00e7o, todas as leis e regulamentos aplic\u00e1veis e concorda que \u00e9 respons\u00e1vel pelo cumprimento de todas as leis locais aplic\u00e1veis. Se voc\u00ea n\u00e3o concordar com algum desses termos, est\u00e1 proibido de usar ou acessar este &#8230; <a title=\"Kullan\u0131m Ko\u015fullar\u0131\" class=\"read-more\" href=\"https:\/\/appsntech.com\/tr\/termos-de-uso\/\" aria-label=\"Read more about Termos de Uso\">devam\u0131n\u0131 oku<\/a><\/p>","protected":false},"author":1,"featured_media":0,"parent":0,"menu_order":0,"comment_status":"closed","ping_status":"closed","template":"","meta":{"footnotes":""},"class_list":["post-47341","page","type-page","status-publish"],"_links":{"self":[{"href":"https:\/\/appsntech.com\/tr\/wp-json\/wp\/v2\/pages\/47341","targetHints":{"allow":["GET"]}}],"collection":[{"href":"https:\/\/appsntech.com\/tr\/wp-json\/wp\/v2\/pages"}],"about":[{"href":"https:\/\/appsntech.com\/tr\/wp-json\/wp\/v2\/types\/page"}],"author":[{"embeddable":true,"href":"https:\/\/appsntech.com\/tr\/wp-json\/wp\/v2\/users\/1"}],"replies":[{"embeddable":true,"href":"https:\/\/appsntech.com\/tr\/wp-json\/wp\/v2\/comments?post=47341"}],"version-history":[{"count":1,"href":"https:\/\/appsntech.com\/tr\/wp-json\/wp\/v2\/pages\/47341\/revisions"}],"predecessor-version":[{"id":47342,"href":"https:\/\/appsntech.com\/tr\/wp-json\/wp\/v2\/pages\/47341\/revisions\/47342"}],"wp:attachment":[{"href":"https:\/\/appsntech.com\/tr\/wp-json\/wp\/v2\/media?parent=47341"}],"curies":[{"name":"wp","href":"https:\/\/api.w.org\/{rel}","templated":true}]}}