{"id":47343,"date":"2024-11-05T00:54:52","date_gmt":"2024-11-05T00:54:52","guid":{"rendered":"https:\/\/appsntech.com\/?page_id=47343"},"modified":"2024-11-05T00:54:53","modified_gmt":"2024-11-05T00:54:53","slug":"gizlilik-politikasi","status":"publish","type":"page","link":"https:\/\/appsntech.com\/tr\/politica-de-privacidade\/","title":{"rendered":"Gizlilik Politikas\u0131"},"content":{"rendered":"<p>Toplanan t\u00fcm bilgiler web sitemizdeki deneyiminizi geli\u015ftirmek i\u00e7in kullan\u0131lacakt\u0131r. Toplanan bilgiler ad\u0131n\u0131z\u0131, e-posta adresinizi, telefon numaran\u0131z\u0131 ve\/veya ba\u015fkalar\u0131n\u0131 i\u00e7erebilir.<\/p>\n<p>Apps &amp; Tech&#039;in kullan\u0131m\u0131 bu Gizlilik S\u00f6zle\u015fmesinin kabul edilmesini gerektirir. Kullan\u0131c\u0131, bu Gizlilik Politikas\u0131nda yer alan h\u00fck\u00fcm ve ko\u015fullar\u0131 k\u0131smen de olsa kabul etmiyorsa, Apps &amp; Tech taraf\u0131ndan sunulan i\u00e7eri\u011fe eri\u015fmemeli ve\/veya bunlar\u0131 kullanmamal\u0131d\u0131r. Kullan\u0131c\u0131, web sitesini kullanarak, verilerinin bu Gizlilik Politikas\u0131 ve Genel Kullan\u0131m H\u00fck\u00fcm ve Ko\u015fullar\u0131na uygun olarak i\u015flenmesini onaylar ve tamamen kabul eder.<\/p>\n<p>Bu gizlilik politikas\u0131n\u0131, Kullan\u0131c\u0131lar\u0131n izni veya bildirimi olmadan herhangi bir zamanda de\u011fi\u015ftirme hakk\u0131n\u0131 sakl\u0131 tutuyoruz, bu nedenle l\u00fctfen s\u0131k s\u0131k inceleyin. De\u011fi\u015fiklikler ve a\u00e7\u0131klamalar web sitesinde yay\u0131nland\u0131ktan hemen sonra y\u00fcr\u00fcrl\u00fc\u011fe girecektir. Bu politikada \u00f6nemli de\u011fi\u015fiklikler yaparsak, hangi bilgileri toplad\u0131\u011f\u0131m\u0131z\u0131, nas\u0131l kulland\u0131\u011f\u0131m\u0131z\u0131 ve varsa hangi ko\u015fullar alt\u0131nda kulland\u0131\u011f\u0131m\u0131z\u0131 ve\/veya if\u015fa etti\u011fimizi bilmeniz i\u00e7in bunlar\u0131n g\u00fcncellendi\u011fini burada size bildirece\u011fiz. BT.<\/p>\n<p>Apps &amp; Tech, kullan\u0131c\u0131lar\u0131n\u0131n gizlili\u011fine ve verilerin nas\u0131l kullan\u0131ld\u0131\u011f\u0131 konusunda \u015feffafl\u0131\u011fa sayg\u0131 duyar. Gizlilik Politikam\u0131z uluslararas\u0131 ve ulusal veri koruma standartlar\u0131na uygun olarak haz\u0131rlanm\u0131\u015ft\u0131r.<\/p>\n<p>Bu Gizlilik Politikas\u0131, \u015fu adreste bulunan Apps &amp; Tech Genel Kullan\u0131m \u015eartlar\u0131 ve Ko\u015fullar\u0131 ile birlikte okunmal\u0131 ve yorumlanmal\u0131d\u0131r: <a href=\"https:\/\/appsntech.com\/tr\/kullanim-kosullari\/\">https:\/\/appsntech.com\/termos-de-uso\/<\/a><\/p>\n<h2 class=\"wp-block-heading\">Kullan\u0131c\u0131lar i\u00e7in genel bilgiler <\/h2>\n<p>Apps &amp; Tech, bilgileri Kullan\u0131c\u0131lar\u0131yla payla\u015farak bilgiyi herkes i\u00e7in eri\u015filebilir hale getirmeyi ama\u00e7lamaktad\u0131r. Kullan\u0131c\u0131, \u00f6nceden kaydolmaya gerek kalmadan Apps &amp; Tech web sitesine g\u00f6z atabilir.<\/p>\n<p>Apps &amp; Tech, hi\u00e7bir veri depolama, koruma, gizlilik ve iletim y\u00f6nteminin 100% g\u00fcvenli ve ihlal edilemez olmad\u0131\u011f\u0131n\u0131n alt\u0131n\u0131 \u00e7izerek, veri depolama, koruma, gizlilik ve iletim konular\u0131nda uluslararas\u0131 g\u00fcvenlik normlar\u0131n\u0131 ve standartlar\u0131n\u0131 takip eder.<\/p>\n<p>Apps &amp; Tech, ulusal ve yabanc\u0131 teknik ve mevzuattaki geli\u015fmelere g\u00f6re s\u00fcrekli olarak g\u00f6zden ge\u00e7irilen ve geli\u015ftirilen uygulama ve teknolojileri benimser. Korumadan bahsetti\u011fimizde, verilerinizin yetkisiz eri\u015fiminden, kullan\u0131m\u0131ndan, de\u011fi\u015ftirilmesinden, if\u015fa edilmesinden veya imha edilmesinden bahsediyoruz. Bunun olmas\u0131n\u0131 \u00f6nlemek i\u00e7in \u015fifreli ileti\u015fim, eri\u015fim kontrol\u00fc, g\u00fcvenli yaz\u0131l\u0131m geli\u015ftirmeye ba\u011fl\u0131l\u0131k, dahili uyumluluk politikalar\u0131 ve veri ya\u015fam d\u00f6ng\u00fcs\u00fcnde g\u00fcvenli\u011fi m\u00fcmk\u00fcn k\u0131lan hesap verebilirlik ve risk azaltma \u00f6nlemlerini i\u00e7eren \u00f6nlemlere yat\u0131r\u0131m yap\u0131yoruz. Kullan\u0131c\u0131 bilgileri ayn\u0131 zamanda g\u00fcvenli, tan\u0131nm\u0131\u015f ve uluslararas\u0131 kabul g\u00f6rm\u00fc\u015f veritabanlar\u0131nda da saklan\u0131r.<\/p>\n<p>Apps &amp; Tech, ne olursa olsun, hi\u00e7bir t\u00fcr \u00fcr\u00fcn\u00fcn piyasaya s\u00fcr\u00fclmesi i\u00e7in hi\u00e7bir ko\u015fulda para talep etmez. B\u00f6yle bir durumda hemen bize haber verin.<\/p>\n<p>T\u00fcm bilgileri m\u00fcmk\u00fcn oldu\u011funca g\u00fcncel tutmak i\u00e7in \u00e7al\u0131\u015f\u0131yoruz. Ancak bu bilgilerin kurumlar\u0131n web sitelerinde veya belirli bir web sitesinin hizmet sa\u011flay\u0131c\u0131lar\u0131nda bulunan bilgilerden farkl\u0131l\u0131k g\u00f6sterebilece\u011fini belirtmekte fayda var. Bilgilerin do\u011frulu\u011funu veya g\u00fcncelli\u011fini garanti etmiyoruz. Se\u00e7ti\u011finiz kurumlar\u0131n kullan\u0131m ko\u015fullar\u0131n\u0131 ve \u015fartlar\u0131n\u0131 mutlaka okumay\u0131 unutmay\u0131n. Bir \u00fcr\u00fcn veya teklif talep eden bir kullan\u0131c\u0131y\u0131 y\u00f6nlendirdi\u011fimizde web sitemizdeki reklamlardan ve ortaklar\u0131m\u0131zdan k\u00fc\u00e7\u00fck bir miktar al\u0131yoruz. Yay\u0131nlad\u0131\u011f\u0131m\u0131z her \u015fey, her \u00fcr\u00fcn\u00fcn niceliksel ve niteliksel de\u011ferlendirmelerine dayanmaktad\u0131r. Ortaklar\u0131m\u0131z\u0131n, hakk\u0131nda yazd\u0131\u011f\u0131m\u0131z ve inceledi\u011fimiz \u00fcr\u00fcnleri, ayn\u0131 zamanda Apps &amp; Tech&#039;teki &quot;en iyi&quot; makalelerin s\u0131ras\u0131n\u0131 ve \u00fcr\u00fcn yerle\u015ftirmeyi do\u011frudan etkileyebilece\u011fini belirtmekte fayda var. Web sitemizdeki bilgi miktar\u0131 g\u00f6z \u00f6n\u00fcne al\u0131nd\u0131\u011f\u0131nda, bilgilerin kalitesi ve g\u00fcncelli\u011fi konusunda herhangi bir garanti vermiyoruz; Bu nedenle ortaklar\u0131m\u0131zdan gelen bilgilere \u00f6ncelik veriyoruz.<\/p>\n<p>Ki\u015fisel bilgilerinizi korumak amac\u0131yla, bu bilgilerin uygunsuz bir \u015fekilde kaybolmamas\u0131n\u0131, k\u00f6t\u00fcye kullan\u0131lmamas\u0131n\u0131, eri\u015filmemesini, if\u015fa edilmemesini, de\u011fi\u015ftirilmemesini veya imha edilmemesini sa\u011flamak amac\u0131yla makul \u00f6nlemler al\u0131yor ve sekt\u00f6rdeki en iyi uygulamalar\u0131 takip ediyoruz.<\/p>\n<h2 class=\"wp-block-heading\">\u00dc\u00e7\u00fcnc\u00fc Taraf Sitelere Ba\u011flant\u0131lar <\/h2>\n<p>Apps &amp; Tech&#039;in, ziyaret\u00e7ilerimiz i\u00e7in faydal\u0131 bilgiler\/ara\u00e7lar i\u00e7erebilece\u011fini d\u00fc\u015f\u00fcnd\u00fc\u011f\u00fcm\u00fcz di\u011fer web sitelerine ba\u011flant\u0131lar\u0131 vard\u0131r. Gizlilik Politikam\u0131z \u00fc\u00e7\u00fcnc\u00fc taraf web siteleri i\u00e7in ge\u00e7erli de\u011fildir. Ayn\u0131 web sitelerinde bulunan gizlilik politikas\u0131ndan veya i\u00e7erikten sorumlu de\u011filiz. Apps &amp; Tech bunlar \u00fczerinde herhangi bir kontrole sahip de\u011fildir ve bu nedenle Kullan\u0131c\u0131 ile web sitesinde reklam\u0131 yap\u0131lan \u00fc\u00e7\u00fcnc\u00fc taraf \u00fcr\u00fcn ve hizmetler aras\u0131nda kurulan ili\u015fkilerde her t\u00fcrl\u00fc sorumluluktan muaft\u0131r.<\/p>\n<p>Web sitemizden ayr\u0131ld\u0131\u011f\u0131n\u0131zda veya bir \u00fc\u00e7\u00fcnc\u00fc taraf web sitesine veya uygulamas\u0131na y\u00f6nlendirildi\u011finizde, art\u0131k bu Gizlilik Politikas\u0131na veya web sitemizin Hizmet Ko\u015fullar\u0131na tabi de\u011filsiniz.<\/p>\n<p>Kat\u0131ld\u0131ktan sonra fikrinizi de\u011fi\u015ftirirseniz, contato@appsntech.com adresinden bizimle ileti\u015fime ge\u00e7erek bilgilerinizin s\u00fcrekli olarak toplanmas\u0131, kullan\u0131lmas\u0131 veya if\u015fa edilmesi i\u00e7in sizinle ileti\u015fime ge\u00e7memiz i\u00e7in verdi\u011finiz izni istedi\u011finiz zaman geri \u00e7ekebilirsiniz.<\/p>\n<h2 class=\"wp-block-heading\">Ki\u015fisel olmayan veriler <\/h2>\n<p>Kullan\u0131c\u0131lar Apps &amp; Tech&#039;ten \u00fccretsiz i\u00e7erik (e-kitaplar, testler, makaleler, infografikler vb.) talep etmedi\u011finde, di\u011fer ayr\u0131nt\u0131lar\u0131n yan\u0131 s\u0131ra web sitesinin hangi sayfalar\u0131n\u0131n ziyaret edildi\u011fini, ne zaman ziyaret edildi\u011fini belirten ki\u015fisel olmayan veriler izlenebilir ve toplanabilir. di\u011ferlerinin yan\u0131 s\u0131ra ziyaret edildiler, hangi k\u00f6pr\u00fclere t\u0131kland\u0131lar, hangi i\u00e7erik veya hizmetler talep edildi veya \u00f6nerildi.<\/p>\n<h2 class=\"wp-block-heading\">\u00c7erezler <\/h2>\n<p>Google \u00fc\u00e7\u00fcnc\u00fc taraf bir sat\u0131c\u0131 olarak reklamlar\u0131 sunmak i\u00e7in \u00e7erezleri kullan\u0131r. DART \u00e7erezi sayesinde Google, \u0130nternet&#039;teki di\u011fer web sitelerine yapt\u0131\u011f\u0131n\u0131z ziyaretlere dayal\u0131 olarak reklamlar sunabilir. Kullan\u0131c\u0131lar, Google reklam ve i\u00e7erik a\u011f\u0131 gizlilik politikas\u0131n\u0131 ziyaret ederek DART \u00e7erezini devre d\u0131\u015f\u0131 b\u0131rakabilir.<\/p>\n<p>Apps &amp; Tech, Kullan\u0131c\u0131n\u0131n gezinmesini kolayla\u015ft\u0131rmak amac\u0131yla veri ve IP (\u0130nternet Protokol\u00fc) kimlik bilgilerinin toplanmas\u0131na yard\u0131mc\u0131 olmak i\u00e7in \u00e7erezleri kullan\u0131r ve verilerin g\u00fcvenli\u011fini, korunmas\u0131n\u0131 ve orijinalli\u011fini garanti etmeye yard\u0131mc\u0131 olur.<\/p>\n<p>Ayr\u0131ca bak\u0131m maliyetlerini desteklemek i\u00e7in web sitemizde \u00fc\u00e7\u00fcnc\u00fc taraf reklamlar\u0131n\u0131 da kullan\u0131yoruz. Bu reklamverenlerden baz\u0131lar\u0131, web sitemizde reklam verirken \u00e7erezler gibi teknolojiler kullanabilir; bu, bu reklamverenlerin (Google AdSense ve Ad Exchange arac\u0131l\u0131\u011f\u0131yla Google gibi) IP adresiniz, \u0130SS&#039;niz gibi ki\u015fisel bilgilerinizi de alaca\u011f\u0131 anlam\u0131na gelir. taray\u0131c\u0131n\u0131z vb. Bu i\u015flev genellikle co\u011frafi hedefleme (co\u011frafi konumunuza g\u00f6re anlaml\u0131 reklamlar g\u00f6stermek) i\u00e7in kullan\u0131l\u0131r.<\/p>\n<p>Kullan\u0131c\u0131, taray\u0131c\u0131 yap\u0131land\u0131rmas\u0131nda \u00e7erezleri kabul edip etmemeyi istedi\u011fi zaman de\u011fi\u015ftirebilir; \u00e7erezlere g\u00f6z atman\u0131n devre d\u0131\u015f\u0131 b\u0131rak\u0131lmas\u0131n\u0131n Apps &amp; Tech&#039;in baz\u0131 i\u015flevlerini bozabilece\u011fini dikkate al\u0131r.<\/p>\n<h2 class=\"wp-block-heading\">Ki\u015fisel Olarak Tan\u0131mlanabilir Veriler <\/h2>\n<p>Di\u011ferlerinin yan\u0131 s\u0131ra Apps &amp; Tech&#039;teki makaleler, e-kitaplar, testler gibi \u00fccretsiz i\u00e7eri\u011fe eri\u015fmek i\u00e7in kullan\u0131c\u0131n\u0131n e-posta adresi ve tam ad gibi baz\u0131 tan\u0131mlanabilir ki\u015fisel verileri sa\u011flamas\u0131 gerekir.<\/p>\n<p>Apps &amp; Tech taraf\u0131ndan i\u015flenen ki\u015fisel olarak tan\u0131mlanabilir verilerin ama\u00e7lar\u0131 \u015funlard\u0131r:<\/p>\n<p>\u2013 Kullan\u0131c\u0131n\u0131n do\u011fru ve tam olarak tan\u0131mlanmas\u0131, b\u00f6ylece Kullan\u0131c\u0131lar i\u00e7in daha fazla g\u00fcvenlik ve koruma sa\u011flanmas\u0131;<\/p>\n<p>\u2013 Apps &amp; Tech taraf\u0131ndan sunulan hizmet ve \u00fcr\u00fcnlere eri\u015fim;<\/p>\n<p>\u2013 Ger\u00e7ek ihtiya\u00e7lara ve ger\u00e7ekliklere g\u00f6re en iyi \u00fcr\u00fcnleri ve bilgileri belirtmek amac\u0131yla Apps &amp; Tech taraf\u0131ndan Kullan\u0131c\u0131 profillerinin analizi.<\/p>\n<p>Kullan\u0131c\u0131 profilinin daha da hassas bir analizini ama\u00e7layan Apps &amp; Tech, hakk\u0131n\u0131zda daha fazla ve daha iyi bilgi edinmek i\u00e7in ara\u015ft\u0131rma yapabilir ve b\u00f6ylece her Kullan\u0131c\u0131n\u0131n tercih ve ihtiya\u00e7lar\u0131na g\u00f6re ki\u015fiselle\u015ftirilmi\u015f \u00fcr\u00fcn ve hizmetler g\u00f6sterebilir.<\/p>\n<p>Bu \u015fekilde Apps &amp; Tech ve ortak \u015firketler, Kullan\u0131c\u0131lar\u0131, gerekli rehberlikle birlikte e-postalar\u0131n g\u00f6nderilece\u011fi memnuniyet anketlerine kat\u0131lmaya davet edebilecektir. Toplanan veriler, Apps &amp; Tech ve ortak \u015firketler taraf\u0131ndan sunulan sistemlerde, \u00fcr\u00fcnlerde, i\u00e7erikte ve hizmetlerde iyile\u015ftirme aramak temel amac\u0131yla kullan\u0131lacakt\u0131r.<\/p>\n<p>Bir kullan\u0131c\u0131 bir sorunu bildirmek, soru sormak veya destek almak i\u00e7in bizimle ileti\u015fime ge\u00e7erse, kullan\u0131c\u0131n\u0131n ileti\u015fim bilgilerinin yan\u0131 s\u0131ra sorunu veya soruyu ara\u015ft\u0131rmak i\u00e7in gerekli mesajlar\u0131 ve di\u011fer verileri topluyor ve sakl\u0131yoruz. Bu veriler, toplanan bilgilere dayal\u0131 olarak her t\u00fcrl\u00fc sorguyu \u00e7\u00f6z\u00fcmlemek, \u015f\u00fcpheleri gidermek, sorunlar\u0131 d\u00fczeltmek ve sistemi iyile\u015ftirmek, b\u00f6ylece Uygulamalar ve Teknoloji i\u00e7indeki Kullan\u0131c\u0131 deneyimini daha da iyile\u015ftirmek i\u00e7in kullan\u0131lacakt\u0131r.<\/p>\n<h2 class=\"wp-block-heading\">Veri payla\u015f\u0131m\u0131 hakk\u0131nda <\/h2>\n<p>Apps &amp; Tech, Kullan\u0131c\u0131lar\u0131n\u0131n bilgilerini veya ki\u015fisel verilerini satmayacak ancak profillerine ve ihtiya\u00e7lar\u0131na en uygun \u00fcr\u00fcn ve hizmetleri g\u00f6sterebilmek veya talep edilen \u00fcr\u00fcn ve\/veya hizmetleri sa\u011flamak amac\u0131yla bunlar\u0131 ortak \u015firketlerle payla\u015fabilir. Kullan\u0131c\u0131.<\/p>\n<p>Apps &amp; Tech, herhangi bir adli makama veya h\u00fck\u00fcmet organ\u0131na yard\u0131m etme veya onlarla i\u015fbirli\u011fi yapma hakk\u0131n\u0131 sakl\u0131 tutar ve Kullan\u0131c\u0131lar\u0131n ki\u015fisel olarak tan\u0131mlanabilir verilerini a\u015fa\u011f\u0131daki ama\u00e7larla payla\u015fabilir: a) yasal haklar\u0131n\u0131 olu\u015fturmak veya kullanmak; b) m\u00fclklerini korumak; c) Kullan\u0131c\u0131lar\u0131n\u0131z\u0131, ortak \u00e7al\u0131\u015fanlar\u0131n\u0131z\u0131, y\u00f6neticilerinizi veya eylem veya ihmalden zarar g\u00f6ren herhangi birini korumak i\u00e7in yard\u0131m\u0131n\u0131z\u0131n veya i\u015fbirli\u011finizin gerekli oldu\u011funu d\u00fc\u015f\u00fcnd\u00fc\u011f\u00fcn\u00fczde.<\/p>\n<h2 class=\"wp-block-heading\">\u0130\u015flenmemi\u015f ve toplanmam\u0131\u015f veriler hakk\u0131nda <\/h2>\n<p>Apps &amp; Tech, ebeveynlerinin veya yasal vasilerinin \u00f6nceden izni olmadan 13 (on \u00fc\u00e7) ya\u015f\u0131n alt\u0131ndaki \u00e7ocuklar\u0131n ki\u015fisel verilerini i\u015flemez.<\/p>\n<p>13 (on \u00fc\u00e7) ya\u015f\u0131n alt\u0131ndaki \u00e7ocuklar\u0131n ki\u015fisel verilerinin, ebeveynlerinin veya yasal vasilerinin a\u00e7\u0131k izni olmadan, kas\u0131ts\u0131z bir \u015fekilde toplanmas\u0131 ve i\u015flenmesi durumunda, Apps &amp; Tech, toplanan t\u00fcm verileri \u00f6nceden herhangi bir bildirimde bulunmaks\u0131z\u0131n silecektir. .<\/p>\n<p>Kullan\u0131c\u0131n\u0131n bir \u00e7ocu\u011fun verilerini yanl\u0131\u015fl\u0131kla i\u015fledi\u011fimizi fark etmesi halinde, derhal bizimle e-posta yoluyla ileti\u015fime ge\u00e7mesini rica ederiz. <a>contato@appsntech.com<\/a>gerekli tedbirleri alabilmemiz i\u00e7in.<\/p>","protected":false},"excerpt":{"rendered":"<p>Todas as informa\u00e7\u00f5es recolhidas ser\u00e3o utilizadas para melhorar sua experi\u00eancia dentro do nosso site. As informa\u00e7\u00f5es recolhidas podem incluir o seu nome, email, n\u00famero de telefone e\/ou outros. O uso do Apps &#038; Tech pressup\u00f5e a aceita\u00e7\u00e3o deste Acordo de Privacidade. Caso o usu\u00e1rio n\u00e3o concorde, ainda que em parte, com os termos e condi\u00e7\u00f5es &#8230; <a title=\"Gizlilik Politikas\u0131\" class=\"read-more\" href=\"https:\/\/appsntech.com\/tr\/politica-de-privacidade\/\" aria-label=\"Read more about Politica de Privacidade\">devam\u0131n\u0131 oku<\/a><\/p>","protected":false},"author":1,"featured_media":0,"parent":0,"menu_order":0,"comment_status":"closed","ping_status":"closed","template":"","meta":{"footnotes":""},"class_list":["post-47343","page","type-page","status-publish"],"_links":{"self":[{"href":"https:\/\/appsntech.com\/tr\/wp-json\/wp\/v2\/pages\/47343","targetHints":{"allow":["GET"]}}],"collection":[{"href":"https:\/\/appsntech.com\/tr\/wp-json\/wp\/v2\/pages"}],"about":[{"href":"https:\/\/appsntech.com\/tr\/wp-json\/wp\/v2\/types\/page"}],"author":[{"embeddable":true,"href":"https:\/\/appsntech.com\/tr\/wp-json\/wp\/v2\/users\/1"}],"replies":[{"embeddable":true,"href":"https:\/\/appsntech.com\/tr\/wp-json\/wp\/v2\/comments?post=47343"}],"version-history":[{"count":1,"href":"https:\/\/appsntech.com\/tr\/wp-json\/wp\/v2\/pages\/47343\/revisions"}],"predecessor-version":[{"id":47344,"href":"https:\/\/appsntech.com\/tr\/wp-json\/wp\/v2\/pages\/47343\/revisions\/47344"}],"wp:attachment":[{"href":"https:\/\/appsntech.com\/tr\/wp-json\/wp\/v2\/media?parent=47343"}],"curies":[{"name":"wp","href":"https:\/\/api.w.org\/{rel}","templated":true}]}}