{"id":47341,"date":"2024-11-05T00:53:27","date_gmt":"2024-11-05T00:53:27","guid":{"rendered":"https:\/\/appsntech.com\/?page_id=47341"},"modified":"2024-11-05T00:53:27","modified_gmt":"2024-11-05T00:53:27","slug":"kullanim-kosullari","status":"publish","type":"page","link":"https:\/\/appsntech.com\/tr_mt\/termos-de-uso\/","title":{"rendered":"Kullan\u0131m Ko\u015fullar\u0131"},"content":{"rendered":"<h2 class=\"wp-block-heading\">Uygulamalar ve Teknoloji Kullan\u0131m \u015eartlar\u0131<\/h2>\n<p>Apps &amp; Tech web sitesine eri\u015ferek, bu hizmet \u015fartlar\u0131na, ge\u00e7erli t\u00fcm yasa ve d\u00fczenlemelere uymay\u0131 ve ge\u00e7erli t\u00fcm yerel yasalara uymaktan sorumlu oldu\u011funuzu kabul etmi\u015f olursunuz. Bu \u015fartlardan herhangi birini kabul etmiyorsan\u0131z, bu web sitesini kullanman\u0131z veya bu web sitesine eri\u015fmeniz yasakt\u0131r. Bu web sitesinde yer alan materyaller, ge\u00e7erli telif hakk\u0131 ve ticari marka yasalar\u0131yla korunmaktad\u0131r.<\/p>\n<h2 class=\"wp-block-heading\">Kullan\u0131m Lisans\u0131<\/h2>\n<p>Apps &amp; Tech web sitesindeki materyallerin (bilgi veya yaz\u0131l\u0131m) bir kopyas\u0131n\u0131n yaln\u0131zca ki\u015fisel, ticari olmayan ge\u00e7ici g\u00f6r\u00fcnt\u00fcleme amac\u0131yla ge\u00e7ici olarak indirilmesine izin verilmektedir. Bu, bir lisans verilmesidir, m\u00fclkiyet devri de\u011fildir ve bu lisans kapsam\u0131nda \u015funlar\u0131 yapamazs\u0131n\u0131z:<\/p>\n<ul class=\"wp-block-list\">\n<li>materyalleri de\u011fi\u015ftirmek veya kopyalamak;<\/li>\n<li>Malzemeleri herhangi bir ticari ama\u00e7 i\u00e7in veya herhangi bir kamu g\u00f6sterimi i\u00e7in (ticari veya ticari olmayan) kullanmak;<\/li>\n<li>Apps &amp; Tech web sitesinde bulunan herhangi bir yaz\u0131l\u0131m\u0131n derlemesini \u00e7\u00f6zmeye veya tersine m\u00fchendislik uygulamaya \u00e7al\u0131\u015fmak;<\/li>\n<li>materyallerden herhangi bir telif hakk\u0131n\u0131 veya di\u011fer m\u00fclkiyet kay\u0131tlar\u0131n\u0131 kald\u0131rmak; veya<\/li>\n<li>Materyalleri ba\u015fka bir ki\u015fiye aktaramaz veya ba\u015fka bir sunucuda &quot;yans\u0131tamazs\u0131n\u0131z&quot;. Bu lisans, bu k\u0131s\u0131tlamalardan herhangi birini ihlal etmeniz durumunda otomatik olarak sona erer ve Apps &amp; Tech taraf\u0131ndan herhangi bir zamanda feshedilebilir. Bu materyalleri g\u00f6r\u00fcnt\u00fclemeyi sonland\u0131rd\u0131\u011f\u0131n\u0131zda veya bu lisans\u0131n feshedilmesi durumunda, ister elektronik ister bas\u0131l\u0131 formatta olsun, elinizde bulunan t\u00fcm indirilmi\u015f materyalleri imha etmelisiniz.<\/li>\n<\/ul>\n<h2 class=\"wp-block-heading\">Sorumluluk Reddi<\/h2>\n<p>Apps &amp; Tech web sitesindeki materyaller &quot;oldu\u011fu gibi&quot; sunulmaktad\u0131r. Apps &amp; Tech, a\u00e7\u0131k veya z\u0131mni hi\u00e7bir garanti vermez ve i\u015fbu belgeyle, pazarlanabilirlik, belirli bir amaca uygunluk veya fikri m\u00fclkiyetin ihlal edilmemesi veya di\u011fer hak ihlalleri dahil ancak bunlarla s\u0131n\u0131rl\u0131 olmamak \u00fczere t\u00fcm di\u011fer garantileri reddeder ve ge\u00e7ersiz k\u0131lar.<\/p>\n<p>Ayr\u0131ca, Apps &amp; Tech, web sitesinde yer alan materyallerin veya bu materyallerle veya bu web sitesine ba\u011fl\u0131 web siteleriyle ilgili di\u011fer materyallerin kullan\u0131m\u0131n\u0131n do\u011frulu\u011fu, muhtemel sonu\u00e7lar\u0131 veya g\u00fcvenilirli\u011fi konusunda hi\u00e7bir garanti vermez veya beyanda bulunmaz.<\/p>\n<h2 class=\"wp-block-heading\">S\u0131n\u0131rlamalar<\/h2>\n<p>Apps &amp; Tech veya tedarik\u00e7ileri, Apps &amp; Tech&#039;teki materyallerin kullan\u0131m\u0131ndan veya kullan\u0131lamamas\u0131ndan kaynaklanan hi\u00e7bir zarardan (veri veya k\u00e2r kayb\u0131 veya i\u015f kesintisi nedeniyle olu\u015fan zararlar dahil ancak bunlarla s\u0131n\u0131rl\u0131 olmamak \u00fczere) hi\u00e7bir \u015fekilde sorumlu tutulamaz. Apps &amp; Tech veya yetkili bir Apps &amp; Tech temsilcisine bu t\u00fcr bir zarar olas\u0131l\u0131\u011f\u0131 s\u00f6zl\u00fc veya yaz\u0131l\u0131 olarak bildirilmi\u015f olsa bile bu durum ge\u00e7erlidir. Baz\u0131 yarg\u0131 b\u00f6lgeleri, z\u0131mni garantilere veya dolayl\u0131 veya ar\u0131zi zararlara ili\u015fkin sorumluluk s\u0131n\u0131rlamalar\u0131na izin vermedi\u011finden, bu s\u0131n\u0131rlamalar sizin i\u00e7in ge\u00e7erli olmayabilir.<\/p>\n<h2 class=\"wp-block-heading\">Malzemelerin do\u011frulu\u011fu<\/h2>\n<p>Apps &amp; Tech web sitesinde g\u00f6r\u00fcnt\u00fclenen materyaller teknik, tipografik veya foto\u011frafik hatalar i\u00e7erebilir. Apps &amp; Tech, web sitesindeki hi\u00e7bir materyalin do\u011fru, eksiksiz veya g\u00fcncel oldu\u011funu garanti etmez. Apps &amp; Tech, web sitesinde yer alan materyallerde herhangi bir zamanda \u00f6nceden haber vermeksizin de\u011fi\u015fiklik yapabilir. Ancak, Apps &amp; Tech, materyalleri g\u00fcncellemeyi taahh\u00fct etmez.<\/p>\n<h2 class=\"wp-block-heading\">Ba\u011flant\u0131lar<\/h2>\n<p>Apps &amp; Tech, web sitesine ba\u011fl\u0131 t\u00fcm siteleri incelememi\u015ftir ve ba\u011flant\u0131l\u0131 sitelerin i\u00e7eri\u011finden sorumlu de\u011fildir. Herhangi bir ba\u011flant\u0131n\u0131n eklenmesi, Apps &amp; Tech&#039;in siteyi onaylad\u0131\u011f\u0131 anlam\u0131na gelmez. Ba\u011flant\u0131l\u0131 sitelerin kullan\u0131m\u0131 kullan\u0131c\u0131n\u0131n kendi sorumlulu\u011fundad\u0131r.<\/p>\n<h2 class=\"wp-block-heading\">De\u011fi\u015fiklikler<\/h2>\n<p>Apps &amp; Tech, bu web sitesi hizmet \u015fartlar\u0131n\u0131 herhangi bir zamanda \u00f6nceden haber vermeksizin de\u011fi\u015ftirebilir. Bu web sitesini kullanarak, bu hizmet \u015fartlar\u0131n\u0131n g\u00fcncel s\u00fcr\u00fcm\u00fcne ba\u011fl\u0131 kalmay\u0131 kabul etmi\u015f olursunuz.<\/p>\n<p>Uygulanacak Hukuk Bu h\u00fck\u00fcm ve ko\u015fullar, Apps &amp; Tech yasalar\u0131na tabidir ve bu yasalara g\u00f6re yorumlan\u0131r ve siz geri al\u0131namaz bir \u015fekilde o Eyalet veya konumdaki mahkemelerin m\u00fcnhas\u0131r yarg\u0131 yetkisine tabi olursunuz.<\/p>\n<h2 id=\"lei-aplicavel\" class=\"wp-block-heading\">Uygulanabilir hukuk<\/h2>\n<p>Bu h\u00fck\u00fcm ve ko\u015fullar Apps &amp; Tech yasalar\u0131na tabidir ve bu yasalara g\u00f6re yorumlan\u0131r ve siz geri al\u0131namaz bir \u015fekilde o Eyalet veya konumdaki mahkemelerin m\u00fcnhas\u0131r yarg\u0131 yetkisine tabi olursunuz.<\/p>","protected":false},"excerpt":{"rendered":"<p>Termos de Uso do Apps &amp; Tech Ao acessar ao site Apps &amp; Tech, concorda em cumprir estes termos de servi\u00e7o, todas as leis e regulamentos aplic\u00e1veis e concorda que \u00e9 respons\u00e1vel pelo cumprimento de todas as leis locais aplic\u00e1veis. Se voc\u00ea n\u00e3o concordar com algum desses termos, est\u00e1 proibido de usar ou acessar este &#8230; <a title=\"Kullan\u0131m Ko\u015fullar\u0131\" class=\"read-more\" href=\"https:\/\/appsntech.com\/tr_mt\/termos-de-uso\/\" aria-label=\"Read more about Termos de Uso\">devam\u0131n\u0131 oku<\/a><\/p>","protected":false},"author":1,"featured_media":0,"parent":0,"menu_order":0,"comment_status":"closed","ping_status":"closed","template":"","meta":{"footnotes":""},"class_list":["post-47341","page","type-page","status-publish"],"_links":{"self":[{"href":"https:\/\/appsntech.com\/tr_mt\/wp-json\/wp\/v2\/pages\/47341","targetHints":{"allow":["GET"]}}],"collection":[{"href":"https:\/\/appsntech.com\/tr_mt\/wp-json\/wp\/v2\/pages"}],"about":[{"href":"https:\/\/appsntech.com\/tr_mt\/wp-json\/wp\/v2\/types\/page"}],"author":[{"embeddable":true,"href":"https:\/\/appsntech.com\/tr_mt\/wp-json\/wp\/v2\/users\/1"}],"replies":[{"embeddable":true,"href":"https:\/\/appsntech.com\/tr_mt\/wp-json\/wp\/v2\/comments?post=47341"}],"version-history":[{"count":1,"href":"https:\/\/appsntech.com\/tr_mt\/wp-json\/wp\/v2\/pages\/47341\/revisions"}],"predecessor-version":[{"id":47342,"href":"https:\/\/appsntech.com\/tr_mt\/wp-json\/wp\/v2\/pages\/47341\/revisions\/47342"}],"wp:attachment":[{"href":"https:\/\/appsntech.com\/tr_mt\/wp-json\/wp\/v2\/media?parent=47341"}],"curies":[{"name":"wp","href":"https:\/\/api.w.org\/{rel}","templated":true}]}}