{"id":47343,"date":"2024-11-05T00:54:52","date_gmt":"2024-11-05T00:54:52","guid":{"rendered":"https:\/\/appsntech.com\/?page_id=47343"},"modified":"2024-11-05T00:54:53","modified_gmt":"2024-11-05T00:54:53","slug":"gizlilik-politikasi","status":"publish","type":"page","link":"https:\/\/appsntech.com\/tr_mt\/politica-de-privacidade\/","title":{"rendered":"Gizlilik Politikas\u0131"},"content":{"rendered":"<p>Toplanan t\u00fcm bilgiler, web sitemizdeki deneyiminizi iyile\u015ftirmek i\u00e7in kullan\u0131lacakt\u0131r. Toplanan bilgiler ad\u0131n\u0131z\u0131, e-posta adresinizi, telefon numaran\u0131z\u0131 ve\/veya di\u011fer bilgileri i\u00e7erebilir.<\/p>\n<p>Apps &amp; Tech&#039;in kullan\u0131m\u0131, bu Gizlilik S\u00f6zle\u015fmesi&#039;nin kabul edildi\u011fi anlam\u0131na gelir. Kullan\u0131c\u0131, bu Gizlilik Politikas\u0131&#039;nda yer alan h\u00fck\u00fcm ve ko\u015fullar\u0131 k\u0131smen de olsa kabul etmiyorsa, Apps &amp; Tech taraf\u0131ndan sunulan i\u00e7eri\u011fe eri\u015fmemeli ve\/veya bu i\u00e7eri\u011fi kullanmamal\u0131d\u0131r. Kullan\u0131c\u0131, web sitesini kullanarak, verilerinin bu Gizlilik Politikas\u0131 ve Genel Kullan\u0131m \u015eartlar\u0131 uyar\u0131nca i\u015flenmesini kabul ve taahh\u00fct eder.<\/p>\n<p>Bu gizlilik politikas\u0131n\u0131, Kullan\u0131c\u0131lar\u0131n izni veya bildirimi olmaks\u0131z\u0131n herhangi bir zamanda de\u011fi\u015ftirme hakk\u0131m\u0131z\u0131 sakl\u0131 tutuyoruz, bu nedenle l\u00fctfen s\u0131k s\u0131k g\u00f6zden ge\u00e7irin. De\u011fi\u015fiklikler ve a\u00e7\u0131klamalar, web sitesinde yay\u0131nlan\u0131r yay\u0131nlanmaz y\u00fcr\u00fcrl\u00fc\u011fe girecektir. Bu politikada \u00f6nemli de\u011fi\u015fiklikler yapmam\u0131z durumunda, g\u00fcncellendi\u011fine dair sizi burada bilgilendirece\u011fiz; b\u00f6ylece hangi bilgileri toplad\u0131\u011f\u0131m\u0131z, nas\u0131l kulland\u0131\u011f\u0131m\u0131z ve hangi durumlarda kulland\u0131\u011f\u0131m\u0131z ve\/veya if\u015fa etti\u011fimiz konusunda bilgi sahibi olacaks\u0131n\u0131z.<\/p>\n<p>Apps &amp; Tech, kullan\u0131c\u0131lar\u0131n\u0131n gizlili\u011fine sayg\u0131 duyar ve verilerin nas\u0131l kullan\u0131ld\u0131\u011f\u0131 konusunda \u015feffaft\u0131r. Gizlilik Politikam\u0131z, uluslararas\u0131 ve ulusal veri koruma standartlar\u0131na uygun olarak geli\u015ftirilmi\u015ftir.<\/p>\n<p>Bu Gizlilik Politikas\u0131, Apps &amp; Tech&#039;in Genel Kullan\u0131m \u015eartlar\u0131 ve Ko\u015fullar\u0131 ile birlikte okunmal\u0131 ve yorumlanmal\u0131d\u0131r; bu ko\u015fullara \u015fu adresten ula\u015f\u0131labilir: <a href=\"https:\/\/appsntech.com\/tr_mt\/kullanim-kosullari\/\">https:\/\/appsntech.com\/termos-de-uso\/<\/a><\/p>\n<h2 class=\"wp-block-heading\">Kullan\u0131c\u0131lar i\u00e7in genel bilgiler <\/h2>\n<p>Apps &amp; Tech, Kullan\u0131c\u0131lar\u0131yla bilgi payla\u015f\u0131m\u0131 yaparak bilgiyi herkesin eri\u015fimine a\u00e7may\u0131 hedefliyor. Kullan\u0131c\u0131lar, Apps &amp; Tech web sitesinde kay\u0131t olmadan gezinebiliyor.<\/p>\n<p>Apps &amp; Tech, verilerin depolanmas\u0131, korunmas\u0131, gizlili\u011fi ve iletimi konusunda uluslararas\u0131 g\u00fcvenlik standartlar\u0131n\u0131 ve normlar\u0131n\u0131 takip eder ve hi\u00e7bir veri depolama, koruma, gizlilik ve iletim y\u00f6nteminin g\u00fcvenli ve dokunulmaz olmad\u0131\u011f\u0131n\u0131 vurgular.<\/p>\n<p>Apps &amp; Tech, ulusal ve uluslararas\u0131 teknik ve d\u00fczenleyici geli\u015fmeler do\u011frultusunda s\u00fcrekli olarak g\u00f6zden ge\u00e7irilen ve iyile\u015ftirilen uygulama ve teknolojileri benimser. Koruma dedi\u011fimizde, verilerinize yetkisiz eri\u015fim, kullan\u0131m, de\u011fi\u015fiklik, if\u015fa veya imhay\u0131 kastediyoruz. Bunun olmas\u0131n\u0131 \u00f6nlemek i\u00e7in, \u015fifreli ileti\u015fim, eri\u015fim kontrol\u00fc, g\u00fcvenli yaz\u0131l\u0131m geli\u015ftirmeye uyum, dahili uyumluluk politikalar\u0131 ve veri ya\u015fam d\u00f6ng\u00fcs\u00fc boyunca g\u00fcvenli\u011fi sa\u011flayan hesap verebilirlik ve risk azaltma \u00f6nlemleri gibi \u00f6nlemlere yat\u0131r\u0131m yap\u0131yoruz. Kullan\u0131c\u0131 bilgileri ayr\u0131ca g\u00fcvenli, tan\u0131nm\u0131\u015f ve uluslararas\u0131 alanda tan\u0131nan veritabanlar\u0131nda saklan\u0131r.<\/p>\n<p>Apps &amp; Tech, t\u00fcr\u00fc ne olursa olsun hi\u00e7bir \u00fcr\u00fcn\u00fcn piyasaya s\u00fcr\u00fclmesi i\u00e7in parasal \u00f6deme talep etmez. B\u00f6yle bir durumda l\u00fctfen derhal bizi bilgilendirin.<\/p>\n<p>T\u00fcm bilgileri m\u00fcmk\u00fcn oldu\u011funca g\u00fcncel tutmaya \u00e7al\u0131\u015f\u0131yoruz. Ancak, bu bilgilerin belirli bir web sitesindeki kurum veya hizmet sa\u011flay\u0131c\u0131lar\u0131n web sitelerinde bulunan bilgilerden farkl\u0131 olabilece\u011fini unutmamak \u00f6nemlidir. Bu bilgilerin do\u011frulu\u011funu veya g\u00fcncelli\u011fini garanti etmiyoruz. Se\u00e7ti\u011finiz kurumlar\u0131n h\u00fck\u00fcm ve ko\u015fullar\u0131n\u0131 okumay\u0131 unutmay\u0131n. Web sitemizdeki reklamlardan ve bir \u00fcr\u00fcn veya teklif talep eden bir kullan\u0131c\u0131y\u0131 y\u00f6nlendirdi\u011fimizde i\u015f ortaklar\u0131m\u0131zdan k\u00fc\u00e7\u00fck bir miktar gelir elde ediyoruz. Yay\u0131nlad\u0131\u011f\u0131m\u0131z her \u015fey, her \u00fcr\u00fcn\u00fcn nicel ve nitel de\u011ferlendirmelerine dayanmaktad\u0131r. \u0130\u015f ortaklar\u0131m\u0131z\u0131n, hakk\u0131nda yaz\u0131p inceledi\u011fimiz \u00fcr\u00fcnlerin yan\u0131 s\u0131ra &quot;en iyi&quot; makalelerin s\u0131ras\u0131n\u0131 ve Apps &amp; Tech&#039;teki \u00fcr\u00fcn konumland\u0131rmas\u0131n\u0131 do\u011frudan etkileyebilece\u011fini unutmamak \u00f6nemlidir. Web sitemizdeki bilgi miktar\u0131 g\u00f6z \u00f6n\u00fcne al\u0131nd\u0131\u011f\u0131nda, bilgilerin kalitesi veya g\u00fcncelli\u011fi konusunda hi\u00e7bir garanti vermiyoruz; bu nedenle i\u015f ortaklar\u0131m\u0131zdan gelen bilgilere \u00f6ncelik veriyoruz.<\/p>\n<p>Ki\u015fisel bilgilerinizi korumak i\u00e7in makul \u00f6nlemler al\u0131yoruz ve uygunsuz bir \u015fekilde kaybolmamas\u0131n\u0131, k\u00f6t\u00fcye kullan\u0131lmamas\u0131n\u0131, eri\u015filmemesini, if\u015fa edilmemesini, de\u011fi\u015ftirilmemesini veya imha edilmemesini sa\u011flamak i\u00e7in sekt\u00f6r\u00fcn en iyi uygulamalar\u0131n\u0131 takip ediyoruz.<\/p>\n<h2 class=\"wp-block-heading\">\u00dc\u00e7\u00fcnc\u00fc Taraf Sitelerine Ba\u011flant\u0131lar <\/h2>\n<p>Apps &amp; Tech, ziyaret\u00e7ilerimiz i\u00e7in faydal\u0131 bilgi veya ara\u00e7lar i\u00e7erebilece\u011fini d\u00fc\u015f\u00fcnd\u00fc\u011f\u00fcm\u00fcz di\u011fer web sitelerine ba\u011flant\u0131lar i\u00e7ermektedir. Gizlilik Politikam\u0131z, \u00fc\u00e7\u00fcnc\u00fc taraf web siteleri i\u00e7in ge\u00e7erli de\u011fildir. Bu web sitelerinin gizlilik politikalar\u0131ndan veya i\u00e7eriklerinden sorumlu de\u011filiz. Apps &amp; Tech, bu web siteleri \u00fczerinde herhangi bir kontrole sahip de\u011fildir ve bu nedenle, Kullan\u0131c\u0131 ile web sitesinde reklam\u0131 yap\u0131lan \u00fc\u00e7\u00fcnc\u00fc taraf \u00fcr\u00fcn ve hizmetleri aras\u0131nda kurulan ili\u015fkilerde herhangi bir sorumluluk kabul etmez.<\/p>\n<p>Web sitemizden ayr\u0131ld\u0131\u011f\u0131n\u0131zda veya \u00fc\u00e7\u00fcnc\u00fc taraf bir web sitesine veya uygulamaya y\u00f6nlendirildi\u011finizde, art\u0131k bu Gizlilik Politikas\u0131 veya web sitemizin Hizmet \u015eartlar\u0131 taraf\u0131ndan y\u00f6netilmezsiniz.<\/p>\n<p>Verilerinizi bize sa\u011flad\u0131ktan sonra fikrinizi de\u011fi\u015ftirirseniz, contato@appsntech.com adresinden e-posta yoluyla bizimle ileti\u015fime ge\u00e7erek, bizimle ileti\u015fime ge\u00e7memiz, bilgilerinizin toplanmaya, kullan\u0131lmaya veya if\u015fa edilmeye devam etmesi i\u00e7in verdi\u011finiz izni istedi\u011finiz zaman geri \u00e7ekebilirsiniz.<\/p>\n<h2 class=\"wp-block-heading\">Ki\u015fisel olmayan veriler <\/h2>\n<p>Kullan\u0131c\u0131lar Apps &amp; Tech&#039;ten \u00fccretsiz i\u00e7erik (e-kitaplar, s\u0131navlar, makaleler, infografikler vb.) talep etmedikleri takdirde, di\u011fer ayr\u0131nt\u0131lar\u0131n yan\u0131 s\u0131ra, web sitesinin hangi sayfalar\u0131n\u0131n ziyaret edildi\u011fi, ne zaman ziyaret edildi\u011fi, hangi k\u00f6pr\u00fclere t\u0131kland\u0131\u011f\u0131, hangi i\u00e7erik veya hizmetlerin talep edildi\u011fi veya belirtildi\u011fi gibi ki\u015fisel olmayan verilerin izlenmesi ve toplanmas\u0131 ger\u00e7ekle\u015ftirilebilir.<\/p>\n<h2 class=\"wp-block-heading\">\u00c7erezler <\/h2>\n<p>\u00dc\u00e7\u00fcnc\u00fc taraf bir sat\u0131c\u0131 olan Google, reklamlar\u0131 sunmak i\u00e7in \u00e7erezler kullan\u0131r. DART \u00e7erezi sayesinde Google, bir kullan\u0131c\u0131n\u0131n internetteki di\u011fer web sitelerini ziyaretine dayal\u0131 reklamlar sunabilir. Kullan\u0131c\u0131lar, Google reklam ve i\u00e7erik a\u011f\u0131 gizlilik politikas\u0131n\u0131 ziyaret ederek DART \u00e7erezini devre d\u0131\u015f\u0131 b\u0131rakabilirler.<\/p>\n<p>Uygulamalar ve Teknoloji, Kullan\u0131c\u0131 gezinmesini kolayla\u015ft\u0131rmak, veri g\u00fcvenli\u011fini, korumas\u0131n\u0131 ve \u00f6zg\u00fcnl\u00fc\u011f\u00fcn\u00fc sa\u011flamaya yard\u0131mc\u0131 olmak i\u00e7in verileri ve IP (\u0130nternet Protokol\u00fc) tan\u0131mlama bilgilerini toplamaya yard\u0131mc\u0131 olmak i\u00e7in \u00e7erezleri kullan\u0131r.<\/p>\n<p>Ayr\u0131ca, bak\u0131m maliyetlerini kar\u015f\u0131lamak i\u00e7in web sitemizde \u00fc\u00e7\u00fcnc\u00fc taraf reklamlar\u0131ndan da yararlan\u0131yoruz. Bu reklamverenlerden baz\u0131lar\u0131, web sitemizde reklam yay\u0131nlarken \u00e7erez gibi teknolojiler kullanabilir ve bu da s\u00f6z konusu reklamverenlerin (Google AdSense ve Ad Exchange arac\u0131l\u0131\u011f\u0131yla Google gibi) IP adresiniz, \u0130SS&#039;niz, taray\u0131c\u0131n\u0131z vb. gibi ki\u015fisel bilgilerinizi almas\u0131na neden olur. Bu i\u015flev genellikle co\u011frafi hedefleme (co\u011frafi konumunuza g\u00f6re anlaml\u0131 reklamlar g\u00f6sterme) i\u00e7in kullan\u0131l\u0131r.<\/p>\n<p>Kullan\u0131c\u0131, taray\u0131c\u0131 ayarlar\u0131ndan \u00e7erezleri kabul edip etmemeyi diledi\u011fi zaman de\u011fi\u015ftirebilir; ancak tarama \u00e7erezlerini devre d\u0131\u015f\u0131 b\u0131rakman\u0131n, Uygulamalar\u0131n ve Teknolojinin baz\u0131 i\u015flevlerini olumsuz etkileyebilece\u011fini unutmay\u0131n.<\/p>\n<h2 class=\"wp-block-heading\">Ki\u015fisel Olarak Tan\u0131mlanabilir Veriler <\/h2>\n<p>Uygulamalar ve Teknoloji&#039;deki makaleler, e-kitaplar, s\u0131navlar ve daha fazlas\u0131 gibi \u00fccretsiz i\u00e7eriklere eri\u015fmek i\u00e7in kullan\u0131c\u0131lar\u0131n e-posta adresi ve tam ad gibi baz\u0131 ki\u015fisel olarak tan\u0131mlanabilir bilgileri sa\u011flamalar\u0131 gerekir.<\/p>\n<p>Apps &amp; Tech taraf\u0131ndan i\u015flenen ki\u015fisel olarak tan\u0131mlanabilir veriler a\u015fa\u011f\u0131daki ama\u00e7lara y\u00f6neliktir:<\/p>\n<p>\u2013 Kullan\u0131c\u0131n\u0131n do\u011fru ve kesin bir \u015fekilde tan\u0131mlanmas\u0131, b\u00f6ylece Kullan\u0131c\u0131lar i\u00e7in daha fazla g\u00fcvenlik ve koruma sa\u011flanmas\u0131;<\/p>\n<p>\u2013 Apps &amp; Tech taraf\u0131ndan sa\u011flanan hizmet ve \u00fcr\u00fcnlere eri\u015fim;<\/p>\n<p>\u2013 Uygulamalar ve Teknoloji, Kullan\u0131c\u0131 profillerini analiz ederek ger\u00e7ek ihtiya\u00e7 ve ko\u015fullar\u0131na g\u00f6re en iyi \u00fcr\u00fcnleri ve bilgileri \u00f6nerir.<\/p>\n<p>Kullan\u0131c\u0131 profilini daha da hassas bir \u015fekilde analiz etmek amac\u0131yla Apps &amp; Tech, sizin hakk\u0131n\u0131zda daha fazla ve daha iyi bilgi edinmek ve b\u00f6ylece her Kullan\u0131c\u0131n\u0131n tercihlerine ve ihtiya\u00e7lar\u0131na g\u00f6re ki\u015fiselle\u015ftirilmi\u015f \u00fcr\u00fcn ve hizmetler \u00f6nermek amac\u0131yla ara\u015ft\u0131rmalar yapabilir.<\/p>\n<p>Apps &amp; Tech ve i\u015f ortaklar\u0131, Kullan\u0131c\u0131lar\u0131 gerekli y\u00f6nlendirmeleri i\u00e7eren e-postalar i\u00e7eren memnuniyet anketlerine kat\u0131lmaya davet edebilir. Toplanan veriler, \u00f6ncelikle Apps &amp; Tech ve i\u015f ortaklar\u0131 taraf\u0131ndan sunulan sistemleri, \u00fcr\u00fcnleri, i\u00e7erikleri ve hizmetleri iyile\u015ftirmek i\u00e7in kullan\u0131lacakt\u0131r.<\/p>\n<p>Bir kullan\u0131c\u0131 bir sorun bildirmek, soru sormak veya destek almak i\u00e7in bizimle ileti\u015fime ge\u00e7erse, kullan\u0131c\u0131n\u0131n ileti\u015fim bilgilerini, mesajlar\u0131n\u0131 ve sorunu veya soruyu ara\u015ft\u0131rmak i\u00e7in gerekli di\u011fer verileri toplar ve saklar\u0131z. Bu veriler, toplanan bilgilere dayanarak sorular\u0131 \u00e7\u00f6zmek, \u015f\u00fcpheleri gidermek, sorunlar\u0131 gidermek ve sistemi iyile\u015ftirmek i\u00e7in kullan\u0131lacak ve b\u00f6ylece Uygulamalar ve Teknoloji i\u00e7indeki kullan\u0131c\u0131 deneyimi daha da iyile\u015ftirilecektir.<\/p>\n<h2 class=\"wp-block-heading\">Veri payla\u015f\u0131m\u0131 hakk\u0131nda <\/h2>\n<p>Apps &amp; Tech, Kullan\u0131c\u0131lar\u0131n ki\u015fisel bilgilerini veya verilerini satmayacak, ancak Kullan\u0131c\u0131n\u0131n profiline ve ihtiya\u00e7lar\u0131na en uygun \u00fcr\u00fcn ve hizmetleri \u00f6nermek veya Kullan\u0131c\u0131 taraf\u0131ndan talep edilen \u00fcr\u00fcn ve\/veya hizmetleri sa\u011flamak amac\u0131yla i\u015f orta\u011f\u0131 \u015firketlerle payla\u015fabilecektir.<\/p>\n<p>Apps &amp; Tech, herhangi bir yarg\u0131 makam\u0131 veya devlet kurumuyla yard\u0131m veya i\u015fbirli\u011fi yapma hakk\u0131n\u0131 sakl\u0131 tutar ve Kullan\u0131c\u0131lar\u0131n ki\u015fisel olarak tan\u0131mlanabilir verilerini \u015fu ama\u00e7larla payla\u015fabilir: a) yasal haklar\u0131n\u0131 tesis etmek veya kullanmak; b) mal varl\u0131klar\u0131n\u0131 korumak; c) Kullan\u0131c\u0131lar\u0131n\u0131, \u00e7al\u0131\u015fanlar\u0131n\u0131, y\u00f6neticilerini veya eylem veya ihmalden zarar g\u00f6ren herhangi bir ki\u015fiyi korumak i\u00e7in yard\u0131m\u0131n\u0131n veya i\u015fbirli\u011finin gerekli oldu\u011funu d\u00fc\u015f\u00fcnd\u00fc\u011f\u00fcnde.<\/p>\n<h2 class=\"wp-block-heading\">Ham ve toplanmayan veriler hakk\u0131nda <\/h2>\n<p>Apps &amp; Tech, ebeveynlerinden veya yasal vasilerinden \u00f6nceden izin al\u0131nmadan 13 (on \u00fc\u00e7) ya\u015f\u0131n alt\u0131ndaki \u00e7ocuklar\u0131n ki\u015fisel verilerini i\u015flemez.<\/p>\n<p>13 (on \u00fc\u00e7) ya\u015f\u0131n alt\u0131ndaki \u00e7ocuklara ait ki\u015fisel verilerin, ebeveynlerinin veya yasal vasilerinin a\u00e7\u0131k izni olmaks\u0131z\u0131n kas\u0131ts\u0131z olarak toplanmas\u0131 ve i\u015flenmesi halinde, Apps &amp; Tech toplanan t\u00fcm verileri \u00f6nceden herhangi bir bildirimde bulunmaks\u0131z\u0131n silecektir.<\/p>\n<p>Kullan\u0131c\u0131, bir \u00e7ocu\u011fun verilerini yanl\u0131\u015fl\u0131kla i\u015fledi\u011fimizi fark ederse, l\u00fctfen derhal e-posta adresimiz arac\u0131l\u0131\u011f\u0131yla bizimle ileti\u015fime ge\u00e7mesini rica ederiz. <a>contato@appsntech.com<\/a>Gerekli tedbirleri alabilmemiz i\u00e7in.<\/p>","protected":false},"excerpt":{"rendered":"<p>Todas as informa\u00e7\u00f5es recolhidas ser\u00e3o utilizadas para melhorar sua experi\u00eancia dentro do nosso site. As informa\u00e7\u00f5es recolhidas podem incluir o seu nome, email, n\u00famero de telefone e\/ou outros. O uso do Apps &#038; Tech pressup\u00f5e a aceita\u00e7\u00e3o deste Acordo de Privacidade. Caso o usu\u00e1rio n\u00e3o concorde, ainda que em parte, com os termos e condi\u00e7\u00f5es &#8230; <a title=\"Gizlilik Politikas\u0131\" class=\"read-more\" href=\"https:\/\/appsntech.com\/tr_mt\/politica-de-privacidade\/\" aria-label=\"Read more about Politica de Privacidade\">devam\u0131n\u0131 oku<\/a><\/p>","protected":false},"author":1,"featured_media":0,"parent":0,"menu_order":0,"comment_status":"closed","ping_status":"closed","template":"","meta":{"footnotes":""},"class_list":["post-47343","page","type-page","status-publish"],"_links":{"self":[{"href":"https:\/\/appsntech.com\/tr_mt\/wp-json\/wp\/v2\/pages\/47343","targetHints":{"allow":["GET"]}}],"collection":[{"href":"https:\/\/appsntech.com\/tr_mt\/wp-json\/wp\/v2\/pages"}],"about":[{"href":"https:\/\/appsntech.com\/tr_mt\/wp-json\/wp\/v2\/types\/page"}],"author":[{"embeddable":true,"href":"https:\/\/appsntech.com\/tr_mt\/wp-json\/wp\/v2\/users\/1"}],"replies":[{"embeddable":true,"href":"https:\/\/appsntech.com\/tr_mt\/wp-json\/wp\/v2\/comments?post=47343"}],"version-history":[{"count":1,"href":"https:\/\/appsntech.com\/tr_mt\/wp-json\/wp\/v2\/pages\/47343\/revisions"}],"predecessor-version":[{"id":47344,"href":"https:\/\/appsntech.com\/tr_mt\/wp-json\/wp\/v2\/pages\/47343\/revisions\/47344"}],"wp:attachment":[{"href":"https:\/\/appsntech.com\/tr_mt\/wp-json\/wp\/v2\/media?parent=47343"}],"curies":[{"name":"wp","href":"https:\/\/api.w.org\/{rel}","templated":true}]}}