{"id":47347,"date":"2024-11-05T00:56:12","date_gmt":"2024-11-05T00:56:12","guid":{"rendered":"https:\/\/appsntech.com\/?page_id=47347"},"modified":"2024-11-05T00:56:12","modified_gmt":"2024-11-05T00:56:12","slug":"biz-kimiz","status":"publish","type":"page","link":"https:\/\/appsntech.com\/tr_mt\/quem-somos\/","title":{"rendered":"Biz kimiz"},"content":{"rendered":"<p>Apps &amp; Tech, dijital d\u00fcnyayla ilgili uygulamalar, finans ve di\u011fer konularda bilgi ve ipu\u00e7lar\u0131 sunmak amac\u0131yla 2024 y\u0131l\u0131nda kurulan bir teknoloji web sitesidir. Teknolojinin hayatlar\u0131 ve i\u015fletmeleri d\u00f6n\u00fc\u015ft\u00fcren g\u00fc\u00e7l\u00fc bir ara\u00e7 oldu\u011funa inan\u0131yor ve okuyucular\u0131m\u0131z\u0131n g\u00fcncel kalmalar\u0131na ve bu ara\u00e7lardan en iyi \u015fekilde yararlanmalar\u0131na yard\u0131mc\u0131 olmak istiyoruz.<\/p>\n\n\n\n<p>Apps &amp; Tech&#039;te, teknoloji uzmanlar\u0131 taraf\u0131ndan yaz\u0131lm\u0131\u015f makaleler ve e\u011fitimlerin yan\u0131 s\u0131ra \u00fcr\u00fcn ve hizmet incelemeleri ve analizleri bulacaks\u0131n\u0131z. Ayr\u0131ca, mobil cihazlar\u0131n\u0131zdan ve uygulamalar\u0131n\u0131zdan en iyi \u015fekilde yararlanman\u0131za yard\u0131mc\u0131 olacak ipu\u00e7lar\u0131 ve p\u00fcf noktalar\u0131 da sunuyoruz.<\/p>\n\n\n\n<p>Ekibimiz, okuyucular\u0131m\u0131za y\u00fcksek kaliteli ve do\u011fru i\u00e7erik sunmaya kendini adam\u0131\u015f teknoloji uzmanlar\u0131, gazeteciler ve yazarlardan olu\u015fmaktad\u0131r. Teknolojinin hayatlar\u0131 ve i\u015fletmeleri d\u00f6n\u00fc\u015ft\u00fcren g\u00fc\u00e7l\u00fc bir ara\u00e7 oldu\u011funa inan\u0131yoruz ve amac\u0131m\u0131z, okuyucular\u0131m\u0131z\u0131n g\u00fcncel kalmalar\u0131na ve bu ara\u00e7lardan en iyi \u015fekilde yararlanmalar\u0131na yard\u0131mc\u0131 olmakt\u0131r.<\/p>\n\n\n\n<p>\u0130\u00e7eri\u011fin yan\u0131 s\u0131ra, sosyal medya kanallar\u0131m\u0131z ve tart\u0131\u015fma forumlar\u0131m\u0131z arac\u0131l\u0131\u011f\u0131yla okuyucular\u0131m\u0131za di\u011fer teknoloji merakl\u0131lar\u0131yla ba\u011flant\u0131 kurma f\u0131rsat\u0131 da sunuyoruz. Okuyucular\u0131m\u0131z\u0131n g\u00f6r\u00fc\u015flerine de\u011fer veriyor ve hizmetlerimizi geli\u015ftirmek i\u00e7in her zaman \u00f6neri ve geri bildirimlere a\u00e7\u0131\u011f\u0131z.<\/p>\n\n\n\n<p>Bizi takip edin ve teknoloji d\u00fcnyas\u0131ndaki en son trendler ve haberlerle g\u00fcncel kal\u0131n. Web sitemizi ziyaret etti\u011finiz i\u00e7in te\u015fekk\u00fcr eder, yak\u0131nda tekrar g\u00f6r\u00fc\u015fmek \u00fczere!<\/p>","protected":false},"excerpt":{"rendered":"<p>O Apps &amp; Tech \u00e9 um site de tecnologia criado em 2024 com o objetivo de fornecer informa\u00e7\u00f5es e dicas sobre aplicativos, finan\u00e7as e outros assuntos relacionados ao mundo digital. N\u00f3s acreditamos que a tecnologia \u00e9 uma ferramenta poderosa para transformar vidas e empresas, e queremos ajudar nossos leitores a se manterem atualizados e aproveitar &#8230; <a title=\"Biz kimiz\" class=\"read-more\" href=\"https:\/\/appsntech.com\/tr_mt\/quem-somos\/\" aria-label=\"Read more about Quem somos\">devam\u0131n\u0131 oku<\/a><\/p>","protected":false},"author":1,"featured_media":0,"parent":0,"menu_order":0,"comment_status":"closed","ping_status":"closed","template":"","meta":{"footnotes":""},"class_list":["post-47347","page","type-page","status-publish"],"_links":{"self":[{"href":"https:\/\/appsntech.com\/tr_mt\/wp-json\/wp\/v2\/pages\/47347","targetHints":{"allow":["GET"]}}],"collection":[{"href":"https:\/\/appsntech.com\/tr_mt\/wp-json\/wp\/v2\/pages"}],"about":[{"href":"https:\/\/appsntech.com\/tr_mt\/wp-json\/wp\/v2\/types\/page"}],"author":[{"embeddable":true,"href":"https:\/\/appsntech.com\/tr_mt\/wp-json\/wp\/v2\/users\/1"}],"replies":[{"embeddable":true,"href":"https:\/\/appsntech.com\/tr_mt\/wp-json\/wp\/v2\/comments?post=47347"}],"version-history":[{"count":1,"href":"https:\/\/appsntech.com\/tr_mt\/wp-json\/wp\/v2\/pages\/47347\/revisions"}],"predecessor-version":[{"id":47348,"href":"https:\/\/appsntech.com\/tr_mt\/wp-json\/wp\/v2\/pages\/47347\/revisions\/47348"}],"wp:attachment":[{"href":"https:\/\/appsntech.com\/tr_mt\/wp-json\/wp\/v2\/media?parent=47347"}],"curies":[{"name":"wp","href":"https:\/\/api.w.org\/{rel}","templated":true}]}}