{"id":47347,"date":"2024-11-05T00:56:12","date_gmt":"2024-11-05T00:56:12","guid":{"rendered":"https:\/\/appsntech.com\/?page_id=47347"},"modified":"2024-11-05T00:56:12","modified_gmt":"2024-11-05T00:56:12","slug":"%d1%85%d1%82%d0%be-%d0%bc%d0%b8","status":"publish","type":"page","link":"https:\/\/appsntech.com\/uk\/quem-somos\/","title":{"rendered":"\u0445\u0442\u043e \u043c\u0438"},"content":{"rendered":"<p>Apps &amp; Tech \u2013 \u0446\u0435 \u0442\u0435\u0445\u043d\u043e\u043b\u043e\u0433\u0456\u0447\u043d\u0438\u0439 \u0432\u0435\u0431-\u0441\u0430\u0439\u0442, \u0441\u0442\u0432\u043e\u0440\u0435\u043d\u0438\u0439 \u0443 2024 \u0440\u043e\u0446\u0456 \u0437 \u043c\u0435\u0442\u043e\u044e \u043d\u0430\u0434\u0430\u043d\u043d\u044f \u0456\u043d\u0444\u043e\u0440\u043c\u0430\u0446\u0456\u0457 \u0442\u0430 \u043f\u043e\u0440\u0430\u0434 \u0449\u043e\u0434\u043e \u043f\u0440\u043e\u0433\u0440\u0430\u043c, \u0444\u0456\u043d\u0430\u043d\u0441\u0456\u0432 \u0442\u0430 \u0456\u043d\u0448\u0438\u0445 \u0442\u0435\u043c, \u043f\u043e\u0432\u2019\u044f\u0437\u0430\u043d\u0438\u0445 \u0456\u0437 \u0446\u0438\u0444\u0440\u043e\u0432\u0438\u043c \u0441\u0432\u0456\u0442\u043e\u043c. \u041c\u0438 \u0432\u0456\u0440\u0438\u043c\u043e, \u0449\u043e \u0442\u0435\u0445\u043d\u043e\u043b\u043e\u0433\u0456\u0457 \u0454 \u043f\u043e\u0442\u0443\u0436\u043d\u0438\u043c \u0456\u043d\u0441\u0442\u0440\u0443\u043c\u0435\u043d\u0442\u043e\u043c \u0434\u043b\u044f \u0437\u043c\u0456\u043d\u0438 \u0436\u0438\u0442\u0442\u044f \u0442\u0430 \u0431\u0456\u0437\u043d\u0435\u0441\u0443, \u0456 \u043c\u0438 \u0445\u043e\u0447\u0435\u043c\u043e \u0434\u043e\u043f\u043e\u043c\u043e\u0433\u0442\u0438 \u043d\u0430\u0448\u0438\u043c \u0447\u0438\u0442\u0430\u0447\u0430\u043c \u0431\u0443\u0442\u0438 \u0432 \u043a\u0443\u0440\u0441\u0456 \u043f\u043e\u0434\u0456\u0439 \u0456 \u043c\u0430\u043a\u0441\u0438\u043c\u0430\u043b\u044c\u043d\u043e \u0432\u0438\u043a\u043e\u0440\u0438\u0441\u0442\u043e\u0432\u0443\u0432\u0430\u0442\u0438 \u0446\u0456 \u0456\u043d\u0441\u0442\u0440\u0443\u043c\u0435\u043d\u0442\u0438.<\/p>\n\n\n\n<p>\u0422\u0443\u0442, \u0443 Apps &amp; Tech, \u0432\u0438 \u0437\u043d\u0430\u0439\u0434\u0435\u0442\u0435 \u0441\u0442\u0430\u0442\u0442\u0456 \u0442\u0430 \u043d\u0430\u0432\u0447\u0430\u043b\u044c\u043d\u0456 \u043f\u043e\u0441\u0456\u0431\u043d\u0438\u043a\u0438, \u043d\u0430\u043f\u0438\u0441\u0430\u043d\u0456 \u0442\u0435\u0445\u043d\u043e\u043b\u043e\u0433\u0456\u0447\u043d\u0438\u043c\u0438 \u0435\u043a\u0441\u043f\u0435\u0440\u0442\u0430\u043c\u0438, \u0430 \u0442\u0430\u043a\u043e\u0436 \u043e\u0433\u043b\u044f\u0434\u0438 \u0442\u0430 \u0440\u0435\u0439\u0442\u0438\u043d\u0433\u0438 \u043f\u0440\u043e\u0434\u0443\u043a\u0442\u0456\u0432 \u0456 \u043f\u043e\u0441\u043b\u0443\u0433. \u041c\u0438 \u0442\u0430\u043a\u043e\u0436 \u043f\u0440\u043e\u043f\u043e\u043d\u0443\u0454\u043c\u043e \u043f\u043e\u0440\u0430\u0434\u0438 \u0442\u0430 \u043f\u0456\u0434\u043a\u0430\u0437\u043a\u0438, \u044f\u043a\u0456 \u0434\u043e\u043f\u043e\u043c\u043e\u0436\u0443\u0442\u044c \u0432\u0430\u043c \u043e\u0442\u0440\u0438\u043c\u0430\u0442\u0438 \u043c\u0430\u043a\u0441\u0438\u043c\u0430\u043b\u044c\u043d\u0443 \u0432\u0456\u0434\u0434\u0430\u0447\u0443 \u0432\u0456\u0434 \u0432\u0430\u0448\u0438\u0445 \u043c\u043e\u0431\u0456\u043b\u044c\u043d\u0438\u0445 \u043f\u0440\u0438\u0441\u0442\u0440\u043e\u0457\u0432 \u0456 \u043f\u0440\u043e\u0433\u0440\u0430\u043c.<\/p>\n\n\n\n<p>\u041d\u0430\u0448\u0430 \u043a\u043e\u043c\u0430\u043d\u0434\u0430 \u0441\u043a\u043b\u0430\u0434\u0430\u0454\u0442\u044c\u0441\u044f \u0437 \u0435\u043a\u0441\u043f\u0435\u0440\u0442\u0456\u0432 \u0437 \u0442\u0435\u0445\u043d\u043e\u043b\u043e\u0433\u0456\u0439, \u0436\u0443\u0440\u043d\u0430\u043b\u0456\u0441\u0442\u0456\u0432 \u0456 \u043f\u0438\u0441\u044c\u043c\u0435\u043d\u043d\u0438\u043a\u0456\u0432, \u044f\u043a\u0456 \u043f\u0440\u0430\u0433\u043d\u0443\u0442\u044c \u043d\u0430\u0434\u0430\u0432\u0430\u0442\u0438 \u043d\u0430\u0448\u0438\u043c \u0447\u0438\u0442\u0430\u0447\u0430\u043c \u0432\u0438\u0441\u043e\u043a\u043e\u044f\u043a\u0456\u0441\u043d\u0438\u0439 \u0456 \u0442\u043e\u0447\u043d\u0438\u0439 \u0432\u043c\u0456\u0441\u0442. \u041c\u0438 \u0432\u0456\u0440\u0438\u043c\u043e, \u0449\u043e \u0442\u0435\u0445\u043d\u043e\u043b\u043e\u0433\u0456\u0457 \u0454 \u043f\u043e\u0442\u0443\u0436\u043d\u0438\u043c \u0456\u043d\u0441\u0442\u0440\u0443\u043c\u0435\u043d\u0442\u043e\u043c \u0434\u043b\u044f \u0437\u043c\u0456\u043d\u0438 \u0436\u0438\u0442\u0442\u044f \u0442\u0430 \u0431\u0456\u0437\u043d\u0435\u0441\u0443, \u0456 \u043d\u0430\u0448\u0430 \u043c\u0435\u0442\u0430 \u2014 \u0434\u043e\u043f\u043e\u043c\u043e\u0433\u0442\u0438 \u043d\u0430\u0448\u0438\u043c \u0447\u0438\u0442\u0430\u0447\u0430\u043c \u0431\u0443\u0442\u0438 \u0432 \u043a\u0443\u0440\u0441\u0456 \u043f\u043e\u0434\u0456\u0439 \u0456 \u043c\u0430\u043a\u0441\u0438\u043c\u0430\u043b\u044c\u043d\u043e \u0432\u0438\u043a\u043e\u0440\u0438\u0441\u0442\u043e\u0432\u0443\u0432\u0430\u0442\u0438 \u0446\u0456 \u0456\u043d\u0441\u0442\u0440\u0443\u043c\u0435\u043d\u0442\u0438.<\/p>\n\n\n\n<p>\u041e\u043a\u0440\u0456\u043c \u0432\u043c\u0456\u0441\u0442\u0443, \u043c\u0438 \u0442\u0430\u043a\u043e\u0436 \u043f\u0440\u043e\u043f\u043e\u043d\u0443\u0454\u043c\u043e \u043d\u0430\u0448\u0438\u043c \u0447\u0438\u0442\u0430\u0447\u0430\u043c \u043c\u043e\u0436\u043b\u0438\u0432\u0456\u0441\u0442\u044c \u0441\u043f\u0456\u043b\u043a\u0443\u0432\u0430\u0442\u0438\u0441\u044f \u0437 \u0456\u043d\u0448\u0438\u043c\u0438 \u0435\u043d\u0442\u0443\u0437\u0456\u0430\u0441\u0442\u0430\u043c\u0438 \u0442\u0435\u0445\u043d\u043e\u043b\u043e\u0433\u0456\u0439 \u0447\u0435\u0440\u0435\u0437 \u043d\u0430\u0448\u0456 \u043a\u0430\u043d\u0430\u043b\u0438 \u0441\u043e\u0446\u0456\u0430\u043b\u044c\u043d\u0438\u0445 \u043c\u0435\u0440\u0435\u0436 \u0456 \u0434\u0438\u0441\u043a\u0443\u0441\u0456\u0439\u043d\u0456 \u0444\u043e\u0440\u0443\u043c\u0438. \u041c\u0438 \u0446\u0456\u043d\u0443\u0454\u043c\u043e \u0434\u0443\u043c\u043a\u0438 \u043d\u0430\u0448\u0438\u0445 \u0447\u0438\u0442\u0430\u0447\u0456\u0432 \u0456 \u0437\u0430\u0432\u0436\u0434\u0438 \u0432\u0456\u0434\u043a\u0440\u0438\u0442\u0456 \u0434\u043e \u043f\u0440\u043e\u043f\u043e\u0437\u0438\u0446\u0456\u0439 \u0456 \u0432\u0456\u0434\u0433\u0443\u043a\u0456\u0432 \u0449\u043e\u0434\u043e \u043f\u043e\u043a\u0440\u0430\u0449\u0435\u043d\u043d\u044f \u043d\u0430\u0448\u0438\u0445 \u043f\u043e\u0441\u043b\u0443\u0433.<\/p>\n\n\n\n<p>\u0421\u043b\u0456\u0434\u043a\u0443\u0439\u0442\u0435 \u0437\u0430 \u043d\u0430\u043c\u0438 \u0442\u0430 \u0431\u0443\u0434\u044c\u0442\u0435 \u0432 \u043a\u0443\u0440\u0441\u0456 \u043e\u0441\u0442\u0430\u043d\u043d\u0456\u0445 \u0442\u0435\u043d\u0434\u0435\u043d\u0446\u0456\u0439 \u0442\u0430 \u043d\u043e\u0432\u0438\u043d \u0443 \u0441\u0432\u0456\u0442\u0456 \u0442\u0435\u0445\u043d\u043e\u043b\u043e\u0433\u0456\u0439. \u0414\u044f\u043a\u0443\u0454\u043c\u043e, \u0449\u043e \u0437\u0430\u0432\u0456\u0442\u0430\u043b\u0438 \u043d\u0430 \u043d\u0430\u0448 \u0432\u0435\u0431-\u0441\u0430\u0439\u0442, \u0456 \u043c\u0438 \u0441\u043f\u043e\u0434\u0456\u0432\u0430\u0454\u043c\u043e\u0441\u044f \u0441\u043a\u043e\u0440\u043e \u0437\u0443\u0441\u0442\u0440\u0456\u0442\u0438\u0441\u044f \u0437\u043d\u043e\u0432\u0443!<\/p>","protected":false},"excerpt":{"rendered":"<p>O Apps &amp; Tech \u00e9 um site de tecnologia criado em 2024 com o objetivo de fornecer informa\u00e7\u00f5es e dicas sobre aplicativos, finan\u00e7as e outros assuntos relacionados ao mundo digital. N\u00f3s acreditamos que a tecnologia \u00e9 uma ferramenta poderosa para transformar vidas e empresas, e queremos ajudar nossos leitores a se manterem atualizados e aproveitar &#8230; <a title=\"\u0445\u0442\u043e \u043c\u0438\" class=\"read-more\" href=\"https:\/\/appsntech.com\/uk\/quem-somos\/\" aria-label=\"\u0414\u043e\u043a\u043b\u0430\u0434\u043d\u0456\u0448\u0435 \u043f\u0440\u043e Quem somos\">\u0447\u0438\u0442\u0430\u0442\u0438 \u0434\u0430\u043b\u0456<\/a><\/p>","protected":false},"author":1,"featured_media":0,"parent":0,"menu_order":0,"comment_status":"closed","ping_status":"closed","template":"","meta":{"footnotes":""},"class_list":["post-47347","page","type-page","status-publish"],"_links":{"self":[{"href":"https:\/\/appsntech.com\/uk\/wp-json\/wp\/v2\/pages\/47347","targetHints":{"allow":["GET"]}}],"collection":[{"href":"https:\/\/appsntech.com\/uk\/wp-json\/wp\/v2\/pages"}],"about":[{"href":"https:\/\/appsntech.com\/uk\/wp-json\/wp\/v2\/types\/page"}],"author":[{"embeddable":true,"href":"https:\/\/appsntech.com\/uk\/wp-json\/wp\/v2\/users\/1"}],"replies":[{"embeddable":true,"href":"https:\/\/appsntech.com\/uk\/wp-json\/wp\/v2\/comments?post=47347"}],"version-history":[{"count":1,"href":"https:\/\/appsntech.com\/uk\/wp-json\/wp\/v2\/pages\/47347\/revisions"}],"predecessor-version":[{"id":47348,"href":"https:\/\/appsntech.com\/uk\/wp-json\/wp\/v2\/pages\/47347\/revisions\/47348"}],"wp:attachment":[{"href":"https:\/\/appsntech.com\/uk\/wp-json\/wp\/v2\/media?parent=47347"}],"curies":[{"name":"\u0412\u041f","href":"https:\/\/api.w.org\/{rel}","templated":true}]}}