{"id":47347,"date":"2024-11-05T00:56:12","date_gmt":"2024-11-05T00:56:12","guid":{"rendered":"https:\/\/appsntech.com\/?page_id=47347"},"modified":"2024-11-05T00:56:12","modified_gmt":"2024-11-05T00:56:12","slug":"chung-toi-la-ai","status":"publish","type":"page","link":"https:\/\/appsntech.com\/vi_eur\/quem-somos\/","title":{"rendered":"Ch\u00fang t\u00f4i l\u00e0 ai"},"content":{"rendered":"<p>Apps &amp; Tech l\u00e0 m\u1ed9t trang web c\u00f4ng ngh\u1ec7 \u0111\u01b0\u1ee3c th\u00e0nh l\u1eadp v\u00e0o n\u0103m 2024 v\u1edbi m\u1ee5c ti\u00eau cung c\u1ea5p th\u00f4ng tin v\u00e0 m\u1eb9o v\u1eb7t v\u1ec1 \u1ee9ng d\u1ee5ng, t\u00e0i ch\u00ednh v\u00e0 c\u00e1c ch\u1ee7 \u0111\u1ec1 kh\u00e1c li\u00ean quan \u0111\u1ebfn th\u1ebf gi\u1edbi s\u1ed1. Ch\u00fang t\u00f4i tin r\u1eb1ng c\u00f4ng ngh\u1ec7 l\u00e0 m\u1ed9t c\u00f4ng c\u1ee5 m\u1ea1nh m\u1ebd \u0111\u1ec3 thay \u0111\u1ed5i cu\u1ed9c s\u1ed1ng v\u00e0 doanh nghi\u1ec7p, v\u00e0 ch\u00fang t\u00f4i mu\u1ed1n gi\u00fap \u0111\u1ed9c gi\u1ea3 lu\u00f4n c\u1eadp nh\u1eadt v\u00e0 t\u1eadn d\u1ee5ng t\u1ed1i \u0111a nh\u1eefng c\u00f4ng c\u1ee5 n\u00e0y.<\/p>\n\n\n\n<p>T\u1ea1i Apps &amp; Tech, b\u1ea1n s\u1ebd t\u00ecm th\u1ea5y c\u00e1c b\u00e0i vi\u1ebft v\u00e0 h\u01b0\u1edbng d\u1eabn \u0111\u01b0\u1ee3c vi\u1ebft b\u1edfi c\u00e1c chuy\u00ean gia c\u00f4ng ngh\u1ec7, c\u0169ng nh\u01b0 c\u00e1c b\u00e0i \u0111\u00e1nh gi\u00e1 v\u00e0 ph\u00e2n t\u00edch s\u1ea3n ph\u1ea9m v\u00e0 d\u1ecbch v\u1ee5. Ch\u00fang t\u00f4i c\u0169ng cung c\u1ea5p c\u00e1c m\u1eb9o v\u00e0 th\u1ee7 thu\u1eadt gi\u00fap b\u1ea1n t\u1eadn d\u1ee5ng t\u1ed1i \u0111a thi\u1ebft b\u1ecb di \u0111\u1ed9ng v\u00e0 \u1ee9ng d\u1ee5ng c\u1ee7a m\u00ecnh.<\/p>\n\n\n\n<p>\u0110\u1ed9i ng\u0169 c\u1ee7a ch\u00fang t\u00f4i bao g\u1ed3m c\u00e1c chuy\u00ean gia c\u00f4ng ngh\u1ec7, nh\u00e0 b\u00e1o v\u00e0 bi\u00ean t\u1eadp vi\u00ean, t\u1ea5t c\u1ea3 \u0111\u1ec1u cam k\u1ebft cung c\u1ea5p n\u1ed9i dung ch\u1ea5t l\u01b0\u1ee3ng cao v\u00e0 ch\u00ednh x\u00e1c cho \u0111\u1ed9c gi\u1ea3. Ch\u00fang t\u00f4i tin r\u1eb1ng c\u00f4ng ngh\u1ec7 l\u00e0 m\u1ed9t c\u00f4ng c\u1ee5 m\u1ea1nh m\u1ebd \u0111\u1ec3 thay \u0111\u1ed5i cu\u1ed9c s\u1ed1ng v\u00e0 doanh nghi\u1ec7p, v\u00e0 m\u1ee5c ti\u00eau c\u1ee7a ch\u00fang t\u00f4i l\u00e0 gi\u00fap \u0111\u1ed9c gi\u1ea3 lu\u00f4n c\u1eadp nh\u1eadt v\u00e0 t\u1eadn d\u1ee5ng t\u1ed1i \u0111a nh\u1eefng c\u00f4ng c\u1ee5 n\u00e0y.<\/p>\n\n\n\n<p>B\u00ean c\u1ea1nh n\u1ed9i dung, ch\u00fang t\u00f4i c\u00f2n mang \u0111\u1ebfn cho \u0111\u1ed9c gi\u1ea3 c\u01a1 h\u1ed9i k\u1ebft n\u1ed1i v\u1edbi nh\u1eefng ng\u01b0\u1eddi \u0111am m\u00ea c\u00f4ng ngh\u1ec7 kh\u00e1c th\u00f4ng qua c\u00e1c k\u00eanh m\u1ea1ng x\u00e3 h\u1ed9i v\u00e0 di\u1ec5n \u0111\u00e0n th\u1ea3o lu\u1eadn. Ch\u00fang t\u00f4i tr\u00e2n tr\u1ecdng \u00fd ki\u1ebfn c\u1ee7a \u0111\u1ed9c gi\u1ea3 v\u00e0 lu\u00f4n s\u1eb5n s\u00e0ng ti\u1ebfp thu c\u00e1c \u0111\u1ec1 xu\u1ea5t v\u00e0 ph\u1ea3n h\u1ed3i \u0111\u1ec3 c\u1ea3i thi\u1ec7n d\u1ecbch v\u1ee5.<\/p>\n\n\n\n<p>H\u00e3y theo d\u00f5i ch\u00fang t\u00f4i v\u00e0 c\u1eadp nh\u1eadt nh\u1eefng xu h\u01b0\u1edbng v\u00e0 tin t\u1ee9c m\u1edbi nh\u1ea5t trong th\u1ebf gi\u1edbi c\u00f4ng ngh\u1ec7. C\u1ea3m \u01a1n b\u1ea1n \u0111\u00e3 gh\u00e9 th\u0103m trang web c\u1ee7a ch\u00fang t\u00f4i v\u00e0 ch\u00fang t\u00f4i hy v\u1ecdng s\u1edbm g\u1eb7p l\u1ea1i b\u1ea1n!<\/p>","protected":false},"excerpt":{"rendered":"<p>O Apps &amp; Tech \u00e9 um site de tecnologia criado em 2024 com o objetivo de fornecer informa\u00e7\u00f5es e dicas sobre aplicativos, finan\u00e7as e outros assuntos relacionados ao mundo digital. N\u00f3s acreditamos que a tecnologia \u00e9 uma ferramenta poderosa para transformar vidas e empresas, e queremos ajudar nossos leitores a se manterem atualizados e aproveitar &#8230; <a title=\"Ch\u00fang t\u00f4i l\u00e0 ai\" class=\"read-more\" href=\"https:\/\/appsntech.com\/vi_eur\/quem-somos\/\" aria-label=\"Read more about Quem somos\">\u0111\u1ecdc th\u00eam<\/a><\/p>","protected":false},"author":1,"featured_media":0,"parent":0,"menu_order":0,"comment_status":"closed","ping_status":"closed","template":"","meta":{"footnotes":""},"class_list":["post-47347","page","type-page","status-publish"],"_links":{"self":[{"href":"https:\/\/appsntech.com\/vi_eur\/wp-json\/wp\/v2\/pages\/47347","targetHints":{"allow":["GET"]}}],"collection":[{"href":"https:\/\/appsntech.com\/vi_eur\/wp-json\/wp\/v2\/pages"}],"about":[{"href":"https:\/\/appsntech.com\/vi_eur\/wp-json\/wp\/v2\/types\/page"}],"author":[{"embeddable":true,"href":"https:\/\/appsntech.com\/vi_eur\/wp-json\/wp\/v2\/users\/1"}],"replies":[{"embeddable":true,"href":"https:\/\/appsntech.com\/vi_eur\/wp-json\/wp\/v2\/comments?post=47347"}],"version-history":[{"count":1,"href":"https:\/\/appsntech.com\/vi_eur\/wp-json\/wp\/v2\/pages\/47347\/revisions"}],"predecessor-version":[{"id":47348,"href":"https:\/\/appsntech.com\/vi_eur\/wp-json\/wp\/v2\/pages\/47347\/revisions\/47348"}],"wp:attachment":[{"href":"https:\/\/appsntech.com\/vi_eur\/wp-json\/wp\/v2\/media?parent=47347"}],"curies":[{"name":"wp","href":"https:\/\/api.w.org\/{rel}","templated":true}]}}