{"id":47347,"date":"2024-11-05T00:56:12","date_gmt":"2024-11-05T00:56:12","guid":{"rendered":"https:\/\/appsntech.com\/?page_id=47347"},"modified":"2024-11-05T00:56:12","modified_gmt":"2024-11-05T00:56:12","slug":"%e6%88%91%e4%bb%ac%e6%98%af%e8%b0%81","status":"publish","type":"page","link":"https:\/\/appsntech.com\/zh\/quem-somos\/","title":{"rendered":"\u6211\u4eec\u662f\u8c01"},"content":{"rendered":"<p>Apps &amp; Tech \u662f\u4e00\u4e2a\u6280\u672f\u7f51\u7ad9\uff0c\u521b\u5efa\u4e8e 2024 \u5e74\uff0c\u65e8\u5728\u63d0\u4f9b\u6709\u5173\u5e94\u7528\u7a0b\u5e8f\u3001\u91d1\u878d\u548c\u5176\u4ed6\u4e0e\u6570\u5b57\u4e16\u754c\u76f8\u5173\u7684\u4e3b\u9898\u7684\u4fe1\u606f\u548c\u63d0\u793a\u3002\u6211\u4eec\u76f8\u4fe1\u6280\u672f\u662f\u6539\u53d8\u751f\u6d3b\u548c\u5546\u4e1a\u7684\u6709\u529b\u5de5\u5177\uff0c\u6211\u4eec\u5e0c\u671b\u5e2e\u52a9\u6211\u4eec\u7684\u8bfb\u8005\u53ca\u65f6\u4e86\u89e3\u5e76\u5145\u5206\u5229\u7528\u8fd9\u4e9b\u5de5\u5177\u3002<\/p>\n\n\n\n<p>\u5728 Apps &amp; Tech\uff0c\u60a8\u53ef\u4ee5\u627e\u5230\u7531\u6280\u672f\u4e13\u5bb6\u64b0\u5199\u7684\u6587\u7ae0\u548c\u6559\u7a0b\uff0c\u4ee5\u53ca\u4ea7\u54c1\u548c\u670d\u52a1\u8bc4\u8bba\u548c\u8bc4\u7ea7\u3002\u6211\u4eec\u8fd8\u63d0\u4f9b\u6280\u5de7\u548c\u7a8d\u95e8\uff0c\u5e2e\u52a9\u60a8\u5145\u5206\u5229\u7528\u79fb\u52a8\u8bbe\u5907\u548c\u5e94\u7528\u7a0b\u5e8f\u3002<\/p>\n\n\n\n<p>\u6211\u4eec\u7684\u56e2\u961f\u7531\u6280\u672f\u4e13\u5bb6\u3001\u8bb0\u8005\u548c\u4f5c\u5bb6\u7ec4\u6210\uff0c\u81f4\u529b\u4e8e\u4e3a\u8bfb\u8005\u63d0\u4f9b\u9ad8\u8d28\u91cf\u3001\u51c6\u786e\u7684\u5185\u5bb9\u3002\u6211\u4eec\u76f8\u4fe1\u6280\u672f\u662f\u6539\u53d8\u751f\u6d3b\u548c\u5546\u4e1a\u7684\u6709\u529b\u5de5\u5177\uff0c\u6211\u4eec\u7684\u76ee\u6807\u662f\u5e2e\u52a9\u6211\u4eec\u7684\u8bfb\u8005\u53ca\u65f6\u4e86\u89e3\u5e76\u5145\u5206\u5229\u7528\u8fd9\u4e9b\u5de5\u5177\u3002<\/p>\n\n\n\n<p>\u9664\u4e86\u5185\u5bb9\u4e4b\u5916\uff0c\u6211\u4eec\u8fd8\u901a\u8fc7\u793e\u4ea4\u5a92\u4f53\u6e20\u9053\u548c\u8ba8\u8bba\u8bba\u575b\u4e3a\u8bfb\u8005\u63d0\u4f9b\u4e0e\u5176\u4ed6\u6280\u672f\u7231\u597d\u8005\u8054\u7cfb\u7684\u673a\u4f1a\u3002\u6211\u4eec\u91cd\u89c6\u8bfb\u8005\u7684\u610f\u89c1\uff0c\u5e76\u59cb\u7ec8\u63a5\u53d7\u5efa\u8bae\u548c\u53cd\u9988\uff0c\u4ee5\u6539\u8fdb\u6211\u4eec\u7684\u670d\u52a1\u3002<\/p>\n\n\n\n<p>\u5173\u6ce8\u6211\u4eec\uff0c\u4e86\u89e3\u79d1\u6280\u4e16\u754c\u7684\u6700\u65b0\u8d8b\u52bf\u548c\u65b0\u95fb\u3002\u611f\u8c22\u60a8\u8bbf\u95ee\u6211\u4eec\u7684\u7f51\u7ad9\uff0c\u6211\u4eec\u5e0c\u671b\u5f88\u5feb\u518d\u6b21\u89c1\u5230\u60a8\uff01<\/p>","protected":false},"excerpt":{"rendered":"<p>O Apps &amp; Tech \u00e9 um site de tecnologia criado em 2024 com o objetivo de fornecer informa\u00e7\u00f5es e dicas sobre aplicativos, finan\u00e7as e outros assuntos relacionados ao mundo digital. N\u00f3s acreditamos que a tecnologia \u00e9 uma ferramenta poderosa para transformar vidas e empresas, e queremos ajudar nossos leitores a se manterem atualizados e aproveitar &#8230; <a title=\"\u6211\u4eec\u662f\u8c01\" class=\"read-more\" href=\"https:\/\/appsntech.com\/zh\/quem-somos\/\" aria-label=\"\u9605\u8bfb Quem somos\">\u9605\u8bfb\u66f4\u591a<\/a><\/p>","protected":false},"author":1,"featured_media":0,"parent":0,"menu_order":0,"comment_status":"closed","ping_status":"closed","template":"","meta":{"footnotes":""},"class_list":["post-47347","page","type-page","status-publish"],"_links":{"self":[{"href":"https:\/\/appsntech.com\/zh\/wp-json\/wp\/v2\/pages\/47347","targetHints":{"allow":["GET"]}}],"collection":[{"href":"https:\/\/appsntech.com\/zh\/wp-json\/wp\/v2\/pages"}],"about":[{"href":"https:\/\/appsntech.com\/zh\/wp-json\/wp\/v2\/types\/page"}],"author":[{"embeddable":true,"href":"https:\/\/appsntech.com\/zh\/wp-json\/wp\/v2\/users\/1"}],"replies":[{"embeddable":true,"href":"https:\/\/appsntech.com\/zh\/wp-json\/wp\/v2\/comments?post=47347"}],"version-history":[{"count":1,"href":"https:\/\/appsntech.com\/zh\/wp-json\/wp\/v2\/pages\/47347\/revisions"}],"predecessor-version":[{"id":47348,"href":"https:\/\/appsntech.com\/zh\/wp-json\/wp\/v2\/pages\/47347\/revisions\/47348"}],"wp:attachment":[{"href":"https:\/\/appsntech.com\/zh\/wp-json\/wp\/v2\/media?parent=47347"}],"curies":[{"name":"wp","href":"https:\/\/api.w.org\/{rel}","templated":true}]}}