{"id":47347,"date":"2024-11-05T00:56:12","date_gmt":"2024-11-05T00:56:12","guid":{"rendered":"https:\/\/appsntech.com\/?page_id=47347"},"modified":"2024-11-05T00:56:12","modified_gmt":"2024-11-05T00:56:12","slug":"%e6%88%91%e5%80%91%e6%98%af%e8%aa%b0","status":"publish","type":"page","link":"https:\/\/appsntech.com\/zh_tw\/quem-somos\/","title":{"rendered":"\u6211\u5011\u662f\u8ab0"},"content":{"rendered":"<p>Apps &amp; Tech \u662f\u4e00\u500b\u79d1\u6280\u7db2\u7ad9\uff0c\u5275\u5efa\u65bc 2024 \u5e74\uff0c\u65e8\u5728\u63d0\u4f9b\u95dc\u65bc\u61c9\u7528\u3001\u91d1\u878d\u4ee5\u53ca\u5176\u4ed6\u8207\u6578\u4f4d\u4e16\u754c\u76f8\u95dc\u4e3b\u984c\u7684\u8cc7\u8a0a\u548c\u6280\u5de7\u3002\u6211\u5011\u76f8\u4fe1\uff0c\u79d1\u6280\u662f\u6539\u8b8a\u751f\u6d3b\u548c\u4f01\u696d\u7684\u5f37\u5927\u5de5\u5177\uff0c\u6211\u5011\u5e0c\u671b\u5e6b\u52a9\u8b80\u8005\u96a8\u6642\u4e86\u89e3\u6700\u65b0\u52d5\u614b\uff0c\u4e26\u5145\u5206\u5229\u7528\u9019\u4e9b\u5de5\u5177\u3002<\/p>\n\n\n\n<p>\u5728\u300c\u61c9\u7528\u8207\u6280\u8853\u300d\u7248\u584a\uff0c\u60a8\u53ef\u4ee5\u627e\u5230\u6280\u8853\u5c08\u5bb6\u64b0\u5beb\u7684\u6587\u7ae0\u548c\u6559\u7a0b\uff0c\u4ee5\u53ca\u7522\u54c1\u548c\u670d\u52d9\u7684\u8a55\u8ad6\u548c\u5206\u6790\u3002\u6211\u5011\u4e5f\u63d0\u4f9b\u5be6\u7528\u6280\u5de7\uff0c\u5e6b\u52a9\u60a8\u5145\u5206\u5229\u7528\u884c\u52d5\u88dd\u7f6e\u548c\u61c9\u7528\u3002<\/p>\n\n\n\n<p>\u6211\u5011\u7684\u5718\u968a\u7531\u6280\u8853\u5c08\u5bb6\u3001\u8a18\u8005\u548c\u4f5c\u5bb6\u7d44\u6210\uff0c\u81f4\u529b\u65bc\u70ba\u8b80\u8005\u63d0\u4f9b\u9ad8\u54c1\u8cea\u3001\u7cbe\u6e96\u7684\u5167\u5bb9\u3002\u6211\u5011\u76f8\u4fe1\uff0c\u79d1\u6280\u662f\u6539\u8b8a\u751f\u6d3b\u548c\u5546\u696d\u7684\u5f37\u5927\u5de5\u5177\uff0c\u6211\u5011\u7684\u76ee\u6a19\u662f\u5e6b\u52a9\u8b80\u8005\u96a8\u6642\u4e86\u89e3\u6700\u65b0\u52d5\u614b\uff0c\u4e26\u5145\u5206\u5229\u7528\u9019\u4e9b\u5de5\u5177\u3002<\/p>\n\n\n\n<p>\u9664\u4e86\u5167\u5bb9\u4e4b\u5916\uff0c\u6211\u5011\u9084\u900f\u904e\u793e\u7fa4\u5a92\u9ad4\u7ba1\u9053\u548c\u8ad6\u58c7\u70ba\u8b80\u8005\u63d0\u4f9b\u8207\u5176\u4ed6\u79d1\u6280\u611b\u597d\u8005\u4ea4\u6d41\u7684\u6a5f\u6703\u3002\u6211\u5011\u91cd\u8996\u8b80\u8005\u7684\u610f\u898b\uff0c\u4e26\u59cb\u7d42\u6a02\u65bc\u63a5\u53d7\u5efa\u8b70\u548c\u56de\u994b\uff0c\u4ee5\u6539\u5584\u6211\u5011\u7684\u670d\u52d9\u3002<\/p>\n\n\n\n<p>\u95dc\u6ce8\u6211\u5011\uff0c\u4e86\u89e3\u79d1\u6280\u9818\u57df\u7684\u6700\u65b0\u8da8\u52e2\u548c\u65b0\u805e\u3002\u611f\u8b1d\u60a8\u9020\u8a2a\u6211\u5011\u7684\u7db2\u7ad9\uff0c\u671f\u5f85\u5f88\u5feb\u518d\u6b21\u8207\u60a8\u76f8\u898b\uff01<\/p>","protected":false},"excerpt":{"rendered":"<p>O Apps &amp; Tech \u00e9 um site de tecnologia criado em 2024 com o objetivo de fornecer informa\u00e7\u00f5es e dicas sobre aplicativos, finan\u00e7as e outros assuntos relacionados ao mundo digital. N\u00f3s acreditamos que a tecnologia \u00e9 uma ferramenta poderosa para transformar vidas e empresas, e queremos ajudar nossos leitores a se manterem atualizados e aproveitar &#8230; <a title=\"\u6211\u5011\u662f\u8ab0\" class=\"read-more\" href=\"https:\/\/appsntech.com\/zh_tw\/quem-somos\/\" aria-label=\"Read more about Quem somos\">\u95b1\u8b80\u66f4\u591a<\/a><\/p>","protected":false},"author":1,"featured_media":0,"parent":0,"menu_order":0,"comment_status":"closed","ping_status":"closed","template":"","meta":{"footnotes":""},"class_list":["post-47347","page","type-page","status-publish"],"_links":{"self":[{"href":"https:\/\/appsntech.com\/zh_tw\/wp-json\/wp\/v2\/pages\/47347","targetHints":{"allow":["GET"]}}],"collection":[{"href":"https:\/\/appsntech.com\/zh_tw\/wp-json\/wp\/v2\/pages"}],"about":[{"href":"https:\/\/appsntech.com\/zh_tw\/wp-json\/wp\/v2\/types\/page"}],"author":[{"embeddable":true,"href":"https:\/\/appsntech.com\/zh_tw\/wp-json\/wp\/v2\/users\/1"}],"replies":[{"embeddable":true,"href":"https:\/\/appsntech.com\/zh_tw\/wp-json\/wp\/v2\/comments?post=47347"}],"version-history":[{"count":1,"href":"https:\/\/appsntech.com\/zh_tw\/wp-json\/wp\/v2\/pages\/47347\/revisions"}],"predecessor-version":[{"id":47348,"href":"https:\/\/appsntech.com\/zh_tw\/wp-json\/wp\/v2\/pages\/47347\/revisions\/47348"}],"wp:attachment":[{"href":"https:\/\/appsntech.com\/zh_tw\/wp-json\/wp\/v2\/media?parent=47347"}],"curies":[{"name":"wp","href":"https:\/\/api.w.org\/{rel}","templated":true}]}}